


{"id":9912,"date":"2017-06-23T11:30:08","date_gmt":"2017-06-23T09:30:08","guid":{"rendered":"https:\/\/pbp.womczest.edu.pl\/new\/?page_id=9912"},"modified":"2017-06-23T11:30:08","modified_gmt":"2017-06-23T09:30:08","slug":"pietnaste-urodziny-dyktusia","status":"publish","type":"page","link":"https:\/\/pbp.womczest.edu.pl\/new\/pietnaste-urodziny-dyktusia\/","title":{"rendered":"Pi\u0119tnaste urodziny Dyktusia"},"content":{"rendered":"<div class=\"post-entry\">\n<p>Jak ka\u017cdego roku, spotkali\u015bmy si\u0119 w\u00a0Auli Forum Regionalnego O\u015brodka Doskonalenia Nauczycieli \u201eWOM\u201d w\u00a0Cz\u0119stochowie. 11-go maja szkolni mistrzowie i\u00a0wicemistrzowie ortografii z\u00a0klas trzecich cz\u0119stochowskich szk\u00f3\u0142 podstawowych przyst\u0105pili do\u00a0pisania dyktanda<em>. <\/em>W\u00a0finale tegorocznych zmaga\u0144 zmierzy\u0142o si\u0119 31 uczni\u00f3w z\u00a012 szk\u00f3\u0142 podstawowych. Uroczyste podsumowanie, na\u00a0kt\u00f3rym og\u0142oszono wyniki konkursu, odby\u0142o si\u0119 23-go maja br.\u00a0Na uroczysto\u015b\u0107 przybyli uczniowie ze\u00a0swoimi nauczycielami, rodzicami i\u00a0dziadkami.<\/p>\n<p>Nie zabrak\u0142o te\u017c zaproszonych przez organizator\u00f3w go\u015bci. W\u00a0naszym spotkaniu udzia\u0142 wzi\u0119li: Pani Magdalena D\u0119bska \u2013 Naczelnik Wydzia\u0142u Edukacji Urz\u0119du Miasta Cz\u0119stochowy, Pani El\u017cbieta Szaraniec \u2013 dyrektor Zespo\u0142u Szk\u00f3\u0142 nr\u00a015 w\u00a0Cz\u0119stochowie, Pani Maria \u015awiniarska \u2013 dyrektor Szko\u0142y Podstawowej nr\u00a011 w\u00a0Cz\u0119stochowie oraz\u00a0Pani Urszula \u017burek \u2013 wicedyrektor Szko\u0142y Podstawowej nr\u00a011 w\u00a0Cz\u0119stochowie.<\/p>\n<p>Uroczysto\u015b\u0107 poprowadzi\u0142a Pani Renata Lipniewska \u2013 wicedyrektor RODN \u201eWOM\u201d ds.\u00a0bibliotek pedagogicznych. W\u00a0imieniu go\u015bci g\u0142os zabra\u0142a Magdalena D\u0119bska. Gratuluj\u0105c uczniom wiedzy oraz\u00a0wspania\u0142ych umiej\u0119tno\u015bci pos\u0142ugiwania si\u0119 zasadami ortografii, podzi\u0119kowa\u0142a nauczycielom za\u00a0przygotowanie dzieci, a\u00a0organizatorom za\u00a0przeprowadzenie kolejnej edycji dyktanda. W\u00a0trakcie spotkania mieli\u015bmy okazj\u0119 obejrze\u0107 pomys\u0142ow\u0105 i\u00a0\u017cywio\u0142ow\u0105 interpretacj\u0119 wiersza Juliana Tuwima <em>Rzepka<\/em> w\u00a0wykonaniu uczni\u00f3w Szko\u0142y Podstawowej nr\u00a019 w\u00a0Cz\u0119stochowie.<\/p>\n<p>Jak ka\u017cdego roku wszyscy bior\u0105cy udzia\u0142 w\u00a0 konkursie otrzymali dyplomy, a\u00a0nauczyciele podzi\u0119kowania. Jury konkursowe przyzna\u0142o w\u00a0tym roku jedena\u015bcie nagr\u00f3d rzeczowych. Prace napisane przez uczni\u00f3w by\u0142y na\u00a0niezwykle wysokim poziomie, dwie prace napisano bez b\u0142\u0119d\u00f3w ortograficznych! Nagrody ksi\u0105\u017ckowe ufundowa\u0142 Prezydenta Miasta Cz\u0119stochowy, Pan Krzysztof Matyjaszczyk, kt\u00f3ry\u00a0ponownie w\u00a0tym roku obj\u0105\u0142 <em>Dyktusia<\/em> swoim patronatem. Z\u00a0racji jubileuszowej edycji konkursu \u2013 15-tych urodzin <em>Dyktusia<\/em>, Firma Cukiernicza <em>Micha\u015b<\/em> ufundowa\u0142a pi\u0119kny i\u00a0pyszny tort urodzinowy (zdj\u0119cia w\u00a0naszej galerii).<\/p>\n<p><strong>A\u00a0oto lista Laureat\u00f3w <em>Dyktusia 2017<\/em><\/strong><\/p>\n<p><strong>Mistrz<\/strong> \u2013 <strong><em>Mateusz Maci\u0105g<\/em><\/strong> \u2013 Jasnog\u00f3rska Publiczna Og\u00f3lnokszta\u0142c\u0105ca Szko\u0142a Muzyczna I\u00a0stopnia w\u00a0Cz\u0119stochowie<\/p>\n<p><strong>Wicemistrz<\/strong> \u2013 <strong><em>Aleksandra Burzawa<\/em><\/strong> \u2013 Zesp\u00f3\u0142 Szk\u00f3\u0142 nr\u00a01 z\u00a0Oddzia\u0142ami Integracyjnymi Szko\u0142a Podstawowa nr\u00a054 w\u00a0Cz\u0119stochowie<\/p>\n<p><strong>Wicemistrz<\/strong> \u2013 <strong><em>Marek Jonasz<\/em><\/strong> \u2013 Szko\u0142a Podstawowa nr\u00a031 z\u00a0Oddzia\u0142ami Integracyjnymi w\u00a0Cz\u0119stochowie<\/p>\n<p><strong>Wyr\u00f3\u017cnienia<\/strong><\/p>\n<p>\u2013 <strong><em>Zofia Tronina<\/em><\/strong> \u2013 Szko\u0142a Podstawowa nr\u00a01 w\u00a0Cz\u0119stochowie<\/p>\n<p>\u2013 <strong><em>Zuzanna Szel\u0105g<\/em><\/strong> \u2013 Jasnog\u00f3rska Publiczna Og\u00f3lnokszta\u0142c\u0105ca Szko\u0142a Muzyczna I\u00a0stopnia w\u00a0Cz\u0119stochowie<\/p>\n<p>\u2013 <strong><em>Joanna Sznober<\/em><\/strong> \u2013 Szko\u0142a Podstawowa nr\u00a029 w\u00a0Cz\u0119stochowie<\/p>\n<p>\u2013 <strong><em>Aleksandra \u0141azaj<\/em><\/strong> \u2013 Szko\u0142a Podstawowa nr\u00a031 z\u00a0Oddzia\u0142ami Integracyjnymi w\u00a0Cz\u0119stochowie<\/p>\n<p>\u2013 <strong><em>Ma\u0142gorzata Kucharska<\/em><\/strong> \u00a0\u2013 Szko\u0142a Podstawowa nr\u00a048 w\u00a0Cz\u0119stochowie<\/p>\n<p>\u2013 <strong><em>Julia Heli\u0144ska<\/em><\/strong> \u2013 Szko\u0142a Podstawowa nr\u00a053 z\u00a0Oddzia\u0142ami Integracyjnymi w\u00a0Cz\u0119stochowie<\/p>\n<p>\u2013 <strong><em>Miko\u0142aj Wo\u017anicki<\/em><\/strong> \u2013 Szko\u0142a Podstawowa nr\u00a048 w\u00a0Cz\u0119stochowie<\/p>\n<p>\u2013 <strong><em>Kacper Kaczmarek<\/em><\/strong> \u2013 Szko\u0142a Podstawowa nr\u00a053 z\u00a0Oddzia\u0142ami Integracyjnymi w\u00a0Cz\u0119stochowie<\/p>\n<p>Dzieciom gratulujemy wiedzy i\u00a0umiej\u0119tno\u015bci ortograficznych. Wszystkim, kt\u00f3rzy\u00a0swoj\u0105 pomoc\u0105 wsparli nasze przedsi\u0119wzi\u0119cie<\/p>\n<p>serdecznie dzi\u0119kujemy.<\/p>\n<p><a href=\"https:\/\/pbp.womczest.edu.pl\/new\/wp-content\/uploads\/2017\/05\/Tekst-dyktanda-Dyktu%C5%9B-2017.doc\"><em>Tekst dyktanda<\/em><\/a><\/p>\n<p>Organizatorzy:<\/p>\n<p>Magdalena Krzemi\u0144ska (Szko\u0142a Podstawowa nr\u00a019 w\u00a0Cz\u0119stochowie)<br \/>\nAnna Janas, Katarzyna Ma\u0142asiewicz (Szko\u0142a Podstawowa nr\u00a011 w\u00a0Cz\u0119stochowie)<br \/>\nJoanna Resakowska (Publiczna Biblioteka Pedagogiczna RODN \u201eWOM\u201d w\u00a0Cz\u0119stochowie)<br \/>\n<a href=\"https:\/\/pbp.womczest.edu.pl\/new\/galeria\/dyktus-2017-3\/\">galeria<\/a><\/p>\n<\/div>\n","protected":false},"excerpt":{"rendered":"<p>Jak ka\u017cdego roku, spotkali\u015bmy si\u0119 w\u00a0Auli Forum Regionalnego O\u015brodka Doskonalenia Nauczycieli \u201eWOM\u201d w\u00a0Cz\u0119stochowie. 11-go maja szkolni mistrzowie i\u00a0wicemistrzowie ortografii z\u00a0klas trzecich cz\u0119stochowskich szk\u00f3\u0142 podstawowych przyst\u0105pili do\u00a0pisania dyktanda. W\u00a0finale tegorocznych zmaga\u0144 zmierzy\u0142o si\u0119 31 uczni\u00f3w z\u00a012 szk\u00f3\u0142 podstawowych. Uroczyste podsumowanie, na\u00a0kt\u00f3rym og\u0142oszono wyniki konkursu, odby\u0142o si\u0119 23-go maja br.\u00a0Na uroczysto\u015b\u0107 przybyli uczniowie ze\u00a0swoimi nauczycielami, rodzicami i\u00a0dziadkami. Nie zabrak\u0142o te\u017c zaproszonych przez organizator\u00f3w go\u015bci. W\u00a0naszym spotkaniu udzia\u0142 wzi\u0119li: Pani Magdalena D\u0119bska \u2013<span class=\"ellipsis\">&hellip;<\/span><\/p>\n<div class=\"read-more\"><a href=\"https:\/\/pbp.womczest.edu.pl\/new\/pietnaste-urodziny-dyktusia\/\">Czytaj wi\u0119cej &#8250;<\/a><\/div>\n<p><!-- end of .read-more --><\/p>\n","protected":false},"author":6,"featured_media":0,"parent":0,"menu_order":0,"comment_status":"closed","ping_status":"closed","template":"","meta":{"footnotes":""},"jetpack_sharing_enabled":true,"jetpack_shortlink":"https:\/\/wp.me\/PgmV4H-2zS","_links":{"self":[{"href":"https:\/\/pbp.womczest.edu.pl\/new\/wp-json\/wp\/v2\/pages\/9912"}],"collection":[{"href":"https:\/\/pbp.womczest.edu.pl\/new\/wp-json\/wp\/v2\/pages"}],"about":[{"href":"https:\/\/pbp.womczest.edu.pl\/new\/wp-json\/wp\/v2\/types\/page"}],"author":[{"embeddable":true,"href":"https:\/\/pbp.womczest.edu.pl\/new\/wp-json\/wp\/v2\/users\/6"}],"replies":[{"embeddable":true,"href":"https:\/\/pbp.womczest.edu.pl\/new\/wp-json\/wp\/v2\/comments?post=9912"}],"version-history":[{"count":1,"href":"https:\/\/pbp.womczest.edu.pl\/new\/wp-json\/wp\/v2\/pages\/9912\/revisions"}],"predecessor-version":[{"id":9913,"href":"https:\/\/pbp.womczest.edu.pl\/new\/wp-json\/wp\/v2\/pages\/9912\/revisions\/9913"}],"wp:attachment":[{"href":"https:\/\/pbp.womczest.edu.pl\/new\/wp-json\/wp\/v2\/media?parent=9912"}],"curies":[{"name":"wp","href":"https:\/\/api.w.org\/{rel}","templated":true}]}}