


{"id":9314,"date":"2017-01-30T13:37:02","date_gmt":"2017-01-30T12:37:02","guid":{"rendered":"https:\/\/pbp.womczest.edu.pl\/new\/?page_id=9314"},"modified":"2017-01-30T13:37:02","modified_gmt":"2017-01-30T12:37:02","slug":"konkurs-wojewodzki-ksiazka-i-informacja-w-erze-mediow-cyfrowych","status":"publish","type":"page","link":"https:\/\/pbp.womczest.edu.pl\/new\/konkurs-wojewodzki-ksiazka-i-informacja-w-erze-mediow-cyfrowych\/","title":{"rendered":"Konkurs Wojew\u00f3dzki \u201eKsi\u0105\u017cka i informacja w erze medi\u00f3w cyfrowych\u201d"},"content":{"rendered":"<div class=\"post-entry\">\n<p>15 grudnia 2016 roku w\u00a0Publicznej Bibliotece Pedagogicznej Regionalnego O\u015brodka Doskonalenia Nauczycieli \u201eWOM\u201d w\u00a0Cz\u0119stochowie odby\u0142 si\u0119 Konkurs Wojew\u00f3dzki \u201eKsi\u0105\u017cka i\u00a0informacja w\u00a0erze medi\u00f3w cyfrowych\u201d pod\u00a0honorowym patronatem Towarzystwa Nauczycieli Bibliotekarzy Szk\u00f3\u0142 Polskich oraz\u00a0Katedry Informatologii i\u00a0Bibliologii Uniwersytetu \u0141\u00f3dzkiego. Konkurs skierowany by\u0142 do\u00a0uczni\u00f3w gimnazj\u00f3w oraz\u00a0szk\u00f3\u0142 ponadgimnazjalnych wojew\u00f3dztwa \u015bl\u0105skiego.<\/p>\n<p>Organizatorami konkursu byli nauczyciele bibliotekarze: Agata Arkabus i\u00a0Anna P\u0142usa.<\/p>\n<p>G\u0142\u00f3wnymi celami konkursu by\u0142y:<\/p>\n<p>\u2013 upowszechnianie czytelnictwa,<\/p>\n<p>\u2013 promowanie zainteresowa\u0144 czytelniczych,<\/p>\n<p>\u2013 rozwijanie kompetencji czytelniczych,<\/p>\n<p>\u2013 popularyzacja nowoczesnych technologii informacyjnych.<\/p>\n<p>Zakres materia\u0142u merytorycznego konkursu obejmowa\u0142 nast\u0119puj\u0105ce zagadnienia:<\/p>\n<p>\u2013 wiedz\u0119 o\u00a0ksi\u0105\u017cce i\u00a0druku: dzieje pisma, ksi\u0105\u017cki, budowa ksi\u0105\u017cki,<\/p>\n<p>\u2013 \u017ar\u00f3d\u0142a informacji w\u00a0bibliotece, dokumenty gromadzone w\u00a0bibliotece,<\/p>\n<p>\u2013 otwarte zasoby edukacyjne,<\/p>\n<p>\u2013 publikacje elektroniczne \u2013 e-zasoby,<\/p>\n<p>\u2013 biblioteki i\u00a0repozytoria cyfrowe.<\/p>\n<p>Komisja konkursowa w\u00a0sk\u0142adzie: Renata Lipniewska \u2013 przewodnicz\u0105ca oraz: Anna Przyg\u00f3dzka i\u00a0\u00a0Gra\u017cyna Bich \u2013 cz\u0142onkowie, na\u00a0posiedzeniu komisji konkursowej wy\u0142oni\u0142a nast\u0119puj\u0105cych laureat\u00f3w:<\/p>\n<p><strong>I\u00a0miejsce<\/strong>:<\/p>\n<p>Jakub Morawiec \u2013 Zesp\u00f3\u0142 Szk\u00f3\u0142 Publicznych Nr\u00a01 Gimnazjum Nr\u00a01 im.\u00a0Miko\u0142aja Kopernika w\u00a0Myszkowie<\/p>\n<p><strong>II miejsce<\/strong>:<\/p>\n<p>Wiktoria Gli\u0144ska \u2013 Gimnazjum nr\u00a05 im.\u00a0Miko\u0142aja Reja w\u00a0Cz\u0119stochowie<\/p>\n<p><strong>III miejsce<\/strong>:<\/p>\n<p>Martyna Fr\u0105czy\u0144ska \u2013 Gimnazjum nr\u00a020 im.\u00a0Aleksandra Fredry w\u00a0Cz\u0119stochowie<\/p>\n<p>Zwyci\u0119zcom gratulujemy wiedzy i\u00a0umiej\u0119tno\u015bci z\u00a0zakresu czytelnictwa i\u00a0technologii informacyjnych.<\/p>\n<p style=\"text-align: right;\"><em>Anna P\u0142usa<br \/>\n<\/em><a href=\"https:\/\/pbp.womczest.edu.pl\/new\/galeria\/konkurs-wojewodzki-ksiazka-i-informacja-w-erze-mediow-cyfrowych-2016\/\">galeria<\/a><\/p>\n<\/div>\n","protected":false},"excerpt":{"rendered":"<p>15 grudnia 2016 roku w\u00a0Publicznej Bibliotece Pedagogicznej Regionalnego O\u015brodka Doskonalenia Nauczycieli \u201eWOM\u201d w\u00a0Cz\u0119stochowie odby\u0142 si\u0119 Konkurs Wojew\u00f3dzki \u201eKsi\u0105\u017cka i\u00a0informacja w\u00a0erze medi\u00f3w cyfrowych\u201d pod\u00a0honorowym patronatem Towarzystwa Nauczycieli Bibliotekarzy Szk\u00f3\u0142 Polskich oraz\u00a0Katedry Informatologii i\u00a0Bibliologii Uniwersytetu \u0141\u00f3dzkiego. Konkurs skierowany by\u0142 do\u00a0uczni\u00f3w gimnazj\u00f3w oraz\u00a0szk\u00f3\u0142 ponadgimnazjalnych wojew\u00f3dztwa \u015bl\u0105skiego. Organizatorami konkursu byli nauczyciele bibliotekarze: Agata Arkabus i\u00a0Anna P\u0142usa. G\u0142\u00f3wnymi celami konkursu by\u0142y: \u2013 upowszechnianie czytelnictwa, \u2013 promowanie zainteresowa\u0144 czytelniczych, \u2013 rozwijanie kompetencji czytelniczych, \u2013 popularyzacja nowoczesnych<span class=\"ellipsis\">&hellip;<\/span><\/p>\n<div class=\"read-more\"><a href=\"https:\/\/pbp.womczest.edu.pl\/new\/konkurs-wojewodzki-ksiazka-i-informacja-w-erze-mediow-cyfrowych\/\">Czytaj wi\u0119cej &#8250;<\/a><\/div>\n<p><!-- end of .read-more --><\/p>\n","protected":false},"author":6,"featured_media":9042,"parent":0,"menu_order":0,"comment_status":"closed","ping_status":"closed","template":"","meta":{"footnotes":""},"jetpack_sharing_enabled":true,"jetpack_shortlink":"https:\/\/wp.me\/PgmV4H-2qe","_links":{"self":[{"href":"https:\/\/pbp.womczest.edu.pl\/new\/wp-json\/wp\/v2\/pages\/9314"}],"collection":[{"href":"https:\/\/pbp.womczest.edu.pl\/new\/wp-json\/wp\/v2\/pages"}],"about":[{"href":"https:\/\/pbp.womczest.edu.pl\/new\/wp-json\/wp\/v2\/types\/page"}],"author":[{"embeddable":true,"href":"https:\/\/pbp.womczest.edu.pl\/new\/wp-json\/wp\/v2\/users\/6"}],"replies":[{"embeddable":true,"href":"https:\/\/pbp.womczest.edu.pl\/new\/wp-json\/wp\/v2\/comments?post=9314"}],"version-history":[{"count":1,"href":"https:\/\/pbp.womczest.edu.pl\/new\/wp-json\/wp\/v2\/pages\/9314\/revisions"}],"predecessor-version":[{"id":9315,"href":"https:\/\/pbp.womczest.edu.pl\/new\/wp-json\/wp\/v2\/pages\/9314\/revisions\/9315"}],"wp:featuredmedia":[{"embeddable":true,"href":"https:\/\/pbp.womczest.edu.pl\/new\/wp-json\/wp\/v2\/media\/9042"}],"wp:attachment":[{"href":"https:\/\/pbp.womczest.edu.pl\/new\/wp-json\/wp\/v2\/media?parent=9314"}],"curies":[{"name":"wp","href":"https:\/\/api.w.org\/{rel}","templated":true}]}}