


{"id":9304,"date":"2017-01-30T12:37:51","date_gmt":"2017-01-30T11:37:51","guid":{"rendered":"https:\/\/pbp.womczest.edu.pl\/new\/?page_id=9304"},"modified":"2017-01-30T12:37:51","modified_gmt":"2017-01-30T11:37:51","slug":"miedzynarodowy-miesiac-bibliotek-szkolnych-2016","status":"publish","type":"page","link":"https:\/\/pbp.womczest.edu.pl\/new\/kontakt\/lubliniec\/inne-wydarzenia\/miedzynarodowy-miesiac-bibliotek-szkolnych-2016\/","title":{"rendered":"Mi\u0119dzynarodowy Miesi\u0105c Bibliotek Szkolnych 2016"},"content":{"rendered":"<p><em><strong>\u00a0<\/strong><\/em><img decoding=\"async\" loading=\"lazy\" class=\" wp-image-8836 alignleft\" src=\"https:\/\/pbp.womczest.edu.pl\/new\/wp-content\/uploads\/2015\/05\/1Ola-300x168.jpg\" sizes=\"(max-width: 227px) 100vw, 227px\" srcset=\"https:\/\/pbp.womczest.edu.pl\/new\/wp-content\/uploads\/2015\/05\/1Ola-300x168.jpg 300w, https:\/\/pbp.womczest.edu.pl\/new\/wp-content\/uploads\/2015\/05\/1Ola-100x56.jpg 100w, https:\/\/pbp.womczest.edu.pl\/new\/wp-content\/uploads\/2015\/05\/1Ola-150x84.jpg 150w, https:\/\/pbp.womczest.edu.pl\/new\/wp-content\/uploads\/2015\/05\/1Ola-200x112.jpg 200w, https:\/\/pbp.womczest.edu.pl\/new\/wp-content\/uploads\/2015\/05\/1Ola-450x252.jpg 450w, https:\/\/pbp.womczest.edu.pl\/new\/wp-content\/uploads\/2015\/05\/1Ola-600x337.jpg 600w, https:\/\/pbp.womczest.edu.pl\/new\/wp-content\/uploads\/2015\/05\/1Ola.jpg 640w\" alt=\"1ola\" width=\"227\" height=\"127\" \/>1 pa\u017adziernika rozpocz\u0105\u0142 si\u0119 Mi\u0119dzynarodowy Miesi\u0105c Bibliotek Szkolnych ustanowiony przez Mi\u0119dzynarodowe Stowarzyszenie Bibliotekarstwa Szkolnego. Tradycja tego \u015bwi\u0119ta ma ju\u017c 17 lat.<\/p>\n<p>W\u00a0ramach tego wydarzenia nauczyciele bibliotekarze Biblioteki Pedagogicznej, Szko\u0142y Podstawowej nr\u00a01, bibliotekarz Miejsko-Powiatowej Biblioteki\u00a0 Publicznej Filia nr\u00a05 w\u00a0Lubli\u0144cu oraz\u00a0Szko\u0142y Podstawowej w\u00a0Ko\u015bmidrach zorganizowali cykl zaj\u0119\u0107 dla uczni\u00f3w naszego powiatu.<\/p>\n<p>W\u00a0Szkole Podstawowej nr\u00a01 przedstawiono teatrzyk kukie\u0142kowy \u201eSmok Wawelski\u201d oraz\u00a0przeprowadzono zaj\u0119cia biblioteczne \u201eSyrop maga Abrakabry\u201d. W\u00a0Szkole Podstawowej w\u00a0Ko\u015bmidrach zorganizowano zaj\u0119cia plastyczne z\u00a0wykorzystaniem techniki orgiami.<\/p>\n<p>Podczas wszystkich spotka\u0144 zach\u0119cano dzieci do\u00a0czytania ksi\u0105\u017cek i\u00a0aktywnego uczestnictwa w\u00a0zaj\u0119ciach bibliotecznych.<\/p>\n<div id=\"bwg_container1_1\">\n<div id=\"bwg_container2_1\">\n<form id=\"gal_front_form_1\" action=\"https:\/\/pbp.womczest.edu.pl\/new\/filie\/lubliniec\/#\" method=\"post\">\n<div class=\"bwg_back_1\"><\/div>\n<div>\n<div id=\"bwg_standart_thumbnails_1\" class=\"bwg_standart_thumbnails_1\"><a class=\"bwg_lightbox_1\" href=\"https:\/\/pbp.womczest.edu.pl\/new\/wp-content\/uploads\/photo-gallery\/miesiac_biblio_lubliniec_2016\/P9270520.JPG\" data-image-id=\"2117\"><span class=\"bwg_standart_thumb_1\"><span class=\"bwg_standart_thumb_spun1_1\"><span class=\"bwg_standart_thumb_spun2_1\"><img decoding=\"async\" id=\"2117\" class=\"bwg_standart_thumb_img_1 bwg_img_clear bwg_img_custom\" src=\"https:\/\/pbp.womczest.edu.pl\/new\/wp-content\/uploads\/photo-gallery\/miesiac_biblio_lubliniec_2016\/thumb\/P9270520.JPG\" alt=\"\" \/><\/span><\/span><\/span> <\/a><a class=\"bwg_lightbox_1\" href=\"https:\/\/pbp.womczest.edu.pl\/new\/wp-content\/uploads\/photo-gallery\/miesiac_biblio_lubliniec_2016\/20161021_130622.jpg\" data-image-id=\"2118\"><span class=\"bwg_standart_thumb_1\"><span class=\"bwg_standart_thumb_spun1_1\"><span class=\"bwg_standart_thumb_spun2_1\"><img decoding=\"async\" id=\"2118\" class=\"bwg_standart_thumb_img_1 bwg_img_clear bwg_img_custom\" src=\"https:\/\/pbp.womczest.edu.pl\/new\/wp-content\/uploads\/photo-gallery\/miesiac_biblio_lubliniec_2016\/thumb\/20161021_130622.jpg\" alt=\"\" \/><\/span><\/span><\/span> <\/a><a class=\"bwg_lightbox_1\" href=\"https:\/\/pbp.womczest.edu.pl\/new\/wp-content\/uploads\/photo-gallery\/miesiac_biblio_lubliniec_2016\/1Ola.jpg\" data-image-id=\"2119\"><span class=\"bwg_standart_thumb_1\"><span class=\"bwg_standart_thumb_spun1_1\"><span class=\"bwg_standart_thumb_spun2_1\"><img decoding=\"async\" id=\"2119\" class=\"bwg_standart_thumb_img_1 bwg_img_clear bwg_img_custom\" src=\"https:\/\/pbp.womczest.edu.pl\/new\/wp-content\/uploads\/photo-gallery\/miesiac_biblio_lubliniec_2016\/thumb\/1Ola.jpg\" alt=\"\" \/><\/span><\/span><\/span><\/a><a class=\"bwg_lightbox_1\" href=\"https:\/\/pbp.womczest.edu.pl\/new\/wp-content\/uploads\/photo-gallery\/miesiac_biblio_lubliniec_2016\/20161021_115838.jpg\" data-image-id=\"2120\"><span class=\"bwg_standart_thumb_1\"><span class=\"bwg_standart_thumb_spun1_1\"><span class=\"bwg_standart_thumb_spun2_1\"><img decoding=\"async\" id=\"2120\" class=\"bwg_standart_thumb_img_1 bwg_img_clear bwg_img_custom\" src=\"https:\/\/pbp.womczest.edu.pl\/new\/wp-content\/uploads\/photo-gallery\/miesiac_biblio_lubliniec_2016\/thumb\/20161021_115838.jpg\" alt=\"\" \/><\/span><\/span><\/span> <\/a><a class=\"bwg_lightbox_1\" href=\"https:\/\/pbp.womczest.edu.pl\/new\/wp-content\/uploads\/photo-gallery\/miesiac_biblio_lubliniec_2016\/1.jpg\" data-image-id=\"2121\"><span class=\"bwg_standart_thumb_1\"><span class=\"bwg_standart_thumb_spun1_1\"><span class=\"bwg_standart_thumb_spun2_1\"><img decoding=\"async\" id=\"2121\" class=\"bwg_standart_thumb_img_1 bwg_img_clear bwg_img_custom\" src=\"https:\/\/pbp.womczest.edu.pl\/new\/wp-content\/uploads\/photo-gallery\/miesiac_biblio_lubliniec_2016\/thumb\/1.jpg\" alt=\"\" \/><\/span><\/span><\/span><\/a><\/div>\n<\/div>\n<\/form>\n<\/div>\n<\/div>\n","protected":false},"excerpt":{"rendered":"<p>\u00a01 pa\u017adziernika rozpocz\u0105\u0142 si\u0119 Mi\u0119dzynarodowy Miesi\u0105c Bibliotek Szkolnych ustanowiony przez Mi\u0119dzynarodowe Stowarzyszenie Bibliotekarstwa Szkolnego. Tradycja tego \u015bwi\u0119ta ma ju\u017c 17 lat. W\u00a0ramach tego wydarzenia nauczyciele bibliotekarze Biblioteki Pedagogicznej, Szko\u0142y Podstawowej nr\u00a01, bibliotekarz Miejsko-Powiatowej Biblioteki\u00a0 Publicznej Filia nr\u00a05 w\u00a0Lubli\u0144cu oraz\u00a0Szko\u0142y Podstawowej w\u00a0Ko\u015bmidrach zorganizowali cykl zaj\u0119\u0107 dla uczni\u00f3w naszego powiatu. W\u00a0Szkole Podstawowej nr\u00a01 przedstawiono teatrzyk kukie\u0142kowy \u201eSmok Wawelski\u201d oraz\u00a0przeprowadzono zaj\u0119cia biblioteczne \u201eSyrop maga Abrakabry\u201d. W\u00a0Szkole Podstawowej w\u00a0Ko\u015bmidrach zorganizowano zaj\u0119cia plastyczne z\u00a0wykorzystaniem techniki<span class=\"ellipsis\">&hellip;<\/span><\/p>\n<div class=\"read-more\"><a href=\"https:\/\/pbp.womczest.edu.pl\/new\/kontakt\/lubliniec\/inne-wydarzenia\/miedzynarodowy-miesiac-bibliotek-szkolnych-2016\/\">Czytaj wi\u0119cej &#8250;<\/a><\/div>\n<p><!-- end of .read-more --><\/p>\n","protected":false},"author":4,"featured_media":0,"parent":7619,"menu_order":0,"comment_status":"closed","ping_status":"closed","template":"","meta":{"footnotes":""},"jetpack_sharing_enabled":true,"jetpack_shortlink":"https:\/\/wp.me\/PgmV4H-2q4","_links":{"self":[{"href":"https:\/\/pbp.womczest.edu.pl\/new\/wp-json\/wp\/v2\/pages\/9304"}],"collection":[{"href":"https:\/\/pbp.womczest.edu.pl\/new\/wp-json\/wp\/v2\/pages"}],"about":[{"href":"https:\/\/pbp.womczest.edu.pl\/new\/wp-json\/wp\/v2\/types\/page"}],"author":[{"embeddable":true,"href":"https:\/\/pbp.womczest.edu.pl\/new\/wp-json\/wp\/v2\/users\/4"}],"replies":[{"embeddable":true,"href":"https:\/\/pbp.womczest.edu.pl\/new\/wp-json\/wp\/v2\/comments?post=9304"}],"version-history":[{"count":1,"href":"https:\/\/pbp.womczest.edu.pl\/new\/wp-json\/wp\/v2\/pages\/9304\/revisions"}],"predecessor-version":[{"id":9305,"href":"https:\/\/pbp.womczest.edu.pl\/new\/wp-json\/wp\/v2\/pages\/9304\/revisions\/9305"}],"up":[{"embeddable":true,"href":"https:\/\/pbp.womczest.edu.pl\/new\/wp-json\/wp\/v2\/pages\/7619"}],"wp:attachment":[{"href":"https:\/\/pbp.womczest.edu.pl\/new\/wp-json\/wp\/v2\/media?parent=9304"}],"curies":[{"name":"wp","href":"https:\/\/api.w.org\/{rel}","templated":true}]}}