


{"id":9216,"date":"2017-01-27T10:26:20","date_gmt":"2017-01-27T09:26:20","guid":{"rendered":"https:\/\/pbp.womczest.edu.pl\/new\/?page_id=9216"},"modified":"2017-01-27T10:26:20","modified_gmt":"2017-01-27T09:26:20","slug":"czytam-sobie-w-bibliotece-sprawozdanie","status":"publish","type":"page","link":"https:\/\/pbp.womczest.edu.pl\/new\/kontakt\/lelow\/spotkania-czytelnicze-filia-lelow\/czytam-sobie-w-bibliotece-sprawozdanie\/","title":{"rendered":"Czytam sobie w bibliotece &#8211;\u00a0sprawozdanie"},"content":{"rendered":"<p style=\"text-align: center;\">\n<p><a href=\"https:\/\/pbp.womczest.edu.pl\/new\/wp-content\/uploads\/2015\/09\/czytamsobie.jpg\"><img decoding=\"async\" loading=\"lazy\" class=\"wp-image-5838 alignleft\" src=\"https:\/\/pbp.womczest.edu.pl\/new\/wp-content\/uploads\/2015\/09\/czytamsobie.jpg\" alt=\"czytamsobie\" width=\"153\" height=\"102\" srcset=\"https:\/\/pbp.womczest.edu.pl\/new\/wp-content\/uploads\/2015\/09\/czytamsobie.jpg 272w, https:\/\/pbp.womczest.edu.pl\/new\/wp-content\/uploads\/2015\/09\/czytamsobie-100x66.jpg 100w, https:\/\/pbp.womczest.edu.pl\/new\/wp-content\/uploads\/2015\/09\/czytamsobie-150x99.jpg 150w, https:\/\/pbp.womczest.edu.pl\/new\/wp-content\/uploads\/2015\/09\/czytamsobie-200x132.jpg 200w\" sizes=\"(max-width: 153px) 100vw, 153px\" \/><\/a>Publiczna Biblioteka Pedagogiczna RODN \u201eWOM\u201d w Cz\u0119stochowie Filia w Lelowie w ramach projektu <strong><em>Czytam sobie w bibliotece<\/em> <\/strong>\u00a0przeprowadzi\u0142a zaj\u0119cia, kt\u00f3rych celem by\u0142a promocja czytelnictwa i zach\u0119canie dzieci m\u0142odszych do nauki i samodzielnego czytania.<\/p>\n<p>Podczas zaj\u0119\u0107 zosta\u0142y wykorzystane materia\u0142y, kt\u00f3re biblioteka otrzyma\u0142a w ramach przyst\u0105pienia do projektu.<\/p>\n<p><strong>4 listopada 2015 r.<\/strong> w Przedszkolu Zespo\u0142u Szkolno Przedszkolnego w Lelowie odby\u0142y si\u0119 zaj\u0119cia <strong><em>Zabawa w Maga<\/em><\/strong> na podstawie ksi\u0105\u017cki Wojciecha Wid\u0142aka \u201eSyrop maga Abrakabry\u201d.\u00a0W zaj\u0119ciach uczestniczy\u0142o 17 dzieci z grupy 5-6 latk\u00f3w.<\/p>\n<p><a href=\"https:\/\/pbp.womczest.edu.pl\/new\/galeria\/czytam-sobie-w-bibliotece-lelow-2015\/\">galeria<\/a><\/p>\n<p><strong>5 listopada 2015 r.<\/strong> uczniowie klasy II b Szko\u0142y Podstawowej Zespo\u0142u Szkolno Przedszkolnego w Lelowie uczestniczyli w zaj\u0119ciach <strong><em>Przyjaciele Planety Ziemia<\/em><\/strong> na podstawie ksi\u0105\u017cki Wojciecha Wid\u0142aka \u201eMarta i ufoludek\u201d. W zaj\u0119ciach bra\u0142o udzia\u0142 16 uczni\u00f3w\u00a0w wieku 7-8 lat.<\/p>\n<p><a href=\"https:\/\/pbp.womczest.edu.pl\/new\/galeria\/czytam-sobie-w-bibliotece-7-8-latki-lelow-2015\/\">galeria<\/a><\/p>\n","protected":false},"excerpt":{"rendered":"<p>Publiczna Biblioteka Pedagogiczna RODN \u201eWOM\u201d w Cz\u0119stochowie Filia w Lelowie w ramach projektu Czytam sobie w bibliotece \u00a0przeprowadzi\u0142a zaj\u0119cia, kt\u00f3rych celem by\u0142a promocja czytelnictwa i zach\u0119canie dzieci m\u0142odszych do nauki i samodzielnego czytania. Podczas zaj\u0119\u0107 zosta\u0142y wykorzystane materia\u0142y, kt\u00f3re biblioteka otrzyma\u0142a w ramach przyst\u0105pienia do projektu. 4 listopada 2015 r. w Przedszkolu Zespo\u0142u Szkolno Przedszkolnego w Lelowie odby\u0142y si\u0119 zaj\u0119cia Zabawa w Maga na podstawie ksi\u0105\u017cki Wojciecha Wid\u0142aka \u201eSyrop maga<span class=\"ellipsis\">&hellip;<\/span><\/p>\n<div class=\"read-more\"><a href=\"https:\/\/pbp.womczest.edu.pl\/new\/kontakt\/lelow\/spotkania-czytelnicze-filia-lelow\/czytam-sobie-w-bibliotece-sprawozdanie\/\">Czytaj wi\u0119cej &#8250;<\/a><\/div>\n<p><!-- end of .read-more --><\/p>\n","protected":false},"author":4,"featured_media":0,"parent":3545,"menu_order":0,"comment_status":"closed","ping_status":"closed","template":"","meta":{"footnotes":""},"jetpack_sharing_enabled":true,"jetpack_shortlink":"https:\/\/wp.me\/PgmV4H-2oE","_links":{"self":[{"href":"https:\/\/pbp.womczest.edu.pl\/new\/wp-json\/wp\/v2\/pages\/9216"}],"collection":[{"href":"https:\/\/pbp.womczest.edu.pl\/new\/wp-json\/wp\/v2\/pages"}],"about":[{"href":"https:\/\/pbp.womczest.edu.pl\/new\/wp-json\/wp\/v2\/types\/page"}],"author":[{"embeddable":true,"href":"https:\/\/pbp.womczest.edu.pl\/new\/wp-json\/wp\/v2\/users\/4"}],"replies":[{"embeddable":true,"href":"https:\/\/pbp.womczest.edu.pl\/new\/wp-json\/wp\/v2\/comments?post=9216"}],"version-history":[{"count":1,"href":"https:\/\/pbp.womczest.edu.pl\/new\/wp-json\/wp\/v2\/pages\/9216\/revisions"}],"predecessor-version":[{"id":9217,"href":"https:\/\/pbp.womczest.edu.pl\/new\/wp-json\/wp\/v2\/pages\/9216\/revisions\/9217"}],"up":[{"embeddable":true,"href":"https:\/\/pbp.womczest.edu.pl\/new\/wp-json\/wp\/v2\/pages\/3545"}],"wp:attachment":[{"href":"https:\/\/pbp.womczest.edu.pl\/new\/wp-json\/wp\/v2\/media?parent=9216"}],"curies":[{"name":"wp","href":"https:\/\/api.w.org\/{rel}","templated":true}]}}