


{"id":9191,"date":"2017-01-27T09:29:09","date_gmt":"2017-01-27T08:29:09","guid":{"rendered":"https:\/\/pbp.womczest.edu.pl\/new\/?page_id=9191"},"modified":"2017-01-27T09:49:50","modified_gmt":"2017-01-27T08:49:50","slug":"bezpiecznie-zyc-czyli-jak-nie-miec-klopotow-2016","status":"publish","type":"page","link":"https:\/\/pbp.womczest.edu.pl\/new\/kontakt\/lelow\/spotkania-czytelnicze-filia-lelow\/bezpiecznie-zyc-czyli-jak-nie-miec-klopotow-2016\/","title":{"rendered":"Bezpiecznie \u017cy\u0107 &#8211; czyli jak nie mie\u0107 k\u0142opot\u00f3w 2016"},"content":{"rendered":"<p style=\"text-align: center;\">16 czerwca 2016 roku w naszej bibliotece odby\u0142o si\u0119 spotkanie czytelnicze z wychowankami\u00a0Specjalnego O\u015brodka Szkolno \u2013 Wychowawczego im. Jana Brzechwy w Bogumi\u0142ku.\u00a0W spotkaniu<img decoding=\"async\" loading=\"lazy\" class=\" wp-image-8200 alignleft\" src=\"https:\/\/pbp.womczest.edu.pl\/new\/wp-content\/uploads\/2015\/05\/IMG_3562-1-300x191.jpg\" alt=\"IMG_3562 (1)\" width=\"234\" height=\"149\" srcset=\"https:\/\/pbp.womczest.edu.pl\/new\/wp-content\/uploads\/2015\/05\/IMG_3562-1-300x191.jpg 300w, https:\/\/pbp.womczest.edu.pl\/new\/wp-content\/uploads\/2015\/05\/IMG_3562-1-100x64.jpg 100w, https:\/\/pbp.womczest.edu.pl\/new\/wp-content\/uploads\/2015\/05\/IMG_3562-1-150x95.jpg 150w, https:\/\/pbp.womczest.edu.pl\/new\/wp-content\/uploads\/2015\/05\/IMG_3562-1-200x127.jpg 200w, https:\/\/pbp.womczest.edu.pl\/new\/wp-content\/uploads\/2015\/05\/IMG_3562-1-450x286.jpg 450w, https:\/\/pbp.womczest.edu.pl\/new\/wp-content\/uploads\/2015\/05\/IMG_3562-1-600x382.jpg 600w, https:\/\/pbp.womczest.edu.pl\/new\/wp-content\/uploads\/2015\/05\/IMG_3562-1.jpg 629w\" sizes=\"(max-width: 234px) 100vw, 234px\" \/> uczestniczy\u0142o 6 dzieci i 2 wychowawc\u00f3w. Jego has\u0142em przewodnim by\u0142o \u201eBezpiecznie \u017cy\u0107 \u2013 czyli jak nie mie\u0107 k\u0142opot\u00f3w\u201d.\u00a0Nawi\u0105zuj\u0105c do tematu spotkania dzieci \u0142\u0105czy\u0142y przedmioty ( plecak, telefon, pi\u0142ka, gniazdko, komputer, kamizelka odblaskowa itp. ) z sytuacjami, w kt\u00f3rych je wykorzystujemy. Rozmowa toczy\u0142a si\u0119 wok\u00f3\u0142 tematu: ulicy, szko\u0142y, placu zabaw, domu, wypoczynku, Internetu.\u00a0Ogl\u0105daj\u0105c wsp\u00f3lnie ilustracje uczestnicy opowiadali \u00a0o\u00a0 r\u00f3\u017cnych sytuacjach i zachowaniach. Dzieci dopasowywa\u0142y do nich u\u015bmiechni\u0119te i smutne bu\u017aki, dziel\u0105c je na bezpieczne i niebezpieczne. Ponadto rozwi\u0105zywa\u0142y zagadki zwi\u0105zane z bezpiecze\u0144stwem poprzez dobieranie do nich obrazk\u00f3w, szuka\u0142y ukrytych s\u0142\u00f3w w podanych wyrazach, czyta\u0142y wiersz \u201eCo m\u00f3wi\u0105 \u015bwiat\u0142a?\u201d oraz przypomnia\u0142y zasad\u0119 przechodzenia przez jezdni\u0119, kiedy nie ma sygnalizacji \u015bwietlnej. Zabawa \u201eG\u0142osy\u201d polegaj\u0105ca na rozpoznawaniu os\u00f3b m\u00f3wi\u0105cych zmienionym g\u0142osem u\u015bwiadomi\u0142a dzieciom, \u017ce nie zawsze kto\u015b jest tym za kogo si\u0119 podaje.\u00a0Po wys\u0142uchaniu bajki pt. \u201eDuszek\u201d dzieci doskonale poradzi\u0142y sobie z u\u0142o\u017ceniem numer\u00f3w alarmowych i dopasowaniem ich do odpowiednich s\u0142u\u017cb zajmuj\u0105cych si\u0119 bezpiecze\u0144stwem.\u00a0Podsumowuj\u0105c spotkanie dzieci poprzez podnoszenie \u201epapierowych lizak\u00f3w\u201d\u00a0z napisem TAK, NIE odpowiada\u0142y na szereg pyta\u0144 dotycz\u0105cych sytuacji bezpiecznych\u00a0i niebezpiecznych.\u00a0Na dow\u00f3d tego, \u017ce w grupie zawsze czujemy si\u0119 bezpieczniej, ka\u017cdy z uczestnik\u00f3w spotkania przyklei\u0142 swoje imi\u0119 na \u201e parasolu bezpiecze\u0144stwa\u201d.\u00a0Na zako\u0144czenie zosta\u0142a stworzona makieta\u00a0wagi, na szalach kt\u00f3rej, dzieci umieszcza\u0142y ilustracje omawiane na zaj\u0119ciach. Przewa\u017cy\u0142y zachowania bezpieczne.<\/p>\n<p>Spotkanie przebieg\u0142o w mi\u0142ej i sympatycznej atmosferze.<\/p>\n<p>Serdecznie dzi\u0119kujemy wychowawcom Pani Danucie Kot i Agnieszce Nowak\u00a0oraz wychowankom SOSW im. J. Brzechwy w Bogumi\u0142ku za udzia\u0142 w spotkaniu.<\/p>\n<p>\u017byczymy bezpiecznych i udanych wakacji.<\/p>\n<p style=\"text-align: right;\"><em>Tekst: Jadwiga G\u00f3recka <\/em><br \/>\n<em>Zdj\u0119cia: Dorota Kulawiak<\/em><\/p>\n","protected":false},"excerpt":{"rendered":"<p>16 czerwca 2016 roku w naszej bibliotece odby\u0142o si\u0119 spotkanie czytelnicze z wychowankami\u00a0Specjalnego O\u015brodka Szkolno \u2013 Wychowawczego im. Jana Brzechwy w Bogumi\u0142ku.\u00a0W spotkaniu uczestniczy\u0142o 6 dzieci i 2 wychowawc\u00f3w. Jego has\u0142em przewodnim by\u0142o \u201eBezpiecznie \u017cy\u0107 \u2013 czyli jak nie mie\u0107 k\u0142opot\u00f3w\u201d.\u00a0Nawi\u0105zuj\u0105c do tematu spotkania dzieci \u0142\u0105czy\u0142y przedmioty ( plecak, telefon, pi\u0142ka, gniazdko, komputer, kamizelka odblaskowa itp. ) z sytuacjami, w kt\u00f3rych je wykorzystujemy. Rozmowa toczy\u0142a si\u0119 wok\u00f3\u0142 tematu: ulicy, szko\u0142y,<span class=\"ellipsis\">&hellip;<\/span><\/p>\n<div class=\"read-more\"><a href=\"https:\/\/pbp.womczest.edu.pl\/new\/kontakt\/lelow\/spotkania-czytelnicze-filia-lelow\/bezpiecznie-zyc-czyli-jak-nie-miec-klopotow-2016\/\">Czytaj wi\u0119cej &#8250;<\/a><\/div>\n<p><!-- end of .read-more --><\/p>\n","protected":false},"author":4,"featured_media":0,"parent":3545,"menu_order":0,"comment_status":"closed","ping_status":"closed","template":"","meta":{"footnotes":""},"jetpack_sharing_enabled":true,"jetpack_shortlink":"https:\/\/wp.me\/PgmV4H-2of","_links":{"self":[{"href":"https:\/\/pbp.womczest.edu.pl\/new\/wp-json\/wp\/v2\/pages\/9191"}],"collection":[{"href":"https:\/\/pbp.womczest.edu.pl\/new\/wp-json\/wp\/v2\/pages"}],"about":[{"href":"https:\/\/pbp.womczest.edu.pl\/new\/wp-json\/wp\/v2\/types\/page"}],"author":[{"embeddable":true,"href":"https:\/\/pbp.womczest.edu.pl\/new\/wp-json\/wp\/v2\/users\/4"}],"replies":[{"embeddable":true,"href":"https:\/\/pbp.womczest.edu.pl\/new\/wp-json\/wp\/v2\/comments?post=9191"}],"version-history":[{"count":1,"href":"https:\/\/pbp.womczest.edu.pl\/new\/wp-json\/wp\/v2\/pages\/9191\/revisions"}],"predecessor-version":[{"id":9192,"href":"https:\/\/pbp.womczest.edu.pl\/new\/wp-json\/wp\/v2\/pages\/9191\/revisions\/9192"}],"up":[{"embeddable":true,"href":"https:\/\/pbp.womczest.edu.pl\/new\/wp-json\/wp\/v2\/pages\/3545"}],"wp:attachment":[{"href":"https:\/\/pbp.womczest.edu.pl\/new\/wp-json\/wp\/v2\/media?parent=9191"}],"curies":[{"name":"wp","href":"https:\/\/api.w.org\/{rel}","templated":true}]}}