


{"id":9161,"date":"2017-01-25T10:01:33","date_gmt":"2017-01-25T09:01:33","guid":{"rendered":"https:\/\/pbp.womczest.edu.pl\/new\/?page_id=9161"},"modified":"2017-01-27T09:52:49","modified_gmt":"2017-01-27T08:52:49","slug":"swiatowy-dzien-pluszowego-misia-2016","status":"publish","type":"page","link":"https:\/\/pbp.womczest.edu.pl\/new\/kontakt\/lelow\/spotkania-czytelnicze-filia-lelow\/swiatowy-dzien-pluszowego-misia-2016\/","title":{"rendered":"\u015awiatowy Dzie\u0144 Pluszowego Misia 2016"},"content":{"rendered":"<h3><\/h3>\n<p><img decoding=\"async\" loading=\"lazy\" class=\" wp-image-6888 alignleft\" src=\"https:\/\/pbp.womczest.edu.pl\/new\/wp-content\/uploads\/2015\/11\/Slajd2-300x225.jpg\" sizes=\"(max-width: 186px) 100vw, 186px\" srcset=\"https:\/\/pbp.womczest.edu.pl\/new\/wp-content\/uploads\/2015\/11\/Slajd2-300x225.jpg 300w, https:\/\/pbp.womczest.edu.pl\/new\/wp-content\/uploads\/2015\/11\/Slajd2-100x75.jpg 100w, https:\/\/pbp.womczest.edu.pl\/new\/wp-content\/uploads\/2015\/11\/Slajd2-150x113.jpg 150w, https:\/\/pbp.womczest.edu.pl\/new\/wp-content\/uploads\/2015\/11\/Slajd2-200x150.jpg 200w, https:\/\/pbp.womczest.edu.pl\/new\/wp-content\/uploads\/2015\/11\/Slajd2-450x338.jpg 450w, https:\/\/pbp.womczest.edu.pl\/new\/wp-content\/uploads\/2015\/11\/Slajd2-600x450.jpg 600w, https:\/\/pbp.womczest.edu.pl\/new\/wp-content\/uploads\/2015\/11\/Slajd2-900x675.jpg 900w, https:\/\/pbp.womczest.edu.pl\/new\/wp-content\/uploads\/2015\/11\/Slajd2.jpg 960w\" alt=\"\u015awiatowy Dzie\u0144 Pluszowego Misia_Lel\u00f3w\" width=\"186\" height=\"139\" \/>25 listopada 2016\u00a0r. w\u00a0naszej bibliotece kolejny raz obchodzili\u015bmy \u015awiatowy Dzie\u0144 Pluszowego Misia. Uroczysto\u015b\u0107 zorganizowa\u0142a i\u00a0przeprowadzi\u0142a Publiczna Biblioteka Pedagogiczna RODN \u201eWOM\u201d w\u00a0Cz\u0119stochowie Filia w\u00a0Lelowie\u00a0wraz z\u00a0Zespo\u0142em\u00a0Szkolno-Przedszkolnym w\u00a0Lelowie\u00a0i\u00a0Gminn\u0105 Bibliotek\u0105 Publiczn\u0105 w\u00a0Lelowie. W\u00a0spotkaniu wzi\u0119\u0142o udzia\u0142 86 uczni\u00f3w z\u00a0klas I\u00a0\u2013 III Zespo\u0142u Szkolno-Przedszkolnego w\u00a0Lelowie.<\/p>\n<p>Wszyscy uczniowie przyszli na\u00a0spotkanie w\u00a0towarzystwie swoich pluszowych ulubie\u0144c\u00f3w. Na\u00a0powitanie, przyjaciele Kubusia Puchatka, przybili dzieciom na\u00a0r\u0119kach piecz\u0105tk\u0119 z\u00a0podobizn\u0105 misia. Nast\u0119pnie dzieci zasiad\u0142y do\u00a0obejrzenia inscenizacji fragmentu z\u00a0\u00a0Kubusia Puchatka pt.\u00a0\u201ePoszukiwanie ogona\u201d. W\u00a0rol\u0119 aktor\u00f3w wcielili si\u0119 uczniowie Zespo\u0142u Szkolno-Przedszkolnego w\u00a0Lelowie\u00a0 oraz\u00a0pracownicy Gminnej Biblioteki Publicznej w\u00a0Lelowie.<\/p>\n<p>W\u00a0dalszej cz\u0119\u015bci spotkania by\u0142y r\u00f3\u017cne konkursy: przypinanie ogona K\u0142apouchemu, <img decoding=\"async\" loading=\"lazy\" class=\" wp-image-8991 alignright\" src=\"https:\/\/pbp.womczest.edu.pl\/new\/wp-content\/uploads\/2015\/05\/lel%C3%B3w-300x225.jpg\" sizes=\"(max-width: 240px) 100vw, 240px\" srcset=\"https:\/\/pbp.womczest.edu.pl\/new\/wp-content\/uploads\/2015\/05\/lel\u00f3w-300x225.jpg 300w, https:\/\/pbp.womczest.edu.pl\/new\/wp-content\/uploads\/2015\/05\/lel\u00f3w-100x75.jpg 100w, https:\/\/pbp.womczest.edu.pl\/new\/wp-content\/uploads\/2015\/05\/lel\u00f3w-150x113.jpg 150w, https:\/\/pbp.womczest.edu.pl\/new\/wp-content\/uploads\/2015\/05\/lel\u00f3w-200x150.jpg 200w, https:\/\/pbp.womczest.edu.pl\/new\/wp-content\/uploads\/2015\/05\/lel\u00f3w-450x338.jpg 450w, https:\/\/pbp.womczest.edu.pl\/new\/wp-content\/uploads\/2015\/05\/lel\u00f3w.jpg 533w\" alt=\"lel\u00f3w_dzien_pluszowego_misia\" width=\"240\" height=\"180\" \/>lizanie miodu na\u00a0czas, skoki kangura, zbieranie wyka\u0142aczek. Mi\u015b nagradza\u0142 uczestnik\u00f3w konkurs\u00f3w s\u0142odkimi przysmakami. Przerywnikiem mi\u0119dzy konkurencjami by\u0142y pl\u0105sy z\u00a0maskotkami, \u015bpiewanie piosenek o\u00a0misiu, wsp\u00f3lna zabawa \u201eMisiowy poci\u0105g\u201d.<\/p>\n<p>Na\u00a0zako\u0144czenie zosta\u0142y og\u0142oszone\u00a0wyniki konkursu plastycznego \u201eKubu\u015b Puchatek i\u00a0jego Przyjaciele\u201d. Zwyci\u0119zcy konkursu otrzymali pami\u0105tkowe dyplomy i\u00a0nagrody. Wszystkie prace konkursowe mo\u017cna by\u0142o podziwia\u0107 na\u00a0wystawie, kt\u00f3rej\u00a0towarzyszy\u0142y pluszowe maskotki.<\/p>\n<p>Mi\u015b podzi\u0119kowa\u0142 wszystkim zebranym go\u015bciom za\u00a0udzia\u0142 w\u00a0obchodach \u015awiatowego Dnia Pluszowego Misia, pocz\u0119stowa\u0142 ma\u0142ym co nieco i\u00a0zaprosi\u0142 na\u00a0kolejne spotkanie za\u00a0rok.<\/p>\n<p><em>Dzi\u0119kujemy za\u00a0wsp\u00f3ln\u0105 zabaw\u0119.<\/em><\/p>\n<p align=\"right\">tekst : Jadwiga G\u00f3recka<\/p>\n<p align=\"right\">zdj\u0119cia: Dorota Kulawiak<br \/>\n<a href=\"https:\/\/pbp.womczest.edu.pl\/new\/galeria\/swiatowy-dzien-pluszowego-misia-lelow-2016\/\">galeria<\/a><\/p>\n","protected":false},"excerpt":{"rendered":"<p>25 listopada 2016\u00a0r. w\u00a0naszej bibliotece kolejny raz obchodzili\u015bmy \u015awiatowy Dzie\u0144 Pluszowego Misia. Uroczysto\u015b\u0107 zorganizowa\u0142a i\u00a0przeprowadzi\u0142a Publiczna Biblioteka Pedagogiczna RODN \u201eWOM\u201d w\u00a0Cz\u0119stochowie Filia w\u00a0Lelowie\u00a0wraz z\u00a0Zespo\u0142em\u00a0Szkolno-Przedszkolnym w\u00a0Lelowie\u00a0i\u00a0Gminn\u0105 Bibliotek\u0105 Publiczn\u0105 w\u00a0Lelowie. W\u00a0spotkaniu wzi\u0119\u0142o udzia\u0142 86 uczni\u00f3w z\u00a0klas I\u00a0\u2013 III Zespo\u0142u Szkolno-Przedszkolnego w\u00a0Lelowie. Wszyscy uczniowie przyszli na\u00a0spotkanie w\u00a0towarzystwie swoich pluszowych ulubie\u0144c\u00f3w. Na\u00a0powitanie, przyjaciele Kubusia Puchatka, przybili dzieciom na\u00a0r\u0119kach piecz\u0105tk\u0119 z\u00a0podobizn\u0105 misia. Nast\u0119pnie dzieci zasiad\u0142y do\u00a0obejrzenia inscenizacji fragmentu z\u00a0\u00a0Kubusia Puchatka pt.\u00a0\u201ePoszukiwanie ogona\u201d. W\u00a0rol\u0119 aktor\u00f3w wcielili<span class=\"ellipsis\">&hellip;<\/span><\/p>\n<div class=\"read-more\"><a href=\"https:\/\/pbp.womczest.edu.pl\/new\/kontakt\/lelow\/spotkania-czytelnicze-filia-lelow\/swiatowy-dzien-pluszowego-misia-2016\/\">Czytaj wi\u0119cej &#8250;<\/a><\/div>\n<p><!-- end of .read-more --><\/p>\n","protected":false},"author":4,"featured_media":0,"parent":3545,"menu_order":0,"comment_status":"closed","ping_status":"closed","template":"","meta":{"footnotes":""},"jetpack_sharing_enabled":true,"jetpack_shortlink":"https:\/\/wp.me\/PgmV4H-2nL","_links":{"self":[{"href":"https:\/\/pbp.womczest.edu.pl\/new\/wp-json\/wp\/v2\/pages\/9161"}],"collection":[{"href":"https:\/\/pbp.womczest.edu.pl\/new\/wp-json\/wp\/v2\/pages"}],"about":[{"href":"https:\/\/pbp.womczest.edu.pl\/new\/wp-json\/wp\/v2\/types\/page"}],"author":[{"embeddable":true,"href":"https:\/\/pbp.womczest.edu.pl\/new\/wp-json\/wp\/v2\/users\/4"}],"replies":[{"embeddable":true,"href":"https:\/\/pbp.womczest.edu.pl\/new\/wp-json\/wp\/v2\/comments?post=9161"}],"version-history":[{"count":1,"href":"https:\/\/pbp.womczest.edu.pl\/new\/wp-json\/wp\/v2\/pages\/9161\/revisions"}],"predecessor-version":[{"id":9162,"href":"https:\/\/pbp.womczest.edu.pl\/new\/wp-json\/wp\/v2\/pages\/9161\/revisions\/9162"}],"up":[{"embeddable":true,"href":"https:\/\/pbp.womczest.edu.pl\/new\/wp-json\/wp\/v2\/pages\/3545"}],"wp:attachment":[{"href":"https:\/\/pbp.womczest.edu.pl\/new\/wp-json\/wp\/v2\/media?parent=9161"}],"curies":[{"name":"wp","href":"https:\/\/api.w.org\/{rel}","templated":true}]}}