


{"id":8858,"date":"2016-11-02T09:16:49","date_gmt":"2016-11-02T08:16:49","guid":{"rendered":"https:\/\/pbp.womczest.edu.pl\/new\/?page_id=8858"},"modified":"2017-01-27T09:59:53","modified_gmt":"2017-01-27T08:59:53","slug":"narodowe-czytanie-2016-2","status":"publish","type":"page","link":"https:\/\/pbp.womczest.edu.pl\/new\/kontakt\/lubliniec\/inne-wydarzenia\/narodowe-czytanie-2016-2\/","title":{"rendered":"Narodowe Czytanie 2016"},"content":{"rendered":"<p>5 wrze\u015bnia 2016\u00a0r. Publiczna Szko\u0142a Podstawowa w\u00a0Pawonkowie im.\u00a0Tadeusza<\/p>\n<p>Ko\u015bciuszki,Gminna Biblioteka Publiczna w\u00a0Pawonkowie i\u00a0Publiczna Biblioteka Pedagogiczna RODN \u201eW<img decoding=\"async\" loading=\"lazy\" class=\"size-medium wp-image-8452 alignleft\" src=\"https:\/\/pbp.womczest.edu.pl\/new\/wp-content\/uploads\/2015\/05\/narodowe-czytanie_lubliniec-300x169.jpg\" sizes=\"(max-width: 300px) 100vw, 300px\" srcset=\"https:\/\/pbp.womczest.edu.pl\/new\/wp-content\/uploads\/2015\/05\/narodowe-czytanie_lubliniec-300x169.jpg 300w, https:\/\/pbp.womczest.edu.pl\/new\/wp-content\/uploads\/2015\/05\/narodowe-czytanie_lubliniec-100x56.jpg 100w, https:\/\/pbp.womczest.edu.pl\/new\/wp-content\/uploads\/2015\/05\/narodowe-czytanie_lubliniec-150x84.jpg 150w, https:\/\/pbp.womczest.edu.pl\/new\/wp-content\/uploads\/2015\/05\/narodowe-czytanie_lubliniec-200x113.jpg 200w, https:\/\/pbp.womczest.edu.pl\/new\/wp-content\/uploads\/2015\/05\/narodowe-czytanie_lubliniec-450x253.jpg 450w, https:\/\/pbp.womczest.edu.pl\/new\/wp-content\/uploads\/2015\/05\/narodowe-czytanie_lubliniec-600x338.jpg 600w, https:\/\/pbp.womczest.edu.pl\/new\/wp-content\/uploads\/2015\/05\/narodowe-czytanie_lubliniec.jpg 640w\" alt=\"narodowe czytanie_lubliniec\" width=\"300\" height=\"169\" \/>OM\u201d w\u00a0Cz\u0119stochowie Filia w\u00a0Lubli\u0144cu, zorganizowa\u0142y wsp\u00f3lne czytanie <strong><em>Quo vadis<\/em><\/strong> <strong>Henryka Sienkiewicza<\/strong>. Impreza zosta\u0142a zorganizowana w\u00a0ramach og\u00f3lnopolskiej akcji <strong>Narodowe Czytanie<\/strong> obj\u0119tej Patronatem Honorowym Pary Prezydenckiej, Tegoroczna lektura zosta\u0142a wybrana podczas g\u0142osowania internetowego. Fragmenty powie\u015bci czytali nauczyciele bibliotekarze. Spotkanie odby\u0142o si\u0119 w\u00a0Publicznej Szkole Podstawowej w\u00a0Pawonkowie. Czytanie urozmaici\u0142y wyst\u0119py uczni\u00f3w w\u00a0scenkach z\u00a0powie\u015bci, kt\u00f3rym\u00a0towarzyszy\u0142y d\u017awi\u0119ki keyboardu i\u00a0klarnetu. T\u0142em dla czytaj\u0105cych i\u00a0m\u0142odych artyst\u00f3w, by\u0142a wystawa po\u015bwi\u0119cona powie\u015bci i\u00a0jej autorowi przygotowana przez pracownik\u00f3w naszej plac\u00f3wki.<\/p>\n<p style=\"text-align: right;\"><em>Anna Bidzi\u0144ska-Kristof<\/em><br \/>\n<em>Ma\u0142gorzata Goinda<\/em><br \/>\n<em>Olimpia Zieli\u0144ska<\/em><\/p>\n","protected":false},"excerpt":{"rendered":"<p>5 wrze\u015bnia 2016\u00a0r. Publiczna Szko\u0142a Podstawowa w\u00a0Pawonkowie im.\u00a0Tadeusza Ko\u015bciuszki,Gminna Biblioteka Publiczna w\u00a0Pawonkowie i\u00a0Publiczna Biblioteka Pedagogiczna RODN \u201eWOM\u201d w\u00a0Cz\u0119stochowie Filia w\u00a0Lubli\u0144cu, zorganizowa\u0142y wsp\u00f3lne czytanie Quo vadis Henryka Sienkiewicza. Impreza zosta\u0142a zorganizowana w\u00a0ramach og\u00f3lnopolskiej akcji Narodowe Czytanie obj\u0119tej Patronatem Honorowym Pary Prezydenckiej, Tegoroczna lektura zosta\u0142a wybrana podczas g\u0142osowania internetowego. Fragmenty powie\u015bci czytali nauczyciele bibliotekarze. Spotkanie odby\u0142o si\u0119 w\u00a0Publicznej Szkole Podstawowej w\u00a0Pawonkowie. Czytanie urozmaici\u0142y wyst\u0119py uczni\u00f3w w\u00a0scenkach z\u00a0powie\u015bci, kt\u00f3rym\u00a0towarzyszy\u0142y d\u017awi\u0119ki keyboardu i\u00a0klarnetu. T\u0142em<span class=\"ellipsis\">&hellip;<\/span><\/p>\n<div class=\"read-more\"><a href=\"https:\/\/pbp.womczest.edu.pl\/new\/kontakt\/lubliniec\/inne-wydarzenia\/narodowe-czytanie-2016-2\/\">Czytaj wi\u0119cej &#8250;<\/a><\/div>\n<p><!-- end of .read-more --><\/p>\n","protected":false},"author":4,"featured_media":0,"parent":7619,"menu_order":0,"comment_status":"closed","ping_status":"closed","template":"","meta":{"footnotes":""},"jetpack_sharing_enabled":true,"jetpack_shortlink":"https:\/\/wp.me\/PgmV4H-2iS","_links":{"self":[{"href":"https:\/\/pbp.womczest.edu.pl\/new\/wp-json\/wp\/v2\/pages\/8858"}],"collection":[{"href":"https:\/\/pbp.womczest.edu.pl\/new\/wp-json\/wp\/v2\/pages"}],"about":[{"href":"https:\/\/pbp.womczest.edu.pl\/new\/wp-json\/wp\/v2\/types\/page"}],"author":[{"embeddable":true,"href":"https:\/\/pbp.womczest.edu.pl\/new\/wp-json\/wp\/v2\/users\/4"}],"replies":[{"embeddable":true,"href":"https:\/\/pbp.womczest.edu.pl\/new\/wp-json\/wp\/v2\/comments?post=8858"}],"version-history":[{"count":2,"href":"https:\/\/pbp.womczest.edu.pl\/new\/wp-json\/wp\/v2\/pages\/8858\/revisions"}],"predecessor-version":[{"id":8861,"href":"https:\/\/pbp.womczest.edu.pl\/new\/wp-json\/wp\/v2\/pages\/8858\/revisions\/8861"}],"up":[{"embeddable":true,"href":"https:\/\/pbp.womczest.edu.pl\/new\/wp-json\/wp\/v2\/pages\/7619"}],"wp:attachment":[{"href":"https:\/\/pbp.womczest.edu.pl\/new\/wp-json\/wp\/v2\/media?parent=8858"}],"curies":[{"name":"wp","href":"https:\/\/api.w.org\/{rel}","templated":true}]}}