


{"id":8688,"date":"2016-09-30T09:58:54","date_gmt":"2016-09-30T07:58:54","guid":{"rendered":"https:\/\/pbp.womczest.edu.pl\/new\/?page_id=8688"},"modified":"2016-09-30T09:58:54","modified_gmt":"2016-09-30T07:58:54","slug":"narodowe-czytanie-2016","status":"publish","type":"page","link":"https:\/\/pbp.womczest.edu.pl\/new\/narodowe-czytanie-2016\/","title":{"rendered":"Narodowe Czytanie &#8211; 2016"},"content":{"rendered":"<p><strong><img decoding=\"async\" loading=\"lazy\" class=\"aligncenter  wp-image-8342\" src=\"https:\/\/pbp.womczest.edu.pl\/new\/wp-content\/uploads\/2016\/08\/quo-vadis.jpg\" alt=\"quo vadis\" width=\"309\" height=\"206\" srcset=\"https:\/\/pbp.womczest.edu.pl\/new\/wp-content\/uploads\/2016\/08\/quo-vadis.jpg 632w, https:\/\/pbp.womczest.edu.pl\/new\/wp-content\/uploads\/2016\/08\/quo-vadis-300x200.jpg 300w, https:\/\/pbp.womczest.edu.pl\/new\/wp-content\/uploads\/2016\/08\/quo-vadis-100x67.jpg 100w, https:\/\/pbp.womczest.edu.pl\/new\/wp-content\/uploads\/2016\/08\/quo-vadis-150x100.jpg 150w, https:\/\/pbp.womczest.edu.pl\/new\/wp-content\/uploads\/2016\/08\/quo-vadis-200x133.jpg 200w, https:\/\/pbp.womczest.edu.pl\/new\/wp-content\/uploads\/2016\/08\/quo-vadis-450x300.jpg 450w, https:\/\/pbp.womczest.edu.pl\/new\/wp-content\/uploads\/2016\/08\/quo-vadis-600x400.jpg 600w\" sizes=\"(max-width: 309px) 100vw, 309px\" \/>2 wrze\u015bnia 2016\u00a0r. o\u00a0godz. 12:00<\/strong> w\u00a0Auli Forum Regionalnego O\u015brodka Doskonalenia Nauczycieli \u201eWOM\u201d w\u00a0Cz\u0119stochowie, Al.\u00a0Jana Paw\u0142a II 126\/130, odby\u0142o si\u0119 spotkanie czytelnicze zorganizowane przez Publiczn\u0105 Bibliotek\u0119 Pedagogiczn\u0105 RODN \u201eWOM\u201d w\u00a0ramach og\u00f3lnopolskiej akcji <strong>Narodowe Czytanie 2016<\/strong> obj\u0119tej Patronatem Honorowym Pary Prezydenckiej.<br \/>\nTegoroczna lektura \u2013 <em>Quo vadis<\/em> Henryka Sienkiewicza\u00a0zosta\u0142a wybrana podczas g\u0142osowania internetowego.<br \/>\nFragmenty powie\u015bci przeczytali uczniowie I\u00a0Spo\u0142ecznego Gimnazjum i\u00a0Liceum im.\u00a0Zbigniewa Herberta w\u00a0Cz\u0119stochowie<em>. <\/em>Spotkanie wzbogacone by\u0142o prezentacj\u0105 zdj\u0119\u0107 ukazuj\u0105cych \u00f3wczesne czasy Rzymu. Atrakcyjnym dodatkiem by\u0142a projekcja piosenki Micha\u0142a Bajora <em>Quo vadis Domine.<br \/>\n<\/em>Tw\u00f3rczo\u015b\u0107 Henryka Sienkiewicza oraz\u00a0zbiory PBP RODN \u201eWOM\u201d\u00a0przybli\u017cy\u0142a uczestnikom Narodowego Czytania okoliczno\u015bciowa wystawa plastyczna.<br \/>\nNa przyniesionych przez uczestnik\u00f3w akcji w\u0142asnych egzemplarzach <em>Quo vadis<\/em> z\u0142o\u017cona zosta\u0142a okoliczno\u015bciowa piecz\u0119\u0107.<\/p>\n<p><a href=\"https:\/\/pbp.womczest.edu.pl\/new\/galeria\/narodowe-czytanie-2016\/\">galeria<\/a><\/p>\n<p style=\"text-align: right;\"><em>Justyna Gali\u0144ska<\/em><\/p>\n","protected":false},"excerpt":{"rendered":"<p>2 wrze\u015bnia 2016\u00a0r. o\u00a0godz. 12:00 w\u00a0Auli Forum Regionalnego O\u015brodka Doskonalenia Nauczycieli \u201eWOM\u201d w\u00a0Cz\u0119stochowie, Al.\u00a0Jana Paw\u0142a II 126\/130, odby\u0142o si\u0119 spotkanie czytelnicze zorganizowane przez Publiczn\u0105 Bibliotek\u0119 Pedagogiczn\u0105 RODN \u201eWOM\u201d w\u00a0ramach og\u00f3lnopolskiej akcji Narodowe Czytanie 2016 obj\u0119tej Patronatem Honorowym Pary Prezydenckiej. Tegoroczna lektura \u2013 Quo vadis Henryka Sienkiewicza\u00a0zosta\u0142a wybrana podczas g\u0142osowania internetowego. Fragmenty powie\u015bci przeczytali uczniowie I\u00a0Spo\u0142ecznego Gimnazjum i\u00a0Liceum im.\u00a0Zbigniewa Herberta w\u00a0Cz\u0119stochowie. Spotkanie wzbogacone by\u0142o prezentacj\u0105 zdj\u0119\u0107 ukazuj\u0105cych \u00f3wczesne czasy Rzymu. Atrakcyjnym<span class=\"ellipsis\">&hellip;<\/span><\/p>\n<div class=\"read-more\"><a href=\"https:\/\/pbp.womczest.edu.pl\/new\/narodowe-czytanie-2016\/\">Czytaj wi\u0119cej &#8250;<\/a><\/div>\n<p><!-- end of .read-more --><\/p>\n","protected":false},"author":6,"featured_media":0,"parent":0,"menu_order":0,"comment_status":"closed","ping_status":"closed","template":"","meta":{"footnotes":""},"jetpack_sharing_enabled":true,"jetpack_shortlink":"https:\/\/wp.me\/PgmV4H-2g8","_links":{"self":[{"href":"https:\/\/pbp.womczest.edu.pl\/new\/wp-json\/wp\/v2\/pages\/8688"}],"collection":[{"href":"https:\/\/pbp.womczest.edu.pl\/new\/wp-json\/wp\/v2\/pages"}],"about":[{"href":"https:\/\/pbp.womczest.edu.pl\/new\/wp-json\/wp\/v2\/types\/page"}],"author":[{"embeddable":true,"href":"https:\/\/pbp.womczest.edu.pl\/new\/wp-json\/wp\/v2\/users\/6"}],"replies":[{"embeddable":true,"href":"https:\/\/pbp.womczest.edu.pl\/new\/wp-json\/wp\/v2\/comments?post=8688"}],"version-history":[{"count":1,"href":"https:\/\/pbp.womczest.edu.pl\/new\/wp-json\/wp\/v2\/pages\/8688\/revisions"}],"predecessor-version":[{"id":8689,"href":"https:\/\/pbp.womczest.edu.pl\/new\/wp-json\/wp\/v2\/pages\/8688\/revisions\/8689"}],"wp:attachment":[{"href":"https:\/\/pbp.womczest.edu.pl\/new\/wp-json\/wp\/v2\/media?parent=8688"}],"curies":[{"name":"wp","href":"https:\/\/api.w.org\/{rel}","templated":true}]}}