


{"id":8656,"date":"2016-09-27T11:06:43","date_gmt":"2016-09-27T09:06:43","guid":{"rendered":"https:\/\/pbp.womczest.edu.pl\/new\/?page_id=8656"},"modified":"2023-03-06T14:13:19","modified_gmt":"2023-03-06T13:13:19","slug":"ksiazki-naszych-marzen-zakonczenie-projektu","status":"publish","type":"page","link":"https:\/\/pbp.womczest.edu.pl\/new\/ksiazki-naszych-marzen-zakonczenie-projektu\/","title":{"rendered":"Ksi\u0105\u017cki naszych marze\u0144 \u2013 zako\u0144czenie projektu."},"content":{"rendered":"<p style=\"text-align: left;\">W roku szkolnym 2015\/2016 nauczyciele bibliotekarze Publicznej Biblioteki Pedagogicznej RODN \u201eWOM\u201d w\u00a0Cz\u0119stochowie Filia w Lubli\u0144cu wspiera\u0142y\u00a0szko\u0142y podstawowe w\u00a0realizacji Rz\u0105dowego programu \u201eKsi\u0105\u017cki naszych marze\u0144\u201d, kt\u00f3rego celem by\u0142o rozwijanie czytelnictwa w\u015br\u00f3d dzieci i\u00a0m\u0142odzie\u017cy.<\/p>\n<p>We wsp\u00f3\u0142pracy z bibliotekarzami szk\u00f3\u0142 podstawowych z terenu powiatu lublinieckiego przeprowadzono konsultacje w\u00a0sprawie zakup\u00f3w ksi\u0105\u017cek dla\u00a0tych\u00a0bibliotek oraz\u00a0zorganizowano nast\u0119puj\u0105ce imprezy czytelnicze:<\/p>\n<ul>\n<li>inscenizacje teatrzyku kukie\u0142kowego pt. \u201eSmok Wawelski\u201d dla\u00a0uczni\u00f3w klas I-VI Specjalnego O\u015brodka Szkolno-Wychowawczego w\u00a0Lubli\u0144cu, dla\u00a0uczni\u00f3w klas II-III Szko\u0142y Podstawowej im.\u00a0Jana Paw\u0142a\u00a0II w\u00a0Kosz\u0119cinie, dla\u00a0uczni\u00f3w klas I-II Szko\u0142y Podstawowej nr\u00a03 im.Bohater\u00f3w Westerplatte w\u00a0Lubli\u0144cu, dla klas II Szko\u0142y Podstawowej nr\u00a01 im.\u00a0Marii Konopnickiej w\u00a0Lubli\u0144cu, dla Oddzia\u0142u Przedszkolnego i\u00a0klas I-III Zespo\u0142u Szk\u00f3\u0142 w\u00a0Lubecku,<\/li>\n<li>spotkanie z wydawc\u0105 i poet\u0105 ziemi lublinieckiej Panem Edwardem Przebieraczem dla\u00a0uczni\u00f3w klas V Szko\u0142y Podstawowej nr\u00a01 im. Marii Konopnickiej w\u00a0Lubli\u0144cu,<\/li>\n<li>konkurs : \u201eBa\u015bnie, legendy i podania G\u00f3rnego \u015al\u0105ska\u201d dla\u00a0uczni\u00f3w klas V szk\u00f3\u0142 podstawowych powiatu lublinieckiego.<\/li>\n<\/ul>\n<p>Nasza oferta cieszy\u0142a si\u0119\u00a0du\u017cym zainteresowaniem w\u015br\u00f3d uczni\u00f3w i\u00a0nauczycieli.<\/p>\n<p>Zobacz:\u00a0<a href=\"https:\/\/pbp.womczest.edu.pl\/new\/ksiazki-naszych-marzen\/\"><em>Ksi\u0105\u017cki naszych marze\u0144\u00a0\u2013 <\/em>relacja z\u00a0pierwszego p\u00f3\u0142rocza pracy<\/a><\/p>\n<p style=\"text-align: right;\"><em>Ma\u0142gorzata Goinda<\/em><br \/>\n<em>Olimpia Zieli\u0144ska<\/em><br \/>\n<em>Anna Bidzi\u0144ska-Kristof<\/em><\/p>\n","protected":false},"excerpt":{"rendered":"<p>W roku szkolnym 2015\/2016 nauczyciele bibliotekarze Publicznej Biblioteki Pedagogicznej RODN \u201eWOM\u201d w\u00a0Cz\u0119stochowie Filia w Lubli\u0144cu wspiera\u0142y\u00a0szko\u0142y podstawowe w\u00a0realizacji Rz\u0105dowego programu \u201eKsi\u0105\u017cki naszych marze\u0144\u201d, kt\u00f3rego celem by\u0142o rozwijanie czytelnictwa w\u015br\u00f3d dzieci i\u00a0m\u0142odzie\u017cy. We wsp\u00f3\u0142pracy z bibliotekarzami szk\u00f3\u0142 podstawowych z terenu powiatu lublinieckiego przeprowadzono konsultacje w\u00a0sprawie zakup\u00f3w ksi\u0105\u017cek dla\u00a0tych\u00a0bibliotek oraz\u00a0zorganizowano nast\u0119puj\u0105ce imprezy czytelnicze: inscenizacje teatrzyku kukie\u0142kowego pt. \u201eSmok Wawelski\u201d dla\u00a0uczni\u00f3w klas I-VI Specjalnego O\u015brodka Szkolno-Wychowawczego w\u00a0Lubli\u0144cu, dla\u00a0uczni\u00f3w klas II-III Szko\u0142y Podstawowej im.\u00a0Jana<span class=\"ellipsis\">&hellip;<\/span><\/p>\n<div class=\"read-more\"><a href=\"https:\/\/pbp.womczest.edu.pl\/new\/ksiazki-naszych-marzen-zakonczenie-projektu\/\">Czytaj wi\u0119cej &#8250;<\/a><\/div>\n<p><!-- end of .read-more --><\/p>\n","protected":false},"author":4,"featured_media":0,"parent":0,"menu_order":0,"comment_status":"closed","ping_status":"closed","template":"","meta":{"footnotes":""},"jetpack_sharing_enabled":true,"jetpack_shortlink":"https:\/\/wp.me\/PgmV4H-2fC","_links":{"self":[{"href":"https:\/\/pbp.womczest.edu.pl\/new\/wp-json\/wp\/v2\/pages\/8656"}],"collection":[{"href":"https:\/\/pbp.womczest.edu.pl\/new\/wp-json\/wp\/v2\/pages"}],"about":[{"href":"https:\/\/pbp.womczest.edu.pl\/new\/wp-json\/wp\/v2\/types\/page"}],"author":[{"embeddable":true,"href":"https:\/\/pbp.womczest.edu.pl\/new\/wp-json\/wp\/v2\/users\/4"}],"replies":[{"embeddable":true,"href":"https:\/\/pbp.womczest.edu.pl\/new\/wp-json\/wp\/v2\/comments?post=8656"}],"version-history":[{"count":2,"href":"https:\/\/pbp.womczest.edu.pl\/new\/wp-json\/wp\/v2\/pages\/8656\/revisions"}],"predecessor-version":[{"id":22435,"href":"https:\/\/pbp.womczest.edu.pl\/new\/wp-json\/wp\/v2\/pages\/8656\/revisions\/22435"}],"wp:attachment":[{"href":"https:\/\/pbp.womczest.edu.pl\/new\/wp-json\/wp\/v2\/media?parent=8656"}],"curies":[{"name":"wp","href":"https:\/\/api.w.org\/{rel}","templated":true}]}}