


{"id":8650,"date":"2016-09-27T11:01:23","date_gmt":"2016-09-27T09:01:23","guid":{"rendered":"https:\/\/pbp.womczest.edu.pl\/new\/?page_id=8650"},"modified":"2023-03-08T09:16:26","modified_gmt":"2023-03-08T08:16:26","slug":"siec-wspolpracy-i-samoksztalcenia-opracowywanie-zbiorow-w-komputerowym-systemie-bibliotecznym-mol-podsumowanie","status":"publish","type":"page","link":"https:\/\/pbp.womczest.edu.pl\/new\/kontakt\/lubliniec\/kursy-i-szkolenia\/siec-wspolpracy-i-samoksztalcenia-opracowywanie-zbiorow-w-komputerowym-systemie-bibliotecznym-mol-podsumowanie\/","title":{"rendered":"Sie\u0107 wsp\u00f3\u0142pracy i samokszta\u0142cenia opracowywanie zbior\u00f3w w komputerowym systemie bibliotecznym MOL"},"content":{"rendered":"<p>Od 8 kwietnia do 3 czerwca 2016 r. w Zespole Szk\u00f3\u0142 Og\u00f3lnokszta\u0142c\u0105co-Technicznych w Lubli\u0144cu odby\u0142y si\u0119 trzy spotkania sieci wsp\u00f3\u0142pracy i samokszta\u0142cenia \u201eOpracowywanie zbior\u00f3w w komputerowym systemie bibliotecznym MOL\u201d. Uczestnikami sieci byli nauczyciele bibliotekarze powiatu lublinieckiego. G\u0142\u00f3wnym celem pracy sieci by\u0142a wsp\u00f3\u0142praca i samokszta\u0142cenie w zakresie omawianego tematu.<\/p>\n<p>Na\u00a0pierwszym spotkaniu uczestnicy sieci wypracowali plan pracy i\u00a0kontrakt. Om\u00f3wili zadania, kt\u00f3re obowi\u0105zywa\u0142y uczestnik\u00f3w w\u00a0okresie pracy sieci. Podczas szkolenia nauczyciele bibliotekarze poznali podstawowe informacje zwi\u0105zane z\u00a0dzia\u0142aniem systemu bibliotecznego MOL.<\/p>\n<p>Podczas kolejnych zaj\u0119\u0107 bibliotekarze poznali sposoby wprowadzania opis\u00f3w bibliotecznych w\u00a0programie MOL.<\/p>\n<p>Ostatnie spotkanie warsztatowe by\u0142o po\u015bwi\u0119cone na\u00a0podsumowanie wszystkich informacji oraz\u00a0prze\u0107wiczenie wyszukiwania opis\u00f3w bibliograficznych i\u00a0tworzenia zestawie\u0144 bibliograficznych w\u00a0poznanym programie.<\/p>\n<p>Na\u00a0zako\u0144czenie spotkania nauczyciele bibliotekarze sprecyzowali zakresy tematyczne sieci wsp\u00f3\u0142pracy, w\u00a0kt\u00f3rych chcieliby pracowa\u0107 w\u00a0przysz\u0142ym roku szkolnym.<\/p>\n<p style=\"text-align: right;\"><em>Ma\u0142gorzata Goinda, <\/em><em>Olimpia Zieli\u0144ska, <\/em><em>Anna Bidzi\u0144ska-Kristof<\/em><\/p>\n","protected":false},"excerpt":{"rendered":"<p>Od 8 kwietnia do 3 czerwca 2016 r. w Zespole Szk\u00f3\u0142 Og\u00f3lnokszta\u0142c\u0105co-Technicznych w Lubli\u0144cu odby\u0142y si\u0119 trzy spotkania sieci wsp\u00f3\u0142pracy i samokszta\u0142cenia \u201eOpracowywanie zbior\u00f3w w komputerowym systemie bibliotecznym MOL\u201d. Uczestnikami sieci byli nauczyciele bibliotekarze powiatu lublinieckiego. G\u0142\u00f3wnym celem pracy sieci by\u0142a wsp\u00f3\u0142praca i samokszta\u0142cenie w zakresie omawianego tematu. Na\u00a0pierwszym spotkaniu uczestnicy sieci wypracowali plan pracy i\u00a0kontrakt. Om\u00f3wili zadania, kt\u00f3re obowi\u0105zywa\u0142y uczestnik\u00f3w w\u00a0okresie pracy sieci. Podczas szkolenia nauczyciele bibliotekarze poznali podstawowe<span class=\"ellipsis\">&hellip;<\/span><\/p>\n<div class=\"read-more\"><a href=\"https:\/\/pbp.womczest.edu.pl\/new\/kontakt\/lubliniec\/kursy-i-szkolenia\/siec-wspolpracy-i-samoksztalcenia-opracowywanie-zbiorow-w-komputerowym-systemie-bibliotecznym-mol-podsumowanie\/\">Czytaj wi\u0119cej &#8250;<\/a><\/div>\n<p><!-- end of .read-more --><\/p>\n","protected":false},"author":4,"featured_media":0,"parent":3725,"menu_order":0,"comment_status":"closed","ping_status":"closed","template":"","meta":{"footnotes":""},"jetpack_sharing_enabled":true,"jetpack_shortlink":"https:\/\/wp.me\/PgmV4H-2fw","_links":{"self":[{"href":"https:\/\/pbp.womczest.edu.pl\/new\/wp-json\/wp\/v2\/pages\/8650"}],"collection":[{"href":"https:\/\/pbp.womczest.edu.pl\/new\/wp-json\/wp\/v2\/pages"}],"about":[{"href":"https:\/\/pbp.womczest.edu.pl\/new\/wp-json\/wp\/v2\/types\/page"}],"author":[{"embeddable":true,"href":"https:\/\/pbp.womczest.edu.pl\/new\/wp-json\/wp\/v2\/users\/4"}],"replies":[{"embeddable":true,"href":"https:\/\/pbp.womczest.edu.pl\/new\/wp-json\/wp\/v2\/comments?post=8650"}],"version-history":[{"count":6,"href":"https:\/\/pbp.womczest.edu.pl\/new\/wp-json\/wp\/v2\/pages\/8650\/revisions"}],"predecessor-version":[{"id":22529,"href":"https:\/\/pbp.womczest.edu.pl\/new\/wp-json\/wp\/v2\/pages\/8650\/revisions\/22529"}],"up":[{"embeddable":true,"href":"https:\/\/pbp.womczest.edu.pl\/new\/wp-json\/wp\/v2\/pages\/3725"}],"wp:attachment":[{"href":"https:\/\/pbp.womczest.edu.pl\/new\/wp-json\/wp\/v2\/media?parent=8650"}],"curies":[{"name":"wp","href":"https:\/\/api.w.org\/{rel}","templated":true}]}}