


{"id":8639,"date":"2016-09-27T09:27:38","date_gmt":"2016-09-27T07:27:38","guid":{"rendered":"https:\/\/pbp.womczest.edu.pl\/new\/?page_id=8639"},"modified":"2023-03-07T13:29:18","modified_gmt":"2023-03-07T12:29:18","slug":"konkurs-najaktywniej-czytajacy-trzecioklasista-edycja-iii","status":"publish","type":"page","link":"https:\/\/pbp.womczest.edu.pl\/new\/konkurs-najaktywniej-czytajacy-trzecioklasista-edycja-iii\/","title":{"rendered":"Konkurs: \u201eNajaktywniej czytaj\u0105cy Trzecioklasista\u201d-  III edycja"},"content":{"rendered":"<p>Do\u00a0konkursowych zmag<img decoding=\"async\" loading=\"lazy\" class=\" wp-image-7606 alignleft\" src=\"https:\/\/pbp.womczest.edu.pl\/new\/wp-content\/uploads\/2016\/04\/Trzecioklasista-300x197.png\" sizes=\"(max-width: 209px) 100vw, 209px\" srcset=\"https:\/\/pbp.womczest.edu.pl\/new\/wp-content\/uploads\/2016\/04\/Trzecioklasista-300x197.png 300w, https:\/\/pbp.womczest.edu.pl\/new\/wp-content\/uploads\/2016\/04\/Trzecioklasista-100x66.png 100w, https:\/\/pbp.womczest.edu.pl\/new\/wp-content\/uploads\/2016\/04\/Trzecioklasista-150x98.png 150w, https:\/\/pbp.womczest.edu.pl\/new\/wp-content\/uploads\/2016\/04\/Trzecioklasista-200x131.png 200w, https:\/\/pbp.womczest.edu.pl\/new\/wp-content\/uploads\/2016\/04\/Trzecioklasista-450x295.png 450w, https:\/\/pbp.womczest.edu.pl\/new\/wp-content\/uploads\/2016\/04\/Trzecioklasista-600x394.png 600w, https:\/\/pbp.womczest.edu.pl\/new\/wp-content\/uploads\/2016\/04\/Trzecioklasista.png 657w\" alt=\"Trzecioklasista\" width=\"209\" height=\"137\" \/>a\u0144 na\u00a0\u201eNajaktywniej czytaj\u0105cego Trzecioklasist\u0119\u201d zg\u0142osi\u0142o si\u0119\u00a0siedem szk\u00f3\u0142 podstawowych z\u00a0powiatu lublinieckiego: Szko\u0142a Podstawowa im.\u00a0J. Ligonia w\u00a0Strzebiniu, Publiczna Szko\u0142a Podstawowa im.\u00a0W. Kawy i\u00a0B. Kawy w\u00a0Ko\u015bmidrach, Szko\u0142a Podstawowa nr\u00a01 im.\u00a0M. Konopnickiej w\u00a0Lubli\u0144cu, Zesp\u00f3\u0142 Plac\u00f3wek O\u015bwiatowych im.\u00a0Unii Europejskiej w\u00a0Boronowie, Szko\u0142a Podstawowa nr\u00a03 im.\u00a0Bohater\u00f3w Westerplatte w\u00a0Lubli\u0144cu, Szko\u0142a Podstawowa im.\u00a0Jana Paw\u0142a\u00a0II w\u00a0Psarach, Szko\u0142a Podstawowa w\u00a0Kosz\u0119cinie.<\/p>\n<p>Celem konkursu by\u0142o rozbudzanie zainteresowa\u0144 czytelniczych w\u015br\u00f3d dzieci, kszta\u0142towanie nawyku systematycznego czytania oraz\u00a0promocja ksi\u0119gozbior\u00f3w bibliotek szkolnych. Organizatorzy mieli za\u00a0zadanie wskaza\u0107 uczni\u00f3w trzecich klas szk\u00f3\u0142 podstawowych, kt\u00f3rzy\u00a0w\u00a0okresie od\u00a01\u00a0wrze\u015bnia\u00a02015\u00a0roku do\u00a031 maja 2016 roku przeczytali najwi\u0119cej ksi\u0105\u017cek dost\u0119pnych w\u00a0bibliotece szkolnej.<\/p>\n<p>Spo\u015br\u00f3d dwana\u015bciorga zg\u0142oszonych trzecioklasist\u00f3w najlepszymi czytelnikami okazali si\u0119:<\/p>\n<p><strong>I\u00a0miejsce: Natalia Kuli\u0144ska<\/strong><strong> \u2013 Szko\u0142a<\/strong> Podstawowa nr\u00a03 im.\u00a0Bohater\u00f3w Westerplatte w\u00a0Lubli\u0144cu <strong>(141\u00a0ksi\u0105\u017cek<\/strong><strong>)<\/strong><\/p>\n<p><strong>II miejsce: Maksymilian Zy\u015bko <\/strong><strong>\u2013 Szko\u0142a<\/strong> Podstawowa nr\u00a03 im.\u00a0Bohater\u00f3w Westerplatte w\u00a0Lubli\u0144cu<strong> (118 ksi\u0105\u017cek<\/strong><strong>)<\/strong><\/p>\n<p><strong>III miejsce: Kamil Korzeniewski <\/strong><strong>\u2013 Szko\u0142a Podstawowa <\/strong>nr\u00a01 im.\u00a0M. Konopnickiej w\u00a0Lubli\u0144cu<strong>(106\u00a0ksi\u0105\u017cek<\/strong><strong>)<\/strong><\/p>\n<p>Dla wszystkich rywalizuj\u0105cych z\u00a0sob\u0105 uczni\u00f3w, przygotowano dyplomy i\u00a0nagrody ksi\u0105\u017ckowe.<\/p>\n<p><em>Zwyci\u0119zcom oraz\u00a0wszystkim uczestnikom gratulujemy wynik\u00f3w!<\/em><\/p>\n<p><em>Ma\u0142gorzata Goinda<\/em><br \/>\n<em>El\u017cbieta Kulisz<\/em><br \/>\n<em>Olimpia Zieli\u0144ska<\/em><\/p>\n","protected":false},"excerpt":{"rendered":"<p>Do\u00a0konkursowych zmaga\u0144 na\u00a0\u201eNajaktywniej czytaj\u0105cego Trzecioklasist\u0119\u201d zg\u0142osi\u0142o si\u0119\u00a0siedem szk\u00f3\u0142 podstawowych z\u00a0powiatu lublinieckiego: Szko\u0142a Podstawowa im.\u00a0J. Ligonia w\u00a0Strzebiniu, Publiczna Szko\u0142a Podstawowa im.\u00a0W. Kawy i\u00a0B. Kawy w\u00a0Ko\u015bmidrach, Szko\u0142a Podstawowa nr\u00a01 im.\u00a0M. Konopnickiej w\u00a0Lubli\u0144cu, Zesp\u00f3\u0142 Plac\u00f3wek O\u015bwiatowych im.\u00a0Unii Europejskiej w\u00a0Boronowie, Szko\u0142a Podstawowa nr\u00a03 im.\u00a0Bohater\u00f3w Westerplatte w\u00a0Lubli\u0144cu, Szko\u0142a Podstawowa im.\u00a0Jana Paw\u0142a\u00a0II w\u00a0Psarach, Szko\u0142a Podstawowa w\u00a0Kosz\u0119cinie. Celem konkursu by\u0142o rozbudzanie zainteresowa\u0144 czytelniczych w\u015br\u00f3d dzieci, kszta\u0142towanie nawyku systematycznego czytania oraz\u00a0promocja ksi\u0119gozbior\u00f3w bibliotek szkolnych. Organizatorzy mieli za\u00a0zadanie wskaza\u0107<span class=\"ellipsis\">&hellip;<\/span><\/p>\n<div class=\"read-more\"><a href=\"https:\/\/pbp.womczest.edu.pl\/new\/konkurs-najaktywniej-czytajacy-trzecioklasista-edycja-iii\/\">Czytaj wi\u0119cej &#8250;<\/a><\/div>\n<p><!-- end of .read-more --><\/p>\n","protected":false},"author":4,"featured_media":0,"parent":0,"menu_order":0,"comment_status":"closed","ping_status":"closed","template":"","meta":{"footnotes":""},"jetpack_sharing_enabled":true,"jetpack_shortlink":"https:\/\/wp.me\/PgmV4H-2fl","_links":{"self":[{"href":"https:\/\/pbp.womczest.edu.pl\/new\/wp-json\/wp\/v2\/pages\/8639"}],"collection":[{"href":"https:\/\/pbp.womczest.edu.pl\/new\/wp-json\/wp\/v2\/pages"}],"about":[{"href":"https:\/\/pbp.womczest.edu.pl\/new\/wp-json\/wp\/v2\/types\/page"}],"author":[{"embeddable":true,"href":"https:\/\/pbp.womczest.edu.pl\/new\/wp-json\/wp\/v2\/users\/4"}],"replies":[{"embeddable":true,"href":"https:\/\/pbp.womczest.edu.pl\/new\/wp-json\/wp\/v2\/comments?post=8639"}],"version-history":[{"count":3,"href":"https:\/\/pbp.womczest.edu.pl\/new\/wp-json\/wp\/v2\/pages\/8639\/revisions"}],"predecessor-version":[{"id":22483,"href":"https:\/\/pbp.womczest.edu.pl\/new\/wp-json\/wp\/v2\/pages\/8639\/revisions\/22483"}],"wp:attachment":[{"href":"https:\/\/pbp.womczest.edu.pl\/new\/wp-json\/wp\/v2\/media?parent=8639"}],"curies":[{"name":"wp","href":"https:\/\/api.w.org\/{rel}","templated":true}]}}