


{"id":8538,"date":"2016-09-19T09:53:30","date_gmt":"2016-09-19T07:53:30","guid":{"rendered":"https:\/\/pbp.womczest.edu.pl\/new\/?page_id=8538"},"modified":"2020-04-07T14:54:11","modified_gmt":"2020-04-07T12:54:11","slug":"arteterapia","status":"publish","type":"page","link":"https:\/\/pbp.womczest.edu.pl\/new\/edukacja\/arteterapia\/","title":{"rendered":"Arteterapia"},"content":{"rendered":"<ul>\n<li><a href=\"https:\/\/pbp.womczest.edu.pl\/new\/arteterapia-terapia-przez-sztuke\/\">Arteterapia \u2013 metoda pracy z uczniem<\/a><\/li>\n<li><a href=\"https:\/\/pbp.womczest.edu.pl\/new\/cele-zajec\/\">Cele i zasady zaj\u0119\u0107 arteterapeutycznych<\/a><\/li>\n<li>Zestawienia bibliograficzne:<br \/>\n&#8211; <a href=\"https:\/\/pbp.womczest.edu.pl\/new\/wp-content\/uploads\/2016\/09\/Arteterapia_ZB.pdf\">Arteterapia<\/a><br \/>\n&#8211; <a href=\"https:\/\/pbp.womczest.edu.pl\/new\/wp-content\/uploads\/2016\/09\/Choreoterapia_ZB.pdf\">Choreoterapia<\/a><br \/>\n&#8211; <a href=\"https:\/\/pbp.womczest.edu.pl\/new\/wp-content\/uploads\/2016\/09\/Drama_ZB.pdf\">Drama<\/a><br \/>\n&#8211; <a href=\"https:\/\/pbp.womczest.edu.pl\/new\/wp-content\/uploads\/2016\/09\/Filmoterapia_ZB.pdf\">Filmoterapia<\/a><br \/>\n&#8211; <a href=\"https:\/\/pbp.womczest.edu.pl\/new\/wp-content\/uploads\/2016\/09\/Muzykoterapia_ZB.pdf\">Muzykoterapia<\/a><br \/>\n&#8211; <a href=\"https:\/\/pbp.womczest.edu.pl\/new\/wp-content\/uploads\/2016\/09\/Teatroterapia_ZB.pdf\">Teatroterapia<\/a><\/li>\n<li><a href=\"https:\/\/pbp.womczest.edu.pl\/new\/wp-content\/uploads\/2018\/12\/OFERTA-ZAJ\u0118\u0106-ARTETERAPEUTYCZNYCH.pdf\">Oferta zaj\u0105\u0107 arteterapeutycznych<\/a><\/li>\n<li><a href=\"https:\/\/pbp.womczest.edu.pl\/new\/warsztaty-arteterapeutyczne-pudelko-szczescia\/\">Warsztaty arteterapeutyczne pt. \u201ePude\u0142ko szcz\u0119\u015bcia\u201d<\/a><\/li>\n<li><a href=\"https:\/\/pbp.womczest.edu.pl\/new\/arteterapia-w-internecie\/\">Arteterapia w internecie<\/a><\/li>\n<\/ul>\n","protected":false},"excerpt":{"rendered":"<p>Arteterapia \u2013 metoda pracy z uczniem Cele i zasady zaj\u0119\u0107 arteterapeutycznych Zestawienia bibliograficzne: &#8211; Arteterapia &#8211; Choreoterapia &#8211; Drama &#8211; Filmoterapia &#8211; Muzykoterapia &#8211; Teatroterapia Oferta zaj\u0105\u0107 arteterapeutycznych Warsztaty arteterapeutyczne pt. \u201ePude\u0142ko szcz\u0119\u015bcia\u201d Arteterapia w internecie<\/p>\n","protected":false},"author":2,"featured_media":0,"parent":2546,"menu_order":0,"comment_status":"closed","ping_status":"closed","template":"","meta":{"footnotes":""},"jetpack_sharing_enabled":true,"jetpack_shortlink":"https:\/\/wp.me\/PgmV4H-2dI","_links":{"self":[{"href":"https:\/\/pbp.womczest.edu.pl\/new\/wp-json\/wp\/v2\/pages\/8538"}],"collection":[{"href":"https:\/\/pbp.womczest.edu.pl\/new\/wp-json\/wp\/v2\/pages"}],"about":[{"href":"https:\/\/pbp.womczest.edu.pl\/new\/wp-json\/wp\/v2\/types\/page"}],"author":[{"embeddable":true,"href":"https:\/\/pbp.womczest.edu.pl\/new\/wp-json\/wp\/v2\/users\/2"}],"replies":[{"embeddable":true,"href":"https:\/\/pbp.womczest.edu.pl\/new\/wp-json\/wp\/v2\/comments?post=8538"}],"version-history":[{"count":13,"href":"https:\/\/pbp.womczest.edu.pl\/new\/wp-json\/wp\/v2\/pages\/8538\/revisions"}],"predecessor-version":[{"id":15526,"href":"https:\/\/pbp.womczest.edu.pl\/new\/wp-json\/wp\/v2\/pages\/8538\/revisions\/15526"}],"up":[{"embeddable":true,"href":"https:\/\/pbp.womczest.edu.pl\/new\/wp-json\/wp\/v2\/pages\/2546"}],"wp:attachment":[{"href":"https:\/\/pbp.womczest.edu.pl\/new\/wp-json\/wp\/v2\/media?parent=8538"}],"curies":[{"name":"wp","href":"https:\/\/api.w.org\/{rel}","templated":true}]}}