


{"id":8491,"date":"2016-09-13T11:44:00","date_gmt":"2016-09-13T09:44:00","guid":{"rendered":"https:\/\/pbp.womczest.edu.pl\/new\/?page_id=8491"},"modified":"2016-09-13T11:44:00","modified_gmt":"2016-09-13T09:44:00","slug":"ogolnopolski-konkurs-szkola-na-czasie-epodreczniki-w-klasie","status":"publish","type":"page","link":"https:\/\/pbp.womczest.edu.pl\/new\/ogolnopolski-konkurs-szkola-na-czasie-epodreczniki-w-klasie\/","title":{"rendered":"Og\u00f3lnopolski konkurs &#8222;Szko\u0142a na czasie &#8211; epodr\u0119czniki w klasie!&#8221;"},"content":{"rendered":"<p><u>Czas realizacji<\/u>: listopad 2015 \u2013 stycze\u0144 2016<\/p>\n<p><u>Dzia\u0142ania<\/u>:<\/p>\n<ul>\n<li>Koordynacja konkursu na szczeblu wojew\u00f3dzkim<\/li>\n<li>Wsparcie organizacyjne i merytoryczne<\/li>\n<li>Ocena prac konkursowych na II etapie realizacji<\/li>\n<li>Komisja konkursowa \u2013 nauczyciele bibliotekarze PBP RODN \u201eWOM\u201d w Cz\u0119stochowie<\/li>\n<li>Wyst\u0105pienie laureata konkursu na konferencji \u201eAkademia Szcz\u0119\u015bliwego Dzieci\u0144stwa \u2013 w kr\u0119gu<\/li>\n<\/ul>\n<p><u>Cele konkursu<\/u>:<\/p>\n<ul>\n<li>zebranie pomys\u0142\u00f3w na najciekawsze zaj\u0119cia edukacyjne wykorzystuj\u0105ce epodr\u0119czniki zamieszczone na platformie www.epodreczniki.pl,<\/li>\n<li>podniesienie kompetencji nauczycieli i uczni\u00f3w w zakresie pracy metod\u0105 badawcz\u0105 i wykorzystywania epodr\u0119cznik\u00f3w,<\/li>\n<li>opracowanie bazy dobrych praktyk wykorzystania nowoczesnych technologii w szko\u0142ach.<\/li>\n<\/ul>\n<p>Konkurs adresowany by\u0142 do uczni\u00f3w i nauczycieli szk\u00f3\u0142 podstawowych, gimnazjalnych i ponadgimnazjalnych.<\/p>\n<p>Zadanie konkursowe polega na przygotowaniu projektu \u2013 pomys\u0142u na zaj\u0119cia edukacyjne wykorzystuj\u0105ce opracowane w O\u015brodku Rozwoju Edukacji epodr\u0119czniki. Pomys\u0142y \u2013 w formie opisu link\u00f3w do dokumentacji z jego realizacji \u2013 by\u0142y przedstawiane w formie elektronicznej.<\/p>\n","protected":false},"excerpt":{"rendered":"<p>Czas realizacji: listopad 2015 \u2013 stycze\u0144 2016 Dzia\u0142ania: Koordynacja konkursu na szczeblu wojew\u00f3dzkim Wsparcie organizacyjne i merytoryczne Ocena prac konkursowych na II etapie realizacji Komisja konkursowa \u2013 nauczyciele bibliotekarze PBP RODN \u201eWOM\u201d w Cz\u0119stochowie Wyst\u0105pienie laureata konkursu na konferencji \u201eAkademia Szcz\u0119\u015bliwego Dzieci\u0144stwa \u2013 w kr\u0119gu Cele konkursu: zebranie pomys\u0142\u00f3w na najciekawsze zaj\u0119cia edukacyjne wykorzystuj\u0105ce epodr\u0119czniki zamieszczone na platformie www.epodreczniki.pl, podniesienie kompetencji nauczycieli i uczni\u00f3w w zakresie pracy metod\u0105 badawcz\u0105 i<span class=\"ellipsis\">&hellip;<\/span><\/p>\n<div class=\"read-more\"><a href=\"https:\/\/pbp.womczest.edu.pl\/new\/ogolnopolski-konkurs-szkola-na-czasie-epodreczniki-w-klasie\/\">Czytaj wi\u0119cej &#8250;<\/a><\/div>\n<p><!-- end of .read-more --><\/p>\n","protected":false},"author":5,"featured_media":0,"parent":0,"menu_order":0,"comment_status":"closed","ping_status":"closed","template":"","meta":{"footnotes":""},"jetpack_sharing_enabled":true,"jetpack_shortlink":"https:\/\/wp.me\/PgmV4H-2cX","_links":{"self":[{"href":"https:\/\/pbp.womczest.edu.pl\/new\/wp-json\/wp\/v2\/pages\/8491"}],"collection":[{"href":"https:\/\/pbp.womczest.edu.pl\/new\/wp-json\/wp\/v2\/pages"}],"about":[{"href":"https:\/\/pbp.womczest.edu.pl\/new\/wp-json\/wp\/v2\/types\/page"}],"author":[{"embeddable":true,"href":"https:\/\/pbp.womczest.edu.pl\/new\/wp-json\/wp\/v2\/users\/5"}],"replies":[{"embeddable":true,"href":"https:\/\/pbp.womczest.edu.pl\/new\/wp-json\/wp\/v2\/comments?post=8491"}],"version-history":[{"count":1,"href":"https:\/\/pbp.womczest.edu.pl\/new\/wp-json\/wp\/v2\/pages\/8491\/revisions"}],"predecessor-version":[{"id":8492,"href":"https:\/\/pbp.womczest.edu.pl\/new\/wp-json\/wp\/v2\/pages\/8491\/revisions\/8492"}],"wp:attachment":[{"href":"https:\/\/pbp.womczest.edu.pl\/new\/wp-json\/wp\/v2\/media?parent=8491"}],"curies":[{"name":"wp","href":"https:\/\/api.w.org\/{rel}","templated":true}]}}