


{"id":8351,"date":"2016-08-19T12:59:02","date_gmt":"2016-08-19T10:59:02","guid":{"rendered":"https:\/\/pbp.womczest.edu.pl\/new\/?page_id=8351"},"modified":"2016-08-19T13:29:19","modified_gmt":"2016-08-19T11:29:19","slug":"xviii-czestochowski-przeglad-gazet-szkolnych-2","status":"publish","type":"page","link":"https:\/\/pbp.womczest.edu.pl\/new\/xviii-czestochowski-przeglad-gazet-szkolnych-2\/","title":{"rendered":"XVIII Cz\u0119stochowski Przegl\u0105d Gazet Szkolnych"},"content":{"rendered":"<p style=\"text-align: right;\"><em>\u201ePami\u0119\u0107 to\u00a0sk\u0142ad, w\u00a0kt\u00f3rym le\u017cy przesz\u0142o\u015b\u0107, a\u00a0wspomnienie ma miejsce w\u00f3wczas, gdy\u00a0si\u0119 do\u00a0tego sk\u0142adu wchodzi, \u017ceby\u00a0co\u015b wydoby\u0107.\u201d<\/em><\/p>\n<p style=\"text-align: right;\"><em>Henryk Sienkiewicz, Rodzina Po\u0142anieckich<\/em><\/p>\n<p>Publiczna Biblioteka Pedagogiczna RODN \u201eWOM\u201d w\u00a0Cz\u0119stochowie od\u00a0czterech lat wsp\u00f3\u0142pracuje z\u00a0 Gimnazjum nr\u00a01 im.\u00a0Jana III Sobieskiego w\u00a0Cz\u0119stochowie przy organizacji wystawy gazet szkolnych. Do\u00a0wsp\u00f3\u0142pracy w\u0142\u0105czyli si\u0119 nauczyciele bibliotekarze: Katarzyna Kucharzewska oraz\u00a0Marek Czarno\u0142\u0119ski.<\/p>\n<p>W\u00a0roku szkolnym 2015\/2016 odby\u0142a si\u0119 osiemnasta edycja \u201e<em>Cz\u0119stochowskiego Przegl\u0105du Gazet Szkolnych\u201d<\/em> \u2013 konkursu gazet szkolnych i\u00a0wybranych materia\u0142\u00f3w prasowych.<\/p>\n<p>Do\u00a0konkursu na\u00a0najlepsz\u0105 gazetk\u0119 szkoln\u0105 zg\u0142oszono 25 tytu\u0142\u00f3w czasopism redagowanych przez uczni\u00f3w pod\u00a0kierunkiem nauczycieli\u00a0z przedszkoli i\u00a0szk\u00f3\u0142 Cz\u0119stochowy i\u00a0regionu.<br \/>\nCelem przedsi\u0119wzi\u0119cia jest zach\u0119cenie do\u00a0tw\u00f3rczej aktywno\u015bci i\u00a0pobudzenie szkolnych dzia\u0142a\u0144 wydawniczych, prezentacja prasy szkolnej powstaj\u0105cej w\u00a0szkole i\u00a0tworzonej dzi\u0119ki wsp\u00f3\u0142pracy m\u0142odzie\u017cy i\u00a0nauczycieli, wymiana do\u015bwiadcze\u0144 dziennikarskich \u2013 popularyzowanie pozytywnych postaw spo\u0142ecznych, problematyki szkolnej i\u00a0regionalnej widzianej oczyma m\u0142odych tw\u00f3rc\u00f3w oraz\u00a0rozwijanie zainteresowa\u0144 uczni\u00f3w mediami.<\/p>\n<p>Nades\u0142ane wcze\u015bniej prace oceniane by\u0142y w\u00a0 4 kategoriach: gazetki z\u00a0przedszkoli, gazetki ze\u00a0szk\u00f3\u0142 podstawowych, gazetki z\u00a0gimnazj\u00f3w, gazetki ze\u00a0szk\u00f3\u0142 ponadgimnazjalnych.<\/p>\n<p>Jury ocenia\u0142o gazety wed\u0142ug nast\u0119puj\u0105cych kryteri\u00f3w: kultura j\u0119zyka, szata graficzna i\u00a0og\u00f3lny wizerunek, tematyka \u2013 \u0142\u0105czenie problematyki szkolnej, regionalnej oraz\u00a0zainteresowa\u0144 uczni\u00f3w, oryginalno\u015b\u0107 materia\u0142\u00f3w (tekst\u00f3w, fotografii, prac plastycznych).<br \/>\n28 kwietnia 2016 roku w\u00a0Gimnazjum nr\u00a01 im.\u00a0Jana III Sobieskiego w\u00a0Cz\u0119stochowie mia\u0142o miejsce podsumowanie \u00a0\u201e<em>XVIII Cz\u0119stochowskiego Przegl\u0105du Gazet Szkolnych\u201d<\/em>. Wr\u0119czono upominki i\u00a0dyplomy dla m\u0142odych tw\u00f3rc\u00f3w i\u00a0ich opiekun\u00f3w. Towarzysz\u0105ca uroczysto\u015bci wystawa prac prezentowana by\u0142a r\u00f3wnie\u017c na\u00a0 Zamku Kr\u00f3lewskim w\u00a0Warszawie podczas Og\u00f3lnopolskiej Prezentacji Program\u00f3w M\u0142odzie\u017cowych 14 czerwca 2016\u00a0r.<\/p>\n<p><strong>Wyniki XVIII Cz\u0119stochowskiego Przegl\u0105du Gazet Szkolnych<\/strong><\/p>\n<p><strong>Gazety przedszkoli<\/strong><\/p>\n<ul>\n<li>I\u00a0miejsce:\u00a0 <em>Przedszkolne Wie\u015bci<\/em> \u2013 Miejskie Przedszkole nr\u00a06 w\u00a0Cz\u0119stochowie<\/li>\n<li>I\u00a0miejsce:\u00a0 <em>Przedszkolaczek<\/em> \u2013 Miejskie Przedszkole nr\u00a08 im.\u00a0Ma\u0142ego Ksi\u0119cia w\u00a0Cz\u0119stochowie<\/li>\n<li>II miejsce: <em>Nowinki z\u00a0Przedszkola<\/em> \u2013 Miejskie Przedszkole nr\u00a032 w\u00a0Cz\u0119stochowie<\/li>\n<li>II miejsce: <em>S\u0142oneczne wiadomo\u015bci<\/em> \u2013 Miejskie Przedszkole nr\u00a029 w\u00a0Cz\u0119stochowie<\/li>\n<li>III miejsce: <em>Przedszkolaczek <\/em>\u2013 Miejskie Przedszkole Integracyjne nr\u00a035 im.\u00a0Ma\u0142ego Ksi\u0119cia w\u00a0Cz\u0119stochowie<\/li>\n<\/ul>\n<p><strong>Wyr\u00f3\u017cnienia<\/strong><\/p>\n<ul>\n<li><em>Gazetka Przedszkolaka Nie\u015bmia\u0142ki \u2013 <\/em>Miejskie Przedszkole nr\u00a017 im.\u00a0Siedmiu Krasnoludk\u00f3w w\u00a0Cz\u0119stochowie<\/li>\n<li><em>Milusie <\/em>\u2013 Miejskie Przedszkole nr\u00a017 im.\u00a0Siedmiu Krasnoludk\u00f3w w\u00a0Cz\u0119stochowie<\/li>\n<li><em>Wiosenna Gazetka \u201eZuch\u00f3w\u201d, Jesienna Gazetka \u201eZuch\u00f3w\u201d<\/em> \u2013 Miejskie Przedszkole nr\u00a017 im.\u00a0Siedmiu Krasnoludk\u00f3w w\u00a0Cz\u0119stochowie<\/li>\n<li><em>SKRZAT <\/em>\u2013 Miejskie Przedszkole nr\u00a041 w\u00a0Cz\u0119stochowie<\/li>\n<li><em>Nowinki Le\u015bnych Skrzat\u00f3w <\/em>\u2013 Miejskie Przedszkole nr\u00a017 im.\u00a0Siedmiu Krasnoludk\u00f3w w\u00a0Cz\u0119stochowie<\/li>\n<li><em>KONWALIA <\/em>\u2013 Miejskie Przedszkole nr\u00a010 w\u00a0Cz\u0119stochowie<\/li>\n<li><em>Weso\u0142e Przedszkolaki <\/em>\u2013 Miejskie Przedszkole nr\u00a027 w\u00a0Cz\u0119stochowie<\/li>\n<\/ul>\n<p><strong>Gazety szk\u00f3\u0142 podstawowych<\/strong><\/p>\n<ul>\n<li>I\u00a0miejsce:\u00a0\u00a0 <em>Cool School 49<\/em> \u2013 Szko\u0142a Podstawowa nr\u00a049 im.\u00a0Janusza Kusoci\u0144skiego w\u00a0Cz\u0119stochowie<\/li>\n<li>II miejsce:\u00a0 <em>Z\u00a0plecaka uczniaka<\/em> \u2013 Szko\u0142a Podstawowa nr\u00a031 z\u00a0Oddzia\u0142ami Integracyjnymi w\u00a0Cz\u0119stochowie<\/li>\n<li>II miejsce:\u00a0 <em>Cool School<\/em> \u2013 Szko\u0142a Podstawowa nr\u00a036 im.\u00a0Polskich Olimpijczyk\u00f3w w\u00a0Cz\u0119stochowie<\/li>\n<li>III miejsce:<em> Pryzmat <\/em>\u2013 Szko\u0142a Podstawowa nr\u00a050 im.\u00a0gen. W\u0142. Sikorskiego w\u00a0Cz\u0119stochowie<\/li>\n<li>III miejsce : <em>12 \u2013 tka<\/em> \u2013 Szko\u0142a Podstawowa nr\u00a012 w\u00a0Cz\u0119stochowie<\/li>\n<li>III miejsce: <em>Szkolna Gadka<\/em> \u2013 Szko\u0142a Podstawowa nr\u00a02 im.\u00a0K. K. Baczy\u0144skiego w\u00a0Cz\u0119stochowie<\/li>\n<li>III miejsce: <em>Looknij <\/em>\u2013 Zesp\u00f3\u0142 Szk\u00f3\u0142 nr\u00a03 w\u00a0Cz\u0119stochowie \u2013 Szko\u0142a Podstawowa nr\u00a027 i\u00a0Gimnazjum nr\u00a024<\/li>\n<\/ul>\n<p><strong>Gazety gimnazj\u00f3w<\/strong><\/p>\n<ul>\n<li>I\u00a0miejsce: <em>G\u0141OS OBIEKTYWNY<\/em> \u2013 Gimnazjum nr\u00a020 im.\u00a0A. Fredry w\u00a0Cz\u0119stochowie<\/li>\n<li>II miejsce: <em>PI\u0104TKA <\/em>\u2013 Gimnazjum nr\u00a05 im.\u00a0Miko\u0142aja Reja w\u00a0Cz\u0119stochowie<\/li>\n<li>III miejsce: <em>Szko\u0142owisko<\/em> \u2013 Gimnazjum nr\u00a016 im.\u00a0Boles\u0142awa Chrobrego w\u00a0Cz\u0119stochowie<\/li>\n<\/ul>\n<p><strong>Gazety szk\u00f3\u0142 ponadgimnazjalnych<\/strong><\/p>\n<ul>\n<li>I\u00a0miejsce: <em>SOWIZDRZA\u0141<\/em> \u2013 Zesp\u00f3\u0142 Szk\u00f3\u0142 Technicznych w\u00a0Cz\u0119stochowie<\/li>\n<\/ul>\n<p><strong>Gazety tematyczne \u2013 wyr\u00f3\u017cnienia<\/strong><\/p>\n<ul>\n<li><em>EKO \u2013 gazetka ekologiczna \u2013<\/em> Gimnazjum nr\u00a020 im.\u00a0A. Fredry w\u00a0Cz\u0119stochowie<\/li>\n<li><em>EKO-MODNI \u2013 szkolne czasopismo ekologiczne<\/em> \u2013\u00a0 Zesp\u00f3\u0142 Szk\u00f3\u0142 Przemys\u0142u Mody i\u00a0Reklamy im.\u00a0W\u0142. S. Reymonta w\u00a0Cz\u0119stochowie<\/li>\n<li><em>NEWS PRUS \u2013 <\/em>Zesp\u00f3\u0142 Szk\u00f3\u0142 im.\u00a0B. Prusa w\u00a0Garnku<\/li>\n<\/ul>\n<p>Publiczna Biblioteka Pedagogiczna RODN \u201eWOM\u201d w\u00a0Cz\u0119stochowie zaprasza na\u00a0wystaw\u0119 pokonkursow\u0105. Wszystkie gazetki szkolne uczestnicz\u0105ce w\u00a0konkursie mo\u017cna obejrze\u0107 w\u00a0czytelni naukowej (I\u00a0pi\u0119tro).<\/p>\n<p style=\"text-align: right;\"><em>Tekst: Katarzyna Kucharzewska,<br \/>\nz<\/em><em>dj\u0119cia: Izabela Bajor<\/em><\/p>\n<style id=\"bwg-style-0\">    #bwg_container1_0 #bwg_container2_0 .bwg-container-0.bwg-standard-thumbnails {      width: 904px;              justify-content: center;        margin:0 auto !important;              background-color: rgba(255, 255, 255, 0.00);            padding-left: 4px;      padding-top: 4px;      max-width: 100%;            }        #bwg_container1_0 #bwg_container2_0 .bwg-container-0.bwg-standard-thumbnails .bwg-item {    justify-content: flex-start;      max-width: 180px;            width: 180px !important;          }    #bwg_container1_0 #bwg_container2_0 .bwg-container-0.bwg-standard-thumbnails .bwg-item a {       margin-right: 4px;       margin-bottom: 4px;    }    #bwg_container1_0 #bwg_container2_0 .bwg-container-0.bwg-standard-thumbnails .bwg-item0 {      padding: 0px;            background-color:rgba(255,255,255, 0.30);      border: 0px none #CCCCCC;      opacity: 1.00;      border-radius: 0;      box-shadow: 0px 0px 0px #888888;    }    #bwg_container1_0 #bwg_container2_0 .bwg-container-0.bwg-standard-thumbnails .bwg-item1 img {      max-height: none;      max-width: none;      padding: 0 !important;    }        @media only screen and (min-width: 480px) {      #bwg_container1_0 #bwg_container2_0 .bwg-container-0.bwg-standard-thumbnails .bwg-item0 {        transition: all 0.3s ease 0s;-webkit-transition: all 0.3s ease 0s;      }      #bwg_container1_0 #bwg_container2_0 .bwg-container-0.bwg-standard-thumbnails .bwg-item0:hover {        -ms-transform: scale(1.1);        -webkit-transform: scale(1.1);        transform: scale(1.1);      }    }          #bwg_container1_0 #bwg_container2_0 .bwg-container-0.bwg-standard-thumbnails .bwg-item1 {      padding-top: 50%;    }        #bwg_container1_0 #bwg_container2_0 .bwg-container-0.bwg-standard-thumbnails .bwg-title2,    #bwg_container1_0 #bwg_container2_0 .bwg-container-0.bwg-standard-thumbnails .bwg-ecommerce2 {      color: #CCCCCC;      font-family: segoe ui;      font-size: 16px;      font-weight: bold;      padding: 2px;      text-shadow: 0px 0px 0px #888888;      max-height: 100%;    }    #bwg_container1_0 #bwg_container2_0 .bwg-container-0.bwg-standard-thumbnails .bwg-thumb-description span {    color: #323A45;    font-family: Ubuntu;    font-size: 12px;    max-height: 100%;    word-wrap: break-word;    }    #bwg_container1_0 #bwg_container2_0 .bwg-container-0.bwg-standard-thumbnails .bwg-play-icon2 {      font-size: 32px;    }    #bwg_container1_0 #bwg_container2_0 .bwg-container-0.bwg-standard-thumbnails .bwg-ecommerce2 {      font-size: 19.2px;      color: #CCCCCC;    }    <\/style>    <div id=\"bwg_container1_0\"         class=\"bwg_container bwg_thumbnail bwg_thumbnails \"         data-right-click-protection=\"0\"         data-bwg=\"0\"         data-scroll=\"0\"         data-gallery-type=\"thumbnails\"         data-gallery-view-type=\"thumbnails\"         data-current-url=\"\/new\/wp-json\/wp\/v2\/pages\/8351\"         data-lightbox-url=\"https:\/\/pbp.womczest.edu.pl\/new\/wp-admin\/admin-ajax.php?action=GalleryBox&#038;current_view=0&#038;gallery_id=100&#038;tag=0&#038;theme_id=1&#038;shortcode_id=148&#038;sort_by=order&#038;order_by=desc&#038;current_url=%2Fnew%2Fwp-json%2Fwp%2Fv2%2Fpages%2F8351\"         data-gallery-id=\"100\"         data-popup-width=\"800\"         data-popup-height=\"500\"         data-is-album=\"gallery\"         data-buttons-position=\"bottom\">      <div id=\"bwg_container2_0\">             <div id=\"ajax_loading_0\" class=\"bwg_loading_div_1\">      <div class=\"bwg_loading_div_2\">        <div class=\"bwg_loading_div_3\">          <div id=\"loading_div_0\" class=\"bwg_spider_ajax_loading\">          <\/div>        <\/div>      <\/div>    <\/div>            <form id=\"gal_front_form_0\"              class=\"bwg-hidden\"              method=\"post\"              action=\"#\"              data-current=\"0\"              data-shortcode-id=\"148\"              data-gallery-type=\"thumbnails\"              data-gallery-id=\"100\"              data-tag=\"0\"              data-album-id=\"0\"              data-theme-id=\"1\"              data-ajax-url=\"https:\/\/pbp.womczest.edu.pl\/new\/wp-admin\/admin-ajax.php?action=bwg_frontend_data\">          <div id=\"bwg_container3_0\" class=\"bwg-background bwg-background-0\">                <div data-max-count=\"5\"         data-thumbnail-width=\"180\"         data-bwg=\"0\"         data-gallery-id=\"100\"         data-lightbox-url=\"https:\/\/pbp.womczest.edu.pl\/new\/wp-admin\/admin-ajax.php?action=GalleryBox&amp;current_view=0&amp;gallery_id=100&amp;tag=0&amp;theme_id=1&amp;shortcode_id=148&amp;sort_by=order&amp;order_by=desc&amp;current_url=%2Fnew%2Fwp-json%2Fwp%2Fv2%2Fpages%2F8351\"         id=\"bwg_thumbnails_0\"         class=\"bwg-container-0 bwg-thumbnails bwg-standard-thumbnails bwg-container bwg-border-box\">            <div class=\"bwg-item\">        <a class=\"bwg-a  bwg_lightbox\"  data-image-id=\"1983\" href=\"https:\/\/pbp.womczest.edu.pl\/new\/wp-content\/uploads\/photo-gallery\/gazetka_2016\/IMG_2402.JPG\" data-elementor-open-lightbox=\"no\">                <div class=\"bwg-item0 \">          <div class=\"bwg-item1 \">            <div class=\"bwg-item2\">              <img class=\"skip-lazy bwg_standart_thumb_img_0 \"                   data-id=\"1983\"                   data-width=\"300.00\"                   data-height=\"199.00\"                   data-src=\"https:\/\/pbp.womczest.edu.pl\/new\/wp-content\/uploads\/photo-gallery\/gazetka_2016\/thumb\/IMG_2402.JPG\"                   src=\"https:\/\/pbp.womczest.edu.pl\/new\/wp-content\/uploads\/photo-gallery\/gazetka_2016\/thumb\/IMG_2402.JPG\"                   alt=\"IMG 2402\"                   title=\"IMG 2402\" \/>            <\/div>            <div class=\"\">                                                      <\/div>          <\/div>        <\/div>                        <\/a>              <\/div>            <div class=\"bwg-item\">        <a class=\"bwg-a  bwg_lightbox\"  data-image-id=\"1984\" href=\"https:\/\/pbp.womczest.edu.pl\/new\/wp-content\/uploads\/photo-gallery\/gazetka_2016\/IMG_2405.JPG\" data-elementor-open-lightbox=\"no\">                <div class=\"bwg-item0 \">          <div class=\"bwg-item1 \">            <div class=\"bwg-item2\">              <img class=\"skip-lazy bwg_standart_thumb_img_0 \"                   data-id=\"1984\"                   data-width=\"300.00\"                   data-height=\"199.00\"                   data-src=\"https:\/\/pbp.womczest.edu.pl\/new\/wp-content\/uploads\/photo-gallery\/gazetka_2016\/thumb\/IMG_2405.JPG\"                   src=\"https:\/\/pbp.womczest.edu.pl\/new\/wp-content\/uploads\/photo-gallery\/gazetka_2016\/thumb\/IMG_2405.JPG\"                   alt=\"IMG 2405\"                   title=\"IMG 2405\" \/>            <\/div>            <div class=\"\">                                                      <\/div>          <\/div>        <\/div>                        <\/a>              <\/div>            <div class=\"bwg-item\">        <a class=\"bwg-a  bwg_lightbox\"  data-image-id=\"1985\" href=\"https:\/\/pbp.womczest.edu.pl\/new\/wp-content\/uploads\/photo-gallery\/gazetka_2016\/IMG_2406.JPG\" data-elementor-open-lightbox=\"no\">                <div class=\"bwg-item0 \">          <div class=\"bwg-item1 \">            <div class=\"bwg-item2\">              <img class=\"skip-lazy bwg_standart_thumb_img_0 \"                   data-id=\"1985\"                   data-width=\"200.00\"                   data-height=\"300.00\"                   data-src=\"https:\/\/pbp.womczest.edu.pl\/new\/wp-content\/uploads\/photo-gallery\/gazetka_2016\/thumb\/IMG_2406.JPG\"                   src=\"https:\/\/pbp.womczest.edu.pl\/new\/wp-content\/uploads\/photo-gallery\/gazetka_2016\/thumb\/IMG_2406.JPG\"                   alt=\"IMG 2406\"                   title=\"IMG 2406\" \/>            <\/div>            <div class=\"\">                                                      <\/div>          <\/div>        <\/div>                        <\/a>              <\/div>            <div class=\"bwg-item\">        <a class=\"bwg-a  bwg_lightbox\"  data-image-id=\"1986\" href=\"https:\/\/pbp.womczest.edu.pl\/new\/wp-content\/uploads\/photo-gallery\/gazetka_2016\/IMG_2407.JPG\" data-elementor-open-lightbox=\"no\">                <div class=\"bwg-item0 \">          <div class=\"bwg-item1 \">            <div class=\"bwg-item2\">              <img class=\"skip-lazy bwg_standart_thumb_img_0 \"                   data-id=\"1986\"                   data-width=\"300.00\"                   data-height=\"199.00\"                   data-src=\"https:\/\/pbp.womczest.edu.pl\/new\/wp-content\/uploads\/photo-gallery\/gazetka_2016\/thumb\/IMG_2407.JPG\"                   src=\"https:\/\/pbp.womczest.edu.pl\/new\/wp-content\/uploads\/photo-gallery\/gazetka_2016\/thumb\/IMG_2407.JPG\"                   alt=\"IMG 2407\"                   title=\"IMG 2407\" \/>            <\/div>            <div class=\"\">                                                      <\/div>          <\/div>        <\/div>                        <\/a>              <\/div>            <div class=\"bwg-item\">        <a class=\"bwg-a  bwg_lightbox\"  data-image-id=\"1987\" href=\"https:\/\/pbp.womczest.edu.pl\/new\/wp-content\/uploads\/photo-gallery\/gazetka_2016\/IMG_2408.JPG\" data-elementor-open-lightbox=\"no\">                <div class=\"bwg-item0 \">          <div class=\"bwg-item1 \">            <div class=\"bwg-item2\">              <img class=\"skip-lazy bwg_standart_thumb_img_0 \"                   data-id=\"1987\"                   data-width=\"300.00\"                   data-height=\"199.00\"                   data-src=\"https:\/\/pbp.womczest.edu.pl\/new\/wp-content\/uploads\/photo-gallery\/gazetka_2016\/thumb\/IMG_2408.JPG\"                   src=\"https:\/\/pbp.womczest.edu.pl\/new\/wp-content\/uploads\/photo-gallery\/gazetka_2016\/thumb\/IMG_2408.JPG\"                   alt=\"IMG 2408\"                   title=\"IMG 2408\" \/>            <\/div>            <div class=\"\">                                                      <\/div>          <\/div>        <\/div>                        <\/a>              <\/div>          <\/div>    <style>      \/*pagination styles*\/      #bwg_container1_0 #bwg_container2_0 .tablenav-pages_0 {\t\t\t\ttext-align: center;\t\t\t\tfont-size: 12px;\t\t\t\tfont-family: segoe ui;\t\t\t\tfont-weight: bold;\t\t\t\tcolor: #666666;\t\t\t\tmargin: 6px 0 4px;\t\t\t\tdisplay: block;      }      @media only screen and (max-width : 320px) {      #bwg_container1_0 #bwg_container2_0 .displaying-num_0 {     \t display: none;      }      }      #bwg_container1_0 #bwg_container2_0 .displaying-num_0 {\t\t\t\tfont-size: 12px;\t\t\t\tfont-family: segoe ui;\t\t\t\tfont-weight: bold;\t\t\t\tcolor: #666666;\t\t\t\tmargin-right: 10px;\t\t\t\tvertical-align: middle;      }      #bwg_container1_0 #bwg_container2_0 .paging-input_0 {\t\t\t\tfont-size: 12px;\t\t\t\tfont-family: segoe ui;\t\t\t\tfont-weight: bold;\t\t\t\tcolor: #666666;\t\t\t\tvertical-align: middle;      }      #bwg_container1_0 #bwg_container2_0 .tablenav-pages_0 a.disabled,      #bwg_container1_0 #bwg_container2_0 .tablenav-pages_0 a.disabled:hover,      #bwg_container1_0 #bwg_container2_0 .tablenav-pages_0 a.disabled:focus,\t\t\t#bwg_container1_0 #bwg_container2_0 .tablenav-pages_0 input.bwg_current_page {\t\t\t\tcursor: default;\t\t\t\tcolor: rgba(102, 102, 102, 0.5);      }      #bwg_container1_0 #bwg_container2_0 .tablenav-pages_0 a,      #bwg_container1_0 #bwg_container2_0 .tablenav-pages_0 input.bwg_current_page {\t\t\t\tcursor: pointer;\t\t\t\ttext-align: center;\t\t\t\tfont-size: 12px;\t\t\t\tfont-family: segoe ui;\t\t\t\tfont-weight: bold;\t\t\t\tcolor: #666666;\t\t\t\ttext-decoration: none;\t\t\t\tpadding: 3px 6px;\t\t\t\tmargin: 0;\t\t\t\tborder-radius: 0;\t\t\t\tborder-style: solid;\t\t\t\tborder-width: 1px;\t\t\t\tborder-color: #E3E3E3;\t\t\t\t\t\t\t\tbackground-color: rgba(255, 255, 255, 1.00);\t\t\t\tbox-shadow: 0;\t\t\t\ttransition: all 0.3s ease 0s;-webkit-transition: all 0.3s ease 0s;      }      <\/style>      <span class=\"bwg_nav_cont_0\">              <div class=\"tablenav-pages_0\">                  <\/div>                <input type=\"hidden\" id=\"page_number_0\" name=\"page_number_0\" value=\"1\" \/>      <script type=\"text\/javascript\">        if( jQuery('.bwg_nav_cont_0').length > 1 ) {          jQuery('.bwg_nav_cont_0').first().remove()        }        function spider_page_0(cur, x, y, load_more) {          if (typeof load_more == \"undefined\") {            var load_more = false;          }          if (jQuery(cur).hasClass('disabled')) {            return false;          }          var items_county_0 = 1;          switch (y) {            case 1:              if (x >= items_county_0) {                document.getElementById('page_number_0').value = items_county_0;              }              else {                document.getElementById('page_number_0').value = x + 1;              }              break;            case 2:              document.getElementById('page_number_0').value = items_county_0;              break;            case -1:              if (x == 1) {                document.getElementById('page_number_0').value = 1;              }              else {                document.getElementById('page_number_0').value = x - 1;              }              break;            case -2:              document.getElementById('page_number_0').value = 1;              break;\t\t\t\t\t\tcase 0:              document.getElementById('page_number_0').value = x;              break;            default:              document.getElementById('page_number_0').value = 1;          }          bwg_ajax('gal_front_form_0', '0', 'bwg_thumbnails_0', '0', '', 'gallery', 0, '', '', load_more, '', 1);        }                    jQuery('.first-page-0').on('click', function () {              spider_page_0(this, 1, -2, 'numeric');              return false;            });            jQuery('.prev-page-0').on('click', function () {              spider_page_0(this, 1, -1, 'numeric');              return false;            });            jQuery('.next-page-0').on('click', function () {              spider_page_0(this, 1, 1, 'numeric');              return false;            });            jQuery('.last-page-0').on('click', function () {              spider_page_0(this, 1, 2, 'numeric');              return false;            });        \t\t\t\t\/* Change page on input enter. *\/        function bwg_change_page_0( e, that ) {          if (  e.key == 'Enter' ) {            var to_page = parseInt(jQuery(that).val());            var pages_count = jQuery(that).parents(\".pagination-links\").data(\"pages-count\");            var current_url_param = jQuery(that).attr('data-url-info');            if (to_page > pages_count) {              to_page = 1;            }\t \t\t\t\t\t\t\t\t\t\t\t\tspider_page_0(this, to_page, 0, 'numeric');\t\t\t\t\t\t\treturn false;\t\t\t\t\t\t          }          return true;        }        jQuery('.bwg_load_btn_0').on('click', function () {            spider_page_0(this, 1, 1, true);            return false;        });      <\/script>      <\/span>                <\/div>        <\/form>        <style>          #bwg_container1_0 #bwg_container2_0 #spider_popup_overlay_0 {          background-color: #000000;          opacity: 0.70;          }          <\/style>        <div id=\"bwg_spider_popup_loading_0\" class=\"bwg_spider_popup_loading\"><\/div>        <div id=\"spider_popup_overlay_0\" class=\"spider_popup_overlay\" onclick=\"spider_destroypopup(1000)\"><\/div>        <input type=\"hidden\" id=\"bwg_random_seed_0\" value=\"2011089183\">                <\/div>    <\/div>    <script>      if (document.readyState === 'complete') {        if( typeof bwg_main_ready == 'function' ) {          if ( jQuery(\"#bwg_container1_0\").height() ) {            bwg_main_ready(jQuery(\"#bwg_container1_0\"));          }        }      } else {        document.addEventListener('DOMContentLoaded', function() {          if( typeof bwg_main_ready == 'function' ) {            if ( jQuery(\"#bwg_container1_0\").height() ) {             bwg_main_ready(jQuery(\"#bwg_container1_0\"));            }          }        });      }    <\/script>    \n","protected":false},"excerpt":{"rendered":"<p>\u201ePami\u0119\u0107 to\u00a0sk\u0142ad, w\u00a0kt\u00f3rym le\u017cy przesz\u0142o\u015b\u0107, a\u00a0wspomnienie ma miejsce w\u00f3wczas, gdy\u00a0si\u0119 do\u00a0tego sk\u0142adu wchodzi, \u017ceby\u00a0co\u015b wydoby\u0107.\u201d Henryk Sienkiewicz, Rodzina Po\u0142anieckich Publiczna Biblioteka Pedagogiczna RODN \u201eWOM\u201d w\u00a0Cz\u0119stochowie od\u00a0czterech lat wsp\u00f3\u0142pracuje z\u00a0 Gimnazjum nr\u00a01 im.\u00a0Jana III Sobieskiego w\u00a0Cz\u0119stochowie przy organizacji wystawy gazet szkolnych. Do\u00a0wsp\u00f3\u0142pracy w\u0142\u0105czyli si\u0119 nauczyciele bibliotekarze: Katarzyna Kucharzewska oraz\u00a0Marek Czarno\u0142\u0119ski. W\u00a0roku szkolnym 2015\/2016 odby\u0142a si\u0119 osiemnasta edycja \u201eCz\u0119stochowskiego Przegl\u0105du Gazet Szkolnych\u201d \u2013 konkursu gazet szkolnych i\u00a0wybranych materia\u0142\u00f3w prasowych. Do\u00a0konkursu na\u00a0najlepsz\u0105 gazetk\u0119<span class=\"ellipsis\">&hellip;<\/span><\/p>\n<div class=\"read-more\"><a href=\"https:\/\/pbp.womczest.edu.pl\/new\/xviii-czestochowski-przeglad-gazet-szkolnych-2\/\">Czytaj wi\u0119cej &#8250;<\/a><\/div>\n<p><!-- end of .read-more --><\/p>\n","protected":false},"author":6,"featured_media":0,"parent":0,"menu_order":0,"comment_status":"closed","ping_status":"closed","template":"","meta":{"footnotes":""},"jetpack_sharing_enabled":true,"jetpack_shortlink":"https:\/\/wp.me\/PgmV4H-2aH","_links":{"self":[{"href":"https:\/\/pbp.womczest.edu.pl\/new\/wp-json\/wp\/v2\/pages\/8351"}],"collection":[{"href":"https:\/\/pbp.womczest.edu.pl\/new\/wp-json\/wp\/v2\/pages"}],"about":[{"href":"https:\/\/pbp.womczest.edu.pl\/new\/wp-json\/wp\/v2\/types\/page"}],"author":[{"embeddable":true,"href":"https:\/\/pbp.womczest.edu.pl\/new\/wp-json\/wp\/v2\/users\/6"}],"replies":[{"embeddable":true,"href":"https:\/\/pbp.womczest.edu.pl\/new\/wp-json\/wp\/v2\/comments?post=8351"}],"version-history":[{"count":3,"href":"https:\/\/pbp.womczest.edu.pl\/new\/wp-json\/wp\/v2\/pages\/8351\/revisions"}],"predecessor-version":[{"id":8357,"href":"https:\/\/pbp.womczest.edu.pl\/new\/wp-json\/wp\/v2\/pages\/8351\/revisions\/8357"}],"wp:attachment":[{"href":"https:\/\/pbp.womczest.edu.pl\/new\/wp-json\/wp\/v2\/media?parent=8351"}],"curies":[{"name":"wp","href":"https:\/\/api.w.org\/{rel}","templated":true}]}}