


{"id":8153,"date":"2016-06-20T13:51:58","date_gmt":"2016-06-20T11:51:58","guid":{"rendered":"https:\/\/pbp.womczest.edu.pl\/new\/?page_id=8153"},"modified":"2023-03-08T09:19:07","modified_gmt":"2023-03-08T08:19:07","slug":"otwarte-zasoby-edukacyjne-w-pracy-nauczyciela-bibliotekarza","status":"publish","type":"page","link":"https:\/\/pbp.womczest.edu.pl\/new\/kontakt\/lubliniec\/kursy-i-szkolenia\/otwarte-zasoby-edukacyjne-w-pracy-nauczyciela-bibliotekarza\/","title":{"rendered":"Otwarte zasoby edukacyjne w pracy nauczyciela bibliotekarza"},"content":{"rendered":"<p>7 czerwca 2013 r. w bibliotece Zespo\u0142u Szk\u00f3\u0142 Og\u00f3lnokszta\u0142c\u0105co-Technicznych w Lubli\u0144cu odby\u0142o si\u0119 szkolenie pt.: \u201e<strong>Otwarte zasoby edukacyjne w pracy nauczyciela bibliotekarza<\/strong>\u201d, prowadzone przez Ann\u0119 P\u0142us\u0119 i Agat\u0119 Arkabus \u2013 nauczycieli bibliotekarzy Publicznej Biblioteki Pedagogicznej Regionalnego O\u015brodka Doskonalenia Nauczycieli \u201eWOM\u201d w\u00a0Cz\u0119stochowie.<\/p>\n<p>Uczestnicz\u0105cym w spotkaniu bibliotekarzom szkolnym z powiatu lublinieckiego przybli\u017cone zosta\u0142y zagadnienia otwarto\u015bci zasob\u00f3w edukacyjnych dost\u0119pnych w Internecie, ich rodzaj\u00f3w oraz sposob\u00f3w udost\u0119pnienia. Podczas szkolenia om\u00f3wiono problematyk\u0119 darmowych narz\u0119dzi, dzi\u0119ki kt\u00f3rym proces tworzenia oraz wymiany tre\u015bci w sieci jest przejrzysty i zgodny z\u00a0obowi\u0105zuj\u0105cym prawem. Poruszono kwestie prawa autorskiego z perspektywy problem\u00f3w oraz wymaga\u0144 otwartych zasob\u00f3w. Scharakteryzowano terminy domeny publicznej, dozwolonego u\u017cytku instytucjonalnego i osobistego oraz materia\u0142y nieobj\u0119te ochron\u0105 praw autorskich, a tak\u017ce warunki licencji Creative Commons. Prowadz\u0105ce zaprezentowa\u0142y edukacyjne zasoby tekstowe, graficzne, wideo i audio wraz przyk\u0142adowymi oznaczeniami. Przedstawi\u0142y r\u00f3wnie\u017c proste sposoby wyszukiwania otwartych zasob\u00f3w za po\u015brednictwem wyszukiwarek og\u00f3lnych oraz dedykowanych.<\/p>\n<p>Na zako\u0144czenie szkolenia nauczyciele, w praktycznych \u0107wiczeniach, sprawdzili swoje umiej\u0119tno\u015bci wyszukiwania i\u00a0publikowania materia\u0142\u00f3w dost\u0119pnych na licencjach CC.<\/p>\n<p>Organizatorzy sk\u0142adaj\u0105 serdeczne podzi\u0119kowania Pani Dyrektor Joannie Walczak oraz Paniom Beacie Dudek i Marii Miko\u0142ajczyk-Szcz\u0119snej za udost\u0119pnienie pracowni komputerowej oraz pomoc w przygotowaniu szkolenia.<\/p>\n<p style=\"text-align: right;\"><em>Anna P\u0142usa<br \/>\nAgata Arkabus<br \/>\nEl\u017cbieta Kulisz<\/em><\/p>\n","protected":false},"excerpt":{"rendered":"<p>7 czerwca 2013 r. w bibliotece Zespo\u0142u Szk\u00f3\u0142 Og\u00f3lnokszta\u0142c\u0105co-Technicznych w Lubli\u0144cu odby\u0142o si\u0119 szkolenie pt.: \u201eOtwarte zasoby edukacyjne w pracy nauczyciela bibliotekarza\u201d, prowadzone przez Ann\u0119 P\u0142us\u0119 i Agat\u0119 Arkabus \u2013 nauczycieli bibliotekarzy Publicznej Biblioteki Pedagogicznej Regionalnego O\u015brodka Doskonalenia Nauczycieli \u201eWOM\u201d w\u00a0Cz\u0119stochowie. Uczestnicz\u0105cym w spotkaniu bibliotekarzom szkolnym z powiatu lublinieckiego przybli\u017cone zosta\u0142y zagadnienia otwarto\u015bci zasob\u00f3w edukacyjnych dost\u0119pnych w Internecie, ich rodzaj\u00f3w oraz sposob\u00f3w udost\u0119pnienia. Podczas szkolenia om\u00f3wiono problematyk\u0119 darmowych narz\u0119dzi, dzi\u0119ki<span class=\"ellipsis\">&hellip;<\/span><\/p>\n<div class=\"read-more\"><a href=\"https:\/\/pbp.womczest.edu.pl\/new\/kontakt\/lubliniec\/kursy-i-szkolenia\/otwarte-zasoby-edukacyjne-w-pracy-nauczyciela-bibliotekarza\/\">Czytaj wi\u0119cej &#8250;<\/a><\/div>\n<p><!-- end of .read-more --><\/p>\n","protected":false},"author":4,"featured_media":0,"parent":3725,"menu_order":0,"comment_status":"closed","ping_status":"closed","template":"","meta":{"footnotes":""},"jetpack_sharing_enabled":true,"jetpack_shortlink":"https:\/\/wp.me\/PgmV4H-27v","_links":{"self":[{"href":"https:\/\/pbp.womczest.edu.pl\/new\/wp-json\/wp\/v2\/pages\/8153"}],"collection":[{"href":"https:\/\/pbp.womczest.edu.pl\/new\/wp-json\/wp\/v2\/pages"}],"about":[{"href":"https:\/\/pbp.womczest.edu.pl\/new\/wp-json\/wp\/v2\/types\/page"}],"author":[{"embeddable":true,"href":"https:\/\/pbp.womczest.edu.pl\/new\/wp-json\/wp\/v2\/users\/4"}],"replies":[{"embeddable":true,"href":"https:\/\/pbp.womczest.edu.pl\/new\/wp-json\/wp\/v2\/comments?post=8153"}],"version-history":[{"count":3,"href":"https:\/\/pbp.womczest.edu.pl\/new\/wp-json\/wp\/v2\/pages\/8153\/revisions"}],"predecessor-version":[{"id":22533,"href":"https:\/\/pbp.womczest.edu.pl\/new\/wp-json\/wp\/v2\/pages\/8153\/revisions\/22533"}],"up":[{"embeddable":true,"href":"https:\/\/pbp.womczest.edu.pl\/new\/wp-json\/wp\/v2\/pages\/3725"}],"wp:attachment":[{"href":"https:\/\/pbp.womczest.edu.pl\/new\/wp-json\/wp\/v2\/media?parent=8153"}],"curies":[{"name":"wp","href":"https:\/\/api.w.org\/{rel}","templated":true}]}}