


{"id":8148,"date":"2016-06-20T13:48:19","date_gmt":"2016-06-20T11:48:19","guid":{"rendered":"https:\/\/pbp.womczest.edu.pl\/new\/?page_id=8148"},"modified":"2023-03-08T09:53:06","modified_gmt":"2023-03-08T08:53:06","slug":"ustawa-podrecznikowa-ewidencja-zbiorow-w-bibliotekach-szkolnych","status":"publish","type":"page","link":"https:\/\/pbp.womczest.edu.pl\/new\/kontakt\/lubliniec\/kursy-i-szkolenia\/ustawa-podrecznikowa-ewidencja-zbiorow-w-bibliotekach-szkolnych\/","title":{"rendered":"Ustawa podr\u0119cznikowa \u2013 ewidencja zbior\u00f3w w bibliotekach szkolnych."},"content":{"rendered":"<p><img decoding=\"async\" loading=\"lazy\" class=\" size-full wp-image-113 alignleft\" src=\"https:\/\/pbp.womczest.edu.pl\/new\/wp-content\/uploads\/2012\/09\/filie_lubliniec_szkolenie.jpg\" alt=\"alt\" width=\"150\" height=\"85\" srcset=\"https:\/\/pbp.womczest.edu.pl\/new\/wp-content\/uploads\/2012\/09\/filie_lubliniec_szkolenie.jpg 1024w, https:\/\/pbp.womczest.edu.pl\/new\/wp-content\/uploads\/2012\/09\/filie_lubliniec_szkolenie-300x171.jpg 300w, https:\/\/pbp.womczest.edu.pl\/new\/wp-content\/uploads\/2012\/09\/filie_lubliniec_szkolenie-100x57.jpg 100w, https:\/\/pbp.womczest.edu.pl\/new\/wp-content\/uploads\/2012\/09\/filie_lubliniec_szkolenie-150x85.jpg 150w, https:\/\/pbp.womczest.edu.pl\/new\/wp-content\/uploads\/2012\/09\/filie_lubliniec_szkolenie-200x114.jpg 200w, https:\/\/pbp.womczest.edu.pl\/new\/wp-content\/uploads\/2012\/09\/filie_lubliniec_szkolenie-450x256.jpg 450w, https:\/\/pbp.womczest.edu.pl\/new\/wp-content\/uploads\/2012\/09\/filie_lubliniec_szkolenie-600x341.jpg 600w, https:\/\/pbp.womczest.edu.pl\/new\/wp-content\/uploads\/2012\/09\/filie_lubliniec_szkolenie-900x512.jpg 900w\" sizes=\"(max-width: 150px) 100vw, 150px\" \/><\/p>\n<p>3 i 6 pa\u017adziernika 2015 r.\u00a0bibliotekarze reprezentuj\u0105cy szko\u0142y podstawowe i gimnazja z powiatu lublinieckiego uczestniczyli w\u00a0przygotowanym przez pracownik\u00f3w PBP RODN \u201eWOM\u201d w\u00a0Cz\u0119stochowie Filia w Lubli\u0144cu szkoleniu pt.: <em>Ustawa podr\u0119cznikowa \u2013 ewidencja zbior\u00f3w w bibliotekach szkolnych<\/em>.<\/p>\n<p>Celem spotka\u0144 by\u0142o wypracowanie praktycznych rozwi\u0105za\u0144 w\u00a0zakresie ewidencji i udost\u0119pniania podr\u0119cznik\u00f3w, materia\u0142\u00f3w edukacyjnych oraz materia\u0142\u00f3w \u0107wiczeniowych.<br \/>\nBy\u0142a to r\u00f3wnie\u017c okazja do dyskusji i wymiany do\u015bwiadcze\u0144.<\/p>\n<hr \/>\n<p>3 i 6 pa\u017adziernika 2014 roku w Publicznej Bibliotece Pedagogicznej RODN \u201eWOM\u201d w Cz\u0119stochowie Filia w Lubli\u0144cu odby\u0142y si\u0119 szkolenia, w kt\u00f3rych uczestniczyli bibliotekarze reprezentuj\u0105cy szko\u0142y podstawowe i gimnazja z powiatu lublinieckiego.<\/p>\n<p>W zwi\u0105zku z wej\u015bciem w \u017cycie tzw. ustawy podr\u0119cznikowej okre\u015blaj\u0105cej nowe zasady wyboru przez nauczycieli podr\u0119cznik\u00f3w, materia\u0142\u00f3w edukacyjnych i \u0107wiczeniowych oraz gwarantuj\u0105cej uczniom szk\u00f3\u0142 podstawowych i gimnazj\u00f3w prawo do bezp\u0142atnego dost\u0119pu do nich, dyrektorzy szk\u00f3\u0142 zostali zobligowani do wypracowania, w kierowanych przez siebie plac\u00f3wkach, regulamin\u00f3w ewidencjonowania i udost\u0119pniania tych materia\u0142\u00f3w. Poniewa\u017c zadaniem bibliotekarzy szkolnych jest m.in. gromadzenie i\u00a0przygotowywanie do udost\u0119pniania materia\u0142\u00f3w niezb\u0119dnych w procesie dydaktyczno-wychowawczym szko\u0142y, t\u0119 grup\u0119 nauczycieli w\u0142\u0105czono r\u00f3wnie\u017c do prac zwi\u0105zanych z opracowaniem takich regulamin\u00f3w.<\/p>\n<p>Przygotowane przez pracownik\u00f3w lublinieckiej filii PBP RODN \u201eWOM\u201d w Cz\u0119stochowie szkolenia, by\u0142y odpowiedzi\u0105 na potrzeby zg\u0142aszane przez lokalne \u015brodowisko nauczycieli bibliotekarzy. Problematyka poruszana w trakcie spotka\u0144 ogniskowa\u0142a si\u0119 wok\u00f3\u0142 nast\u0119puj\u0105cych zagadnie\u0144:<\/p>\n<ul>\n<li>podstawowe zadania biblioteki szkolnej w my\u015bl <em>Ustawy z dnia 30 maja 2014 r. o zmianie ustawy o systemie o\u015bwiaty oraz niekt\u00f3rych innych ustaw<\/em>,<\/li>\n<li>zasady ewidencji podr\u0119cznik\u00f3w, materia\u0142\u00f3w edukacyjnych i \u0107wiczeniowe,<\/li>\n<li>rejestrowanie ubytk\u00f3w,<\/li>\n<li>udost\u0119pnianie podr\u0119cznik\u00f3w, materia\u0142\u00f3w edukacyjnych i \u0107wiczeniowych.<\/li>\n<\/ul>\n<p>Szkolenia by\u0142y r\u00f3wnie\u017c okazj\u0105 do wymiany do\u015bwiadcze\u0144 wynikaj\u0105cych z dotychczasowych praktyk stosowanych w bibliotekach szkolnych.<\/p>\n<hr \/>\n<p><span style=\"color: #800000;\"><strong>MATERIA\u0141Y ZE SZKOLENIA:<\/strong><\/span><\/p>\n<p><strong>Ustawa podr\u0119cznikowa \u201eEwidencja zbior\u00f3w w\u00a0bibliotekach szkolnych\u201d<\/strong><\/p>\n<ul>\n<li><a href=\"https:\/\/pbp.womczest.edu.pl\/new\/wp-content\/uploads\/2012\/09\/filie_lubliniec_ustawa_podrecznikowa_ewidencja_zbiorow_bibliotecznych_instrukcja.pdf\" target=\"_blank\" rel=\"noopener\">Instrukcja<\/a><\/li>\n<li>Za\u0142\u0105czniki:\n<ul>\n<li><a href=\"https:\/\/pbp.womczest.edu.pl\/new\/wp-content\/uploads\/2012\/09\/filie_lubliniec_ustawa_podrecznikowa_1_protokol_ubytku_inwentarz_glowny_i_zbiorow_specjalnych.doc\" target=\"_blank\" rel=\"noopener\">Za\u0142\u0105cznik nr\u00a01 \u2013 Protok\u00f3\u0142 ubytku. Inwentarz g\u0142\u00f3wny i\u00a0zbior\u00f3w specjalnych<\/a><\/li>\n<li><a href=\"https:\/\/pbp.womczest.edu.pl\/new\/wp-content\/uploads\/2012\/09\/filie_lubliniec_ustawa_podrecznikowa_2_rejestr_ksiega_podrecznikow_i_broszur_ewidencja_uproszczona.doc\" target=\"_blank\" rel=\"noopener\">Za\u0142\u0105cznik nr\u00a02 \u2013 Rejestr. Ksi\u0119ga podr\u0119cznik\u00f3w i\u00a0broszur. Ewidencja uproszczona<\/a><\/li>\n<li><a href=\"https:\/\/pbp.womczest.edu.pl\/new\/wp-content\/uploads\/2012\/09\/filie_lubliniec_ustawa_podrecznikowa_3_opis_faktury_ewidencja_uproszczona.doc\" target=\"_blank\" rel=\"noopener\">Za\u0142\u0105cznik nr\u00a03 \u2013 Opis faktury. Ewidencja uproszczona<\/a><\/li>\n<li><a href=\"https:\/\/pbp.womczest.edu.pl\/new\/wp-content\/uploads\/2012\/09\/filie_lubliniec_ustawa_podrecznikowa_4_protokol_ubytku_rejestr_podrecznikow_i_broszur_ewidencja_uproszczona_materialy_zwrotne.doc\" target=\"_blank\" rel=\"noopener\">Za\u0142\u0105cznik nr\u00a04 \u2013 Protok\u00f3\u0142 ubytku. Rejestr podr\u0119cznik\u00f3w i\u00a0broszur. Ewidencja uproszczona. Materia\u0142y zwrotne<\/a><\/li>\n<li><a href=\"https:\/\/pbp.womczest.edu.pl\/new\/wp-content\/uploads\/2012\/09\/filie_lubliniec_ustawa_podrecznikowa_5_rejestr_materialow_cwiczeniowych_ewidencja_uproszczona.doc\" target=\"_blank\" rel=\"noopener\">Za\u0142\u0105cznik nr\u00a05 \u2013 Rejestr materia\u0142\u00f3w \u0107wiczeniowych. Ewidencja uproszczona<\/a><\/li>\n<li><a href=\"https:\/\/pbp.womczest.edu.pl\/new\/wp-content\/uploads\/2012\/09\/filie_lubliniec_ustawa_podrecznikowa_6_protokol_ubytku_rejestr_podrecznikow_i_broszur_ewidencja_uproszczona_materialy%20bezzwrotne.doc\" target=\"_blank\" rel=\"noopener\">Za\u0142\u0105cznik nr\u00a06 \u2013 Protok\u00f3\u0142 ubytku. Rejestr podr\u0119cznik\u00f3w i\u00a0broszur. Ewidencja uproszczona. Materia\u0142y bezzwrotne<\/a><\/li>\n<li><a href=\"https:\/\/pbp.womczest.edu.pl\/new\/wp-content\/uploads\/2014\/10\/filie_lubliniec_ustawa_podrecznikowa_7_regulamin_udost%C4%99pniania_podrecznikow_materialow_edukacyjnych_i_cwiczeniowych.doc\" target=\"_blank\" rel=\"noopener\">Za\u0142\u0105cznik nr\u00a07 \u2013 Regulamin udost\u0119pniania podr\u0119cznik\u00f3w, materia\u0142\u00f3w edukacyjnych i\u00a0\u0107wiczeniowych<\/a><\/li>\n<li><a href=\"https:\/\/pbp.womczest.edu.pl\/new\/wp-content\/uploads\/2012\/09\/filie_lubliniec_ustawa_podrecznikowa_8_protokol_wypozyczenia_imie_i_nazwisko_ucznia.doc\" target=\"_blank\" rel=\"noopener\">Za\u0142\u0105cznik nr\u00a08 \u2013 Protok\u00f3\u0142 wypo\u017cyczenia. Imi\u0119 i\u00a0nazwisko ucznia<\/a><\/li>\n<li><a href=\"https:\/\/pbp.womczest.edu.pl\/new\/wp-content\/uploads\/2012\/09\/filie_lubliniec_ustawa_podrecznikowa_9_protokol_wypozyczenia_podrecznikow.doc\" target=\"_blank\" rel=\"noopener\">Za\u0142\u0105cznik nr\u00a09 \u2013 Protok\u00f3\u0142 wypo\u017cyczenia podr\u0119cznik\u00f3w<\/a><\/li>\n<li><a href=\"https:\/\/pbp.womczest.edu.pl\/new\/wp-content\/uploads\/2012\/09\/filie_lubliniec_ustawa_podrecznikowa_10_protokol_wypozyczenia_materialy_edukacyjne.doc\" target=\"_blank\" rel=\"noopener\">Za\u0142\u0105cznik nr\u00a010 \u2013 Protok\u00f3\u0142 wypo\u017cyczenia. Materia\u0142y edukacyjne<\/a><\/li>\n<li><a href=\"https:\/\/pbp.womczest.edu.pl\/new\/wp-content\/uploads\/2012\/09\/filie_lubliniec_ustawa_podrecznikowa_11_protokol_wypozyczenia_materialow_cwiczeniowych.doc\" target=\"_blank\" rel=\"noopener\">Za\u0142\u0105cznik nr\u00a011 \u2013 Protok\u00f3\u0142 wypo\u017cyczenia materia\u0142\u00f3w \u0107wiczeniowych<\/a><\/li>\n<li><a href=\"https:\/\/pbp.womczest.edu.pl\/new\/wp-content\/uploads\/2012\/09\/filie_lubliniec_ustawa_podrecznikowa_12_protokol_wycena_podrecznika.doc\" target=\"_blank\" rel=\"noopener\">Za\u0142\u0105cznik nr\u00a012 \u2013 Protok\u00f3\u0142. Wycena podr\u0119cznika<\/a><\/li>\n<\/ul>\n<\/li>\n<\/ul>\n<p style=\"text-align: right;\"><em>El\u017cbieta Kulisz<\/em><br \/>\n<em>Ma\u0142gorzata Goinda<\/em><\/p>\n","protected":false},"excerpt":{"rendered":"<p>3 i 6 pa\u017adziernika 2015 r.\u00a0bibliotekarze reprezentuj\u0105cy szko\u0142y podstawowe i gimnazja z powiatu lublinieckiego uczestniczyli w\u00a0przygotowanym przez pracownik\u00f3w PBP RODN \u201eWOM\u201d w\u00a0Cz\u0119stochowie Filia w Lubli\u0144cu szkoleniu pt.: Ustawa podr\u0119cznikowa \u2013 ewidencja zbior\u00f3w w bibliotekach szkolnych. Celem spotka\u0144 by\u0142o wypracowanie praktycznych rozwi\u0105za\u0144 w\u00a0zakresie ewidencji i udost\u0119pniania podr\u0119cznik\u00f3w, materia\u0142\u00f3w edukacyjnych oraz materia\u0142\u00f3w \u0107wiczeniowych. By\u0142a to r\u00f3wnie\u017c okazja do dyskusji i wymiany do\u015bwiadcze\u0144. 3 i 6 pa\u017adziernika 2014 roku w Publicznej Bibliotece Pedagogicznej<span class=\"ellipsis\">&hellip;<\/span><\/p>\n<div class=\"read-more\"><a href=\"https:\/\/pbp.womczest.edu.pl\/new\/kontakt\/lubliniec\/kursy-i-szkolenia\/ustawa-podrecznikowa-ewidencja-zbiorow-w-bibliotekach-szkolnych\/\">Czytaj wi\u0119cej &#8250;<\/a><\/div>\n<p><!-- end of .read-more --><\/p>\n","protected":false},"author":4,"featured_media":0,"parent":3725,"menu_order":0,"comment_status":"closed","ping_status":"closed","template":"","meta":{"footnotes":""},"jetpack_sharing_enabled":true,"jetpack_shortlink":"https:\/\/wp.me\/PgmV4H-27q","_links":{"self":[{"href":"https:\/\/pbp.womczest.edu.pl\/new\/wp-json\/wp\/v2\/pages\/8148"}],"collection":[{"href":"https:\/\/pbp.womczest.edu.pl\/new\/wp-json\/wp\/v2\/pages"}],"about":[{"href":"https:\/\/pbp.womczest.edu.pl\/new\/wp-json\/wp\/v2\/types\/page"}],"author":[{"embeddable":true,"href":"https:\/\/pbp.womczest.edu.pl\/new\/wp-json\/wp\/v2\/users\/4"}],"replies":[{"embeddable":true,"href":"https:\/\/pbp.womczest.edu.pl\/new\/wp-json\/wp\/v2\/comments?post=8148"}],"version-history":[{"count":4,"href":"https:\/\/pbp.womczest.edu.pl\/new\/wp-json\/wp\/v2\/pages\/8148\/revisions"}],"predecessor-version":[{"id":22563,"href":"https:\/\/pbp.womczest.edu.pl\/new\/wp-json\/wp\/v2\/pages\/8148\/revisions\/22563"}],"up":[{"embeddable":true,"href":"https:\/\/pbp.womczest.edu.pl\/new\/wp-json\/wp\/v2\/pages\/3725"}],"wp:attachment":[{"href":"https:\/\/pbp.womczest.edu.pl\/new\/wp-json\/wp\/v2\/media?parent=8148"}],"curies":[{"name":"wp","href":"https:\/\/api.w.org\/{rel}","templated":true}]}}