


{"id":8140,"date":"2016-06-20T13:41:16","date_gmt":"2016-06-20T11:41:16","guid":{"rendered":"https:\/\/pbp.womczest.edu.pl\/new\/?page_id=8140"},"modified":"2016-06-20T13:41:16","modified_gmt":"2016-06-20T11:41:16","slug":"dzien-ksiazki","status":"publish","type":"page","link":"https:\/\/pbp.womczest.edu.pl\/new\/dzien-ksiazki\/","title":{"rendered":"Dzie\u0144 ksi\u0105\u017cki"},"content":{"rendered":"<p style=\"text-align: center;\">22 kwietnia 2016 r.\u00a0naucz<img decoding=\"async\" loading=\"lazy\" class=\" wp-image-7852 alignleft\" src=\"https:\/\/pbp.womczest.edu.pl\/new\/wp-content\/uploads\/2015\/05\/7-Kopia.jpg\" alt=\"7 - Kopia\" width=\"176\" height=\"159\" srcset=\"https:\/\/pbp.womczest.edu.pl\/new\/wp-content\/uploads\/2015\/05\/7-Kopia.jpg 212w, https:\/\/pbp.womczest.edu.pl\/new\/wp-content\/uploads\/2015\/05\/7-Kopia-100x91.jpg 100w, https:\/\/pbp.womczest.edu.pl\/new\/wp-content\/uploads\/2015\/05\/7-Kopia-150x136.jpg 150w, https:\/\/pbp.womczest.edu.pl\/new\/wp-content\/uploads\/2015\/05\/7-Kopia-200x181.jpg 200w\" sizes=\"(max-width: 176px) 100vw, 176px\" \/>yciele bibliotekarze naszej biblioteki wsp\u00f3lnie z nauczycielami Przedszkola Pod D\u0119bem zorganizowali dla dzieci zaj\u0119cia z okazji Mi\u0119dzynarodowego Dnia Ksi\u0105\u017cki i Praw Autorskich.<br \/>\nDzieci mia\u0142y okazj\u0119 obejrze\u0107 przedstawienie teatralne pt. \u201eKrysia i Jasiu lubi\u0105 czyta\u0107 ksi\u0105\u017cki\u201d z<br \/>\nkt\u00f3rego w ciekawy i zabawowy spos\u00f3b dowiedzia\u0142y si\u0119 mi\u0119dzy innymi jak nale\u017cy szanowa\u0107 ksi\u0105\u017cki i co to jest za miejsce biblioteka. Z zainteresowaniem obejrza\u0142y w teatrze ilustracji Kamishibai bajki \u201eGroszek\u201d i \u201eLegend\u0119 o Skarbniku\u201d, a na zako\u0144czenie spotkania wsp\u00f3lnie wybrali\u015bmy si\u0119 na kiermasz naszych ulubionych bajek.<\/p>\n<p style=\"text-align: right;\"><em>Anna Bidzi\u0144ska-Kristof<br \/>\n<a href=\"https:\/\/pbp.womczest.edu.pl\/new\/galeria\/dzien-ksiazki-lubliniec-2016\/\">galeria<\/a><\/em><\/p>\n","protected":false},"excerpt":{"rendered":"<p>22 kwietnia 2016 r.\u00a0nauczyciele bibliotekarze naszej biblioteki wsp\u00f3lnie z nauczycielami Przedszkola Pod D\u0119bem zorganizowali dla dzieci zaj\u0119cia z okazji Mi\u0119dzynarodowego Dnia Ksi\u0105\u017cki i Praw Autorskich. Dzieci mia\u0142y okazj\u0119 obejrze\u0107 przedstawienie teatralne pt. \u201eKrysia i Jasiu lubi\u0105 czyta\u0107 ksi\u0105\u017cki\u201d z kt\u00f3rego w ciekawy i zabawowy spos\u00f3b dowiedzia\u0142y si\u0119 mi\u0119dzy innymi jak nale\u017cy szanowa\u0107 ksi\u0105\u017cki i co to jest za miejsce biblioteka. Z zainteresowaniem obejrza\u0142y w teatrze ilustracji Kamishibai bajki \u201eGroszek\u201d i<span class=\"ellipsis\">&hellip;<\/span><\/p>\n<div class=\"read-more\"><a href=\"https:\/\/pbp.womczest.edu.pl\/new\/dzien-ksiazki\/\">Czytaj wi\u0119cej &#8250;<\/a><\/div>\n<p><!-- end of .read-more --><\/p>\n","protected":false},"author":4,"featured_media":0,"parent":0,"menu_order":0,"comment_status":"closed","ping_status":"closed","template":"","meta":{"footnotes":""},"jetpack_sharing_enabled":true,"jetpack_shortlink":"https:\/\/wp.me\/PgmV4H-27i","_links":{"self":[{"href":"https:\/\/pbp.womczest.edu.pl\/new\/wp-json\/wp\/v2\/pages\/8140"}],"collection":[{"href":"https:\/\/pbp.womczest.edu.pl\/new\/wp-json\/wp\/v2\/pages"}],"about":[{"href":"https:\/\/pbp.womczest.edu.pl\/new\/wp-json\/wp\/v2\/types\/page"}],"author":[{"embeddable":true,"href":"https:\/\/pbp.womczest.edu.pl\/new\/wp-json\/wp\/v2\/users\/4"}],"replies":[{"embeddable":true,"href":"https:\/\/pbp.womczest.edu.pl\/new\/wp-json\/wp\/v2\/comments?post=8140"}],"version-history":[{"count":1,"href":"https:\/\/pbp.womczest.edu.pl\/new\/wp-json\/wp\/v2\/pages\/8140\/revisions"}],"predecessor-version":[{"id":8141,"href":"https:\/\/pbp.womczest.edu.pl\/new\/wp-json\/wp\/v2\/pages\/8140\/revisions\/8141"}],"wp:attachment":[{"href":"https:\/\/pbp.womczest.edu.pl\/new\/wp-json\/wp\/v2\/media?parent=8140"}],"curies":[{"name":"wp","href":"https:\/\/api.w.org\/{rel}","templated":true}]}}