


{"id":8135,"date":"2016-06-20T13:38:06","date_gmt":"2016-06-20T11:38:06","guid":{"rendered":"https:\/\/pbp.womczest.edu.pl\/new\/?page_id=8135"},"modified":"2016-06-20T13:38:35","modified_gmt":"2016-06-20T11:38:35","slug":"droga-ksiazki-od-autora-do-czytelnika-spotkanie-z-edwardem-przebieraczem","status":"publish","type":"page","link":"https:\/\/pbp.womczest.edu.pl\/new\/droga-ksiazki-od-autora-do-czytelnika-spotkanie-z-edwardem-przebieraczem\/","title":{"rendered":"Droga ksi\u0105\u017cki od autora do czytelnika- Spotkanie z Edwardem Przebieraczem"},"content":{"rendered":"<p>W\u00a0pi\u0105tek, 15\u00a0kwietnia\u00a02016\u00a0r. w\u00a0Zespole Szk\u00f3\u0142 Zawodowych w\u00a0Lubli\u0144cu mia\u0142o miejsce interesuj\u0105ce spotkanie autorskie z\u00a0panem Edwardem Przebieraczem \u2013 literatem i\u00a0jednocze\u015bnie dyrektorem <em>Wydawnictwa \u015bw.\u00a0Macieja Aposto\u0142a<\/em> w\u00a0Lubli\u0144cu. Spotkanie to, kt\u00f3rego\u00a0tematem by\u0142a \u201e<em>Droga ksi\u0105\u017cki od\u00a0autora do\u00a0czytelnika<\/em>\u201d zorganizowali nauczyciele bibliotekarze naszej biblioteki we\u00a0wsp\u00f3\u0142pracy z\u00a0nauczycielem bibliotekarzem Zespo\u0142u Szk\u00f3\u0142 Zawodowych w\u00a0Lubli\u0144cu. Uczestnikami spotkania byli uczniowie klas drugich technikum, kt\u00f3rzy\u00a0na co dzie\u0144 kszta\u0142c\u0105 si\u0119 w\u00a0tej w\u0142a\u015bnie szkole. Prelegent w\u00a0przyst\u0119pnych s\u0142owach, a\u00a0zarazem w\u00a0spos\u00f3b niezwykle barwny przybli\u017cy\u0142 nam \u017cmudny warsztat i\u00a0niezwyk\u0142e tajemnice powstawania dzie\u0142a literackiego. Swoimi opowie\u015bciami nakre\u015bli\u0142 te\u017c obraz codziennej pracy zespo\u0142u redakcyjnego, nie pomijaj\u0105c tak pozornie prozaicznych, a\u00a0jednak niezwykle wa\u017cnych aspekt\u00f3w jak korekta tekst\u00f3w.<\/p>\n<p>W\u00a0drugiej cz\u0119\u015bci tego spotkania nasz go\u015b\u0107 zabra\u0142 nas w\u00a0niezapomnian\u0105 podr\u00f3\u017c w\u00a0\u015bwiat poezji. W\u015br\u00f3d deklamowanych wierszy autorstwa pana Edwarda Przebieracza mo\u017cna by\u0142o us\u0142ysze\u0107 mi\u0119dzy innym wiersz pt.\u00a0\u201ePami\u0119ci Miros\u0142awa \u0141uckiego\u201d. Utw\u00f3r ten, dedykowany naszemu lublinieckiemu komandosowi, a\u00a0napisany po\u00a0jego tragicznej \u015bmierci wywar\u0142 na\u00a0s\u0142uchaczach wyra\u017ane, mocne wra\u017cenie. M\u0142odzie\u017c z\u00a0zainteresowaniem s\u0142ucha\u0142a lublinieckiego poety. Po\u00a0tej prezentacji m\u0142odzi ludzie mieli okazj\u0119 do\u00a0kr\u00f3tkiej dyskusji, w\u00a0czasie kt\u00f3rej\u00a0zadawali pytania dotycz\u0105ce procesu tworzenia wiersza i\u00a0powstania ksi\u0105\u017cki. Wiele rado\u015bci sprawi\u0142a r\u00f3wnie\u017c uczestnikom zabawa s\u0142owna po\u015bwi\u0119cona palindromom i\u00a0homonimom. Bardzo mi\u0142\u0105 niespodziank\u0105 na\u00a0zako\u0144czenie by\u0142y przygotowane przez naszego honorowego go\u015bcia nagrody ksi\u0105\u017ckowe dla najbardziej aktywnych uczestnik\u00f3w spotkania. M\u0142odzie\u017c odwzajemni\u0142a si\u0119 bukietem kwiat\u00f3w dla znakomitego prelegenta.<\/p>\n<p style=\"text-align: right;\"><em>Anna Bidzi\u0144ska-Kristof<br \/>\n<a href=\"https:\/\/pbp.womczest.edu.pl\/new\/galeria\/spotkanie-autorskie-lubliniec-2016\/\">galeria<\/a><\/em><\/p>\n","protected":false},"excerpt":{"rendered":"<p>W\u00a0pi\u0105tek, 15\u00a0kwietnia\u00a02016\u00a0r. w\u00a0Zespole Szk\u00f3\u0142 Zawodowych w\u00a0Lubli\u0144cu mia\u0142o miejsce interesuj\u0105ce spotkanie autorskie z\u00a0panem Edwardem Przebieraczem \u2013 literatem i\u00a0jednocze\u015bnie dyrektorem Wydawnictwa \u015bw.\u00a0Macieja Aposto\u0142a w\u00a0Lubli\u0144cu. Spotkanie to, kt\u00f3rego\u00a0tematem by\u0142a \u201eDroga ksi\u0105\u017cki od\u00a0autora do\u00a0czytelnika\u201d zorganizowali nauczyciele bibliotekarze naszej biblioteki we\u00a0wsp\u00f3\u0142pracy z\u00a0nauczycielem bibliotekarzem Zespo\u0142u Szk\u00f3\u0142 Zawodowych w\u00a0Lubli\u0144cu. Uczestnikami spotkania byli uczniowie klas drugich technikum, kt\u00f3rzy\u00a0na co dzie\u0144 kszta\u0142c\u0105 si\u0119 w\u00a0tej w\u0142a\u015bnie szkole. Prelegent w\u00a0przyst\u0119pnych s\u0142owach, a\u00a0zarazem w\u00a0spos\u00f3b niezwykle barwny przybli\u017cy\u0142 nam \u017cmudny warsztat i\u00a0niezwyk\u0142e tajemnice<span class=\"ellipsis\">&hellip;<\/span><\/p>\n<div class=\"read-more\"><a href=\"https:\/\/pbp.womczest.edu.pl\/new\/droga-ksiazki-od-autora-do-czytelnika-spotkanie-z-edwardem-przebieraczem\/\">Czytaj wi\u0119cej &#8250;<\/a><\/div>\n<p><!-- end of .read-more --><\/p>\n","protected":false},"author":4,"featured_media":0,"parent":0,"menu_order":0,"comment_status":"closed","ping_status":"closed","template":"","meta":{"footnotes":""},"jetpack_sharing_enabled":true,"jetpack_shortlink":"https:\/\/wp.me\/PgmV4H-27d","_links":{"self":[{"href":"https:\/\/pbp.womczest.edu.pl\/new\/wp-json\/wp\/v2\/pages\/8135"}],"collection":[{"href":"https:\/\/pbp.womczest.edu.pl\/new\/wp-json\/wp\/v2\/pages"}],"about":[{"href":"https:\/\/pbp.womczest.edu.pl\/new\/wp-json\/wp\/v2\/types\/page"}],"author":[{"embeddable":true,"href":"https:\/\/pbp.womczest.edu.pl\/new\/wp-json\/wp\/v2\/users\/4"}],"replies":[{"embeddable":true,"href":"https:\/\/pbp.womczest.edu.pl\/new\/wp-json\/wp\/v2\/comments?post=8135"}],"version-history":[{"count":2,"href":"https:\/\/pbp.womczest.edu.pl\/new\/wp-json\/wp\/v2\/pages\/8135\/revisions"}],"predecessor-version":[{"id":8137,"href":"https:\/\/pbp.womczest.edu.pl\/new\/wp-json\/wp\/v2\/pages\/8135\/revisions\/8137"}],"wp:attachment":[{"href":"https:\/\/pbp.womczest.edu.pl\/new\/wp-json\/wp\/v2\/media?parent=8135"}],"curies":[{"name":"wp","href":"https:\/\/api.w.org\/{rel}","templated":true}]}}