


{"id":8126,"date":"2016-06-20T13:27:24","date_gmt":"2016-06-20T11:27:24","guid":{"rendered":"https:\/\/pbp.womczest.edu.pl\/new\/?page_id=8126"},"modified":"2023-03-06T14:16:48","modified_gmt":"2023-03-06T13:16:48","slug":"czytam-sobie-w-bibliotece-podsumowanie-projektu","status":"publish","type":"page","link":"https:\/\/pbp.womczest.edu.pl\/new\/czytam-sobie-w-bibliotece-podsumowanie-projektu\/","title":{"rendered":"Czytam sobie w bibliotece \u2013 podsumowanie projektu"},"content":{"rendered":"<p>&nbsp;<\/p>\n<p><strong>Publiczna Biblioteka Pedagogiczna RODN \u201eWOM\u201d w\u00a0Cz\u0119stochowie<\/strong>\u00a0<strong>Filia w\u00a0Lubli\u0144cu<\/strong> przyst\u0105pi\u0142a do projektu\u00a0<em><strong>Czytam sobie w\u00a0bibliotece, <\/strong>\u00a0<\/em>promuj\u0105cego czytelnictwo w\u015br\u00f3d dzieci w\u00a0wieku 5-8 lat.\u00a0W pa\u017adzierniku realizowane by\u0142y zaj\u0119cia, podczas kt\u00f3rych\u00a0dzieci pozna\u0142y ksi\u0105\u017cki Wojciecha Wid\u0142aka <em>Syrop maga Abrakabry<\/em> oraz\u00a0<em>Marta i\u00a0ufoludek.<\/em> Ich celem \u00a0by\u0142a promocja czytelnictwa i\u00a0zach\u0119cenie dzieci do\u00a0nauki samodzielnego czytania.\u00a0W czasie zaj\u0119\u0107 zosta\u0142y wykorzystane nast\u0119puj\u0105ce materia\u0142y, kt\u00f3re biblioteka otrzyma\u0142a w\u00a0ramach przyst\u0105pienia do\u00a0projektu: ksi\u0105\u017cki z\u00a0serii <em>Czytam sobie w\u00a0bibliotece<\/em>, scenariusze lekcji, teczki, naklejki, zak\u0142adki do\u00a0ksi\u0105\u017cek, kolorowanki, dyplomy.<\/p>\n<p>19 pa\u017adziernika 2015 roku w\u00a0Zespole Szkolno-Przedszkolnym Przedszkolu w\u00a0Glinicy odby\u0142y si\u0119 zaj\u0119cia \u201eZabawa w\u00a0maga\u201d, w\u00a0kt\u00f3rych uczestniczy\u0142o 12 dzieci z\u00a0grupy pi\u0119ciolatk\u00f3w.<\/p>\n<p>21 pa\u017adziernika 2015 roku w\u00a0Przedszkolu Pod\u00a0D\u0119bem w\u00a0Kosz\u0119cinie odby\u0142y si\u0119 zaj\u0119cia \u201ePrzyjaciele planety Ziemia\u201d, w\u00a0kt\u00f3rych uczestniczy\u0142o 16 dzieci z\u00a0grupy pi\u0119ciolatk\u00f3w.<\/p>\n<p style=\"text-align: right;\"><em>Tekst i zdj\u0119cia: Ma\u0142gorzata Goinda, <\/em><em>Anna Bidzi\u0144ska-Kristof<\/em><\/p>\n<p>Wi\u0119cej o\u00a0projekcie na\u00a0stronie:<br \/>\n&#8211; <a href=\"http:\/\/www.ceo.org.pl\/czytamsobie\">http:\/\/www.ceo.org.pl\/czytamsobie<\/a><br \/>\n&#8211; <a href=\"http:\/\/www.czytamsobie.pl\/\">http:\/\/www.czytamsobie.pl\/<\/a><\/p>\n<div id=\"bwg_container1_0\">\n<div id=\"bwg_container2_0\">\n<form id=\"gal_front_form_0\" action=\"https:\/\/pbp.womczest.edu.pl\/new\/filie\/lubliniec\/inne-wydarzenia\/#\" method=\"post\">\n<div class=\"bwg_back_0\"><\/div>\n<div>\n<div id=\"bwg_standart_thumbnails_0\" class=\"bwg_standart_thumbnails_0\"><a class=\"bwg_lightbox_0\" href=\"https:\/\/pbp.womczest.edu.pl\/new\/wp-content\/uploads\/photo-gallery\/czytam_sobie_lubliniec\/Czytam%20sobie%20w%20bibliotece.jpg\" data-image-id=\"795\"><span class=\"bwg_standart_thumb_0\"><span class=\"bwg_standart_thumb_spun1_0\"><span class=\"bwg_standart_thumb_spun2_0\"><img decoding=\"async\" id=\"795\" class=\"bwg_standart_thumb_img_0 bwg_img_clear bwg_img_custom\" src=\"https:\/\/pbp.womczest.edu.pl\/new\/wp-content\/uploads\/photo-gallery\/czytam_sobie_lubliniec\/thumb\/Czytam%20sobie%20w%20bibliotece.jpg\" alt=\"Czytam sobie w bibliotece\" \/><\/span><\/span><\/span> <\/a><a class=\"bwg_lightbox_0\" href=\"https:\/\/pbp.womczest.edu.pl\/new\/wp-content\/uploads\/photo-gallery\/czytam_sobie_lubliniec\/Czytam%20sobie%20w%20bibliotece%20x.JPG\" data-image-id=\"796\"><span class=\"bwg_standart_thumb_0\"><span class=\"bwg_standart_thumb_spun1_0\"><span class=\"bwg_standart_thumb_spun2_0\"><img decoding=\"async\" id=\"796\" class=\"bwg_standart_thumb_img_0 bwg_img_clear bwg_img_custom\" src=\"https:\/\/pbp.womczest.edu.pl\/new\/wp-content\/uploads\/photo-gallery\/czytam_sobie_lubliniec\/thumb\/Czytam%20sobie%20w%20bibliotece%20x.JPG\" alt=\"Czytam sobie w bibliotece x\" \/><\/span><\/span><\/span><\/a><\/div>\n<\/div>\n<\/form>\n<\/div>\n<\/div>\n","protected":false},"excerpt":{"rendered":"<p>&nbsp; Publiczna Biblioteka Pedagogiczna RODN \u201eWOM\u201d w\u00a0Cz\u0119stochowie\u00a0Filia w\u00a0Lubli\u0144cu przyst\u0105pi\u0142a do projektu\u00a0Czytam sobie w\u00a0bibliotece, \u00a0promuj\u0105cego czytelnictwo w\u015br\u00f3d dzieci w\u00a0wieku 5-8 lat.\u00a0W pa\u017adzierniku realizowane by\u0142y zaj\u0119cia, podczas kt\u00f3rych\u00a0dzieci pozna\u0142y ksi\u0105\u017cki Wojciecha Wid\u0142aka Syrop maga Abrakabry oraz\u00a0Marta i\u00a0ufoludek. Ich celem \u00a0by\u0142a promocja czytelnictwa i\u00a0zach\u0119cenie dzieci do\u00a0nauki samodzielnego czytania.\u00a0W czasie zaj\u0119\u0107 zosta\u0142y wykorzystane nast\u0119puj\u0105ce materia\u0142y, kt\u00f3re biblioteka otrzyma\u0142a w\u00a0ramach przyst\u0105pienia do\u00a0projektu: ksi\u0105\u017cki z\u00a0serii Czytam sobie w\u00a0bibliotece, scenariusze lekcji, teczki, naklejki, zak\u0142adki do\u00a0ksi\u0105\u017cek, kolorowanki, dyplomy.<span class=\"ellipsis\">&hellip;<\/span><\/p>\n<div class=\"read-more\"><a href=\"https:\/\/pbp.womczest.edu.pl\/new\/czytam-sobie-w-bibliotece-podsumowanie-projektu\/\">Czytaj wi\u0119cej &#8250;<\/a><\/div>\n<p><!-- end of .read-more --><\/p>\n","protected":false},"author":4,"featured_media":0,"parent":0,"menu_order":0,"comment_status":"closed","ping_status":"closed","template":"","meta":{"footnotes":""},"jetpack_sharing_enabled":true,"jetpack_shortlink":"https:\/\/wp.me\/PgmV4H-274","_links":{"self":[{"href":"https:\/\/pbp.womczest.edu.pl\/new\/wp-json\/wp\/v2\/pages\/8126"}],"collection":[{"href":"https:\/\/pbp.womczest.edu.pl\/new\/wp-json\/wp\/v2\/pages"}],"about":[{"href":"https:\/\/pbp.womczest.edu.pl\/new\/wp-json\/wp\/v2\/types\/page"}],"author":[{"embeddable":true,"href":"https:\/\/pbp.womczest.edu.pl\/new\/wp-json\/wp\/v2\/users\/4"}],"replies":[{"embeddable":true,"href":"https:\/\/pbp.womczest.edu.pl\/new\/wp-json\/wp\/v2\/comments?post=8126"}],"version-history":[{"count":4,"href":"https:\/\/pbp.womczest.edu.pl\/new\/wp-json\/wp\/v2\/pages\/8126\/revisions"}],"predecessor-version":[{"id":22441,"href":"https:\/\/pbp.womczest.edu.pl\/new\/wp-json\/wp\/v2\/pages\/8126\/revisions\/22441"}],"wp:attachment":[{"href":"https:\/\/pbp.womczest.edu.pl\/new\/wp-json\/wp\/v2\/media?parent=8126"}],"curies":[{"name":"wp","href":"https:\/\/api.w.org\/{rel}","templated":true}]}}