


{"id":8122,"date":"2016-06-20T13:24:59","date_gmt":"2016-06-20T11:24:59","guid":{"rendered":"https:\/\/pbp.womczest.edu.pl\/new\/?page_id=8122"},"modified":"2016-06-20T13:35:30","modified_gmt":"2016-06-20T11:35:30","slug":"spotkanie-autorskie-z-panem-edwardem-przebieraczem","status":"publish","type":"page","link":"https:\/\/pbp.womczest.edu.pl\/new\/spotkanie-autorskie-z-panem-edwardem-przebieraczem\/","title":{"rendered":"Spotkanie autorskie z Panem Edwardem Przebieraczem"},"content":{"rendered":"<p>W czwartek 10 grudnia 2015 r. Publiczna Biblioteka Pedagogiczna Filia w Lubli\u0144cu we wsp\u00f3\u0142pracy z\u00a0bibliotekarzami Szko\u0142y Podstawowej nr 1 im. Marii Konopnickie<a href=\"https:\/\/pbp.womczest.edu.pl\/new\/wp-content\/uploads\/2015\/12\/DSC00140.jpg\"><img decoding=\"async\" loading=\"lazy\" class=\" wp-image-7060 alignleft\" src=\"https:\/\/pbp.womczest.edu.pl\/new\/wp-content\/uploads\/2015\/12\/DSC00140-300x225.jpg\" alt=\"DSC00140\" width=\"196\" height=\"147\" srcset=\"https:\/\/pbp.womczest.edu.pl\/new\/wp-content\/uploads\/2015\/12\/DSC00140-300x225.jpg 300w, https:\/\/pbp.womczest.edu.pl\/new\/wp-content\/uploads\/2015\/12\/DSC00140-1000x750.jpg 1000w, https:\/\/pbp.womczest.edu.pl\/new\/wp-content\/uploads\/2015\/12\/DSC00140-100x75.jpg 100w, https:\/\/pbp.womczest.edu.pl\/new\/wp-content\/uploads\/2015\/12\/DSC00140-150x113.jpg 150w, https:\/\/pbp.womczest.edu.pl\/new\/wp-content\/uploads\/2015\/12\/DSC00140-200x150.jpg 200w, https:\/\/pbp.womczest.edu.pl\/new\/wp-content\/uploads\/2015\/12\/DSC00140-450x338.jpg 450w, https:\/\/pbp.womczest.edu.pl\/new\/wp-content\/uploads\/2015\/12\/DSC00140-600x450.jpg 600w, https:\/\/pbp.womczest.edu.pl\/new\/wp-content\/uploads\/2015\/12\/DSC00140-900x675.jpg 900w\" sizes=\"(max-width: 196px) 100vw, 196px\" \/><\/a>j w Lubli\u0144cu zorganizowa\u0142a spotkanie z poet\u0105 i wydawc\u0105 ziemi lublinieckiej Panem Edwardem Przebieraczem.\u00a0Tematem spotkania skierowanego do uczni\u00f3w klas pi\u0105tych, by\u0142a <strong>\u00a0\u201eDroga ksi\u0105\u017cki od pisarza do czytelnika\u201d<\/strong>. Nasz go\u015b\u0107 w barwny spos\u00f3b przedstawi\u0142 kolejne etapy powstawania ksi\u0105\u017cki z\u00a0punktu widzenia<img decoding=\"async\" loading=\"lazy\" class=\"wp-image-7061 alignright\" src=\"https:\/\/pbp.womczest.edu.pl\/new\/wp-content\/uploads\/2015\/12\/DSC00149-1-300x225.jpg\" alt=\"DSC00149 (1)\" width=\"203\" height=\"152\" srcset=\"https:\/\/pbp.womczest.edu.pl\/new\/wp-content\/uploads\/2015\/12\/DSC00149-1-300x225.jpg 300w, https:\/\/pbp.womczest.edu.pl\/new\/wp-content\/uploads\/2015\/12\/DSC00149-1-1000x750.jpg 1000w, https:\/\/pbp.womczest.edu.pl\/new\/wp-content\/uploads\/2015\/12\/DSC00149-1-100x75.jpg 100w, https:\/\/pbp.womczest.edu.pl\/new\/wp-content\/uploads\/2015\/12\/DSC00149-1-150x113.jpg 150w, https:\/\/pbp.womczest.edu.pl\/new\/wp-content\/uploads\/2015\/12\/DSC00149-1-200x150.jpg 200w, https:\/\/pbp.womczest.edu.pl\/new\/wp-content\/uploads\/2015\/12\/DSC00149-1-450x338.jpg 450w, https:\/\/pbp.womczest.edu.pl\/new\/wp-content\/uploads\/2015\/12\/DSC00149-1-600x450.jpg 600w, https:\/\/pbp.womczest.edu.pl\/new\/wp-content\/uploads\/2015\/12\/DSC00149-1-900x675.jpg 900w\" sizes=\"(max-width: 203px) 100vw, 203px\" \/> autora oraz wydawcy. Zaprezentowa\u0142 kilka napisanych, opracowanych, b\u0105d\u017a wydanych przez siebie ksi\u0105\u017cek.\u00a0Ciekawym elementem wyk\u0142adu by\u0142o pytanie Pana Przebieracza skierowane do uczni\u00f3w, najszybsza trafna odpowied\u017a zosta\u0142a nagrodzona pakietem ksi\u0105\u017cek m\u0142odzie\u017cowych.<\/p>\n<p>Na zako\u0144czenie spotkania pisarz odpowiada\u0142 na pytania m\u0142odzie\u017cy, kt\u00f3ra w podzi\u0119kowaniu za ciekawy wyk\u0142ad wr\u0119czy\u0142a mu bukiet kwiat\u00f3w.<\/p>\n<p style=\"text-align: right;\"><em>Tekst i zdj\u0119cia: Ma\u0142gorzata Goinda<br \/>\n<a href=\"https:\/\/pbp.womczest.edu.pl\/new\/galeria\/spotkanie-autorskie-lubliniec-2015\/\">galeria<\/a><\/em><\/p>\n","protected":false},"excerpt":{"rendered":"<p>W czwartek 10 grudnia 2015 r. Publiczna Biblioteka Pedagogiczna Filia w Lubli\u0144cu we wsp\u00f3\u0142pracy z\u00a0bibliotekarzami Szko\u0142y Podstawowej nr 1 im. Marii Konopnickiej w Lubli\u0144cu zorganizowa\u0142a spotkanie z poet\u0105 i wydawc\u0105 ziemi lublinieckiej Panem Edwardem Przebieraczem.\u00a0Tematem spotkania skierowanego do uczni\u00f3w klas pi\u0105tych, by\u0142a \u00a0\u201eDroga ksi\u0105\u017cki od pisarza do czytelnika\u201d. Nasz go\u015b\u0107 w barwny spos\u00f3b przedstawi\u0142 kolejne etapy powstawania ksi\u0105\u017cki z\u00a0punktu widzenia autora oraz wydawcy. Zaprezentowa\u0142 kilka napisanych, opracowanych, b\u0105d\u017a wydanych przez<span class=\"ellipsis\">&hellip;<\/span><\/p>\n<div class=\"read-more\"><a href=\"https:\/\/pbp.womczest.edu.pl\/new\/spotkanie-autorskie-z-panem-edwardem-przebieraczem\/\">Czytaj wi\u0119cej &#8250;<\/a><\/div>\n<p><!-- end of .read-more --><\/p>\n","protected":false},"author":4,"featured_media":0,"parent":0,"menu_order":0,"comment_status":"closed","ping_status":"closed","template":"","meta":{"footnotes":""},"jetpack_sharing_enabled":true,"jetpack_shortlink":"https:\/\/wp.me\/PgmV4H-270","_links":{"self":[{"href":"https:\/\/pbp.womczest.edu.pl\/new\/wp-json\/wp\/v2\/pages\/8122"}],"collection":[{"href":"https:\/\/pbp.womczest.edu.pl\/new\/wp-json\/wp\/v2\/pages"}],"about":[{"href":"https:\/\/pbp.womczest.edu.pl\/new\/wp-json\/wp\/v2\/types\/page"}],"author":[{"embeddable":true,"href":"https:\/\/pbp.womczest.edu.pl\/new\/wp-json\/wp\/v2\/users\/4"}],"replies":[{"embeddable":true,"href":"https:\/\/pbp.womczest.edu.pl\/new\/wp-json\/wp\/v2\/comments?post=8122"}],"version-history":[{"count":2,"href":"https:\/\/pbp.womczest.edu.pl\/new\/wp-json\/wp\/v2\/pages\/8122\/revisions"}],"predecessor-version":[{"id":8133,"href":"https:\/\/pbp.womczest.edu.pl\/new\/wp-json\/wp\/v2\/pages\/8122\/revisions\/8133"}],"wp:attachment":[{"href":"https:\/\/pbp.womczest.edu.pl\/new\/wp-json\/wp\/v2\/media?parent=8122"}],"curies":[{"name":"wp","href":"https:\/\/api.w.org\/{rel}","templated":true}]}}