


{"id":7996,"date":"2016-06-07T09:59:25","date_gmt":"2016-06-07T07:59:25","guid":{"rendered":"https:\/\/pbp.womczest.edu.pl\/new\/?page_id=7996"},"modified":"2016-06-07T09:59:25","modified_gmt":"2016-06-07T07:59:25","slug":"ii-ogolnopolska-noc-bibliotek","status":"publish","type":"page","link":"https:\/\/pbp.womczest.edu.pl\/new\/ii-ogolnopolska-noc-bibliotek\/","title":{"rendered":"II Og\u00f3lnopolska Noc Bibliotek"},"content":{"rendered":"<p>4. czerwca 2016 r. w Publicznej Bibliotece Pedagogicznej RODN \u201eWOM\u201d w\u00a0Cz\u0119stochowie odby\u0142a si\u0119 II Og\u00f3lnopolska Noc Bibliotek pod has\u0142em <em><strong>\u201eWolno czyta\u0107\u201d<\/strong><\/em>.<\/p>\n<p>W godzinach 16.00-22.00 na uczestnik\u00f3w tegorocznej Nocy Bibliotek czeka\u0142o wiele atrakcji i ciekawych zaj\u0119\u0107, poniewa\u017c w bibliotece wolno czyta\u0107, ale nie tylko\u2026<\/p>\n<p>Oficjalne rozpocz\u0119cie Nocy Bibliotek nast\u0105pi\u0142o o godzinie 16.30 w Auli Forum RODN \u201eWOM\u201d. Pani wicedyrektor ds. bibliotek pedagogicznych Renata Lipniewska powita\u0142a przyby\u0142ych go\u015bci. Nast\u0119pnie odczytany zosta\u0142 wiersz Danuty Wawi\u0142ow \u201eSzybko\u201d.<\/p>\n<p>Pierwszym punktem programu by\u0142a projekcja filmu A. Maleszki \u201eMagiczne drzewo\u201d.\u00a0Po obejrzeniu filmu dzieci wraz z opiekunami mogli skorzysta\u0107 z bogatej oferty zaj\u0119\u0107 proponowanych przez pracownik\u00f3w biblioteki.<\/p>\n<p>W wypo\u017cyczalni mo\u017cna by\u0142o wypo\u017cyczy\u0107 wi\u0119ksz\u0105 ni\u017c zwykle ilo\u015b\u0107 ksi\u0105\u017cek.<\/p>\n<p>W czytelni rodzice i opiekunowie mogli przy \u201ema\u0142ej czarnej\u201d pos\u0142ucha\u0107 koncertu skrzypcowego w wykonaniu Olgi Arkabus, kt\u00f3ra od wielu lat kszta\u0142ci si\u0119 w Cz\u0119stochowskiej Szkole Suzuki w klasie skrzypiec pod kierunkiem p. Marii Magdaleny Rogowskiej.<\/p>\n<p>Ponadto, uczestnicy Nocy Bibliotek, zar\u00f3wno dzieci jak i doro\u015bli, mogli wzi\u0105\u0107 udzia\u0142 w warsztatach plastycznych pn. <em>Jak powstaje obraz? Od szkicu do barw\u2026 <\/em>oraz w warsztatach czytelniczo-plastycznych<em> Tworzenie Lapbook\u2019a.<\/em><\/p>\n<p>Dla najm\u0142odszych zorganizowane zosta\u0142y zaj\u0119cia z wykorzystaniem urz\u0105dze\u0144 mobilnych: tablicy interaktywnej i tablet\u00f3w &#8211; <em>Interaktywny maluch w bibliotece <\/em>oraz <em>Tworzenie interaktywnych ksi\u0105\u017ceczek w programie Story Jumper.<\/em><\/p>\n<p>Du\u017c\u0105 popularno\u015bci\u0105 cieszy\u0142 si\u0119 <em>Teatrzyk Kamishibai<\/em>, kt\u00f3ry mo\u017cna by\u0142o ogl\u0105da\u0107 przez ca\u0142y czas trwania imprezy. Teatrzyk prezentowany by\u0142 przez bibliotekarki przebrane w japo\u0144skie kimona, co dodawa\u0142o czytanym bajkom magicznego charakteru.<\/p>\n<p>Zwolennicy gier planszowych mieli mo\u017cliwo\u015b\u0107 skorzystania z bogatej oferty gier prezentowanych w trakcie <em>Planszogrania z Bardem. <\/em><\/p>\n<p>Dla fan\u00f3w ksi\u0105\u017cek i film\u00f3w nauczyciele bibliotekarze zorganizowali <em>Wieczorne spotkanie z Panem Kleksem<\/em>, zaj\u0119cia oparte na ekranizacji Akademii Pana Kleksa oraz zaj\u0119cia biblioterapeutyczne pt. <em>Kto czyta ksi\u0105\u017cki, \u017cyje podw\u00f3jnie<\/em>.<\/p>\n<p>Impreza zako\u0144czy\u0142a si\u0119, podobnie jak w ubieg\u0142ym roku, p\u00f3\u0142mrocznym zwiedzaniem biblioteki z latarkami. Wszyscy uczestnicy Nocy Bibliotek mieli okazj\u0119 zajrze\u0107 w zakamarki naszej biblioteki.<\/p>\n<p>Punktem kulminacyjnym imprezy by\u0142o poszukiwanie \u201ezab\u0142\u0105kanego\u201d mi\u0119dzy rega\u0142ami Czerwonego Kapturka i towarzysz\u0105cego mu wilka. Dodatkow\u0105 atrakcj\u0105 by\u0142a mo\u017cliwo\u015b\u0107 wykonania pami\u0105tkowego zdj\u0119cia z postaciami Czerwonego Kapturka i wilka.<\/p>\n<p>Na zako\u0144czenie ka\u017cdy otrzyma\u0142 <em>Certyfikat udzia\u0142u w og\u00f3lnopolskiej akcji promuj\u0105cej czytelnictwo i biblioteki Noc Bibliotek.<\/em><\/p>\n<p><a href=\"https:\/\/pbp.womczest.edu.pl\/new\/galeria\/noc-bibliotek-2016\/\">Galeria<\/a><\/p>\n<p style=\"text-align: right;\"><em>Marta Ma\u0142ek<\/em><br \/>\n<em>Zdj\u0119cia : Izabela Bajor, Pawe\u0142 W\u0142odarczyk<\/em><\/p>\n","protected":false},"excerpt":{"rendered":"<p>4. czerwca 2016 r. w Publicznej Bibliotece Pedagogicznej RODN \u201eWOM\u201d w\u00a0Cz\u0119stochowie odby\u0142a si\u0119 II Og\u00f3lnopolska Noc Bibliotek pod has\u0142em \u201eWolno czyta\u0107\u201d. W godzinach 16.00-22.00 na uczestnik\u00f3w tegorocznej Nocy Bibliotek czeka\u0142o wiele atrakcji i ciekawych zaj\u0119\u0107, poniewa\u017c w bibliotece wolno czyta\u0107, ale nie tylko\u2026 Oficjalne rozpocz\u0119cie Nocy Bibliotek nast\u0105pi\u0142o o godzinie 16.30 w Auli Forum RODN \u201eWOM\u201d. Pani wicedyrektor ds. bibliotek pedagogicznych Renata Lipniewska powita\u0142a przyby\u0142ych go\u015bci. Nast\u0119pnie odczytany zosta\u0142 wiersz<span class=\"ellipsis\">&hellip;<\/span><\/p>\n<div class=\"read-more\"><a href=\"https:\/\/pbp.womczest.edu.pl\/new\/ii-ogolnopolska-noc-bibliotek\/\">Czytaj wi\u0119cej &#8250;<\/a><\/div>\n<p><!-- end of .read-more --><\/p>\n","protected":false},"author":6,"featured_media":7993,"parent":0,"menu_order":0,"comment_status":"closed","ping_status":"closed","template":"","meta":{"footnotes":""},"jetpack_sharing_enabled":true,"jetpack_shortlink":"https:\/\/wp.me\/PgmV4H-24Y","_links":{"self":[{"href":"https:\/\/pbp.womczest.edu.pl\/new\/wp-json\/wp\/v2\/pages\/7996"}],"collection":[{"href":"https:\/\/pbp.womczest.edu.pl\/new\/wp-json\/wp\/v2\/pages"}],"about":[{"href":"https:\/\/pbp.womczest.edu.pl\/new\/wp-json\/wp\/v2\/types\/page"}],"author":[{"embeddable":true,"href":"https:\/\/pbp.womczest.edu.pl\/new\/wp-json\/wp\/v2\/users\/6"}],"replies":[{"embeddable":true,"href":"https:\/\/pbp.womczest.edu.pl\/new\/wp-json\/wp\/v2\/comments?post=7996"}],"version-history":[{"count":1,"href":"https:\/\/pbp.womczest.edu.pl\/new\/wp-json\/wp\/v2\/pages\/7996\/revisions"}],"predecessor-version":[{"id":7997,"href":"https:\/\/pbp.womczest.edu.pl\/new\/wp-json\/wp\/v2\/pages\/7996\/revisions\/7997"}],"wp:featuredmedia":[{"embeddable":true,"href":"https:\/\/pbp.womczest.edu.pl\/new\/wp-json\/wp\/v2\/media\/7993"}],"wp:attachment":[{"href":"https:\/\/pbp.womczest.edu.pl\/new\/wp-json\/wp\/v2\/media?parent=7996"}],"curies":[{"name":"wp","href":"https:\/\/api.w.org\/{rel}","templated":true}]}}