


{"id":7980,"date":"2016-06-02T08:32:39","date_gmt":"2016-06-02T06:32:39","guid":{"rendered":"https:\/\/pbp.womczest.edu.pl\/new\/?page_id=7980"},"modified":"2016-06-02T08:36:58","modified_gmt":"2016-06-02T06:36:58","slug":"dyktus-2016","status":"publish","type":"page","link":"https:\/\/pbp.womczest.edu.pl\/new\/dyktus-2016\/","title":{"rendered":"Dyktu\u015b 2016"},"content":{"rendered":"<p>12 maja 2016 roku 42 uczni\u00f3w klas trzecich z 21 cz\u0119stochowskich szk\u00f3\u0142 podstawowych przyst\u0105pi\u0142o do pisania dyktanda w ramach XIV edycji <em>Miejskiego konkursu ortograficznego Dyktu\u015b. <\/em>Jak ka\u017cdego roku, fina\u0142 zmaga\u0144 szkolnych mistrz\u00f3w i wicemistrz\u00f3w ortografii odby\u0142 si\u0119 w Auli Forum Regionalnego O\u015brodka Doskonalenia Nauczycieli \u201eWOM\u201d w Cz\u0119stochowie.<\/p>\n<p>Uroczyste podsumowanie konkursu mia\u0142o miejsce 24 maja 2016 r. Na uroczysto\u015b\u0107 przybyli uczniowie z nauczycielami, rodzicami i dziadkami. W naszym spotkaniu udzia\u0142 wzi\u0119li r\u00f3wnie\u017c zaproszeni go\u015bcie \u2013 Pan Ryszard Stefaniak \u2013 zast\u0119pca prezydenta Miasta Cz\u0119stochowy, Pani El\u017cbieta Szaraniec \u2013 dyrektor Zespo\u0142u Szk\u00f3\u0142 nr 15 w Cz\u0119stochowie i Pani Maria \u015awiniarska \u2013 dyrektor Szko\u0142y Podstawowej nr 11 w Cz\u0119stochowie.<\/p>\n<p>Uroczysto\u015b\u0107 poprowadzi\u0142a Pani Renata Lipniewska \u2013 wicedyrektor RODN \u201eWOM\u201d ds. bibliotek pedagogicznych.<\/p>\n<p>W imieniu go\u015bci g\u0142os zabra\u0142 Ryszard Stefaniak \u2013 pogratulowa\u0142 uczniom ogromnej wiedzy, podzi\u0119kowa\u0142 nauczycielom za przygotowanie dzieci, a organizatorom za prac\u0119 zwi\u0105zan\u0105 z organizacj\u0105 konkursu.<\/p>\n<p>Dla uczestnik\u00f3w spotkania wyst\u0105pili uczniowie Szko\u0142y Podstawowej nr 11 oraz zesp\u00f3\u0142 <em>Pluszowy Mi\u015b<\/em> ze Szko\u0142y Podstawowej nr 19.<\/p>\n<p>Wszyscy bior\u0105cy udzia\u0142 w\u00a0 konkursie otrzymali dyplomy i drobne upominki. Dziesi\u0119ciu tegorocznym laureatom wr\u0119czono nagrody ksi\u0105\u017ckowe ufundowane przez Prezydenta Miasta Cz\u0119stochowy. Pan Krzysztof Matyjaszczyk ponownie w tym roku obj\u0105\u0142 <em>Dyktusia<\/em> swoim patronatem.<\/p>\n<p><strong>\u00a0<\/strong><\/p>\n<p><strong>A oto lista Laureat\u00f3w <em>Dyktusia 2016<\/em><\/strong><\/p>\n<p><strong>Mistrz<\/strong> \u2013 Mateusz \u017belezi\u0144ski &#8211; Szko\u0142a Podstawowa nr 54<\/p>\n<p><strong>Wicemistrz<\/strong> \u2013 Dominika Prusinowska \u2013 Szko\u0142a Podstawowa nr 32<\/p>\n<p><strong>Wicemistrz<\/strong> \u2013 Anna Matyjaszczyk \u2013 Szko\u0142a Podstawowa nr 31<\/p>\n<p><strong>Wyr\u00f3\u017cnienia<\/strong><\/p>\n<p>&#8211; Karolina Zieli\u0144ska \u2013 Szko\u0142a Podstawowa nr 33<\/p>\n<p>&#8211; Jakub K\u0119pa \u2013 Szko\u0142a Podstawowa nr 48<\/p>\n<p>&#8211; Martyna Kowalik \u2013 Szko\u0142a Podstawowa nr 31<\/p>\n<p>&#8211; Gabriela Magiera \u2013 Szko\u0142a Podstawowa nr 54<\/p>\n<p>&#8211; Katarzyna Bielawska \u2013 Szko\u0142a Podstawowa nr 21<\/p>\n<p>&#8211; Julia Wasiak \u2013 Szko\u0142a Podstawowa nr 21<\/p>\n<p>&#8211; Przemys\u0142aw Cis\u0142owski \u2013 Szko\u0142a Podstawowa nr 33<\/p>\n<p>Dzieciom gratulujemy wiedzy i umiej\u0119tno\u015bci ortograficznych.\u00a0Wszystkim, kt\u00f3rzy swoj\u0105 pomoc\u0105 wsparli nasze przedsi\u0119wzi\u0119cie<\/p>\n<p>serdecznie dzi\u0119kujemy.<\/p>\n<p><a href=\"https:\/\/pbp.womczest.edu.pl\/new\/wp-content\/uploads\/2016\/06\/Dyktu\u015b-2016_tekst.pdf\">Dyktu\u015b 2016_tekst<\/a><\/p>\n<p><strong>Organizatorzy:<\/strong><\/p>\n<p>Magdalena Krzemi\u0144ska &#8211;\u00a0Szko\u0142a Podstawowa nr 19 w Cz\u0119stochowie,<\/p>\n<p>Anna Janas, Katarzyna Ma\u0142asiewicz &#8211;\u00a0Szko\u0142a Podstawowa nr 11 w Cz\u0119stochowie,<\/p>\n<p>Joanna Resakowska &#8211;\u00a0Publiczna Biblioteka Pedagogiczna RODN \u201eWOM\u201d w Cz\u0119stochowie.<\/p>\n<p style=\"text-align: right;\"><em>Joanna Resakowska<\/em><\/p>\n<p>&nbsp;<\/p>\n<p>&nbsp;<\/p>\n<p>&nbsp;<\/p>\n","protected":false},"excerpt":{"rendered":"<p>12 maja 2016 roku 42 uczni\u00f3w klas trzecich z 21 cz\u0119stochowskich szk\u00f3\u0142 podstawowych przyst\u0105pi\u0142o do pisania dyktanda w ramach XIV edycji Miejskiego konkursu ortograficznego Dyktu\u015b. Jak ka\u017cdego roku, fina\u0142 zmaga\u0144 szkolnych mistrz\u00f3w i wicemistrz\u00f3w ortografii odby\u0142 si\u0119 w Auli Forum Regionalnego O\u015brodka Doskonalenia Nauczycieli \u201eWOM\u201d w Cz\u0119stochowie. Uroczyste podsumowanie konkursu mia\u0142o miejsce 24 maja 2016 r. Na uroczysto\u015b\u0107 przybyli uczniowie z nauczycielami, rodzicami i dziadkami. W naszym spotkaniu udzia\u0142 wzi\u0119li<span class=\"ellipsis\">&hellip;<\/span><\/p>\n<div class=\"read-more\"><a href=\"https:\/\/pbp.womczest.edu.pl\/new\/dyktus-2016\/\">Czytaj wi\u0119cej &#8250;<\/a><\/div>\n<p><!-- end of .read-more --><\/p>\n","protected":false},"author":6,"featured_media":0,"parent":0,"menu_order":0,"comment_status":"closed","ping_status":"closed","template":"","meta":{"footnotes":""},"jetpack_sharing_enabled":true,"jetpack_shortlink":"https:\/\/wp.me\/PgmV4H-24I","_links":{"self":[{"href":"https:\/\/pbp.womczest.edu.pl\/new\/wp-json\/wp\/v2\/pages\/7980"}],"collection":[{"href":"https:\/\/pbp.womczest.edu.pl\/new\/wp-json\/wp\/v2\/pages"}],"about":[{"href":"https:\/\/pbp.womczest.edu.pl\/new\/wp-json\/wp\/v2\/types\/page"}],"author":[{"embeddable":true,"href":"https:\/\/pbp.womczest.edu.pl\/new\/wp-json\/wp\/v2\/users\/6"}],"replies":[{"embeddable":true,"href":"https:\/\/pbp.womczest.edu.pl\/new\/wp-json\/wp\/v2\/comments?post=7980"}],"version-history":[{"count":3,"href":"https:\/\/pbp.womczest.edu.pl\/new\/wp-json\/wp\/v2\/pages\/7980\/revisions"}],"predecessor-version":[{"id":7985,"href":"https:\/\/pbp.womczest.edu.pl\/new\/wp-json\/wp\/v2\/pages\/7980\/revisions\/7985"}],"wp:attachment":[{"href":"https:\/\/pbp.womczest.edu.pl\/new\/wp-json\/wp\/v2\/media?parent=7980"}],"curies":[{"name":"wp","href":"https:\/\/api.w.org\/{rel}","templated":true}]}}