


{"id":7789,"date":"2016-05-09T11:29:27","date_gmt":"2016-05-09T09:29:27","guid":{"rendered":"https:\/\/pbp.womczest.edu.pl\/new\/?page_id=7789"},"modified":"2016-05-09T11:29:27","modified_gmt":"2016-05-09T09:29:27","slug":"ix-bajkowe-spotkania-relacja","status":"publish","type":"page","link":"https:\/\/pbp.womczest.edu.pl\/new\/ix-bajkowe-spotkania-relacja\/","title":{"rendered":"IX Bajkowe Spotkania &#8211; relacja"},"content":{"rendered":"<p>W tym roku, po raz dziewi\u0105ty, Aula Regionalnego O\u015brodka Doskonalenia Nauczycieli \u201eWOM\u201d w Cz\u0119stochowie zape\u0142ni\u0142a si\u0119 po brzegi. IX Bajkowe Spotkania odby\u0142y si\u0119 12,13 i 15 kwietnia 2016 r. Zaproszeni go\u015bcie czytali licznie zgromadzonym sze\u015bciolatkom utwory literackie i opowiadali o swoich pasjach, kt\u00f3rym oddaj\u0105 si\u0119 w wolnym od pracy i nauki czasie.<br \/>\nWe wtorek, 12 kwietnia, na Bajkowe Spotkanie przybyli sokolnicy wraz ze swoimi podopiecznymi. Pani Barbara Sularz i Pan \u0141ukasz Szawluk przeczytali dzieciom wiersze o sowach autorstwa Jana Brzechwy, Paw\u0142a K\u0119kusia oraz tekst Wr\u00f3belkowa telewizja Lidii Ippoldt. W przerwach mi\u0119dzy czytaniem utwor\u00f3w opowiadali o swojej profesji. Dzieci dowiedzia\u0142y si\u0119, \u017ce poza polowaniem sokolnicy zajmuj\u0105 si\u0119 tak\u017ce rehabilitacj\u0105 ptak\u00f3w drapie\u017cnych oraz obr\u0105czkowaniem chronionych gatunk\u00f3w. Sokolnicy zajmuj\u0105 si\u0119 te\u017c ochron\u0105 biologiczn\u0105 lotnisk cywilnych i wojskowych. Zaproszeni go\u015bcie zaprezentowali swoich podopiecznych a pokaz ten wzbudzi\u0142 w\u015br\u00f3d zgromadzonych dzieci najwi\u0119kszy zachwyt. Nad g\u0142owami uczestnik\u00f3w spotkania fruwa\u0142y: puszczyk brunatny Asian, puchacz Koko i p\u0142omyk\u00f3wki Wojtu\u015b i Frodo oraz jastrz\u0105b meksyka\u0144ski i sok\u00f3\u0142. Dzieci mog\u0142y z bliska zobaczy\u0107 te pi\u0119kne i drapie\u017cne ptaki. Dowiedzia\u0142y si\u0119 te\u017c wielu szczeg\u00f3\u0142\u00f3w dotycz\u0105cych biologii i anatomii tych grup ptak\u00f3w.<br \/>\nNa kolejnym spotkaniu, 13 kwietnia, go\u015b\u0107mi byli cz\u0142onkowie Garnizonu Fortecy Cz\u0119stochowy, ubrani w stroje, kt\u00f3re noszono w XVIII w. Pani Magdalena Mazur i Pan Konrad Ch\u0119ci\u0144ski opowiadali o swojej pasji, zach\u0119cili wszystkich do uczestniczenia w organizowanych przez nich rekonstrukcjach i piknikach. Garnizon Fortecy Cz\u0119stochowskiej to projekt odtwarzaj\u0105cy \u017co\u0142nierzy z po\u0142owy XVIII wieku stacjonuj\u0105cych w Cz\u0119stochowie na Jasnej G\u00f3rze. Celem dzia\u0142ania stowarzyszenia jest promocja jasnog\u00f3rskiego dziedzictwa kultury polskiej polegaj\u0105ca na tworzeniu warunk\u00f3w do rozwoju tradycji z my\u015bl\u0105 o przysz\u0142ych pokoleniach Zaproszeni go\u015bcie przeczytali dzieciom Krzesiwo, Dzielny Otrok, Panienka z okienka oraz Dzielny O\u0142owiany \u017co\u0142nierzyk.<br \/>\nNa ostatnim spotkaniu teksty literackie zgromadzonym dzieciom czytali Pan Andrzej Zagu\u0142a trener Wiod\u0105cego Ludowego Klubu Sportowego &#8222;Kmicic&#8221; oraz zawodnicy Dominik G\u0142owacki oraz Jan Lewanowicz. Dzieciom bardzo podoba\u0142y si\u0119 przygody Bolka i Lolka, kt\u00f3rzy nie mogli zdecydowa\u0107 si\u0119 jak\u0105 dyscyplin\u0119 sportu chc\u0105 uprawia\u0107. Zaproszeni go\u015bcie odpowiadali na pytania zadawane przez uczestnik\u00f3w. Pan Trener obja\u015bni\u0142 zgromadzonym, \u017ce szermierka to dyscyplina sportowa, jeden ze sport\u00f3w walki, a szermierz w\u0142ada broni\u0105 bia\u0142\u0105. Zawodnicy zaprezentowali str\u00f3j w kt\u00f3rym wyst\u0119puj\u0105 na zawodach i turniejach oraz wyposa\u017cenie szermierza. Ochotnicy mogli przywdzia\u0107 maski i dzier\u017cy\u0107 w d\u0142oni szpad\u0119. Jan i Dominik zaprezentowali kilka pozycji szermierczych i uk\u0142u\u0107 oraz tzw. uk\u0142on szermierczy. Ciekawostk\u0105 jest to, \u017ce po sko\u0144czonej walce zawodnicy maj\u0105 obowi\u0105zek podania sobie d\u0142oni (r\u0119ki nieuzbrojonej). U prawor\u0119cznych szermierzy jest to lewa r\u0119ka, czyli zupe\u0142nie inaczej ni\u017c przy zwyk\u0142ym powitaniu.<br \/>\nKa\u017cdy dzie\u0144 Bajkowych Spotka\u0144 by\u0142 inny i niepowtarzalny. M\u0142odzi uczestnicy wychodzili u\u015bmiechni\u0119ci i zadowoleni. Emocje towarzyszy\u0142y nie tylko podczas s\u0142uchania czytanych przez go\u015bci teks\u00f3w literackich, ale r\u00f3wnie\u017c podczas poznawania ich zainteresowa\u0144. Niejeden ch\u0142opiec deklarowa\u0142 ch\u0119\u0107 trenowania szermierki a dziewczynka zapragn\u0119\u0142a wdzia\u0107 XVIII-wieczn\u0105 sukni\u0119. Zaproszonym go\u015bciom oraz przyby\u0142ym dzieciom i ich opiekunom bardzo dzi\u0119kujemy za wsp\u00f3lnie sp\u0119dzony czas.<\/p>\n<p style=\"text-align: right;\"><em>Tekst: Anna D\u0105browska<\/em><br \/>\n<em>Zdj\u0119cia: Izabela Bajor<\/em><br \/>\n<em>Anna D\u0105browska<\/em><br \/>\n<a href=\"https:\/\/pbp.womczest.edu.pl\/new\/galeria\/bajkowe-spotkania-2016\/\">galeria<\/a><\/p>\n","protected":false},"excerpt":{"rendered":"<p>W tym roku, po raz dziewi\u0105ty, Aula Regionalnego O\u015brodka Doskonalenia Nauczycieli \u201eWOM\u201d w Cz\u0119stochowie zape\u0142ni\u0142a si\u0119 po brzegi. IX Bajkowe Spotkania odby\u0142y si\u0119 12,13 i 15 kwietnia 2016 r. Zaproszeni go\u015bcie czytali licznie zgromadzonym sze\u015bciolatkom utwory literackie i opowiadali o swoich pasjach, kt\u00f3rym oddaj\u0105 si\u0119 w wolnym od pracy i nauki czasie. We wtorek, 12 kwietnia, na Bajkowe Spotkanie przybyli sokolnicy wraz ze swoimi podopiecznymi. Pani Barbara Sularz i Pan<span class=\"ellipsis\">&hellip;<\/span><\/p>\n<div class=\"read-more\"><a href=\"https:\/\/pbp.womczest.edu.pl\/new\/ix-bajkowe-spotkania-relacja\/\">Czytaj wi\u0119cej &#8250;<\/a><\/div>\n<p><!-- end of .read-more --><\/p>\n","protected":false},"author":6,"featured_media":0,"parent":0,"menu_order":0,"comment_status":"closed","ping_status":"closed","template":"","meta":{"footnotes":""},"jetpack_sharing_enabled":true,"jetpack_shortlink":"https:\/\/wp.me\/PgmV4H-21D","_links":{"self":[{"href":"https:\/\/pbp.womczest.edu.pl\/new\/wp-json\/wp\/v2\/pages\/7789"}],"collection":[{"href":"https:\/\/pbp.womczest.edu.pl\/new\/wp-json\/wp\/v2\/pages"}],"about":[{"href":"https:\/\/pbp.womczest.edu.pl\/new\/wp-json\/wp\/v2\/types\/page"}],"author":[{"embeddable":true,"href":"https:\/\/pbp.womczest.edu.pl\/new\/wp-json\/wp\/v2\/users\/6"}],"replies":[{"embeddable":true,"href":"https:\/\/pbp.womczest.edu.pl\/new\/wp-json\/wp\/v2\/comments?post=7789"}],"version-history":[{"count":1,"href":"https:\/\/pbp.womczest.edu.pl\/new\/wp-json\/wp\/v2\/pages\/7789\/revisions"}],"predecessor-version":[{"id":7790,"href":"https:\/\/pbp.womczest.edu.pl\/new\/wp-json\/wp\/v2\/pages\/7789\/revisions\/7790"}],"wp:attachment":[{"href":"https:\/\/pbp.womczest.edu.pl\/new\/wp-json\/wp\/v2\/media?parent=7789"}],"curies":[{"name":"wp","href":"https:\/\/api.w.org\/{rel}","templated":true}]}}