


{"id":7619,"date":"2016-04-11T13:02:44","date_gmt":"2016-04-11T11:02:44","guid":{"rendered":"https:\/\/pbp.womczest.edu.pl\/new\/?page_id=7619"},"modified":"2025-01-22T13:52:51","modified_gmt":"2025-01-22T12:52:51","slug":"inne-wydarzenia","status":"publish","type":"page","link":"https:\/\/pbp.womczest.edu.pl\/new\/kontakt\/lubliniec\/inne-wydarzenia\/","title":{"rendered":"Promocja czytelnictwa"},"content":{"rendered":"<p>&nbsp;<\/p>\n<ul>\n<li><a href=\"https:\/\/pbp.womczest.edu.pl\/new\/narodowe-czytanie-2024-3\/\">Narodowe Czytanie &#8211; 2024<\/a><\/li>\n<li><a href=\"https:\/\/pbp.womczest.edu.pl\/new\/segregujemy-odpady-zajecia-edukacyjno-czytelnicze-w-zespole-szkolno-przedszkolnym-w-koszecinie\/\"><span style=\"color: #000000;\">Segregujemy odpady \u2013 zaj\u0119cia edukacyjno-czytelnicze zorganizowane z okazji \u015awiatowego Dnia Ziemi &#8211; 2024<\/span><\/a><\/li>\n<li><a href=\"https:\/\/pbp.womczest.edu.pl\/new\/zajecia-edukacyjne-japonia-kraj-z-ktorego-wywodzi-sie-teatrzyk-kamishibai\/\">Japonia \u2013 kraj z kt\u00f3rego wywodzi si\u0119 teatrzyk Kamishibai \u2013 zaj\u0119cia edukacyjne &#8211; 2024<\/a><\/li>\n<li><a href=\"https:\/\/pbp.womczest.edu.pl\/new\/dzien-jeza\/\">Dzie\u0144 Je\u017ca &#8211; 2023<\/a><\/li>\n<li><a href=\"https:\/\/pbp.womczest.edu.pl\/new\/dzien-czarnego-kota\/\">Dzie\u0144 Czarnego Kota &#8211; 2023<\/a><\/li>\n<li><a href=\"https:\/\/pbp.womczest.edu.pl\/new\/swiatowy-dzien-kota\/\">\u015awiatowy Dzie\u0144 Kota &#8211; 2023<\/a><\/li>\n<li><a href=\"https:\/\/pbp.womczest.edu.pl\/new\/narodowe-czytanie-2022-3\/\">Narodowe Czytanie 2022<\/a><\/li>\n<li><a href=\"https:\/\/pbp.womczest.edu.pl\/new\/dzien-integracji-z-dziecmi-z-ukrainy\/\">Dzie\u0144 integracji z dzie\u0107mi z Ukrainy &#8211; 2022<\/a><\/li>\n<li><a href=\"https:\/\/pbp.womczest.edu.pl\/new\/swiatowy-dzien-mozgu\/\">\u015awiatowy Dzie\u0144 M\u00f3zgu &#8211; 2022<\/a><\/li>\n<li><a href=\"https:\/\/pbp.womczest.edu.pl\/new\/miedzynarodowy-miesiac-bibliotek-szkolnych-2022-2\/\">Mi\u0119dzynarodowy Miesi\u0105c Bibliotek Szkolnych &#8211; 2022<\/a><\/li>\n<li><a href=\"https:\/\/pbp.womczest.edu.pl\/new\/swiatowy-dzien-ziemi\/\" target=\"_blank\" rel=\"noopener\">\u015awiatowy Dzie\u0144 Ziemi &#8211; 2021<\/a><\/li>\n<li><a href=\"https:\/\/pbp.womczest.edu.pl\/new\/swiatowy-tydzien-mozgu\/\" target=\"_blank\" rel=\"noopener\">\u015awiatowy Tydzie\u0144 M\u00f3zgu &#8211; 2021<\/a><\/li>\n<li><a href=\"https:\/\/pbp.womczest.edu.pl\/new\/warsztaty-dla-szkolnego-kola-wolontariatu\/\" target=\"_blank\" rel=\"noopener\">Warsztaty dla szkolnego ko\u0142a wolontariatu &#8211; 2020<\/a><\/li>\n<li><a href=\"https:\/\/pbp.womczest.edu.pl\/new\/ferie-z-ksiazka-i-zabawa\/\" target=\"_blank\" rel=\"noopener\">Ferie z ksi\u0105\u017ck\u0105 i zabaw\u0105 &#8211; 2020<\/a><\/li>\n<li><a href=\"https:\/\/pbp.womczest.edu.pl\/new\/miedzynarodowy-miesiac-bibliotek-szkolnych-odbyl-sie-w-tym-roku-pod-haslem-wyobraz-sobie\/\" target=\"_blank\" rel=\"noopener\">Mi\u0119dzynarodowy Miesi\u0105c Bibliotek Szkolnych odby\u0142 si\u0119 w tym roku pod has\u0142em: WYOBRA\u0179 SOBIE\u2026 &#8211; 2019<\/a><\/li>\n<li><a href=\"https:\/\/pbp.womczest.edu.pl\/new\/ogolnopolski-dzien-glosnego-czytania-2019\/\" target=\"_blank\" rel=\"noopener\">Og\u00f3lnopolski Dzie\u0144 G\u0142o\u015bnego Czytania &#8211; 2019<\/a><\/li>\n<li><a href=\"https:\/\/pbp.womczest.edu.pl\/new\/narodowe-czytanie-2019-r\/\" target=\"_blank\" rel=\"noopener\">Narodowe Czytanie &#8211; 2019 r.<\/a><\/li>\n<li><a href=\"https:\/\/pbp.womczest.edu.pl\/new\/kontakt\/lubliniec\/inne-wydarzenia\/ogolnopolski-tydzien-bibliotek-2018\/\" target=\"_blank\" rel=\"noopener noreferrer\">Og\u00f3lnopolski Tydzie\u0144 Bibliotek &#8211; 2018<\/a><\/li>\n<li><a href=\"https:\/\/pbp.womczest.edu.pl\/new\/narodowe-czytanie-2018-2\/\" target=\"_blank\" rel=\"noopener noreferrer\">Narodowe Czytanie- 2018<\/a><\/li>\n<li><a href=\"https:\/\/pbp.womczest.edu.pl\/new\/kontakt\/lubliniec\/inne-wydarzenia\/wakacje-w-bibliotece-2018\/\" target=\"_blank\" rel=\"noopener noreferrer\">Wakacje w bibliotece 2018<\/a><\/li>\n<li><a href=\"https:\/\/pbp.womczest.edu.pl\/new\/narodowe-czytanie-2017-2\/\" target=\"_blank\" rel=\"noopener noreferrer\">Narodowe Czytanie &#8211; 2017<\/a><\/li>\n<li style=\"text-align: left;\"><a href=\"https:\/\/pbp.womczest.edu.pl\/new\/kontakt\/lubliniec\/inne-wydarzenia\/promocja-czytelnictwa-w-roku-szkolnym-20162017-podsumowanie\/\" target=\"_blank\" rel=\"noopener noreferrer\">Promocja czytelnictwa w roku szkolnym &#8211; 2016\/2017<\/a><\/li>\n<li style=\"text-align: left;\"><a href=\"https:\/\/pbp.womczest.edu.pl\/new\/kontakt\/lubliniec\/inne-wydarzenia\/przyjaciele-planety-ziemia-2017-relacja-z-zajec-czytelniczych\/\" target=\"_blank\" rel=\"noopener noreferrer\">Przyjaciele planety Ziemia &#8211; 2017<\/a><\/li>\n<li style=\"text-align: left;\"><a href=\"https:\/\/pbp.womczest.edu.pl\/new\/kontakt\/lubliniec\/inne-wydarzenia\/miedzynarodowy-miesiac-bibliotek-szkolnych-2016\/\" target=\"_blank\" rel=\"noopener noreferrer\">Mi\u0119dzynarodowy Miesi\u0105c Bibliotek Szkolnych -2016<\/a><\/li>\n<li style=\"text-align: left;\"><a href=\"https:\/\/pbp.womczest.edu.pl\/new\/narodowe-czytanie-2016-2\/\" target=\"_blank\" rel=\"noopener noreferrer\">Narodowe Czytanie &#8211; 2016<\/a><\/li>\n<li style=\"text-align: left;\"><a href=\"https:\/\/pbp.womczest.edu.pl\/new\/tydzien-bibliotek-biblioteka-inspiruje\/\" target=\"_blank\" rel=\"noopener noreferrer\">Tydzie\u0144 Bibliotek: BIBLIOTEKA INSPIRUJE &#8211; 2016<\/a><\/li>\n<li style=\"text-align: left;\"><a href=\"https:\/\/pbp.womczest.edu.pl\/new\/ksiazki-naszych-marzen-zakonczenie-projektu\/\" target=\"_blank\" rel=\"noopener noreferrer\">Ksi\u0105\u017cki\u00a0naszych marze\u0144 &#8211; 2015\/2016<\/a><\/li>\n<li><a href=\"https:\/\/pbp.womczest.edu.pl\/new\/ksiazki-naszych-marzen\/\" target=\"_blank\" rel=\"noopener noreferrer\"><em>Ksi\u0105\u017cki naszych marze\u0144\u00a0&#8211; <\/em>relacja z pierwszego p\u00f3\u0142rocza pracy &#8211; 2015\/2016<\/a><\/li>\n<li style=\"text-align: left;\"><a href=\"https:\/\/pbp.womczest.edu.pl\/new\/dzien-ksiazki\/\" target=\"_blank\" rel=\"noopener noreferrer\">Dzie\u0144 ksi\u0105\u017cki &#8211; 2016<\/a><\/li>\n<li style=\"text-align: left;\"><a href=\"https:\/\/pbp.womczest.edu.pl\/new\/ferie-z-ksiazka-i-zabawa_-2016\/\" target=\"_blank\" rel=\"noopener noreferrer\">Ferie z ksi\u0105\u017ck\u0105 i zabaw\u0105 &#8211; 2016<\/a><\/li>\n<li><a href=\"https:\/\/pbp.womczest.edu.pl\/new\/kontakt\/lubliniec\/inne-wydarzenia\/sniadanie-i-glosne-czytanie\/\" target=\"_blank\" rel=\"noopener noreferrer\">\u015aniadanie i g\u0142o\u015bne czytanie &#8211; spotkanie czytelnicze 2016<\/a><\/li>\n<li style=\"text-align: left;\"><a href=\"https:\/\/pbp.womczest.edu.pl\/new\/droga-ksiazki-od-autora-do-czytelnika-spotkanie-z-edwardem-przebieraczem\/\" target=\"_blank\" rel=\"noopener noreferrer\"><em>Droga ksi\u0105\u017cki od autora do czytelnika<\/em> &#8211; spotkanie z Panem Edwardem Przebieraczem &#8211; 2016<\/a><\/li>\n<li style=\"text-align: left;\"><a href=\"https:\/\/pbp.womczest.edu.pl\/new\/spotkanie-autorskie-z-panem-edwardem-przebieraczem\/\" target=\"_blank\" rel=\"noopener noreferrer\">Spotkanie autorskie z Panem Edwardem Przebieraczem &#8211; 2015<\/a><\/li>\n<li style=\"text-align: left;\"><a href=\"https:\/\/pbp.womczest.edu.pl\/new\/czytam-sobie-w-bibliotece-podsumowanie-projektu\/\" target=\"_blank\" rel=\"noopener noreferrer\"><em>Czytam sobie w bibliotece<\/em> &#8211; podsumowanie projektu &#8211; 2015<\/a><\/li>\n<\/ul>\n<p>&nbsp;<\/p>\n","protected":false},"excerpt":{"rendered":"<p>&nbsp; Narodowe Czytanie &#8211; 2024 Segregujemy odpady \u2013 zaj\u0119cia edukacyjno-czytelnicze zorganizowane z okazji \u015awiatowego Dnia Ziemi &#8211; 2024 Japonia \u2013 kraj z kt\u00f3rego wywodzi si\u0119 teatrzyk Kamishibai \u2013 zaj\u0119cia edukacyjne &#8211; 2024 Dzie\u0144 Je\u017ca &#8211; 2023 Dzie\u0144 Czarnego Kota &#8211; 2023 \u015awiatowy Dzie\u0144 Kota &#8211; 2023 Narodowe Czytanie 2022 Dzie\u0144 integracji z dzie\u0107mi z Ukrainy &#8211; 2022 \u015awiatowy Dzie\u0144 M\u00f3zgu &#8211; 2022 Mi\u0119dzynarodowy Miesi\u0105c Bibliotek Szkolnych &#8211; 2022 \u015awiatowy Dzie\u0144<span class=\"ellipsis\">&hellip;<\/span><\/p>\n<div class=\"read-more\"><a href=\"https:\/\/pbp.womczest.edu.pl\/new\/kontakt\/lubliniec\/inne-wydarzenia\/\">Czytaj wi\u0119cej &#8250;<\/a><\/div>\n<p><!-- end of .read-more --><\/p>\n","protected":false},"author":4,"featured_media":0,"parent":3160,"menu_order":0,"comment_status":"closed","ping_status":"closed","template":"","meta":{"footnotes":""},"jetpack_sharing_enabled":true,"jetpack_shortlink":"https:\/\/wp.me\/PgmV4H-1YT","_links":{"self":[{"href":"https:\/\/pbp.womczest.edu.pl\/new\/wp-json\/wp\/v2\/pages\/7619"}],"collection":[{"href":"https:\/\/pbp.womczest.edu.pl\/new\/wp-json\/wp\/v2\/pages"}],"about":[{"href":"https:\/\/pbp.womczest.edu.pl\/new\/wp-json\/wp\/v2\/types\/page"}],"author":[{"embeddable":true,"href":"https:\/\/pbp.womczest.edu.pl\/new\/wp-json\/wp\/v2\/users\/4"}],"replies":[{"embeddable":true,"href":"https:\/\/pbp.womczest.edu.pl\/new\/wp-json\/wp\/v2\/comments?post=7619"}],"version-history":[{"count":67,"href":"https:\/\/pbp.womczest.edu.pl\/new\/wp-json\/wp\/v2\/pages\/7619\/revisions"}],"predecessor-version":[{"id":26301,"href":"https:\/\/pbp.womczest.edu.pl\/new\/wp-json\/wp\/v2\/pages\/7619\/revisions\/26301"}],"up":[{"embeddable":true,"href":"https:\/\/pbp.womczest.edu.pl\/new\/wp-json\/wp\/v2\/pages\/3160"}],"wp:attachment":[{"href":"https:\/\/pbp.womczest.edu.pl\/new\/wp-json\/wp\/v2\/media?parent=7619"}],"curies":[{"name":"wp","href":"https:\/\/api.w.org\/{rel}","templated":true}]}}