


{"id":7540,"date":"2016-04-05T14:11:54","date_gmt":"2016-04-05T12:11:54","guid":{"rendered":"https:\/\/pbp.womczest.edu.pl\/new\/?page_id=7540"},"modified":"2017-05-18T14:34:28","modified_gmt":"2017-05-18T12:34:28","slug":"akademia-szczesliwego-dziecinstwa-w-kregu-nowoczesnych-technologii-informacyjno-komunikacyjnych","status":"publish","type":"page","link":"https:\/\/pbp.womczest.edu.pl\/new\/akademia-szczesliwego-dziecinstwa-w-kregu-nowoczesnych-technologii-informacyjno-komunikacyjnych\/","title":{"rendered":"Akademia Szcz\u0119\u015bliwego Dzieci\u0144stwa \u2013 w kr\u0119gu nowoczesnych technologii informacyjno-komunikacyjnych"},"content":{"rendered":"<p>Jak zaciekawi\u0107 cyfrowego tubylca? Sposoby na\u00a0 wykorzystanie nowoczesnych technologii informacyjno-komunikacyjnych w edukacji zaprezentowano podczas konferencji z cyklu \u201eAkademia Szcz\u0119\u015bliwego Dzieci\u0144stwa\u201d zorganizowanej przez Publiczn\u0105 Bibliotek\u0119 Pedagogiczn\u0105 Regionalnego O\u015brodka Doskonalenia Nauczycieli \u201eWOM\u201d w\u00a0Cz\u0119stochowie w\u00a0ramach Og\u00f3lnopolskiej kampanii spo\u0142ecznej\u00a0<em>Ca\u0142a Polska czyta dzieciom<\/em>.<\/p>\n<p>31 marca 2016 roku o godz. 13<sup>30<\/sup> w\u00a0Auli Regionalnego O\u015brodka Doskonalenia Nauczycieli \u201eWOM\u201d w\u00a0Cz\u0119stochowie \u00a0zgromadzili si\u0119 nauczyciele przedszkoli, nauczyciele edukacji wczesnoszkolnej, wychowawcy, nauczyciele bibliotekarze, studenci przygotowuj\u0105cy si\u0119 do\u00a0zawodu nauczyciela oraz\u00a0rodzice. W konferencji wzi\u0119\u0142o udzia\u0142 77 os\u00f3b.<\/p>\n<p>Przyby\u0142ych go\u015bci, prelegent\u00f3w i uczestnik\u00f3w konferencji powita\u0142a Pani Anna Hiller, nauczyciel bibliotekarz Publicznej Biblioteki Pedagogicznej, lider Fundacji <em>Ca\u0142a Polska czyta dzieciom<\/em>.<\/p>\n<p>Jako pierwszy g\u0142os zabra\u0142 Pan Tomasz Walasek, pracownik naukowy Wydzia\u0142u In\u017cynierii Mechanicznej i Informatyki Politechniki Cz\u0119stochowskiej &#8211; przedstawi\u0142 zagadnienia technologii i edukacji obecnie funkcjonuj\u0105ce w o\u015bwiacie. Zgodnie z tytu\u0142em wyst\u0105pienia \u201eCzas na zmian\u0119 &#8211; nowoczesne technologie w edukacji\u201d zwr\u00f3ci\u0142 uwag\u0119 na nowo\u015bci, kt\u00f3re do edukacji dopiero musz\u0105 trafi\u0107. Podkre\u015bli\u0142, \u017ce wychowujemy i kszta\u0142cimy naszych uczni\u00f3w do zawod\u00f3w, kt\u00f3re w tej chwili jeszcze nie istniej\u0105. Kolejn\u0105 prelegentk\u0105 by\u0142a Pani Beata Rabsztyn, nauczyciel edukacji wczesnoszkolnej Szko\u0142y Podstawowej nr 31 z Oddzia\u0142ami Integracyjnymi w Cz\u0119stochowie. W wyst\u0105pieniu \u201eTIK dla najm\u0142odszych\u201d podzieli\u0142a si\u0119 swoimi do\u015bwiadczeniami w wykorzystaniu technologii informacyjno-komunikacyjnych w pracy z najm\u0142odszymi uczniami. Podczas zaj\u0119\u0107 nauczycielka stosuje g\u0142\u00f3wnie metod\u0119 problemow\u0105, opart\u0105 na dzia\u0142alno\u015bci praktycznej z u\u017cyciem kart pracy, tablet\u00f3w, tablicy interaktywnej i aplikacji mobilnych, z wykorzystaniem kt\u00f3rych sporz\u0105dzono interaktywne gry oraz \u015brodki dydaktyczne (Learning Apps, Story Jumper). Pani Rabsztyn jest laureatk\u0105 og\u00f3lnopolskiego konkursu \u201eSzko\u0142a na czasie e-podr\u0119czniki w klasie\u201d zorganizowanego pod patronatem Ministerstwa Edukacji Narodowej i O\u015brodka Rozwoju Edukacji.<\/p>\n<p>Panie Izabela Sitek i Renata Sowada ze Szko\u0142y Podstawowej nr 53 z Oddzia\u0142ami Integracyjnymi w Cz\u0119stochowie zaprezentowa\u0142y projekty czytelnicze, kt\u00f3re realizuj\u0105 w ramach programu eTwinning. Podczas wyst\u0105pienia \u201eRozwijanie kompetencji czytelniczych w programie eTwinning\u201d dowiod\u0142y, \u017ce dzi\u0119ki technologii informacyjno-komunikacyjnej dzieci poszerzaj\u0105 r\u00f3wnie\u017c swoje kompetencje kluczowe, tj. porozumiewanie si\u0119 w j\u0119zyku ojczystym i obcym, kompetencje informatyczne, umiej\u0119tno\u015b\u0107 uczenia si\u0119 oraz kompetencje spo\u0142eczne i obywatelskie.<\/p>\n<p>Konferencj\u0119 zako\u0144czy\u0142o wyst\u0105pienie Pani Anny Przybysz z O\u015brodka Rozwoju Edukacji w Warszawie, kt\u00f3ra zaprezentowa\u0142a nowe mo\u017cliwo\u015bci platformy e-podr\u0119czniki oraz sposoby ich wykorzystania podczas zaj\u0119\u0107 edukacyjnych. Zach\u0119ci\u0142a do korzystania z bogatych zasob\u00f3w platformy jak r\u00f3wnie\u017c do uczestnictwa w kursie e-learningowym \u201eWykorzystanie e-podr\u0119cznik\u00f3w i e-zasob\u00f3w w nauczaniu i uczeniu si\u0119\u201d.<\/p>\n<p>Wszystkie wyst\u0105pienia by\u0142y niezwykle ciekawe i inspiruj\u0105ce. Dzi\u0119kujemy prelegentom za po\u015bwi\u0119cony czas i przekazan\u0105 wiedz\u0119, uczestnikom za przybycie i aktywny udzia\u0142.<\/p>\n<p style=\"text-align: right;\"><em>Tekst: Anna D\u0105browska<br \/>\nFot.: Mariusz Trenda<br \/>\n<a href=\"https:\/\/pbp.womczest.edu.pl\/new\/galeria\/akademia-szczesliwego-dziecinstwa-w-kregu-nowoczesnych-technologii-informacyjno-komunikacyjnych-2016\/\">galeria<\/a><br \/>\n<\/em><\/p>\n<p><em>\u00a0<\/em><\/p>\n<p>Tomasz Walasek, <em>Czas na zmian\u0119- nowoczesne technologie w edukacji<\/em> <a href=\"https:\/\/prezi.com\/qz3o9ne6fcvq\/woko-e-nauczania-tomasz-walasek\/\" target=\"_blank\" rel=\"noopener noreferrer\">https:\/\/prezi.com\/qz3o9ne6fcvq\/woko-e-nauczania-tomasz-walasek\/<\/a><\/p>\n<p>Beata Rabsztyn, <em><a href=\"https:\/\/pbp.womczest.edu.pl\/new\/wp-content\/uploads\/2016\/04\/prezentacja_beata_rabsztyn.pdf\" target=\"_blank\" rel=\"noopener noreferrer\">TIK dla najm\u0142odszych<\/a><\/em><\/p>\n<p>Izabela Sitek i Renata Sowada, <em><a href=\"https:\/\/pbp.womczest.edu.pl\/new\/wp-content\/uploads\/2016\/04\/prezentacja_r_sowada_i_sitek.pdf\" target=\"_blank\" rel=\"noopener noreferrer\">Rozwijanie kompetencji czytelniczych w programie eTwinning<\/a><\/em><\/p>\n<p>Anna Przybysz,<em> <a href=\"https:\/\/pbp.womczest.edu.pl\/new\/wp-content\/uploads\/2016\/04\/prezentacja_anna_przybysz.pdf\" target=\"_blank\" rel=\"noopener noreferrer\">Wykorzystanie e-podr\u0119cznik\u00f3w i e-zasob\u00f3w w nauczaniu i uczeniu si\u0119<\/a><\/em><\/p>\n","protected":false},"excerpt":{"rendered":"<p>Jak zaciekawi\u0107 cyfrowego tubylca? Sposoby na\u00a0 wykorzystanie nowoczesnych technologii informacyjno-komunikacyjnych w edukacji zaprezentowano podczas konferencji z cyklu \u201eAkademia Szcz\u0119\u015bliwego Dzieci\u0144stwa\u201d zorganizowanej przez Publiczn\u0105 Bibliotek\u0119 Pedagogiczn\u0105 Regionalnego O\u015brodka Doskonalenia Nauczycieli \u201eWOM\u201d w\u00a0Cz\u0119stochowie w\u00a0ramach Og\u00f3lnopolskiej kampanii spo\u0142ecznej\u00a0Ca\u0142a Polska czyta dzieciom. 31 marca 2016 roku o godz. 1330 w\u00a0Auli Regionalnego O\u015brodka Doskonalenia Nauczycieli \u201eWOM\u201d w\u00a0Cz\u0119stochowie \u00a0zgromadzili si\u0119 nauczyciele przedszkoli, nauczyciele edukacji wczesnoszkolnej, wychowawcy, nauczyciele bibliotekarze, studenci przygotowuj\u0105cy si\u0119 do\u00a0zawodu nauczyciela oraz\u00a0rodzice. W konferencji<span class=\"ellipsis\">&hellip;<\/span><\/p>\n<div class=\"read-more\"><a href=\"https:\/\/pbp.womczest.edu.pl\/new\/akademia-szczesliwego-dziecinstwa-w-kregu-nowoczesnych-technologii-informacyjno-komunikacyjnych\/\">Czytaj wi\u0119cej &#8250;<\/a><\/div>\n<p><!-- end of .read-more --><\/p>\n","protected":false},"author":4,"featured_media":7068,"parent":0,"menu_order":0,"comment_status":"closed","ping_status":"closed","template":"","meta":{"footnotes":""},"jetpack_sharing_enabled":true,"jetpack_shortlink":"https:\/\/wp.me\/PgmV4H-1XC","_links":{"self":[{"href":"https:\/\/pbp.womczest.edu.pl\/new\/wp-json\/wp\/v2\/pages\/7540"}],"collection":[{"href":"https:\/\/pbp.womczest.edu.pl\/new\/wp-json\/wp\/v2\/pages"}],"about":[{"href":"https:\/\/pbp.womczest.edu.pl\/new\/wp-json\/wp\/v2\/types\/page"}],"author":[{"embeddable":true,"href":"https:\/\/pbp.womczest.edu.pl\/new\/wp-json\/wp\/v2\/users\/4"}],"replies":[{"embeddable":true,"href":"https:\/\/pbp.womczest.edu.pl\/new\/wp-json\/wp\/v2\/comments?post=7540"}],"version-history":[{"count":6,"href":"https:\/\/pbp.womczest.edu.pl\/new\/wp-json\/wp\/v2\/pages\/7540\/revisions"}],"predecessor-version":[{"id":9786,"href":"https:\/\/pbp.womczest.edu.pl\/new\/wp-json\/wp\/v2\/pages\/7540\/revisions\/9786"}],"wp:featuredmedia":[{"embeddable":true,"href":"https:\/\/pbp.womczest.edu.pl\/new\/wp-json\/wp\/v2\/media\/7068"}],"wp:attachment":[{"href":"https:\/\/pbp.womczest.edu.pl\/new\/wp-json\/wp\/v2\/media?parent=7540"}],"curies":[{"name":"wp","href":"https:\/\/api.w.org\/{rel}","templated":true}]}}