


{"id":7450,"date":"2016-03-23T09:38:30","date_gmt":"2016-03-23T08:38:30","guid":{"rendered":"https:\/\/pbp.womczest.edu.pl\/new\/?page_id=7450"},"modified":"2016-03-23T09:38:30","modified_gmt":"2016-03-23T08:38:30","slug":"swiatowy-dzien-pluszowego-misia-2015","status":"publish","type":"page","link":"https:\/\/pbp.womczest.edu.pl\/new\/swiatowy-dzien-pluszowego-misia-2015\/","title":{"rendered":"\u015awiatowy Dzie\u0144 Pluszowego Misia 2015"},"content":{"rendered":"<h3 style=\"text-align: center;\"><strong><em>\u015awiatowy Dzie\u0144 Pluszowego Misia 2015<\/em><\/strong><\/h3>\n<p>25 listopada 2015 r.<img decoding=\"async\" loading=\"lazy\" class=\"wp-image-6888 alignleft\" src=\"https:\/\/pbp.womczest.edu.pl\/new\/wp-content\/uploads\/2015\/11\/Slajd2-300x225.jpg\" alt=\"\u015awiatowy Dzie\u0144 Pluszowego Misia_Lel\u00f3w\" width=\"183\" height=\"137\" srcset=\"https:\/\/pbp.womczest.edu.pl\/new\/wp-content\/uploads\/2015\/11\/Slajd2-300x225.jpg 300w, https:\/\/pbp.womczest.edu.pl\/new\/wp-content\/uploads\/2015\/11\/Slajd2-100x75.jpg 100w, https:\/\/pbp.womczest.edu.pl\/new\/wp-content\/uploads\/2015\/11\/Slajd2-150x113.jpg 150w, https:\/\/pbp.womczest.edu.pl\/new\/wp-content\/uploads\/2015\/11\/Slajd2-200x150.jpg 200w, https:\/\/pbp.womczest.edu.pl\/new\/wp-content\/uploads\/2015\/11\/Slajd2-450x338.jpg 450w, https:\/\/pbp.womczest.edu.pl\/new\/wp-content\/uploads\/2015\/11\/Slajd2-600x450.jpg 600w, https:\/\/pbp.womczest.edu.pl\/new\/wp-content\/uploads\/2015\/11\/Slajd2-900x675.jpg 900w, https:\/\/pbp.womczest.edu.pl\/new\/wp-content\/uploads\/2015\/11\/Slajd2.jpg 960w\" sizes=\"(max-width: 183px) 100vw, 183px\" \/> w naszej bibliotece kolejny raz obchodzili\u015bmy \u015awiatowy Dzie\u0144 Pluszowego Misia. Uroczysto\u015b\u0107 zorganizowa\u0142a i przeprowadzi\u0142a Publiczna Biblioteka Pedagogiczna RODN \u201eWOM\u201d w Cz\u0119stochowie Filia w Lelowie\u00a0wraz z\u00a0Zespo\u0142em\u00a0Szkolno Przedszkolnym w Lelowie\u00a0i\u00a0Gminn\u0105 Bibliotek\u0105 Publiczn\u0105 w Lelowie. W spotkaniu wzi\u0119\u0142o udzia\u0142 88\u00a0 uczni\u00f3w z klas I \u2013 III Zespo\u0142u Szkolno Przedszkolnego w Lelowie.\u00a0 Wszyscy uczniowie przyszli w towarzystwie swoich pluszowych przyjaci\u00f3\u0142. \u00a0Maskotki by\u0142y r\u00f3\u017cne, od bardzo malutkich do bardzo du\u017cych.<\/p>\n<p>Zabaw\u0119 rozpocz\u0119li\u015bmy od powitania i\u00a0 przybicia dzieciom na r\u0119kach\u00a0piecz\u0105tek \u00a0z podobizn\u0105 misia. Nast\u0119pnie uczennica klasy III w imieniu \u00a0przyby\u0142ych dzieci z\u0142o\u017cy\u0142a Misiowi urodzinowe \u017cyczenia i wr\u0119czy\u0142a prezent w postaci bary\u0142ki miodu. Wszyscy za\u015bpiewali Misiowi \u201eSto lat\u201d. W trakcie spotkania Jubilat opowiedzia\u0142 histori\u0119 Pluszowego Misia. By\u0142y \u00a0pl\u0105sy z maskotkami, recytacje wierszy, \u015bpiewanie piosenek o misiu, wsp\u00f3lna zabawa \u201eMisiowy masarz\u201d. Nie mog\u0142o zabrakn\u0105\u0107 r\u00f3wnie\u017c konkurs\u00f3w: kto szybciej, bez pomocy r\u0105k opr\u00f3\u017cni talerzyk z miodem, rozpoznaj jaki to smak, idziemy przez most.\u00a0 Mi\u015b nagradza\u0142 uczestnik\u00f3w konkurs\u00f3w s\u0142odkimi przysmakami. Wszyscy uczniowie mogli r\u00f3wnie\u017c obejrze\u0107 wystaw\u0119 dost\u0119pnych w bibliotece ksi\u0105\u017cek o misiach.<\/p>\n<p>Uroczysto\u015b\u0107 zako\u0144czyli\u015bmy wr\u0119czeniem pami\u0105tkowego dyplomu i drobiazgu dla ka\u017cdej klasy. Mi\u015b podzi\u0119kowa\u0142 wszystkim za udzia\u0142 w obchodach \u015awiatowego Dnia Pluszowego Misia, pocz\u0119stowa\u0142 go\u015bci ma\u0142ym co nieco i zaprosi\u0142 na kolejne spotkanie za rok.<br \/>\n<em>\u00a0\u00a0\u00a0\u00a0\u00a0\u00a0\u00a0\u00a0\u00a0 Dzi\u0119kujemy wszystkim za udzia\u0142 w spotkaniu i wsp\u00f3\u0142prac\u0119<\/em>.<\/p>\n<p style=\"text-align: right;\"><em>Tekst, zdj\u0119cia Dorota Kulawiak<\/em><\/p>\n<p style=\"text-align: right;\"><a href=\"https:\/\/pbp.womczest.edu.pl\/new\/swiatowy-dzien-pluszowego-misia-lelow-2015\/\">galeria<\/a><\/p>\n","protected":false},"excerpt":{"rendered":"<p>\u015awiatowy Dzie\u0144 Pluszowego Misia 2015 25 listopada 2015 r. w naszej bibliotece kolejny raz obchodzili\u015bmy \u015awiatowy Dzie\u0144 Pluszowego Misia. Uroczysto\u015b\u0107 zorganizowa\u0142a i przeprowadzi\u0142a Publiczna Biblioteka Pedagogiczna RODN \u201eWOM\u201d w Cz\u0119stochowie Filia w Lelowie\u00a0wraz z\u00a0Zespo\u0142em\u00a0Szkolno Przedszkolnym w Lelowie\u00a0i\u00a0Gminn\u0105 Bibliotek\u0105 Publiczn\u0105 w Lelowie. W spotkaniu wzi\u0119\u0142o udzia\u0142 88\u00a0 uczni\u00f3w z klas I \u2013 III Zespo\u0142u Szkolno Przedszkolnego w Lelowie.\u00a0 Wszyscy uczniowie przyszli w towarzystwie swoich pluszowych przyjaci\u00f3\u0142. \u00a0Maskotki by\u0142y r\u00f3\u017cne, od bardzo<span class=\"ellipsis\">&hellip;<\/span><\/p>\n<div class=\"read-more\"><a href=\"https:\/\/pbp.womczest.edu.pl\/new\/swiatowy-dzien-pluszowego-misia-2015\/\">Czytaj wi\u0119cej &#8250;<\/a><\/div>\n<p><!-- end of .read-more --><\/p>\n","protected":false},"author":4,"featured_media":0,"parent":0,"menu_order":0,"comment_status":"closed","ping_status":"closed","template":"","meta":{"footnotes":""},"jetpack_sharing_enabled":true,"jetpack_shortlink":"https:\/\/wp.me\/PgmV4H-1Wa","_links":{"self":[{"href":"https:\/\/pbp.womczest.edu.pl\/new\/wp-json\/wp\/v2\/pages\/7450"}],"collection":[{"href":"https:\/\/pbp.womczest.edu.pl\/new\/wp-json\/wp\/v2\/pages"}],"about":[{"href":"https:\/\/pbp.womczest.edu.pl\/new\/wp-json\/wp\/v2\/types\/page"}],"author":[{"embeddable":true,"href":"https:\/\/pbp.womczest.edu.pl\/new\/wp-json\/wp\/v2\/users\/4"}],"replies":[{"embeddable":true,"href":"https:\/\/pbp.womczest.edu.pl\/new\/wp-json\/wp\/v2\/comments?post=7450"}],"version-history":[{"count":1,"href":"https:\/\/pbp.womczest.edu.pl\/new\/wp-json\/wp\/v2\/pages\/7450\/revisions"}],"predecessor-version":[{"id":7451,"href":"https:\/\/pbp.womczest.edu.pl\/new\/wp-json\/wp\/v2\/pages\/7450\/revisions\/7451"}],"wp:attachment":[{"href":"https:\/\/pbp.womczest.edu.pl\/new\/wp-json\/wp\/v2\/media?parent=7450"}],"curies":[{"name":"wp","href":"https:\/\/api.w.org\/{rel}","templated":true}]}}