


{"id":6935,"date":"2015-12-02T14:04:57","date_gmt":"2015-12-02T13:04:57","guid":{"rendered":"https:\/\/pbp.womczest.edu.pl\/new\/?page_id=6935"},"modified":"2015-12-02T14:07:08","modified_gmt":"2015-12-02T13:07:08","slug":"czytam-sobie-w-bibliotece","status":"publish","type":"page","link":"https:\/\/pbp.womczest.edu.pl\/new\/czytam-sobie-w-bibliotece\/","title":{"rendered":"\u201eCzytam sobie w bibliotece\u201d"},"content":{"rendered":"<p><strong>Publiczna Biblioteka Pedagogiczna RODN \u201eWOM\u201d w\u00a0Cz\u0119stochowie<\/strong> przyst\u0105pi\u0142a do\u00a0projektu \u201e<strong><em>Czytam sobie w\u00a0bibliotece\u201d<\/em><\/strong><em>\u00a0<\/em>promuj\u0105cego czytelnictwo w\u015br\u00f3d dzieci w\u00a0wieku 5-8 lat. By\u0142 to\u00a0projekt Centrum Edukacji Obywatelskiej realizowany we\u00a0wsp\u00f3\u0142pracy z\u00a0Wydawnictwem Egmont przy wsparciu finansowym w\u00a0ramach Programu Operacyjnego \u201ePromocja literatury i\u00a0czytelnictwa\u201d Instytutu Ksi\u0105\u017cki og\u0142oszonego przez Ministerstwo Kultury i\u00a0Dziedzictwa Narodowego.<\/p>\n<p>Od\u00a015 wrze\u015bnia do\u00a015 listopada 2015\u00a0r. realizowane by\u0142y zaj\u0119cia podczas kt\u00f3rych\u00a0dzieci poznawa\u0142y literatur\u0119 i\u00a0tw\u00f3rczo j\u0105 interpretowa\u0142y. Dotychczas w bibliotece odby\u0142o si\u0119 5 zaj\u0119\u0107, w\u00a0kt\u00f3rych wzi\u0119\u0142o udzia\u0142 87 dzieci i 8 nauczycieli.<\/p>\n<p>Celem tych dzia\u0142a\u0144 by\u0142a promocja czytelnictwa i\u00a0zach\u0119cenie dzieci do\u00a0nauki samodzielnego czytania. Czytany g\u0142o\u015bno tekst i powtarzanie trudnych fragment\u00f3w by\u0142o pretekstem do wprowadzenia \u0107wicze\u0144 logopedycznych. Podczas zaj\u0119\u0107 wykorzystane by\u0142y materia\u0142y, kt\u00f3re biblioteka otrzyma\u0142a w\u00a0ramach przyst\u0105pienia do\u00a0projektu (komplet 9 ksi\u0105\u017cek z\u00a0serii\u00a0<em>Czytam sobie<\/em>\u00a0oraz\u00a0scenariusze lekcji, teczki, naklejki, zak\u0142adki do\u00a0ksi\u0105\u017cek, kolorowanki, dyplomy do\u00a0r\u0119cznego wype\u0142nienia). Ponadto prowadz\u0105cy zaj\u0119cia posi\u0142kowali si\u0119 prezentacjami multimedialnymi zeskanowanych ksi\u0105\u017ceczek oraz zagadkami, quizami i kolorowankami z\u00a0wykorzystaniem tablicy interaktywnej. Podsumowaniem zaj\u0119\u0107 by\u0142 quiz ze znajomo\u015bci poznanej lektury, do tego celu wykorzystana zosta\u0142a aplikacja Kahoot!, dzieci pracowa\u0142y na tabletach.<\/p>\n<p>Za aktywne uczestnictwo w zaj\u0119ciach ka\u017cde dziecko otrzyma\u0142o pami\u0105tkowy dyplom i\u00a0zak\u0142adk\u0119.<\/p>\n<p style=\"text-align: right;\"><em>Anna D\u0105browska<br \/>\nAnna Hiller<br \/>\nJolanta Janicka<\/em><\/p>\n<p style=\"text-align: right;\"><a href=\"https:\/\/pbp.womczest.edu.pl\/new\/galeria\/projekt-edukacyjny-czytam-sobie-w-bibliotece-2015\/\">galeria<\/a><\/p>\n<p>&nbsp;<\/p>\n","protected":false},"excerpt":{"rendered":"<p>Publiczna Biblioteka Pedagogiczna RODN \u201eWOM\u201d w\u00a0Cz\u0119stochowie przyst\u0105pi\u0142a do\u00a0projektu \u201eCzytam sobie w\u00a0bibliotece\u201d\u00a0promuj\u0105cego czytelnictwo w\u015br\u00f3d dzieci w\u00a0wieku 5-8 lat. By\u0142 to\u00a0projekt Centrum Edukacji Obywatelskiej realizowany we\u00a0wsp\u00f3\u0142pracy z\u00a0Wydawnictwem Egmont przy wsparciu finansowym w\u00a0ramach Programu Operacyjnego \u201ePromocja literatury i\u00a0czytelnictwa\u201d Instytutu Ksi\u0105\u017cki og\u0142oszonego przez Ministerstwo Kultury i\u00a0Dziedzictwa Narodowego. Od\u00a015 wrze\u015bnia do\u00a015 listopada 2015\u00a0r. realizowane by\u0142y zaj\u0119cia podczas kt\u00f3rych\u00a0dzieci poznawa\u0142y literatur\u0119 i\u00a0tw\u00f3rczo j\u0105 interpretowa\u0142y. Dotychczas w bibliotece odby\u0142o si\u0119 5 zaj\u0119\u0107, w\u00a0kt\u00f3rych wzi\u0119\u0142o udzia\u0142 87 dzieci<span class=\"ellipsis\">&hellip;<\/span><\/p>\n<div class=\"read-more\"><a href=\"https:\/\/pbp.womczest.edu.pl\/new\/czytam-sobie-w-bibliotece\/\">Czytaj wi\u0119cej &#8250;<\/a><\/div>\n<p><!-- end of .read-more --><\/p>\n","protected":false},"author":6,"featured_media":0,"parent":0,"menu_order":0,"comment_status":"closed","ping_status":"closed","template":"","meta":{"footnotes":""},"jetpack_sharing_enabled":true,"jetpack_shortlink":"https:\/\/wp.me\/PgmV4H-1NR","_links":{"self":[{"href":"https:\/\/pbp.womczest.edu.pl\/new\/wp-json\/wp\/v2\/pages\/6935"}],"collection":[{"href":"https:\/\/pbp.womczest.edu.pl\/new\/wp-json\/wp\/v2\/pages"}],"about":[{"href":"https:\/\/pbp.womczest.edu.pl\/new\/wp-json\/wp\/v2\/types\/page"}],"author":[{"embeddable":true,"href":"https:\/\/pbp.womczest.edu.pl\/new\/wp-json\/wp\/v2\/users\/6"}],"replies":[{"embeddable":true,"href":"https:\/\/pbp.womczest.edu.pl\/new\/wp-json\/wp\/v2\/comments?post=6935"}],"version-history":[{"count":2,"href":"https:\/\/pbp.womczest.edu.pl\/new\/wp-json\/wp\/v2\/pages\/6935\/revisions"}],"predecessor-version":[{"id":6938,"href":"https:\/\/pbp.womczest.edu.pl\/new\/wp-json\/wp\/v2\/pages\/6935\/revisions\/6938"}],"wp:attachment":[{"href":"https:\/\/pbp.womczest.edu.pl\/new\/wp-json\/wp\/v2\/media?parent=6935"}],"curies":[{"name":"wp","href":"https:\/\/api.w.org\/{rel}","templated":true}]}}