


{"id":6924,"date":"2015-12-02T13:57:08","date_gmt":"2015-12-02T12:57:08","guid":{"rendered":"https:\/\/pbp.womczest.edu.pl\/new\/?page_id=6924"},"modified":"2015-12-02T13:59:04","modified_gmt":"2015-12-02T12:59:04","slug":"miedzyszkolny-konkurs-recytatorski-poezja-sw-jana-pawla-ii","status":"publish","type":"page","link":"https:\/\/pbp.womczest.edu.pl\/new\/miedzyszkolny-konkurs-recytatorski-poezja-sw-jana-pawla-ii\/","title":{"rendered":"Mi\u0119dzyszkolny Konkurs Recytatorski \u201ePoezja \u015bw. Jana Paw\u0142a II\u201d"},"content":{"rendered":"<p>9 listopada 2015 roku w\u00a0Regionalnym O\u015brodku Doskonalenia Nauczycieli \u201eWOM\u201d \u00a0Cz\u0119stochowie odby\u0142 si\u0119 Mi\u0119dzyszkolny Konkurs Recytatorski <em>Poezja \u015bw.\u00a0Jana Paw\u0142a II<\/em>, w\u00a0zwi\u0105zku z\u00a0ustanowionym w\u00a02015 roku przez Sejm Rzeczypospolitej Polskiej\u00a0<em>Rokiem \u015bw.\u00a0Jana Paw\u0142a II<\/em>. Konkurs adresowany by\u0142 do\u00a0uczni\u00f3w klas IV-VI szk\u00f3\u0142 podstawowych miasta Cz\u0119stochowy oraz\u00a0powiatu cz\u0119stochowskiego, k\u0142obuckiego, lublinieckiego i\u00a0myszkowskiego. Konkurs zorganizowa\u0142a Publiczna Biblioteka Pedagogiczna RODN \u201eWOM\u201d w\u00a0Cz\u0119stochowie. Honorowy i\u00a0medialny patronat nad\u00a0konkursem obj\u0119\u0142a Redakcja Tygodnika Katolickiego <em>Niedziela<\/em>. Celem konkursu by\u0142o przybli\u017cenie i\u00a0popularyzacja tw\u00f3rczo\u015bci\u00a0 \u015bw.\u00a0Jana Paw\u0142a II, kszta\u0142towanie wra\u017cliwo\u015bci na\u00a0pi\u0119kno i\u00a0bogactwo j\u0119zyka literackiego, upowszechnianie kultury j\u0119zyka oraz\u00a0rozwijanie recytatorskich uzdolnie\u0144 dzieci i\u00a0m\u0142odzie\u017cy.\u00a0Uczniowie prezentowali jeden z\u00a0wybranych przez siebie wierszy \u015bw.\u00a0Jana Paw\u0142a II.<\/p>\n<p>Prezentacje uczestnik\u00f3w ocenia\u0142o jury w\u00a0sk\u0142adzie:<br \/>\n<strong>Irmina M\u0142ynarczyk<\/strong> \u2013 przewodnicz\u0105ca komisji, nauczyciel polonista, pracownik Biblioteki Publicznej im.\u00a0dra W\u0142adys\u0142awa Biega\u0144skiego w\u00a0Cz\u0119stochowie<br \/>\n<strong>Edyta Skoczylas-Krotla<\/strong> \u2013 wyk\u0142adowca Akademii im.\u00a0Jana D\u0142ugosza w\u00a0Cz\u0119stochowie<br \/>\n<strong>Anna Buda<\/strong> \u2013 redaktor Tygodnika Katolickiego <em>Niedziela<br \/>\n<\/em><strong>Bo\u017cena Kownacka<\/strong> \u2013 poetka, fotografik, nauczyciel w\u00a0Specjalnym O\u015brodku Szkolno-Wychowawczym nr\u00a05 w\u00a0Cz\u0119stochowie.<\/p>\n<p>Decyzj\u0105 jury przyznano nast\u0119puj\u0105ce miejsca:<\/p>\n<p><strong>I\u00a0miejsce<br \/>\nSandra Kozik, <\/strong>\u00a0uczennica Zespo\u0142u Szkolno-Przedszkolnego w\u00a0Przyrowie, wiersz <em>Odkupienie szuka twego kszta\u0142tu \u2013 siostra<\/em><\/p>\n<p><strong>II miejsce<br \/>\nWiktoria Drab<\/strong>, uczennica Zespo\u0142u Szkolno-Przedszkolnego w\u00a0Parzymiechach, wiersz<em>Renesansowy Psa\u0142terz Emilii, Matce Mojej<br \/>\n<\/em><strong>Ma\u0142gorzata Szewczyk<\/strong>,\u00a0uczennica Szko\u0142y Podstawowej nr\u00a014 im.\u00a0Henryka Sienkiewicza w\u00a0Cz\u0119stochowie, wiersz <em>Za\u00a0t\u0119 chwil\u0119<\/em><\/p>\n<p><strong>III miejsce<br \/>\nMateusz Ch\u0119ci\u0144ski<\/strong>, ucze\u0144 Szko\u0142y Podstawowej nr\u00a049 im.\u00a0Janusza Kusoci\u0144skiego w\u00a0Cz\u0119stochowie, wiersz <em>Zdumienie. Tryptyk rzymski<br \/>\n<\/em><strong>Maria Krasi\u0144ska,<\/strong>\u00a0uczennica Szko\u0142y Podstawowej nr\u00a034\u00a0im. Aleksandra hr. Fredry w\u00a0Cz\u0119stochowie, wiersz <em>Wyjd\u017a<\/em><\/p>\n<p>Jury przyzna\u0142o r\u00f3wnie\u017c\u00a0<strong>3 wyr\u00f3\u017cnienia<\/strong>:<br \/>\n<strong>Ernest Go\u0142dy<\/strong>, ucze\u0144 Szko\u0142y Podstawowej z\u00a0Oddzia\u0142ami Integracyjnymi nr\u00a053 im.\u00a0Marii Sk\u0142odowskiej-Curie w\u00a0Cz\u0119stochowie, wiersz <em>Co mi m\u00f3wisz?<br \/>\n<\/em><strong>Kornelia Nicpo\u0144<\/strong>, uczennica Zespo\u0142u Niepublicznych Plac\u00f3wek O\u015bwiatowych prowadzonego przez Zgromadzenie Si\u00f3str \u015aw.\u00a0J\u00f3zefa w\u00a0Cz\u0119stochowie, wiersz <em>Dla Matki<br \/>\n<\/em><strong>Marcelina Majchrzak<\/strong>, uczennica Szko\u0142y Podstawowej im.\u00a0\u015aw. Jana de La Salle w\u00a0Cz\u0119stochowie, wiersz <em>Dzieci<\/em><\/p>\n<p>Laureaci konkursu zostali uhonorowani dyplomami i\u00a0nagrodami ksi\u0105\u017ckowymi ufundowanymi przez Redakcj\u0119 Tygodnika Katolickiego <em>Niedziela\u00a0<\/em>oraz\u00a0pracownik\u00f3w Publicznej Biblioteki Pedagogicznej RODN \u201eWOM\u201d w\u00a0Cz\u0119stochowie. Uczestnikom konkursu i\u00a0ich opiekunom serdecznie gratulujemy. Jury konkursu dzi\u0119kujemy za\u00a0owocn\u0105 wsp\u00f3\u0142prac\u0119. Szczeg\u00f3lne podzi\u0119kowania sk\u0142adamy na\u00a0r\u0119ce Pani Lidii Dutkiewicz, redaktor naczelnej Tygodnika Katolickiego <em>Niedziela<\/em>\u00a0za obj\u0119cie wydarzenia honorowym i\u00a0medialnym patronatem oraz\u00a0ufundowanie nagr\u00f3d i\u00a0upomink\u00f3w dla uczestnik\u00f3w konkursu i\u00a0ich opiekun\u00f3w.<\/p>\n<p>Relacja z\u00a0konkursu w\u00a0mediach:<br \/>\nhttp:\/\/www.niedziela.pl\/artykul\/19021\/Miedzyszkolny-Konkurs-Recytatorski-Poezja<br \/>\nhttp:\/\/czestochowskie24.pl\/czestochowa\/poezja-sw-jana-pawla-ii-w-bibliotece\/<\/p>\n<p style=\"text-align: right;\"><em>Anna D\u0105browska<br \/>\nzdj\u0119cia: Izabela Bajor<\/em><\/p>\n<p><a href=\"https:\/\/pbp.womczest.edu.pl\/new\/galeria\/miedzyszkolny-konkurs-recytatorski-poezja-sw-jana-pawla-ii-2015\/\">galeria<\/a><\/p>\n","protected":false},"excerpt":{"rendered":"<p>9 listopada 2015 roku w\u00a0Regionalnym O\u015brodku Doskonalenia Nauczycieli \u201eWOM\u201d \u00a0Cz\u0119stochowie odby\u0142 si\u0119 Mi\u0119dzyszkolny Konkurs Recytatorski Poezja \u015bw.\u00a0Jana Paw\u0142a II, w\u00a0zwi\u0105zku z\u00a0ustanowionym w\u00a02015 roku przez Sejm Rzeczypospolitej Polskiej\u00a0Rokiem \u015bw.\u00a0Jana Paw\u0142a II. Konkurs adresowany by\u0142 do\u00a0uczni\u00f3w klas IV-VI szk\u00f3\u0142 podstawowych miasta Cz\u0119stochowy oraz\u00a0powiatu cz\u0119stochowskiego, k\u0142obuckiego, lublinieckiego i\u00a0myszkowskiego. Konkurs zorganizowa\u0142a Publiczna Biblioteka Pedagogiczna RODN \u201eWOM\u201d w\u00a0Cz\u0119stochowie. Honorowy i\u00a0medialny patronat nad\u00a0konkursem obj\u0119\u0142a Redakcja Tygodnika Katolickiego Niedziela. Celem konkursu by\u0142o przybli\u017cenie i\u00a0popularyzacja tw\u00f3rczo\u015bci\u00a0 \u015bw.\u00a0Jana Paw\u0142a<span class=\"ellipsis\">&hellip;<\/span><\/p>\n<div class=\"read-more\"><a href=\"https:\/\/pbp.womczest.edu.pl\/new\/miedzyszkolny-konkurs-recytatorski-poezja-sw-jana-pawla-ii\/\">Czytaj wi\u0119cej &#8250;<\/a><\/div>\n<p><!-- end of .read-more --><\/p>\n","protected":false},"author":6,"featured_media":0,"parent":0,"menu_order":0,"comment_status":"closed","ping_status":"closed","template":"","meta":{"footnotes":""},"jetpack_sharing_enabled":true,"jetpack_shortlink":"https:\/\/wp.me\/PgmV4H-1NG","_links":{"self":[{"href":"https:\/\/pbp.womczest.edu.pl\/new\/wp-json\/wp\/v2\/pages\/6924"}],"collection":[{"href":"https:\/\/pbp.womczest.edu.pl\/new\/wp-json\/wp\/v2\/pages"}],"about":[{"href":"https:\/\/pbp.womczest.edu.pl\/new\/wp-json\/wp\/v2\/types\/page"}],"author":[{"embeddable":true,"href":"https:\/\/pbp.womczest.edu.pl\/new\/wp-json\/wp\/v2\/users\/6"}],"replies":[{"embeddable":true,"href":"https:\/\/pbp.womczest.edu.pl\/new\/wp-json\/wp\/v2\/comments?post=6924"}],"version-history":[{"count":2,"href":"https:\/\/pbp.womczest.edu.pl\/new\/wp-json\/wp\/v2\/pages\/6924\/revisions"}],"predecessor-version":[{"id":6927,"href":"https:\/\/pbp.womczest.edu.pl\/new\/wp-json\/wp\/v2\/pages\/6924\/revisions\/6927"}],"wp:attachment":[{"href":"https:\/\/pbp.womczest.edu.pl\/new\/wp-json\/wp\/v2\/media?parent=6924"}],"curies":[{"name":"wp","href":"https:\/\/api.w.org\/{rel}","templated":true}]}}