


{"id":6777,"date":"2015-11-20T10:55:32","date_gmt":"2015-11-20T09:55:32","guid":{"rendered":"https:\/\/pbp.womczest.edu.pl\/new\/?page_id=6777"},"modified":"2023-03-06T14:04:44","modified_gmt":"2023-03-06T13:04:44","slug":"ustawa-podrecznikowa-materialy-do-pobrania","status":"publish","type":"page","link":"https:\/\/pbp.womczest.edu.pl\/new\/kontakt\/lubliniec\/ustawa-podrecznikowa-materialy-do-pobrania\/","title":{"rendered":"Oferta edukacyjna"},"content":{"rendered":"<p style=\"text-align: center;\"><strong>Publiczna Biblioteka Pedagogiczna RODN \u201eWOM\u201d w\u00a0Cz\u0119stochowie Filia w Lubli\u0144cu zaprasza nauczycieli i\u00a0uczni\u00f3w wszystkich typ\u00f3w szk\u00f3\u0142 i\u00a0poziom\u00f3w kszta\u0142cenia powiatu lublinieckiego na\u00a0zaj\u0119cia promuj\u0105ce edukacj\u0119 czytelnicz\u0105 i\u00a0medialn\u0105.<\/strong><\/p>\n<p>W\u00a0celu ustalenia terminu i\u00a0tematu zaj\u0119\u0107 prosimy o\u00a0kontakt:<br \/>\ne-mail: <strong>lubp@womczest.edu.pl\u00a0\u00a0\u00a0\u00a0\u00a0\u00a0\u00a0\u00a0\u00a0\u00a0\u00a0\u00a0\u00a0\u00a0\u00a0\u00a0\u00a0\u00a0\u00a0\u00a0\u00a0\u00a0\u00a0\u00a0\u00a0\u00a0\u00a0\u00a0\u00a0\u00a0\u00a0\u00a0\u00a0\u00a0\u00a0\u00a0\u00a0\u00a0 <\/strong>telefon:<strong> 34\u00a0351 17 98<\/strong><\/p>\n<ul>\n<li>Zaj\u0119cia na\u00a0terenie plac\u00f3wek o\u015bwiatowych mog\u0105 odbywa\u0107 si\u0119 we\u00a0wszystkie dni tygodnia, ale\u00a0po wcze\u015bniejszym ustaleniu z\u00a0osob\u0105 prowadz\u0105c\u0105 zaj\u0119cia,<\/li>\n<li>zastrzegamy sobie prawo prze\u0142o\u017cenia lub odwo\u0142ania zaj\u0119\u0107 z\u00a0wa\u017cnych przyczyn s\u0142u\u017cbowych,<\/li>\n<li>ustalanie i potwierdzanie terminu i\u00a0tematu zaj\u0119\u0107 odbywa si\u0119 telefonicznie,<\/li>\n<li>w\u00a0przypadku odwo\u0142ania zaj\u0119\u0107 przez\u00a0przedszkole lub szko\u0142\u0119 prosimy o\u00a0informacj\u0119 telefoniczn\u0105,<\/li>\n<li>grupa uczni\u00f3w uczestnicz\u0105cych w\u00a0zaj\u0119ciach nie\u00a0powinna przekracza\u0107<br \/>\n\u2013 25 os\u00f3b, je\u015bli jest to\u00a0lekcja biblioteczna,<br \/>\n\u2013 30 os\u00f3b, je\u017celi jest to\u00a0zapoznanie ze\u00a0specyfik\u0105 pracy biblioteki,<\/li>\n<li>w\u00a0trosce o\u00a0zaspokojenie potrzeb wszystkich uczestnik\u00f3w, a\u00a0tak\u017ce o\u00a0jak najlepsze i\u00a0najpe\u0142niejsze przygotowanie si\u0119 bibliotekarzy do\u00a0zaj\u0119\u0107, prosimy przy rezerwowaniu terminu o\u00a0stosown\u0105 informacj\u0119, je\u015bli w\u00a0grupie uczni\u00f3w znajduj\u0105 si\u0119 dzieci z\u00a0dysfunkcjami,<\/li>\n<li>wydajemy za\u015bwiadczenia potwierdzaj\u0105ce udzia\u0142 nauczyciela i\u00a0uczni\u00f3w w\u00a0zaj\u0119ciach przeprowadzonych przez\u00a0pracownik\u00f3w naszej biblioteki.<\/li>\n<\/ul>\n<p><strong>Oferta edukacyjna:<\/strong><\/p>\n<ul>\n<li><a href=\"https:\/\/pbp.womczest.edu.pl\/new\/przedszkola-2\/\" target=\"_blank\" rel=\"noopener\">Przedszkola<\/a><\/li>\n<li><a href=\"https:\/\/pbp.womczest.edu.pl\/new\/kontakt\/lubliniec\/ustawa-podrecznikowa-materialy-do-pobrania\/szkoly-podstawowe\/\" target=\"_blank\" rel=\"noopener\">Szko\u0142y podstawowe<\/a><\/li>\n<li><a href=\"https:\/\/pbp.womczest.edu.pl\/new\/szkoly-ponadpodstawowe\/\" target=\"_blank\" rel=\"noopener\">Szko\u0142y ponadpodstawowe<\/a><\/li>\n<\/ul>\n<p><a href=\"https:\/\/pbp.womczest.edu.pl\/new\/wp-content\/uploads\/2013\/09\/filie_lubliniec_bezpieczenstwo_w_internecie_zajecia_z_bezpiecznego_internetu.pdf\" target=\"_blank\" rel=\"noopener\"><strong>Zaj\u0119cia z zakresu bezpiecze\u0144stwo w sieci<\/strong><\/a><strong>\u00a0<\/strong>\u2013 zaj\u0119cia prowadzone b\u0119d\u0105 w\u00a0szko\u0142ach po\u00a0wcze\u015bniejszym uzgodnieniu telefonicznym \u2013 tel.\u00a034\u00a0351 17 98<\/p>\n","protected":false},"excerpt":{"rendered":"<p>Publiczna Biblioteka Pedagogiczna RODN \u201eWOM\u201d w\u00a0Cz\u0119stochowie Filia w Lubli\u0144cu zaprasza nauczycieli i\u00a0uczni\u00f3w wszystkich typ\u00f3w szk\u00f3\u0142 i\u00a0poziom\u00f3w kszta\u0142cenia powiatu lublinieckiego na\u00a0zaj\u0119cia promuj\u0105ce edukacj\u0119 czytelnicz\u0105 i\u00a0medialn\u0105. W\u00a0celu ustalenia terminu i\u00a0tematu zaj\u0119\u0107 prosimy o\u00a0kontakt: e-mail: lubp@womczest.edu.pl\u00a0\u00a0\u00a0\u00a0\u00a0\u00a0\u00a0\u00a0\u00a0\u00a0\u00a0\u00a0\u00a0\u00a0\u00a0\u00a0\u00a0\u00a0\u00a0\u00a0\u00a0\u00a0\u00a0\u00a0\u00a0\u00a0\u00a0\u00a0\u00a0\u00a0\u00a0\u00a0\u00a0\u00a0\u00a0\u00a0\u00a0\u00a0 telefon: 34\u00a0351 17 98 Zaj\u0119cia na\u00a0terenie plac\u00f3wek o\u015bwiatowych mog\u0105 odbywa\u0107 si\u0119 we\u00a0wszystkie dni tygodnia, ale\u00a0po wcze\u015bniejszym ustaleniu z\u00a0osob\u0105 prowadz\u0105c\u0105 zaj\u0119cia, zastrzegamy sobie prawo prze\u0142o\u017cenia lub odwo\u0142ania zaj\u0119\u0107 z\u00a0wa\u017cnych przyczyn s\u0142u\u017cbowych, ustalanie i potwierdzanie terminu i\u00a0tematu zaj\u0119\u0107 odbywa<span class=\"ellipsis\">&hellip;<\/span><\/p>\n<div class=\"read-more\"><a href=\"https:\/\/pbp.womczest.edu.pl\/new\/kontakt\/lubliniec\/ustawa-podrecznikowa-materialy-do-pobrania\/\">Czytaj wi\u0119cej &#8250;<\/a><\/div>\n<p><!-- end of .read-more --><\/p>\n","protected":false},"author":4,"featured_media":0,"parent":3160,"menu_order":0,"comment_status":"closed","ping_status":"closed","template":"","meta":{"footnotes":""},"jetpack_sharing_enabled":true,"jetpack_shortlink":"https:\/\/wp.me\/PgmV4H-1Lj","_links":{"self":[{"href":"https:\/\/pbp.womczest.edu.pl\/new\/wp-json\/wp\/v2\/pages\/6777"}],"collection":[{"href":"https:\/\/pbp.womczest.edu.pl\/new\/wp-json\/wp\/v2\/pages"}],"about":[{"href":"https:\/\/pbp.womczest.edu.pl\/new\/wp-json\/wp\/v2\/types\/page"}],"author":[{"embeddable":true,"href":"https:\/\/pbp.womczest.edu.pl\/new\/wp-json\/wp\/v2\/users\/4"}],"replies":[{"embeddable":true,"href":"https:\/\/pbp.womczest.edu.pl\/new\/wp-json\/wp\/v2\/comments?post=6777"}],"version-history":[{"count":10,"href":"https:\/\/pbp.womczest.edu.pl\/new\/wp-json\/wp\/v2\/pages\/6777\/revisions"}],"predecessor-version":[{"id":22424,"href":"https:\/\/pbp.womczest.edu.pl\/new\/wp-json\/wp\/v2\/pages\/6777\/revisions\/22424"}],"up":[{"embeddable":true,"href":"https:\/\/pbp.womczest.edu.pl\/new\/wp-json\/wp\/v2\/pages\/3160"}],"wp:attachment":[{"href":"https:\/\/pbp.womczest.edu.pl\/new\/wp-json\/wp\/v2\/media?parent=6777"}],"curies":[{"name":"wp","href":"https:\/\/api.w.org\/{rel}","templated":true}]}}