


{"id":6584,"date":"2015-11-16T08:53:33","date_gmt":"2015-11-16T07:53:33","guid":{"rendered":"https:\/\/pbp.womczest.edu.pl\/new\/?page_id=6584"},"modified":"2015-11-20T09:08:39","modified_gmt":"2015-11-20T08:08:39","slug":"czytanie-wartosci-cykl-spotkan-czytelniczych-realizowanych-od-01-10-2014-r-do-28-02-2015-r","status":"publish","type":"page","link":"https:\/\/pbp.womczest.edu.pl\/new\/kontakt\/lelow\/spotkania-czytelnicze-filia-lelow\/czytanie-wartosci-cykl-spotkan-czytelniczych-realizowanych-od-01-10-2014-r-do-28-02-2015-r\/","title":{"rendered":"\u201eCzytanie warto\u015bci \u201d &#8211; cykl spotka\u0144 czytelniczych  realizowanych od 01.10.2014 r. do 28.02.2015 r."},"content":{"rendered":"<p><img decoding=\"async\" loading=\"lazy\" class=\" alignright size-full wp-image-55\" style=\"float: right;\" src=\"https:\/\/pbp.womczest.edu.pl\/new\/wp-content\/uploads\/2011\/11\/filie_lelow_czytanie_wartosci.jpg\" alt=\"\" width=\"150\" height=\"112\" srcset=\"https:\/\/pbp.womczest.edu.pl\/new\/wp-content\/uploads\/2011\/11\/filie_lelow_czytanie_wartosci.jpg 259w, https:\/\/pbp.womczest.edu.pl\/new\/wp-content\/uploads\/2011\/11\/filie_lelow_czytanie_wartosci-100x75.jpg 100w, https:\/\/pbp.womczest.edu.pl\/new\/wp-content\/uploads\/2011\/11\/filie_lelow_czytanie_wartosci-150x112.jpg 150w, https:\/\/pbp.womczest.edu.pl\/new\/wp-content\/uploads\/2011\/11\/filie_lelow_czytanie_wartosci-200x150.jpg 200w\" sizes=\"(max-width: 150px) 100vw, 150px\" \/>Raz w tygodniu od 1 pa\u017adziernika 2014r. do 28 lutego 2015r. \u00a0 odbywa\u0142y si\u0119 zaj\u0119cia czytelnicze z uczniami kl. I a i I b Szko\u0142y Podstawowej Zespo\u0142u Szkolno Przedszkolnego w Lelowie.<\/p>\n<p>Zosta\u0142y pomy\u015blane jako spos\u00f3b przekazania dzieciom wiedzy o podstawowych warto\u015bciach np. szacunku, uczciwo\u015bci, odpowiedzialno\u015bci itp. oraz zach\u0119cania do \u017cycia wed\u0142ug nich.<\/p>\n<p>G\u0142o\u015bne czytanie wierszy, fragment\u00f3w ksi\u0105\u017cek dotycz\u0105cych warto\u015bci, ich roli w \u017cyciu jest poprzedzone om\u00f3wieniem ka\u017cdej warto\u015bci. W rol\u0119 lektor\u00f3w wcielaj\u0105 si\u0119 nauczyciele bibliotekarze PBP RODN \u201eWOM\u201d w Cz\u0119stochowie Filia w Lelowie.<\/p>\n<p>Paniom wychowawczyniom klasy I a i I b serdecznie dzi\u0119kujemy za wsp\u00f3\u0142prac\u0119.<\/p>\n","protected":false},"excerpt":{"rendered":"<p>Raz w tygodniu od 1 pa\u017adziernika 2014r. do 28 lutego 2015r. \u00a0 odbywa\u0142y si\u0119 zaj\u0119cia czytelnicze z uczniami kl. I a i I b Szko\u0142y Podstawowej Zespo\u0142u Szkolno Przedszkolnego w Lelowie. Zosta\u0142y pomy\u015blane jako spos\u00f3b przekazania dzieciom wiedzy o podstawowych warto\u015bciach np. szacunku, uczciwo\u015bci, odpowiedzialno\u015bci itp. oraz zach\u0119cania do \u017cycia wed\u0142ug nich. G\u0142o\u015bne czytanie wierszy, fragment\u00f3w ksi\u0105\u017cek dotycz\u0105cych warto\u015bci, ich roli w \u017cyciu jest poprzedzone om\u00f3wieniem ka\u017cdej warto\u015bci. W rol\u0119<span class=\"ellipsis\">&hellip;<\/span><\/p>\n<div class=\"read-more\"><a href=\"https:\/\/pbp.womczest.edu.pl\/new\/kontakt\/lelow\/spotkania-czytelnicze-filia-lelow\/czytanie-wartosci-cykl-spotkan-czytelniczych-realizowanych-od-01-10-2014-r-do-28-02-2015-r\/\">Czytaj wi\u0119cej &#8250;<\/a><\/div>\n<p><!-- end of .read-more --><\/p>\n","protected":false},"author":4,"featured_media":0,"parent":3545,"menu_order":0,"comment_status":"closed","ping_status":"closed","template":"","meta":{"footnotes":""},"jetpack_sharing_enabled":true,"jetpack_shortlink":"https:\/\/wp.me\/PgmV4H-1Ic","_links":{"self":[{"href":"https:\/\/pbp.womczest.edu.pl\/new\/wp-json\/wp\/v2\/pages\/6584"}],"collection":[{"href":"https:\/\/pbp.womczest.edu.pl\/new\/wp-json\/wp\/v2\/pages"}],"about":[{"href":"https:\/\/pbp.womczest.edu.pl\/new\/wp-json\/wp\/v2\/types\/page"}],"author":[{"embeddable":true,"href":"https:\/\/pbp.womczest.edu.pl\/new\/wp-json\/wp\/v2\/users\/4"}],"replies":[{"embeddable":true,"href":"https:\/\/pbp.womczest.edu.pl\/new\/wp-json\/wp\/v2\/comments?post=6584"}],"version-history":[{"count":4,"href":"https:\/\/pbp.womczest.edu.pl\/new\/wp-json\/wp\/v2\/pages\/6584\/revisions"}],"predecessor-version":[{"id":6734,"href":"https:\/\/pbp.womczest.edu.pl\/new\/wp-json\/wp\/v2\/pages\/6584\/revisions\/6734"}],"up":[{"embeddable":true,"href":"https:\/\/pbp.womczest.edu.pl\/new\/wp-json\/wp\/v2\/pages\/3545"}],"wp:attachment":[{"href":"https:\/\/pbp.womczest.edu.pl\/new\/wp-json\/wp\/v2\/media?parent=6584"}],"curies":[{"name":"wp","href":"https:\/\/api.w.org\/{rel}","templated":true}]}}