


{"id":6552,"date":"2015-11-13T13:25:15","date_gmt":"2015-11-13T12:25:15","guid":{"rendered":"https:\/\/pbp.womczest.edu.pl\/new\/?page_id=6552"},"modified":"2015-11-20T09:36:12","modified_gmt":"2015-11-20T08:36:12","slug":"szkolny-konkurs-grafiki-komputerowej","status":"publish","type":"page","link":"https:\/\/pbp.womczest.edu.pl\/new\/kontakt\/lelow\/konkursy-filia-lelow\/szkolny-konkurs-grafiki-komputerowej\/","title":{"rendered":"\u00a0Szkolny konkurs grafiki komputerowej"},"content":{"rendered":"<h3 style=\"text-align: center;\"><span style=\"font-size: 12pt;\">\u00a0<\/span><\/h3>\n<p><a href=\"https:\/\/pbp.womczest.edu.pl\/new\/wp-content\/uploads\/2011\/11\/filie_lelow_szkolny_konkurs_grafiki_komputerowej_2014_img_2964.jpg\" target=\"_blank\"><img decoding=\"async\" loading=\"lazy\" class=\" size-full wp-image-42 alignleft\" style=\"float: left;\" src=\"https:\/\/pbp.womczest.edu.pl\/new\/wp-content\/uploads\/2011\/11\/filie_lelow_szkolny_konkurs_grafiki_komputerowej_2014_img_2964.jpg\" alt=\"\" width=\"150\" height=\"182\" srcset=\"https:\/\/pbp.womczest.edu.pl\/new\/wp-content\/uploads\/2011\/11\/filie_lelow_szkolny_konkurs_grafiki_komputerowej_2014_img_2964.jpg 400w, https:\/\/pbp.womczest.edu.pl\/new\/wp-content\/uploads\/2011\/11\/filie_lelow_szkolny_konkurs_grafiki_komputerowej_2014_img_2964-247x300.jpg 247w, https:\/\/pbp.womczest.edu.pl\/new\/wp-content\/uploads\/2011\/11\/filie_lelow_szkolny_konkurs_grafiki_komputerowej_2014_img_2964-100x121.jpg 100w, https:\/\/pbp.womczest.edu.pl\/new\/wp-content\/uploads\/2011\/11\/filie_lelow_szkolny_konkurs_grafiki_komputerowej_2014_img_2964-150x182.jpg 150w, https:\/\/pbp.womczest.edu.pl\/new\/wp-content\/uploads\/2011\/11\/filie_lelow_szkolny_konkurs_grafiki_komputerowej_2014_img_2964-200x243.jpg 200w, https:\/\/pbp.womczest.edu.pl\/new\/wp-content\/uploads\/2011\/11\/filie_lelow_szkolny_konkurs_grafiki_komputerowej_2014_img_2964-300x364.jpg 300w\" sizes=\"(max-width: 150px) 100vw, 150px\" \/><\/a>15 grudnia 2014 roku w Gimnazjum w Lelowie odby\u0142o si\u0119 wr\u0119czenie wyr\u00f3\u017cnie\u0144 i nagr\u00f3d uczennicom kl. III b <strong>Magdalenie Pud\u0142o<\/strong> i <strong>Marcie St\u0119pie\u0144<\/strong>, bior\u0105cym udzia\u0142 w szkolnym konkursie grafiki komputerowej na plakat lub prezentacj\u0119 multimedialn\u0105 <em>Bezpieczny Internet<\/em>.<br \/>\nCelem konkursu by\u0142o propagowanie dzia\u0142a\u0144 na rzecz bezpiecznego dost\u0119pu dzieci i m\u0142odzie\u017cy do zasob\u00f3w internetowych oraz u\u015bwiadomienie zagro\u017ce\u0144 zwi\u0105zanych z Internetem takich jak: cyberprzemoc, piractwo komputerowe, kradzie\u017c to\u017csamo\u015bci, itp.<\/p>\n<p>Wyr\u00f3\u017cnionym uczennicom gratulujemy.<br \/>\nPani Dorocie S\u0119kala dzi\u0119kujemy za wsp\u00f3\u0142prac\u0119.<\/p>\n<p style=\"text-align: right;\"><em>Tekst: Dorota Kulawiak<\/em><br \/>\n<em>Zdj\u0119cie: Jadwiga G\u00f3recka<\/em><\/p>\n","protected":false},"excerpt":{"rendered":"<p>\u00a0 15 grudnia 2014 roku w Gimnazjum w Lelowie odby\u0142o si\u0119 wr\u0119czenie wyr\u00f3\u017cnie\u0144 i nagr\u00f3d uczennicom kl. III b Magdalenie Pud\u0142o i Marcie St\u0119pie\u0144, bior\u0105cym udzia\u0142 w szkolnym konkursie grafiki komputerowej na plakat lub prezentacj\u0119 multimedialn\u0105 Bezpieczny Internet. Celem konkursu by\u0142o propagowanie dzia\u0142a\u0144 na rzecz bezpiecznego dost\u0119pu dzieci i m\u0142odzie\u017cy do zasob\u00f3w internetowych oraz u\u015bwiadomienie zagro\u017ce\u0144 zwi\u0105zanych z Internetem takich jak: cyberprzemoc, piractwo komputerowe, kradzie\u017c to\u017csamo\u015bci, itp. Wyr\u00f3\u017cnionym uczennicom gratulujemy.<span class=\"ellipsis\">&hellip;<\/span><\/p>\n<div class=\"read-more\"><a href=\"https:\/\/pbp.womczest.edu.pl\/new\/kontakt\/lelow\/konkursy-filia-lelow\/szkolny-konkurs-grafiki-komputerowej\/\">Czytaj wi\u0119cej &#8250;<\/a><\/div>\n<p><!-- end of .read-more --><\/p>\n","protected":false},"author":4,"featured_media":0,"parent":3494,"menu_order":0,"comment_status":"closed","ping_status":"closed","template":"","meta":{"footnotes":""},"jetpack_sharing_enabled":true,"jetpack_shortlink":"https:\/\/wp.me\/PgmV4H-1HG","_links":{"self":[{"href":"https:\/\/pbp.womczest.edu.pl\/new\/wp-json\/wp\/v2\/pages\/6552"}],"collection":[{"href":"https:\/\/pbp.womczest.edu.pl\/new\/wp-json\/wp\/v2\/pages"}],"about":[{"href":"https:\/\/pbp.womczest.edu.pl\/new\/wp-json\/wp\/v2\/types\/page"}],"author":[{"embeddable":true,"href":"https:\/\/pbp.womczest.edu.pl\/new\/wp-json\/wp\/v2\/users\/4"}],"replies":[{"embeddable":true,"href":"https:\/\/pbp.womczest.edu.pl\/new\/wp-json\/wp\/v2\/comments?post=6552"}],"version-history":[{"count":1,"href":"https:\/\/pbp.womczest.edu.pl\/new\/wp-json\/wp\/v2\/pages\/6552\/revisions"}],"predecessor-version":[{"id":6553,"href":"https:\/\/pbp.womczest.edu.pl\/new\/wp-json\/wp\/v2\/pages\/6552\/revisions\/6553"}],"up":[{"embeddable":true,"href":"https:\/\/pbp.womczest.edu.pl\/new\/wp-json\/wp\/v2\/pages\/3494"}],"wp:attachment":[{"href":"https:\/\/pbp.womczest.edu.pl\/new\/wp-json\/wp\/v2\/media?parent=6552"}],"curies":[{"name":"wp","href":"https:\/\/api.w.org\/{rel}","templated":true}]}}