


{"id":6547,"date":"2015-11-13T13:21:40","date_gmt":"2015-11-13T12:21:40","guid":{"rendered":"https:\/\/pbp.womczest.edu.pl\/new\/?page_id=6547"},"modified":"2015-11-20T08:43:26","modified_gmt":"2015-11-20T07:43:26","slug":"konkurs-plastyczny-wesola-zima","status":"publish","type":"page","link":"https:\/\/pbp.womczest.edu.pl\/new\/kontakt\/lelow\/konkursy-filia-lelow\/konkurs-plastyczny-wesola-zima\/","title":{"rendered":"Konkurs plastyczny &#8222;Weso\u0142a zima&#8221;"},"content":{"rendered":"<p style=\"text-align: center;\"><span style=\"font-size: 12pt;\"><br \/>\n<\/span><\/p>\n<p><img decoding=\"async\" loading=\"lazy\" class=\" size-full wp-image-33 alignleft\" style=\"float: left;\" src=\"https:\/\/pbp.womczest.edu.pl\/new\/wp-content\/uploads\/2011\/11\/filie_lelow_wesola-zima.jpg\" alt=\"\" width=\"150\" height=\"131\" srcset=\"https:\/\/pbp.womczest.edu.pl\/new\/wp-content\/uploads\/2011\/11\/filie_lelow_wesola-zima.jpg 459w, https:\/\/pbp.womczest.edu.pl\/new\/wp-content\/uploads\/2011\/11\/filie_lelow_wesola-zima-300x261.jpg 300w, https:\/\/pbp.womczest.edu.pl\/new\/wp-content\/uploads\/2011\/11\/filie_lelow_wesola-zima-100x87.jpg 100w, https:\/\/pbp.womczest.edu.pl\/new\/wp-content\/uploads\/2011\/11\/filie_lelow_wesola-zima-150x131.jpg 150w, https:\/\/pbp.womczest.edu.pl\/new\/wp-content\/uploads\/2011\/11\/filie_lelow_wesola-zima-200x174.jpg 200w, https:\/\/pbp.womczest.edu.pl\/new\/wp-content\/uploads\/2011\/11\/filie_lelow_wesola-zima-450x392.jpg 450w\" sizes=\"(max-width: 150px) 100vw, 150px\" \/><\/p>\n<p>10\u00a0marca\u00a02015 r. w Przedszkolu Zespo\u0142u Szkolno-Przedszkolnego w Lelowie odby\u0142o si\u0119 podsumowanie konkursu plastycznego \u201eWeso\u0142a zima\u201d skierowanego do grupy dzieci 4\u20135-letnich.<\/p>\n<p>Organizatorem konkursu by\u0142a Publiczna Biblioteka Pedagogiczna RODN \u201eWOM\u201d w Cz\u0119stochowie Filia w Lelowie.<br \/>\nCelem konkursu by\u0142o rozwijanie dzieci\u0119cej wyobra\u017ani inspirowanej r\u00f3\u017cnymi opowiadaniami o tematyce zimowej.<br \/>\nW konkursie wzi\u0119\u0142o udzia\u0142 10 dzieci.<br \/>\nKomisja konkursowa oceni\u0142a prace. Zwyci\u0119zcom i pozosta\u0142ym uczestnikom konkursu wr\u0119czono pami\u0105tkowe dyplomy i nagrody.<br \/>\nZ prac dzieci powsta\u0142a w bibliotece wystawka.<br \/>\n<em>Wszystkim dzieciom gratulujemy.<\/em><br \/>\n<em>Paniom Gra\u017cynie Szokalskiej i Janinie Marsza\u0142ek dzi\u0119kujemy za mi\u0142\u0105 wsp\u00f3\u0142prac\u0119.<\/em><\/p>\n<p style=\"text-align: right;\"><em>Tekst: Dorota Kulawiak<\/em><br \/>\n<em>Zdj\u0119cie: Dorota Kulawiak<\/em><\/p>\n","protected":false},"excerpt":{"rendered":"<p>10\u00a0marca\u00a02015 r. w Przedszkolu Zespo\u0142u Szkolno-Przedszkolnego w Lelowie odby\u0142o si\u0119 podsumowanie konkursu plastycznego \u201eWeso\u0142a zima\u201d skierowanego do grupy dzieci 4\u20135-letnich. Organizatorem konkursu by\u0142a Publiczna Biblioteka Pedagogiczna RODN \u201eWOM\u201d w Cz\u0119stochowie Filia w Lelowie. Celem konkursu by\u0142o rozwijanie dzieci\u0119cej wyobra\u017ani inspirowanej r\u00f3\u017cnymi opowiadaniami o tematyce zimowej. W konkursie wzi\u0119\u0142o udzia\u0142 10 dzieci. Komisja konkursowa oceni\u0142a prace. Zwyci\u0119zcom i pozosta\u0142ym uczestnikom konkursu wr\u0119czono pami\u0105tkowe dyplomy i nagrody. Z prac dzieci powsta\u0142a w<span class=\"ellipsis\">&hellip;<\/span><\/p>\n<div class=\"read-more\"><a href=\"https:\/\/pbp.womczest.edu.pl\/new\/kontakt\/lelow\/konkursy-filia-lelow\/konkurs-plastyczny-wesola-zima\/\">Czytaj wi\u0119cej &#8250;<\/a><\/div>\n<p><!-- end of .read-more --><\/p>\n","protected":false},"author":4,"featured_media":0,"parent":3494,"menu_order":0,"comment_status":"closed","ping_status":"closed","template":"","meta":{"footnotes":""},"jetpack_sharing_enabled":true,"jetpack_shortlink":"https:\/\/wp.me\/PgmV4H-1HB","_links":{"self":[{"href":"https:\/\/pbp.womczest.edu.pl\/new\/wp-json\/wp\/v2\/pages\/6547"}],"collection":[{"href":"https:\/\/pbp.womczest.edu.pl\/new\/wp-json\/wp\/v2\/pages"}],"about":[{"href":"https:\/\/pbp.womczest.edu.pl\/new\/wp-json\/wp\/v2\/types\/page"}],"author":[{"embeddable":true,"href":"https:\/\/pbp.womczest.edu.pl\/new\/wp-json\/wp\/v2\/users\/4"}],"replies":[{"embeddable":true,"href":"https:\/\/pbp.womczest.edu.pl\/new\/wp-json\/wp\/v2\/comments?post=6547"}],"version-history":[{"count":3,"href":"https:\/\/pbp.womczest.edu.pl\/new\/wp-json\/wp\/v2\/pages\/6547\/revisions"}],"predecessor-version":[{"id":6550,"href":"https:\/\/pbp.womczest.edu.pl\/new\/wp-json\/wp\/v2\/pages\/6547\/revisions\/6550"}],"up":[{"embeddable":true,"href":"https:\/\/pbp.womczest.edu.pl\/new\/wp-json\/wp\/v2\/pages\/3494"}],"wp:attachment":[{"href":"https:\/\/pbp.womczest.edu.pl\/new\/wp-json\/wp\/v2\/media?parent=6547"}],"curies":[{"name":"wp","href":"https:\/\/api.w.org\/{rel}","templated":true}]}}