


{"id":6432,"date":"2015-11-09T12:41:57","date_gmt":"2015-11-09T11:41:57","guid":{"rendered":"https:\/\/pbp.womczest.edu.pl\/new\/?page_id=6432"},"modified":"2015-12-29T14:00:17","modified_gmt":"2015-12-29T13:00:17","slug":"powiatowy-konkurs-recytatorski-poetyckie-krajobrazy-poswiecony-poezji-haliny-poswiatowskiej","status":"publish","type":"page","link":"https:\/\/pbp.womczest.edu.pl\/new\/powiatowy-konkurs-recytatorski-poetyckie-krajobrazy-poswiecony-poezji-haliny-poswiatowskiej\/","title":{"rendered":"Powiatowy Konkurs Recytatorski Poetyckie Krajobrazy po\u015bwi\u0119cony poezji Haliny Po\u015bwiatowskiej"},"content":{"rendered":"<p>22 pa\u017adziernika 2015 roku w\u00a0Regionalnym O\u015brodku Doskonalenia Nauczycieli \u201eWOM\u201d w\u00a0Cz\u0119stochowie odby\u0142 si\u0119 Powiatowy Konkurs Recytatorski <em>Poetyckie Krajobrazy<\/em>, po\u015bwi\u0119cony poezji Haliny Po\u015bwiatowskiej, w\u00a0zwi\u0105zku z\u00a0przypadaj\u0105c\u0105 w\u00a02015 roku 80. rocznic\u0105 urodzin poetki. Konkurs adresowany do\u00a0uczni\u00f3w gimnazj\u00f3w miasta Cz\u0119stochowy oraz\u00a0powiatu cz\u0119stochowskiego zorganizowa\u0142a Publiczna Biblioteka Pedagogiczna RODN \u201eWOM\u201d w\u00a0Cz\u0119stochowie.<br \/>\nHonorowy patronat nad\u00a0konkursem obj\u0105\u0142 Pan Andrzej Kwapisz, Starosta Cz\u0119stochowski.<br \/>\nCelem konkursu by\u0142o upami\u0119tnienie tw\u00f3rczo\u015bci wybitnej poetki Haliny Po\u015bwiatowskiej, zwi\u0105zanej z\u00a0Cz\u0119stochow\u0105, popularyzacja jej tw\u00f3rczo\u015bci, rozwijanie recytatorskich i\u00a0aktorskich uzdolnie\u0144 m\u0142odzie\u017cy, upowszechnianie kultury j\u0119zyka polskiego oraz\u00a0inspirowanie m\u0142odego pokolenia do\u00a0aktywnego uczestnictwa w\u00a0kulturze. Uczniowie prezentowali jeden z\u00a0wybranych przez siebie wierszy Haliny Po\u015bwiatowskiej. Go\u015bciem honorowym konkursu by\u0142 brat poetki, Pan Zbigniew Myga.<br \/>\nW konkursie udzia\u0142 wzi\u0119\u0142o 19 uczni\u00f3w z\u00a019 gimnazj\u00f3w miasta Cz\u0119stochowy i\u00a0powiatu cz\u0119stochowskiego.<br \/>\nOpiek\u0119 merytoryczn\u0105 nad\u00a0gimnazjalistami sprawowali nauczyciele z\u00a0danej szko\u0142y.<br \/>\nW konkursie udzia\u0142 wzi\u0119li uczniowie:<\/p>\n<ul>\n<li><em>Karolina Bajor <\/em>\u2013 Gimnazjum w\u00a0Zespole Szk\u00f3\u0142 im.\u00a0Kornela Makuszy\u0144skiego w\u00a0Skrzydlowie; opiekun: Olga Gonera,<\/li>\n<li><em>Roksana Biskup <\/em>\u2013 Gimnazjum nr\u00a02 w\u00a0Zespole Szkolno-Przedszkolnym im.\u00a0Jana Paw\u0142a II w\u00a0Rudnikach; opiekun: Iga D\u0142ugoszewska-Zawadzka,<\/li>\n<li><em>Sandra Goleniewska<\/em> \u2013 Gimnazjum nr\u00a05 im.\u00a0Miko\u0142aja Reja w\u00a0Cz\u0119stochowie; opiekunowie: Alina Grabna i\u00a0Dorota Marli\u0144ska,<\/li>\n<li><em>Patrycja Graczyk <\/em>\u2013 Gimnazjum im.\u00a0Janusza Korczaka w\u00a0Blachowni; opiekun: Bo\u017cena Synowicz,<\/li>\n<li><em>Natalia Jo\u0144ska <\/em>\u2013 Gimnazjum im.\u00a0ks. Jana Twardowskiego Zespole Szk\u00f3\u0142 w\u00a0Starym Cykarzewie; opiekun: Wioletta Rachwalik,<\/li>\n<li><em>Sebastian Kasprzak<\/em> \u2013 Gimnazjum nr\u00a011 im.\u00a0Marii Pawlikowskiej-Jasnorzewskiej w\u00a0Cz\u0119stochowie; opiekun: Anna Dynda\u0142,<\/li>\n<li><em>Alicja Kulawik <\/em>\u2013 Gimnazjum nr\u00a02 im.\u00a0Pokolenia Kolumb\u00f3w w\u00a0Cz\u0119stochowie; opiekun: Ma\u0142gorzata Zak\u0142ada-Szettel,<\/li>\n<li><em>Julia Kuli\u0144ska <\/em>\u2013 Publiczne Gimnazjum Si\u00f3str Zmartwychwstanek im.\u00a0Siostry Barbary \u017buli\u0144skiej w\u00a0Cz\u0119stochowie; opiekun: Wioletta Mietelska,<\/li>\n<li><em>Weronika Mikke <\/em>\u2013 Gimnazjum nr\u00a014 im.\u00a0Kr\u00f3lowej Jadwigi w\u00a0Cz\u0119stochowie; opiekun: Magdalena Walocha,<\/li>\n<li><em>Jakub Morawiec<\/em> \u2013 Gimnazjum w\u00a0Zespole Szk\u00f3\u0142 im.\u00a0Henryka Sienkiewicza w\u00a0Konopiskach; opiekun: Renata G\u0119siarz,<\/li>\n<li><em>Paulina Musik <\/em>\u2013 Gimnazjum w\u00a0Wo\u017anikach; opiekun: Ewa Merta,<\/li>\n<li><em>Klaudia Nowak <\/em>\u2013 Gimnazjum im.\u00a0Andrzeja Kubickiego w\u00a0Zespole Szk\u00f3\u0142 w\u00a0Mstowie; opiekun: Justyna Ujma,<\/li>\n<li><em>Sofia Nowak <\/em>\u2013 Gimnazjum w\u00a0Zespole Szkolnym w\u00a0Widzowie; opiekun: Justyna Milejska-Cie\u0144,<\/li>\n<li><em>Marta Skrzypczyk <\/em>\u2013 Katolickie Gimnazjum Stowarzyszenia Przyjaci\u00f3\u0142 Szk\u00f3\u0142 Katolickich im.\u00a0Matki Bo\u017cej Jasnog\u00f3rskiej w\u00a0Cz\u0119stochowie; opiekunowie: Anna Blady, Dagmara Karo\u0144,<\/li>\n<li><em>Klaudia Sztekler <\/em>\u2013 Gimnazjum w\u00a0Zespole Szkolnym w\u00a0Kruszynie; opiekun: Justyna Milejska-Cie\u0144,<\/li>\n<li><em>Julia Tryba <\/em>\u2013 Gimnazjum nr\u00a07 im.\u00a0Konstantego Ildefonsa Ga\u0142czy\u0144skiego w\u00a0Cz\u0119stochowie; opiekun: Iwona Gajdek,<\/li>\n<li><em>Julia Wiaderek<\/em> \u2013 Gimnazjum w\u00a0Zespole Szkolno-Przedszkolnym w\u00a0Przyrowie; opiekun: Alicja St\u0119pniewska-Nawaratne,<\/li>\n<li><em>Kamila Wikli\u0144ska <\/em>\u2013 Gimnazjum nr\u00a021 im.\u00a0Orl\u0105t Lwowskich w\u00a0Cz\u0119stochowie; opiekun: Bo\u017cena Staniek,<\/li>\n<li><em>Zofia Wojciechowska <\/em>\u2013 Gimnazjum nr\u00a012 im.\u00a0Jana Matejki w\u00a0Cz\u0119stochowie; opiekun: Agnieszka Gry\u015b.<\/li>\n<\/ul>\n<p>Prezentacje uczestnik\u00f3w ocenia\u0142o jury w\u00a0sk\u0142adzie:<\/p>\n<ol>\n<li><strong>Beata Raczy\u0144ska<\/strong> \u2013 przewodnicz\u0105cy komisji, nauczyciel polonista, nauczyciel bibliotekarz Publicznej Biblioteki Pedagogicznej RODN \u201eWOM\u201d w\u00a0Cz\u0119stochowie.<\/li>\n<li><strong>Zbigniew Myga <\/strong>\u2013 brat poetki, kustosz Muzeum im.\u00a0Haliny Po\u015bwiatowskiej przy ulicy Jasnog\u00f3rskiej w\u00a0Cz\u0119stochowie.<\/li>\n<li><strong>Beata Gendek-Barhoumi<\/strong> \u2013 nauczyciel polonista VII Liceum Og\u00f3lnokszta\u0142c\u0105cego im.\u00a0Miko\u0142aja Kopernika w\u00a0Cz\u0119stochowie, opiekun teatru szkolnego <em>Grupa pod\u00a0Wisz\u0105cym Kotem<\/em>, nominowana do\u00a0tytu\u0142u <em>Nauczyciela Roku 2015. <\/em>Otrzyma\u0142a tytu\u0142<em>Animatora Kultury 2015<\/em>.<\/li>\n<li><strong>Pawe\u0142 Bilski <\/strong>\u2013 prezes zarz\u0105du Fundacji <em>Oczami Brata.<\/em><\/li>\n<\/ol>\n<p>Decyzj\u0105 jury przyznano nast\u0119puj\u0105ce miejsca:<\/p>\n<p><strong>I\u00a0miejsce<\/strong><\/p>\n<ol>\n<li><strong>Julia Tryba<\/strong> <strong>\u2013<\/strong> Gimnazjum nr\u00a07 im.\u00a0Konstantego Ildefonsa Ga\u0142czy\u0144skiego w\u00a0Cz\u0119stochowie, wiersz \u201eOdk\u0105d Ci\u0119 pozna\u0142am\u2026\u201d<\/li>\n<\/ol>\n<p><strong>II miejsce<\/strong><\/p>\n<ol>\n<li><strong>Sandra Goleniewska<\/strong> <strong>\u2013<\/strong> Gimnazjum nr\u00a05 im.\u00a0Miko\u0142aja Reja w\u00a0Cz\u0119stochowie, wiersz *** (\u201ete s\u0142owa istnia\u0142y zawsze\u2026\u201d)<\/li>\n<li><strong>Kamila Wikli\u0144ska<\/strong> <strong>\u2013<\/strong> Gimnazjum nr\u00a021 im.\u00a0Orl\u0105t Lwowskich w\u00a0Cz\u0119stochowie, wiersz ***(\u201eod\u0142ama\u0142am ga\u0142\u0105\u017a mi\u0142o\u015bci\u2026\u201d)<\/li>\n<\/ol>\n<p><strong>III miejsce<\/strong><\/p>\n<ol>\n<li><strong>Marta Skrzypczyk<\/strong> <strong>\u2013<\/strong> Katolickie Gimnazjum Stowarzyszenia Przyjaci\u00f3\u0142 Szk\u00f3\u0142 Katolickich im.\u00a0Matki Bo\u017cej Jasnog\u00f3rskiej w\u00a0Cz\u0119stochowie, wiersz ***\u201eby\u0142e\u015b dla mnie tylko czworok\u0105tem papieru\u2026\u201d<\/li>\n<li><strong>Alicja Kulawik<\/strong> <strong>\u2013<\/strong> Gimnazjum nr\u00a02 im.\u00a0Pokolenia Kolumb\u00f3w w\u00a0Cz\u0119stochowie, wiersz \u201ePrzypominam\u201d<\/li>\n<\/ol>\n<p>Jury przyzna\u0142o r\u00f3wnie\u017c <strong>2 wyr\u00f3\u017cnienia<\/strong>:<\/p>\n<ol>\n<li><strong>Sebastian Kasprzak<\/strong> <strong>\u2013<\/strong> Gimnazjum nr\u00a011 im.\u00a0Marii Pawlikowskiej-Jasnorzewskiej w\u00a0Cz\u0119stochowie, wiersz \u201eWiersz dla mnie\u201d<\/li>\n<li><strong>Jakub Morawiec<\/strong> <strong>\u2013<\/strong> Gimnazjum w\u00a0Zespole Szk\u00f3\u0142 im.\u00a0Henryka Sienkiewicza w\u00a0Konopiskach, wiersz \u201eWiersz dla mnie\u201d<\/li>\n<\/ol>\n<p>Laureaci konkursu zostali uhonorowani dyplomami i\u00a0nagrodami ksi\u0105\u017ckowymi ufundowanymi przez Starost\u0119 Cz\u0119stochowskiego i\u00a0Fundacj\u0119 <em>Oczami Brata.<\/em><\/p>\n<p style=\"text-align: right;\"><em>Katarzyna Kucharzewska<\/em><br \/>\n<em>Zdj\u0119cia: Izabela Bajor<\/em><\/p>\n<p style=\"text-align: right;\"><a href=\"https:\/\/pbp.womczest.edu.pl\/new\/galeria\/powiatowy-konkurs-recytatorski-poetyckie-krajobrazy-poswiecony-poezji-haliny-poswiatowskiej-2015\/\">galeria<\/a><\/p>\n<p style=\"text-align: right;\"><a href=\"https:\/\/www.youtube.com\/watch?v=F0f1pgP9c9o\">materia\u0142 filmowy<\/a><\/p>\n","protected":false},"excerpt":{"rendered":"<p>22 pa\u017adziernika 2015 roku w\u00a0Regionalnym O\u015brodku Doskonalenia Nauczycieli \u201eWOM\u201d w\u00a0Cz\u0119stochowie odby\u0142 si\u0119 Powiatowy Konkurs Recytatorski Poetyckie Krajobrazy, po\u015bwi\u0119cony poezji Haliny Po\u015bwiatowskiej, w\u00a0zwi\u0105zku z\u00a0przypadaj\u0105c\u0105 w\u00a02015 roku 80. rocznic\u0105 urodzin poetki. Konkurs adresowany do\u00a0uczni\u00f3w gimnazj\u00f3w miasta Cz\u0119stochowy oraz\u00a0powiatu cz\u0119stochowskiego zorganizowa\u0142a Publiczna Biblioteka Pedagogiczna RODN \u201eWOM\u201d w\u00a0Cz\u0119stochowie. Honorowy patronat nad\u00a0konkursem obj\u0105\u0142 Pan Andrzej Kwapisz, Starosta Cz\u0119stochowski. Celem konkursu by\u0142o upami\u0119tnienie tw\u00f3rczo\u015bci wybitnej poetki Haliny Po\u015bwiatowskiej, zwi\u0105zanej z\u00a0Cz\u0119stochow\u0105, popularyzacja jej tw\u00f3rczo\u015bci, rozwijanie recytatorskich i\u00a0aktorskich<span class=\"ellipsis\">&hellip;<\/span><\/p>\n<div class=\"read-more\"><a href=\"https:\/\/pbp.womczest.edu.pl\/new\/powiatowy-konkurs-recytatorski-poetyckie-krajobrazy-poswiecony-poezji-haliny-poswiatowskiej\/\">Czytaj wi\u0119cej &#8250;<\/a><\/div>\n<p><!-- end of .read-more --><\/p>\n","protected":false},"author":6,"featured_media":0,"parent":0,"menu_order":0,"comment_status":"closed","ping_status":"closed","template":"","meta":{"footnotes":""},"jetpack_sharing_enabled":true,"jetpack_shortlink":"https:\/\/wp.me\/PgmV4H-1FK","_links":{"self":[{"href":"https:\/\/pbp.womczest.edu.pl\/new\/wp-json\/wp\/v2\/pages\/6432"}],"collection":[{"href":"https:\/\/pbp.womczest.edu.pl\/new\/wp-json\/wp\/v2\/pages"}],"about":[{"href":"https:\/\/pbp.womczest.edu.pl\/new\/wp-json\/wp\/v2\/types\/page"}],"author":[{"embeddable":true,"href":"https:\/\/pbp.womczest.edu.pl\/new\/wp-json\/wp\/v2\/users\/6"}],"replies":[{"embeddable":true,"href":"https:\/\/pbp.womczest.edu.pl\/new\/wp-json\/wp\/v2\/comments?post=6432"}],"version-history":[{"count":3,"href":"https:\/\/pbp.womczest.edu.pl\/new\/wp-json\/wp\/v2\/pages\/6432\/revisions"}],"predecessor-version":[{"id":7086,"href":"https:\/\/pbp.womczest.edu.pl\/new\/wp-json\/wp\/v2\/pages\/6432\/revisions\/7086"}],"wp:attachment":[{"href":"https:\/\/pbp.womczest.edu.pl\/new\/wp-json\/wp\/v2\/media?parent=6432"}],"curies":[{"name":"wp","href":"https:\/\/api.w.org\/{rel}","templated":true}]}}