


{"id":6209,"date":"2015-10-08T09:51:40","date_gmt":"2015-10-08T07:51:40","guid":{"rendered":"https:\/\/pbp.womczest.edu.pl\/new\/?page_id=6209"},"modified":"2015-11-24T15:51:01","modified_gmt":"2015-11-24T14:51:01","slug":"narodowe-czytanie-2015","status":"publish","type":"page","link":"https:\/\/pbp.womczest.edu.pl\/new\/narodowe-czytanie-2015\/","title":{"rendered":"Narodowe Czytanie 2015"},"content":{"rendered":"<p><strong>4 wrze\u015bnia<\/strong> 2015 r. o godz. 12 w Auli Forum Regionalnego O\u015brodka Doskonalenia Nauczycieli \u201eWOM\u201d w Cz\u0119stochowie, Al. Jana Paw\u0142a II 126\/130 odby\u0142o si\u0119 spotkanie czytelnicze: <strong><em>Warszawa w \u201eLalce\u201d, Cz\u0119stochowa w czasach \u201eLalki\u201d<\/em><\/strong><em>, <\/em>zorganizowane przez Publiczn\u0105 Bibliotek\u0119 Pedagogiczn\u0105 RODN \u201eWOM\u201d w ramach og\u00f3lnopolskiej akcji Narodowe Czytanie 2015. Aul\u0119 zape\u0142nili uczniowie i nauczyciele Cz\u0119stochowskich szk\u00f3\u0142 gimnazjalnych i licealnych.<\/p>\n<p>Fragmenty \u201eLalki\u201d Boles\u0142awa Prusa przeczytali cz\u0142onkowie \u201eGrupy pod Wisz\u0105cym Kotem\u201d, ko\u0142a teatralnego dzia\u0142aj\u0105cego w VII Liceum Og\u00f3lnokszta\u0142c\u0105cym im. Miko\u0142aja Kopernika w Cz\u0119stochowie. Spotkanie wzbogacone by\u0142o prezentacj\u0105 zdj\u0119\u0107 ukazuj\u0105cych Warszaw\u0119 w czasach Lalki. Atrakcyjnym dodatkiem by\u0142a projekcja piosenki Jacka Kaczmarskiego Lalka, czyli polski pozytywizm.<\/p>\n<p>Ca\u0142o\u015b\u0107 dope\u0142ni\u0142a opowie\u015b\u0107 o Cz\u0119stochowie ko\u0144ca XIX w. &#8211; dr. Juliusza S\u0119towskiego z O\u015brodka Dokumentacji Dziej\u00f3w Cz\u0119stochowy.<\/p>\n<p>Na zako\u0144czenie uczestnicy otrzymali pami\u0105tkowe dyplomy.<\/p>\n<p style=\"text-align: right;\"><em>Justyna Gali\u0144ska, Izabela Bajor<br \/>\nzdj\u0119cia: Izabela Bajor, Marcin B\u0142och<\/em><\/p>\n<p style=\"text-align: right;\"><a href=\"https:\/\/pbp.womczest.edu.pl\/new\/galeria\/narodowe-czytanie-2015\/\">galeria<\/a><\/p>\n<p>&nbsp;<\/p>\n","protected":false},"excerpt":{"rendered":"<p>4 wrze\u015bnia 2015 r. o godz. 12 w Auli Forum Regionalnego O\u015brodka Doskonalenia Nauczycieli \u201eWOM\u201d w Cz\u0119stochowie, Al. Jana Paw\u0142a II 126\/130 odby\u0142o si\u0119 spotkanie czytelnicze: Warszawa w \u201eLalce\u201d, Cz\u0119stochowa w czasach \u201eLalki\u201d, zorganizowane przez Publiczn\u0105 Bibliotek\u0119 Pedagogiczn\u0105 RODN \u201eWOM\u201d w ramach og\u00f3lnopolskiej akcji Narodowe Czytanie 2015. Aul\u0119 zape\u0142nili uczniowie i nauczyciele Cz\u0119stochowskich szk\u00f3\u0142 gimnazjalnych i licealnych. Fragmenty \u201eLalki\u201d Boles\u0142awa Prusa przeczytali cz\u0142onkowie \u201eGrupy pod Wisz\u0105cym Kotem\u201d, ko\u0142a teatralnego dzia\u0142aj\u0105cego<span class=\"ellipsis\">&hellip;<\/span><\/p>\n<div class=\"read-more\"><a href=\"https:\/\/pbp.womczest.edu.pl\/new\/narodowe-czytanie-2015\/\">Czytaj wi\u0119cej &#8250;<\/a><\/div>\n<p><!-- end of .read-more --><\/p>\n","protected":false},"author":6,"featured_media":0,"parent":0,"menu_order":0,"comment_status":"closed","ping_status":"closed","template":"","meta":{"footnotes":""},"jetpack_sharing_enabled":true,"jetpack_shortlink":"https:\/\/wp.me\/PgmV4H-1C9","_links":{"self":[{"href":"https:\/\/pbp.womczest.edu.pl\/new\/wp-json\/wp\/v2\/pages\/6209"}],"collection":[{"href":"https:\/\/pbp.womczest.edu.pl\/new\/wp-json\/wp\/v2\/pages"}],"about":[{"href":"https:\/\/pbp.womczest.edu.pl\/new\/wp-json\/wp\/v2\/types\/page"}],"author":[{"embeddable":true,"href":"https:\/\/pbp.womczest.edu.pl\/new\/wp-json\/wp\/v2\/users\/6"}],"replies":[{"embeddable":true,"href":"https:\/\/pbp.womczest.edu.pl\/new\/wp-json\/wp\/v2\/comments?post=6209"}],"version-history":[{"count":3,"href":"https:\/\/pbp.womczest.edu.pl\/new\/wp-json\/wp\/v2\/pages\/6209\/revisions"}],"predecessor-version":[{"id":6861,"href":"https:\/\/pbp.womczest.edu.pl\/new\/wp-json\/wp\/v2\/pages\/6209\/revisions\/6861"}],"wp:attachment":[{"href":"https:\/\/pbp.womczest.edu.pl\/new\/wp-json\/wp\/v2\/media?parent=6209"}],"curies":[{"name":"wp","href":"https:\/\/api.w.org\/{rel}","templated":true}]}}