


{"id":5646,"date":"2015-08-18T09:31:19","date_gmt":"2015-08-18T07:31:19","guid":{"rendered":"https:\/\/pbp.womczest.edu.pl\/new\/?page_id=5646"},"modified":"2015-11-25T15:10:32","modified_gmt":"2015-11-25T14:10:32","slug":"xvii-czestochowski-przeglad-gazet-szkolnych","status":"publish","type":"page","link":"https:\/\/pbp.womczest.edu.pl\/new\/edukacja\/konkursy\/xvii-czestochowski-przeglad-gazet-szkolnych\/","title":{"rendered":"XVII Cz\u0119stochowski Przegl\u0105d Gazet Szkolnych"},"content":{"rendered":"<p>Publiczna Biblioteka Pedagogiczna RODN \u201eWOM\u201d w\u00a0Cz\u0119stochowie od\u00a0trzech lat wsp\u00f3\u0142pracuje z\u00a0Gimnazjum nr\u00a01 im.\u00a0Jana III Sobieskiego w\u00a0Cz\u0119stochowie przy organizacji wystawy gazetek szkolnych. Do\u00a0sta\u0142ej wsp\u00f3\u0142pracy w\u0142\u0105czyli si\u0119 nauczyciele bibliotekarze Katarzyna Kucharzewska i\u00a0Bogumi\u0142 Dobosz.<br \/>\nW roku szkolnym 2014\/2015 odby\u0142a si\u0119 siedemnasta edycja <em>Cz\u0119stochowskiego Przegl\u0105du Gazet Szkolnych<\/em>. Do\u00a0konkursu na\u00a0najlepsz\u0105 gazetk\u0119 szkoln\u0105 zg\u0142oszono 33 tytu\u0142y czasopism redagowanych przez uczni\u00f3w pod\u00a0kierunkiem nauczycieli\u00a0z przedszkoli i\u00a0szk\u00f3\u0142 Cz\u0119stochowy, Garnka i\u00a0R\u0119dzin. Nades\u0142ane wcze\u015bniej prace oceniane by\u0142y w\u00a04 kategoriach: gazetki z\u00a0przedszkoli, gazetki ze\u00a0szk\u00f3\u0142 podstawowych, gazetki z\u00a0gimnazj\u00f3w, gazetki ze\u00a0szk\u00f3\u0142 ponadgimnazjalnych. Jury ocenia\u0142o gazety wed\u0142ug nast\u0119puj\u0105cych kryteri\u00f3w: kultura j\u0119zyka, szata graficzna i\u00a0og\u00f3lny wizerunek, tematyka \u2013 \u0142\u0105czenie problematyki szkolnej, regionalnej oraz\u00a0zainteresowa\u0144 uczni\u00f3w, oryginalno\u015b\u0107 materia\u0142\u00f3w (tekst\u00f3w, fotografii, prac plastycznych).<br \/>\n28 kwietnia 2015 roku w\u00a0Gimnazjum nr\u00a01 im.\u00a0Jana III Sobieskiego w\u00a0Cz\u0119stochowie mia\u0142o miejsce podsumowanie <em>XVII Cz\u0119stochowskiego Przegl\u0105du Gazet Szkolnych<\/em>. Wr\u0119czono upominki i\u00a0dyplomy dla m\u0142odych tw\u00f3rc\u00f3w i\u00a0ich opiekun\u00f3w. Towarzysz\u0105ca uroczysto\u015bci wystawa prac prezentowana by\u0142a na\u00a0Zamku Kr\u00f3lewskim w\u00a0Warszawie podczas Og\u00f3lnopolskiej Prezentacji Program\u00f3w M\u0142odzie\u017cowych 9 czerwca 2015 roku.<\/p>\n<p><strong>Wyniki XVII Cz\u0119stochowskiego Przegl\u0105du Gazet Szkolnych:<\/strong><\/p>\n<p><strong>Gazety przedszkoli<\/strong><\/p>\n<ul>\n<li>I\u00a0miejsce:\u00a0 Przedszkolaczek \u2013 Miejskie Przedszkole nr\u00a035 im.\u00a0Ma\u0142ego Ksi\u0119cia w\u00a0Cz\u0119stochowie<br \/>\nWeso\u0142e Skrzatki \u2013 Miejskie Przedszkole nr\u00a09 w\u00a0Cz\u0119stochowie<\/li>\n<li>II miejsce:\u00a0 Przedszkolne Wie\u015bci \u2013 Miejskie Przedszkolne nr\u00a06 w\u00a0Cz\u0119stochowie<\/li>\n<li>III miejsce: S\u0142oneczne wiadomo\u015bci \u2013 Miejskie Przedszkole nr\u00a029 w\u00a0Cz\u0119stochowie<br \/>\nSkrzat \u2013 Miejskie Przedszkole nr\u00a041 w\u00a0Cz\u0119stochowie.<\/li>\n<\/ul>\n<p><strong>Gazety szk\u00f3\u0142 podstawowych<\/strong><\/p>\n<ul>\n<li>I\u00a0miejsce:\u00a0\u00a0 Coll School \u2013 Szko\u0142a Podstawowa nr\u00a049 im.\u00a0Janusza Kusoci\u0144skiego w\u00a0Cz\u0119stochowie<\/li>\n<li>II miejsce:\u00a0 Z\u00a0plecaka uczniaka \u2013 Szko\u0142a Podstawowa nr\u00a031 z\u00a0Oddzia\u0142ami Integracyjnymi w\u00a0Cz\u0119stochowie<\/li>\n<li>III miejsce:\u00a0 12-tka \u2013 Szko\u0142a Podstawowa nr\u00a012 im.\u00a0Boles\u0142awa Chrobrego w\u00a0Cz\u0119stochowie<\/li>\n<\/ul>\n<p><strong>Gazety gimnazj\u00f3w<\/strong><\/p>\n<ul>\n<li>I\u00a0miejsce:\u00a0\u00a0 Szko\u0142owisko Gimnazjum nr\u00a016 im.\u00a0Boles\u0142awa Chrobrego w\u00a0Cz\u0119stochowie<\/li>\n<li>II miejsce:\u00a0 Pi\u0105tka \u2013 Gimnazjum nr\u00a05 im.\u00a0Miko\u0142aja Reja w\u00a0Cz\u0119stochowie<\/li>\n<li>III miejsce:\u00a0 G\u0141OS OBIEKTYWNY FREDRU\u015a \u2013 Gimnazjum nr\u00a020 im.\u00a0Aleksandra Fredry w\u00a0Cz\u0119stochowie<br \/>\nNiecodziennik \u2013 Gimnazjum nr\u00a01 im.\u00a0Armii Krajowej w\u00a0R\u0119dzinach<\/li>\n<\/ul>\n<p><strong>Gazety szk\u00f3\u0142 ponadgimnazjalnych<\/strong><\/p>\n<ul>\n<li>I\u00a0miejsce:\u00a0 Krzyk \u2013 Zesp\u00f3\u0142 Szk\u00f3\u0142 im.\u00a0gen. W\u0142adys\u0142awa Andersa w\u00a0Cz\u0119stochowie<\/li>\n<li>II miejsce: SOWIZDRZA\u0141 \u2013 Zesp\u00f3\u0142 Szk\u00f3\u0142 Technicznych w\u00a0Cz\u0119stochowie<\/li>\n<li>III miejsce: NEWS PRUS \u2013 Zesp\u00f3\u0142 Szk\u00f3\u0142 im.\u00a0Boles\u0142awa Prusa w\u00a0Cz\u0119stochowie<\/li>\n<\/ul>\n<p><strong>Wyr\u00f3\u017cnienia:<\/strong><\/p>\n<p>\u2013 EKO gazetka ekologiczna \u2013 Gimnazjum nr\u00a020 im.\u00a0Aleksandra Fredry w\u00a0Cz\u0119stochowie<br \/>\n\u2013 PRUS NEWS \u2013 Zesp\u00f3\u0142 Szk\u00f3\u0142 im.\u00a0Boles\u0142awa Prusa w\u00a0Garnku<br \/>\n\u2013 EKO MONDI szkolne czasopismo ekologiczne \u2013 Zesp\u00f3\u0142 Szk\u00f3\u0142 im.\u00a0W\u0142adys\u0142awa Stanis\u0142awa Reymonta w\u00a0Cz\u0119stochowie.<br \/>\nPubliczna Biblioteka Pedagogiczna RODN \u201eWOM\u201d w\u00a0Cz\u0119stochowie zaprasza na\u00a0wystaw\u0119 pokonkursow\u0105. Wszystkie gazetki szkolne uczestnicz\u0105ce w\u00a0konkursie mo\u017cna obejrze\u0107 w\u00a0czytelni naukowej.<\/p>\n<p style=\"text-align: right;\"><em>Katarzyna Kucharzewska<\/em><br \/>\n<em>Zdj\u0119cia: Agnieszka Chmielewska<\/em><\/p>\n<style id=\"bwg-style-0\">    #bwg_container1_0 #bwg_container2_0 .bwg-container-0.bwg-standard-thumbnails {      width: 904px;              justify-content: center;        margin:0 auto !important;              background-color: rgba(255, 255, 255, 0.00);            padding-left: 4px;      padding-top: 4px;      max-width: 100%;            }        #bwg_container1_0 #bwg_container2_0 .bwg-container-0.bwg-standard-thumbnails .bwg-item {    justify-content: flex-start;      max-width: 180px;            width: 180px !important;          }    #bwg_container1_0 #bwg_container2_0 .bwg-container-0.bwg-standard-thumbnails .bwg-item a {       margin-right: 4px;       margin-bottom: 4px;    }    #bwg_container1_0 #bwg_container2_0 .bwg-container-0.bwg-standard-thumbnails .bwg-item0 {      padding: 0px;            background-color:rgba(255,255,255, 0.30);      border: 0px none #CCCCCC;      opacity: 1.00;      border-radius: 0;      box-shadow: 0px 0px 0px #888888;    }    #bwg_container1_0 #bwg_container2_0 .bwg-container-0.bwg-standard-thumbnails .bwg-item1 img {      max-height: none;      max-width: none;      padding: 0 !important;    }        @media only screen and (min-width: 480px) {      #bwg_container1_0 #bwg_container2_0 .bwg-container-0.bwg-standard-thumbnails .bwg-item0 {        transition: all 0.3s ease 0s;-webkit-transition: all 0.3s ease 0s;      }      #bwg_container1_0 #bwg_container2_0 .bwg-container-0.bwg-standard-thumbnails .bwg-item0:hover {        -ms-transform: scale(1.1);        -webkit-transform: scale(1.1);        transform: scale(1.1);      }    }          #bwg_container1_0 #bwg_container2_0 .bwg-container-0.bwg-standard-thumbnails .bwg-item1 {      padding-top: 50%;    }        #bwg_container1_0 #bwg_container2_0 .bwg-container-0.bwg-standard-thumbnails .bwg-title2,    #bwg_container1_0 #bwg_container2_0 .bwg-container-0.bwg-standard-thumbnails .bwg-ecommerce2 {      color: #CCCCCC;      font-family: segoe ui;      font-size: 16px;      font-weight: bold;      padding: 2px;      text-shadow: 0px 0px 0px #888888;      max-height: 100%;    }    #bwg_container1_0 #bwg_container2_0 .bwg-container-0.bwg-standard-thumbnails .bwg-thumb-description span {    color: #323A45;    font-family: Ubuntu;    font-size: 12px;    max-height: 100%;    word-wrap: break-word;    }    #bwg_container1_0 #bwg_container2_0 .bwg-container-0.bwg-standard-thumbnails .bwg-play-icon2 {      font-size: 32px;    }    #bwg_container1_0 #bwg_container2_0 .bwg-container-0.bwg-standard-thumbnails .bwg-ecommerce2 {      font-size: 19.2px;      color: #CCCCCC;    }    <\/style>    <div id=\"bwg_container1_0\"         class=\"bwg_container bwg_thumbnail bwg_thumbnails \"         data-right-click-protection=\"0\"         data-bwg=\"0\"         data-scroll=\"0\"         data-gallery-type=\"thumbnails\"         data-gallery-view-type=\"thumbnails\"         data-current-url=\"\/new\/wp-json\/wp\/v2\/pages\/5646\"         data-lightbox-url=\"https:\/\/pbp.womczest.edu.pl\/new\/wp-admin\/admin-ajax.php?action=GalleryBox&#038;current_view=0&#038;gallery_id=27&#038;tag=0&#038;theme_id=1&#038;shortcode_id=35&#038;sort_by=order&#038;order_by=asc&#038;current_url=%2Fnew%2Fwp-json%2Fwp%2Fv2%2Fpages%2F5646\"         data-gallery-id=\"27\"         data-popup-width=\"800\"         data-popup-height=\"500\"         data-is-album=\"gallery\"         data-buttons-position=\"bottom\">      <div id=\"bwg_container2_0\">             <div id=\"ajax_loading_0\" class=\"bwg_loading_div_1\">      <div class=\"bwg_loading_div_2\">        <div class=\"bwg_loading_div_3\">          <div id=\"loading_div_0\" class=\"bwg_spider_ajax_loading\">          <\/div>        <\/div>      <\/div>    <\/div>            <form id=\"gal_front_form_0\"              class=\"bwg-hidden\"              method=\"post\"              action=\"#\"              data-current=\"0\"              data-shortcode-id=\"35\"              data-gallery-type=\"thumbnails\"              data-gallery-id=\"27\"              data-tag=\"0\"              data-album-id=\"0\"              data-theme-id=\"1\"              data-ajax-url=\"https:\/\/pbp.womczest.edu.pl\/new\/wp-admin\/admin-ajax.php?action=bwg_frontend_data\">          <div id=\"bwg_container3_0\" class=\"bwg-background bwg-background-0\">                <div data-max-count=\"5\"         data-thumbnail-width=\"180\"         data-bwg=\"0\"         data-gallery-id=\"27\"         data-lightbox-url=\"https:\/\/pbp.womczest.edu.pl\/new\/wp-admin\/admin-ajax.php?action=GalleryBox&amp;current_view=0&amp;gallery_id=27&amp;tag=0&amp;theme_id=1&amp;shortcode_id=35&amp;sort_by=order&amp;order_by=asc&amp;current_url=%2Fnew%2Fwp-json%2Fwp%2Fv2%2Fpages%2F5646\"         id=\"bwg_thumbnails_0\"         class=\"bwg-container-0 bwg-thumbnails bwg-standard-thumbnails bwg-container bwg-border-box\">            <div class=\"bwg-item\">        <a class=\"bwg-a \"  data-elementor-open-lightbox=\"no\">                <div class=\"bwg-item0 \">          <div class=\"bwg-item1 \">            <div class=\"bwg-item2\">              <img class=\"skip-lazy bwg_standart_thumb_img_0 \"                   data-id=\"330\"                   data-width=\"300.00\"                   data-height=\"200.00\"                   data-src=\"https:\/\/pbp.womczest.edu.pl\/new\/wp-content\/uploads\/photo-gallery\/gazetki_czyt\/thumb\/f-300x200.jpg\"                   src=\"https:\/\/pbp.womczest.edu.pl\/new\/wp-content\/uploads\/photo-gallery\/gazetki_czyt\/thumb\/f-300x200.jpg\"                   alt=\"f-300x200\"                   title=\"f-300x200\" \/>            <\/div>            <div class=\"\">                                                      <\/div>          <\/div>        <\/div>                        <\/a>              <\/div>            <div class=\"bwg-item\">        <a class=\"bwg-a \"  data-elementor-open-lightbox=\"no\">                <div class=\"bwg-item0 \">          <div class=\"bwg-item1 \">            <div class=\"bwg-item2\">              <img class=\"skip-lazy bwg_standart_thumb_img_0 \"                   data-id=\"329\"                   data-width=\"300.00\"                   data-height=\"200.00\"                   data-src=\"https:\/\/pbp.womczest.edu.pl\/new\/wp-content\/uploads\/photo-gallery\/gazetki_czyt\/thumb\/e-300x200.jpg\"                   src=\"https:\/\/pbp.womczest.edu.pl\/new\/wp-content\/uploads\/photo-gallery\/gazetki_czyt\/thumb\/e-300x200.jpg\"                   alt=\"e-300x200\"                   title=\"e-300x200\" \/>            <\/div>            <div class=\"\">                                                      <\/div>          <\/div>        <\/div>                        <\/a>              <\/div>            <div class=\"bwg-item\">        <a class=\"bwg-a \"  data-elementor-open-lightbox=\"no\">                <div class=\"bwg-item0 \">          <div class=\"bwg-item1 \">            <div class=\"bwg-item2\">              <img class=\"skip-lazy bwg_standart_thumb_img_0 \"                   data-id=\"328\"                   data-width=\"300.00\"                   data-height=\"200.00\"                   data-src=\"https:\/\/pbp.womczest.edu.pl\/new\/wp-content\/uploads\/photo-gallery\/gazetki_czyt\/thumb\/a-300x200.jpg\"                   src=\"https:\/\/pbp.womczest.edu.pl\/new\/wp-content\/uploads\/photo-gallery\/gazetki_czyt\/thumb\/a-300x200.jpg\"                   alt=\"a-300x200\"                   title=\"a-300x200\" \/>            <\/div>            <div class=\"\">                                                      <\/div>          <\/div>        <\/div>                        <\/a>              <\/div>          <\/div>    <style>      \/*pagination styles*\/      #bwg_container1_0 #bwg_container2_0 .tablenav-pages_0 {\t\t\t\ttext-align: center;\t\t\t\tfont-size: 12px;\t\t\t\tfont-family: segoe ui;\t\t\t\tfont-weight: bold;\t\t\t\tcolor: #666666;\t\t\t\tmargin: 6px 0 4px;\t\t\t\tdisplay: block;      }      @media only screen and (max-width : 320px) {      #bwg_container1_0 #bwg_container2_0 .displaying-num_0 {     \t display: none;      }      }      #bwg_container1_0 #bwg_container2_0 .displaying-num_0 {\t\t\t\tfont-size: 12px;\t\t\t\tfont-family: segoe ui;\t\t\t\tfont-weight: bold;\t\t\t\tcolor: #666666;\t\t\t\tmargin-right: 10px;\t\t\t\tvertical-align: middle;      }      #bwg_container1_0 #bwg_container2_0 .paging-input_0 {\t\t\t\tfont-size: 12px;\t\t\t\tfont-family: segoe ui;\t\t\t\tfont-weight: bold;\t\t\t\tcolor: #666666;\t\t\t\tvertical-align: middle;      }      #bwg_container1_0 #bwg_container2_0 .tablenav-pages_0 a.disabled,      #bwg_container1_0 #bwg_container2_0 .tablenav-pages_0 a.disabled:hover,      #bwg_container1_0 #bwg_container2_0 .tablenav-pages_0 a.disabled:focus,\t\t\t#bwg_container1_0 #bwg_container2_0 .tablenav-pages_0 input.bwg_current_page {\t\t\t\tcursor: default;\t\t\t\tcolor: rgba(102, 102, 102, 0.5);      }      #bwg_container1_0 #bwg_container2_0 .tablenav-pages_0 a,      #bwg_container1_0 #bwg_container2_0 .tablenav-pages_0 input.bwg_current_page {\t\t\t\tcursor: pointer;\t\t\t\ttext-align: center;\t\t\t\tfont-size: 12px;\t\t\t\tfont-family: segoe ui;\t\t\t\tfont-weight: bold;\t\t\t\tcolor: #666666;\t\t\t\ttext-decoration: none;\t\t\t\tpadding: 3px 6px;\t\t\t\tmargin: 0;\t\t\t\tborder-radius: 0;\t\t\t\tborder-style: solid;\t\t\t\tborder-width: 1px;\t\t\t\tborder-color: #E3E3E3;\t\t\t\t\t\t\t\tbackground-color: rgba(255, 255, 255, 1.00);\t\t\t\tbox-shadow: 0;\t\t\t\ttransition: all 0.3s ease 0s;-webkit-transition: all 0.3s ease 0s;      }      <\/style>      <span class=\"bwg_nav_cont_0\">              <div class=\"tablenav-pages_0\">                  <\/div>                <input type=\"hidden\" id=\"page_number_0\" name=\"page_number_0\" value=\"1\" \/>      <script type=\"text\/javascript\">        if( jQuery('.bwg_nav_cont_0').length > 1 ) {          jQuery('.bwg_nav_cont_0').first().remove()        }        function spider_page_0(cur, x, y, load_more) {          if (typeof load_more == \"undefined\") {            var load_more = false;          }          if (jQuery(cur).hasClass('disabled')) {            return false;          }          var items_county_0 = 1;          switch (y) {            case 1:              if (x >= items_county_0) {                document.getElementById('page_number_0').value = items_county_0;              }              else {                document.getElementById('page_number_0').value = x + 1;              }              break;            case 2:              document.getElementById('page_number_0').value = items_county_0;              break;            case -1:              if (x == 1) {                document.getElementById('page_number_0').value = 1;              }              else {                document.getElementById('page_number_0').value = x - 1;              }              break;            case -2:              document.getElementById('page_number_0').value = 1;              break;\t\t\t\t\t\tcase 0:              document.getElementById('page_number_0').value = x;              break;            default:              document.getElementById('page_number_0').value = 1;          }          bwg_ajax('gal_front_form_0', '0', 'bwg_thumbnails_0', '0', '', 'gallery', 0, '', '', load_more, '', 1);        }                    jQuery('.first-page-0').on('click', function () {              spider_page_0(this, 1, -2, 'numeric');              return false;            });            jQuery('.prev-page-0').on('click', function () {              spider_page_0(this, 1, -1, 'numeric');              return false;            });            jQuery('.next-page-0').on('click', function () {              spider_page_0(this, 1, 1, 'numeric');              return false;            });            jQuery('.last-page-0').on('click', function () {              spider_page_0(this, 1, 2, 'numeric');              return false;            });        \t\t\t\t\/* Change page on input enter. *\/        function bwg_change_page_0( e, that ) {          if (  e.key == 'Enter' ) {            var to_page = parseInt(jQuery(that).val());            var pages_count = jQuery(that).parents(\".pagination-links\").data(\"pages-count\");            var current_url_param = jQuery(that).attr('data-url-info');            if (to_page > pages_count) {              to_page = 1;            }\t \t\t\t\t\t\t\t\t\t\t\t\tspider_page_0(this, to_page, 0, 'numeric');\t\t\t\t\t\t\treturn false;\t\t\t\t\t\t          }          return true;        }        jQuery('.bwg_load_btn_0').on('click', function () {            spider_page_0(this, 1, 1, true);            return false;        });      <\/script>      <\/span>                <\/div>        <\/form>              <\/div>    <\/div>    <script>      if (document.readyState === 'complete') {        if( typeof bwg_main_ready == 'function' ) {          if ( jQuery(\"#bwg_container1_0\").height() ) {            bwg_main_ready(jQuery(\"#bwg_container1_0\"));          }        }      } else {        document.addEventListener('DOMContentLoaded', function() {          if( typeof bwg_main_ready == 'function' ) {            if ( jQuery(\"#bwg_container1_0\").height() ) {             bwg_main_ready(jQuery(\"#bwg_container1_0\"));            }          }        });      }    <\/script>    \n","protected":false},"excerpt":{"rendered":"<p>Publiczna Biblioteka Pedagogiczna RODN \u201eWOM\u201d w\u00a0Cz\u0119stochowie od\u00a0trzech lat wsp\u00f3\u0142pracuje z\u00a0Gimnazjum nr\u00a01 im.\u00a0Jana III Sobieskiego w\u00a0Cz\u0119stochowie przy organizacji wystawy gazetek szkolnych. Do\u00a0sta\u0142ej wsp\u00f3\u0142pracy w\u0142\u0105czyli si\u0119 nauczyciele bibliotekarze Katarzyna Kucharzewska i\u00a0Bogumi\u0142 Dobosz. W roku szkolnym 2014\/2015 odby\u0142a si\u0119 siedemnasta edycja Cz\u0119stochowskiego Przegl\u0105du Gazet Szkolnych. Do\u00a0konkursu na\u00a0najlepsz\u0105 gazetk\u0119 szkoln\u0105 zg\u0142oszono 33 tytu\u0142y czasopism redagowanych przez uczni\u00f3w pod\u00a0kierunkiem nauczycieli\u00a0z przedszkoli i\u00a0szk\u00f3\u0142 Cz\u0119stochowy, Garnka i\u00a0R\u0119dzin. Nades\u0142ane wcze\u015bniej prace oceniane by\u0142y w\u00a04 kategoriach: gazetki z\u00a0przedszkoli, gazetki<span class=\"ellipsis\">&hellip;<\/span><\/p>\n<div class=\"read-more\"><a href=\"https:\/\/pbp.womczest.edu.pl\/new\/edukacja\/konkursy\/xvii-czestochowski-przeglad-gazet-szkolnych\/\">Czytaj wi\u0119cej &#8250;<\/a><\/div>\n<p><!-- end of .read-more --><\/p>\n","protected":false},"author":6,"featured_media":0,"parent":2649,"menu_order":0,"comment_status":"closed","ping_status":"open","template":"","meta":{"footnotes":""},"jetpack_sharing_enabled":true,"jetpack_shortlink":"https:\/\/wp.me\/PgmV4H-1t4","_links":{"self":[{"href":"https:\/\/pbp.womczest.edu.pl\/new\/wp-json\/wp\/v2\/pages\/5646"}],"collection":[{"href":"https:\/\/pbp.womczest.edu.pl\/new\/wp-json\/wp\/v2\/pages"}],"about":[{"href":"https:\/\/pbp.womczest.edu.pl\/new\/wp-json\/wp\/v2\/types\/page"}],"author":[{"embeddable":true,"href":"https:\/\/pbp.womczest.edu.pl\/new\/wp-json\/wp\/v2\/users\/6"}],"replies":[{"embeddable":true,"href":"https:\/\/pbp.womczest.edu.pl\/new\/wp-json\/wp\/v2\/comments?post=5646"}],"version-history":[{"count":4,"href":"https:\/\/pbp.womczest.edu.pl\/new\/wp-json\/wp\/v2\/pages\/5646\/revisions"}],"predecessor-version":[{"id":6872,"href":"https:\/\/pbp.womczest.edu.pl\/new\/wp-json\/wp\/v2\/pages\/5646\/revisions\/6872"}],"up":[{"embeddable":true,"href":"https:\/\/pbp.womczest.edu.pl\/new\/wp-json\/wp\/v2\/pages\/2649"}],"wp:attachment":[{"href":"https:\/\/pbp.womczest.edu.pl\/new\/wp-json\/wp\/v2\/media?parent=5646"}],"curies":[{"name":"wp","href":"https:\/\/api.w.org\/{rel}","templated":true}]}}