


{"id":5567,"date":"2015-07-07T12:53:54","date_gmt":"2015-07-07T10:53:54","guid":{"rendered":"https:\/\/pbp.womczest.edu.pl\/new\/?page_id=5567"},"modified":"2015-07-07T12:54:11","modified_gmt":"2015-07-07T10:54:11","slug":"wojna-poezja-pisana","status":"publish","type":"page","link":"https:\/\/pbp.womczest.edu.pl\/new\/edukacja\/konkursy\/wojna-poezja-pisana\/","title":{"rendered":"Wojna poezj\u0105 pisana"},"content":{"rendered":"<p>22 pa\u017adziernika 2009 roku w Regionalnym O\u015brodku Doskonalenia Nauczycieli \u201eWOM\u201d w Cz\u0119stochowie odby\u0142 si\u0119 konkurs recytatorski \u201eWojna poezj\u0105 pisana\u201d, adresowany do uczni\u00f3w gimnazj\u00f3w.<\/p>\n<p>Celem konkursu by\u0142o upami\u0119tnienie 70. rocznicy wybuchu II wojny \u015bwiatowej, propagowanie pi\u0119kna poezji polskiej, rozwijanie recytatorskich i aktorskich uzdolnie\u0144 m\u0142odzie\u017cy oraz upowszechnianie kultury j\u0119zyka polskiego.<\/p>\n<p>Konkurs zorganizowali nauczyciele bibliotekarze Publicznej Biblioteki Pedagogicznej RODN \u201eWOM\u201d w Cz\u0119stochowie Izabela Bajor, Ewa Otr\u0105bek, Beata Raczy\u0144ska i Barbara Witkowska, a patronat nad imprez\u0105 obj\u0105\u0142 Cz\u0119stochowski Biuletyn O\u015bwiatowy.<\/p>\n<p>W spotkaniu uczestniczyli zaproszeni go\u015bcie: Pani Anita Toborek \u2013 starszy wizytator Kuratorium O\u015bwiaty w Katowicach, Delegatura w Cz\u0119stochowie i Pani Gra\u017cyna Kawecka-Kara\u015b \u2013 dyrektor Regionalnego O\u015brodka Doskonalenia Nauczycieli \u201eWOM\u201d w Cz\u0119stochowie.<\/p>\n<p>W imieniu organizator\u00f3w go\u015bci i uczestnik\u00f3w konkursu powita\u0142a Renata Lipniewska \u2013 wicedyrektor RODN \u201eWOM\u2019 ds. bibliotek pedagogicznych.<\/p>\n<p>W konkursie udzia\u0142 wzi\u0119\u0142o 22 uczni\u00f3w z 12 gimnazj\u00f3w:<\/p>\n<p>Gimnazjum nr 1 im. Jana III Sobieskiego w Cz\u0119stochowie<br \/>\nGimnazjum nr 2 im. Pokolenia Kolumb\u00f3w w Cz\u0119stochowie<br \/>\nSpo\u0142eczne Gimnazjum nr 2 im. Zbigniewa Herberta STO w Cz\u0119stochowie<br \/>\nGimnazjum nr 3 im. Armii Krajowej w Cz\u0119stochowie<br \/>\nGimnazjum nr 10 w Cz\u0119stochowie<br \/>\nGimnazjum nr 12 im. Jana Matejki w Cz\u0119stochowie<br \/>\nGimnazjum nr 13 im. Ignacego Jana Paderewskiego w Cz\u0119stochowie<br \/>\nGimnazjum nr 16 im. Boles\u0142awa Chrobrego w Cz\u0119stochowie<br \/>\nGimnazjum nr 19 im. genera\u0142a Leopolda Okulickiego w Cz\u0119stochowie<br \/>\nGimnazjum nr 21 im. Orl\u0105t Lwowskich w Cz\u0119stochowie<br \/>\nPrywatne Gimnazjum Lingwistyczne w Cz\u0119stochowie<br \/>\nGimnazjum w Olsztynie.<br \/>\nUczniowie prezentowali utwory poetyckie odnosz\u0105ce si\u0119 tematycznie do okresu II wojny \u015bwiatowej.<\/p>\n<p>Prezentacje uczestnik\u00f3w ocenia\u0142o jury w sk\u0142adzie:<\/p>\n<p>Iwona Cho\u0142uj \u2013 przewodnicz\u0105ca jury, aktorka Teatru im. Adama Mickiewicza w Cz\u0119stochowie,<br \/>\nGra\u017cyna Bochenkiewicz \u2013 nauczyciel konsultant RODN \u201eWOM\u201d w Cz\u0119stochowie i redaktor naczelny kwartalnika \u201eCz\u0119stochowski Biuletyn O\u015bwiatowy\u201d,<br \/>\nRenata Lipniewska \u2013 wicedyrektor RODN \u201eWOM\u201d w Cz\u0119stochowie ds. bibliotek pedagogicznych,<br \/>\nMarta Ma\u0142ek \u2013 nauczyciel polonista, nauczyciel bibliotekarz Publicznej Biblioteki Pedagogicznej RODN \u201eWOM\u201d w Cz\u0119stochowie.<br \/>\nJury oceniaj\u0105c bra\u0142o pod uwag\u0119 dob\u00f3r repertuaru, znajomo\u015b\u0107 tekstu, interpretacj\u0119 utworu, kultur\u0119 s\u0142owa oraz og\u00f3lne wra\u017cenie artystyczne. Doceniono wzbogacenie wyst\u0119pu muzyk\u0105 i prezentacj\u0105 multimedialn\u0105.<br \/>\nOg\u0142oszenie wynik\u00f3w odby\u0142o si\u0119 po prezentacji wszystkich wierszy i dokonaniu oceny przez jury.<br \/>\nDecyzj\u0105 jury przyznano nast\u0119puj\u0105ce nagrody:<\/p>\n<p>I miejsce<\/p>\n<p>Aleksandra Chatys, uczennica Gimnazjum nr 12 im. Jana Matejki w Cz\u0119stochowie za wiersz K.K. Baczy\u0144skiego \u201eZ g\u0142ow\u0105 na karabinie\u201d;<\/p>\n<p>II miejsce<\/p>\n<p>1. Olga Pilarz, uczennica Gimnazjum nr 13 im. Ignacego Jana Paderewskiego w Cz\u0119stochowie za wiersz W. Szymborskiej \u201eJeszcze\u201d;<br \/>\n2. Magdalena Ko\u015bcielniak, uczennica Gimnazjum nr 16 im. Boles\u0142awa Chrobrego w Cz\u0119stochowie za wiersz K.K. Baczy\u0144skiego \u201eTen czas\u201d;<\/p>\n<p>III miejsce<\/p>\n<p>Monika Hadrian, uczennica Gimnazjum w Olsztynie za wiersz W. Pa\u0142ki \u201eEgzekucja\u201d.<\/p>\n<p>Jury przyzna\u0142o r\u00f3wnie\u017c dwa wyr\u00f3\u017cnienia:<\/p>\n<p>1. Barbara Klekowska, uczennica Spo\u0142ecznego Gimnazjum nr 2 im. Zbigniewa Herberta STO w Cz\u0119stochowie za wiersz W. Broniewskiego \u201eBallady i romanse\u201d;<br \/>\n2. Joanna Banasik, uczennica Prywatnego Gimnazjum Lingwistycznego w Cz\u0119stochowie za wiersz K. I. Ga\u0142czy\u0144skiego \u201eDziecko \u017cydowskie\u201d.<\/p>\n<p>Wszyscy uczestnicy i ich opiekunowie otrzymali dyplomy gratulacyjne i drobne upominki.<br \/>\nOrganizatorzy konkursu dzi\u0119kuj\u0105 serdecznie uczniom za udzia\u0142 w naszym konkursie, nauczycielom za prac\u0119 w\u0142o\u017con\u0105 w przygotowanie m\u0142odzie\u017cy.<br \/>\nGratulujemy wszystkim uczestnikom.<\/p>\n","protected":false},"excerpt":{"rendered":"<p>22 pa\u017adziernika 2009 roku w Regionalnym O\u015brodku Doskonalenia Nauczycieli \u201eWOM\u201d w Cz\u0119stochowie odby\u0142 si\u0119 konkurs recytatorski \u201eWojna poezj\u0105 pisana\u201d, adresowany do uczni\u00f3w gimnazj\u00f3w. Celem konkursu by\u0142o upami\u0119tnienie 70. rocznicy wybuchu II wojny \u015bwiatowej, propagowanie pi\u0119kna poezji polskiej, rozwijanie recytatorskich i aktorskich uzdolnie\u0144 m\u0142odzie\u017cy oraz upowszechnianie kultury j\u0119zyka polskiego. Konkurs zorganizowali nauczyciele bibliotekarze Publicznej Biblioteki Pedagogicznej RODN \u201eWOM\u201d w Cz\u0119stochowie Izabela Bajor, Ewa Otr\u0105bek, Beata Raczy\u0144ska i Barbara Witkowska, a patronat<span class=\"ellipsis\">&hellip;<\/span><\/p>\n<div class=\"read-more\"><a href=\"https:\/\/pbp.womczest.edu.pl\/new\/edukacja\/konkursy\/wojna-poezja-pisana\/\">Czytaj wi\u0119cej &#8250;<\/a><\/div>\n<p><!-- end of .read-more --><\/p>\n","protected":false},"author":6,"featured_media":0,"parent":2649,"menu_order":0,"comment_status":"closed","ping_status":"open","template":"","meta":{"footnotes":""},"jetpack_sharing_enabled":true,"jetpack_shortlink":"https:\/\/wp.me\/PgmV4H-1rN","_links":{"self":[{"href":"https:\/\/pbp.womczest.edu.pl\/new\/wp-json\/wp\/v2\/pages\/5567"}],"collection":[{"href":"https:\/\/pbp.womczest.edu.pl\/new\/wp-json\/wp\/v2\/pages"}],"about":[{"href":"https:\/\/pbp.womczest.edu.pl\/new\/wp-json\/wp\/v2\/types\/page"}],"author":[{"embeddable":true,"href":"https:\/\/pbp.womczest.edu.pl\/new\/wp-json\/wp\/v2\/users\/6"}],"replies":[{"embeddable":true,"href":"https:\/\/pbp.womczest.edu.pl\/new\/wp-json\/wp\/v2\/comments?post=5567"}],"version-history":[{"count":1,"href":"https:\/\/pbp.womczest.edu.pl\/new\/wp-json\/wp\/v2\/pages\/5567\/revisions"}],"predecessor-version":[{"id":5568,"href":"https:\/\/pbp.womczest.edu.pl\/new\/wp-json\/wp\/v2\/pages\/5567\/revisions\/5568"}],"up":[{"embeddable":true,"href":"https:\/\/pbp.womczest.edu.pl\/new\/wp-json\/wp\/v2\/pages\/2649"}],"wp:attachment":[{"href":"https:\/\/pbp.womczest.edu.pl\/new\/wp-json\/wp\/v2\/media?parent=5567"}],"curies":[{"name":"wp","href":"https:\/\/api.w.org\/{rel}","templated":true}]}}