


{"id":5563,"date":"2015-07-07T12:50:47","date_gmt":"2015-07-07T10:50:47","guid":{"rendered":"https:\/\/pbp.womczest.edu.pl\/new\/?page_id=5563"},"modified":"2019-11-13T14:32:05","modified_gmt":"2019-11-13T13:32:05","slug":"poetyckie-krajobrazy-konkurs-poswiecony-poezji-czeslawa-milosza","status":"publish","type":"page","link":"https:\/\/pbp.womczest.edu.pl\/new\/edukacja\/konkursy\/poetyckie-krajobrazy-konkurs-poswiecony-poezji-czeslawa-milosza\/","title":{"rendered":"Poetyckie Krajobrazy \u2013 konkurs po\u015bwi\u0119cony poezji Czes\u0142awa Mi\u0142osza"},"content":{"rendered":"<h1 class=\"entry-title post-title\"><\/h1>\n<div class=\"post-entry\">\n<p>20 pa\u017adziernika 2011 roku w\u00a0Regionalnym O\u015brodku Doskonalenia Nauczycieli \u201eWOM\u201d w\u00a0Cz\u0119stochowie odby\u0142 si\u0119 Powiatowy Konkurs Recytatorski \u201ePoetyckie Krajobrazy\u201d, po\u015bwi\u0119cony poezji Czes\u0142awa Mi\u0142osza, adresowany do\u00a0uczni\u00f3w gimnazj\u00f3w miasta Cz\u0119stochowy oraz\u00a0powiatu cz\u0119stochowskiego. Konkurs zorganizowa\u0142a Publiczna Biblioteka Pedagogiczna RODN \u201eWOM\u201d w\u00a0Cz\u0119stochowie. Honorowy patronat nad\u00a0konkursem obj\u0105\u0142 Pan Andrzej Kwapisz, Starosta Cz\u0119stochowski.<\/p>\n<p>Celem konkursu by\u0142o upami\u0119tnienie 100 rocznicy urodzin Czes\u0142awa Mi\u0142osza, popularyzacja jego tw\u00f3rczo\u015bci, rozwijanie recytatorskich i\u00a0aktorskich uzdolnie\u0144 m\u0142odzie\u017cy, upowszechnianie kultury j\u0119zyka polskiego oraz\u00a0inspirowanie m\u0142odego pokolenia do\u00a0aktywnego uczestnictwa w\u00a0kulturze. Uczniowie prezentowali jeden z\u00a0wybranych przez siebie wierszy Czes\u0142awa Mi\u0142osza.<\/p>\n<p><strong>W\u00a0konkursie udzia\u0142 wzi\u0119\u0142o 18 uczni\u00f3w z\u00a018 gimnazj\u00f3w z\u00a0Cz\u0119stochowy i\u00a0powiatu cz\u0119stochowskiego. <\/strong>Opiek\u0119 merytoryczn\u0105 nad\u00a0gimnazjalistami sprawowali nauczyciele z\u00a0danej szko\u0142y.<\/p>\n<p>1. <em>Anna Abud<\/em> \u2013 Gimnazjum nr\u00a01 im.\u00a0Jana III Sobieskiego w\u00a0Cz\u0119stochowie; nauczyciel \u2013<em>Dorota Ociepa<\/em><br \/>\n2. <em>Oliwia Jaworska<\/em> \u2013 Zesp\u00f3\u0142 Gimnazj\u00f3w im.\u00a0Marsza\u0142ka Pi\u0142sudskiego w\u00a0Cz\u0119stochowie, Gimnazjum nr\u00a06; nauczyciel \u2013 <em>Renata Karo\u0144<br \/>\n<\/em>3. <em>Ewa Kurek<\/em> \u2013 Gimnazjum nr\u00a07 im.\u00a0Konstantego Ildefonsa Ga\u0142czy\u0144skiego w\u00a0Cz\u0119stochowie; nauczyciel \u2013 <em>Iwona Gajdek<br \/>\n<\/em>4. <em>Micha\u0142 Tokarski<\/em> \u2013 Gimnazjum nr\u00a012 im.\u00a0Jana Matejki w\u00a0Cz\u0119stochowie; nauczyciel \u2013 <em>Monika Orszulak<\/em><br \/>\n5. <em>Norbert Cyran<\/em> \u2013 Gimnazjum nr\u00a013 z\u00a0Oddzia\u0142ami Dwuj\u0119zycznymi im.\u00a0I. J. Paderewskiego w\u00a0Cz\u0119stochowie; nauczyciel \u2013 <em>Mariusz Sieczka<\/em><br \/>\n6. <em>Weronika Nieroba<\/em> \u2013 Gimnazjum nr\u00a014 im.\u00a0Kr\u00f3lowej Jadwigi w\u00a0Cz\u0119stochowie; nauczyciel \u2013<em>Iwona Knysak<\/em><br \/>\n7. <em>Wiktoria Zem\u0142a<\/em> \u2013 Gimnazjum nr\u00a017 w\u00a0Cz\u0119stochowie; nauczyciele \u2013 <em>Justyna Bartosik i<\/em><em>Izabella Paliwoda<\/em><br \/>\n8. <em>Zuzanna Zacharjasz<\/em> \u2013 Gimnazjum nr\u00a021 im.\u00a0Orl\u0105t Lwowskich w\u00a0Cz\u0119stochowie; nauczyciel \u2013 <em>Bo\u017cena Staniek<br \/>\n<\/em>9. <em>Gabriela Bissinger<\/em> \u2013 Zesp\u00f3\u0142 Szkolno-Przedszkolny im.\u00a0Jana Kochanowskiego w\u00a0Aleksandrii, Gimnazjum w\u00a0Aleksandrii; nauczyciel \u2013 <em>Joanna Ering<\/em><br \/>\n10. <em>Kinga Ujma<\/em> \u2013 Gimnazjum im.\u00a0Janusza Korczaka w\u00a0Blachowni; nauczyciel \u2013 <em>Barbara Znamierowska<\/em><br \/>\n11. <em>Weronika Bry\u0142a<\/em> \u2013 Gimnazjum im.\u00a0Henryka Sienkiewicza w\u00a0Konopiskach; nauczyciel \u2013<em>Renata G\u0119siarz<\/em><br \/>\n12. <em>Ewa Ca\u0142us<\/em> \u2013 Gimnazjum w\u00a0Kusi\u0119tach; nauczyciel \u2013 <em>Monika Muskalska<br \/>\n<\/em>13. <em>Natalia G\u0119sikowska<\/em> \u2013 Gimnazjum w\u00a0Lelowie; nauczyciel \u2013 <em>Agnieszka Kowalik<\/em><br \/>\n14. <em>Nikola \u015awi\u0105\u0107<\/em> \u2013 Gimnazjum im.\u00a0Noblist\u00f3w Polskich w\u00a0Mykanowie; nauczyciel \u2013 <em>Katarzyna Noszczyk<\/em><br \/>\n15. <em>Natalia Bednarczyk<\/em> \u2013 Gimnazjum im.\u00a0Kazimierza G\u00f3rskiego w\u00a0Poraju; nauczyciele \u2013<em>Aneta Borowiecka i\u00a0Marzena Kozak-Sobota<\/em><br \/>\n16. <em>Anna Zonenberg<\/em> \u2013 Gimnazjum w\u00a0Widzowie; nauczyciel \u2013 <em>Ewa \u0141\u0119gowik<br \/>\n<\/em>17. <em>Karolina Kami\u0144ska<\/em> \u2013 Gimnazjum im.\u00a0Jana Kochanowskiego we\u00a0Wrzosowej; nauczyciel \u2013<em>Ewa Markowska<\/em><br \/>\n18. <em>Paulina Cie\u015bla<\/em> \u2013 Gimnazjum nr\u00a01 im.\u00a0Jana Paw\u0142a II w\u00a0Zawadach; nauczyciel \u2013 <em>Beata Idzikowska-Syska.<\/em><\/p>\n<p>Prezentacje uczestnik\u00f3w ocenia\u0142o jury w\u00a0sk\u0142adzie:<\/p>\n<ul>\n<li><em>Gra\u017cyna Bochenkiewicz<\/em> \u2013 przewodnicz\u0105ca komisji, nauczyciel konsultant RODN \u201eWOM\u201d w\u00a0Cz\u0119stochowie; redaktor naczelny kwartalnika \u201eCz\u0119stochowski Biuletyn O\u015bwiatowy\u201d,<\/li>\n<li><em>Halina Piwowarska<\/em> \u2013 pracownik M\u0142odzie\u017cowego Domu Kultury w\u00a0Cz\u0119stochowie, pracownia dziennikarsko-literacka,<\/li>\n<li><em>Olga B\u0105kowska<\/em> \u2013 poetka, dzia\u0142aj\u0105ca w\u00a0Klubie Literackim \u201eFraszka\u201d i\u00a0\u201eMetafora\u201d,<\/li>\n<li><em>Marta Ma\u0142ek<\/em> \u2013 nauczyciel polonista, nauczyciel bibliotekarz PBP RODN \u201eWOM\u201d w\u00a0Cz\u0119stochowie.<\/li>\n<\/ul>\n<p>Jury oceniaj\u0105c uczestnik\u00f3w, bra\u0142o pod\u00a0uwag\u0119 dob\u00f3r repertuaru, interpretacj\u0119 utworu, stopie\u0144 opanowania tekstu, kultur\u0119 s\u0142owa oraz\u00a0og\u00f3lne wra\u017cenie artystyczne. Uczniowie prezentowali wiersze bez mikrofonu i\u00a0materia\u0142\u00f3w audiowizualnych.<\/p>\n<p>Decyzj\u0105 jury przyznano nast\u0119puj\u0105ce nagrody:<\/p>\n<p><strong>I\u00a0miejsce<\/strong><\/p>\n<p>1.<strong> Karolina Kami\u0144ska<\/strong>, uczennica Gimnazjum im.\u00a0Jana Kochanowskiego we\u00a0Wrzosowej za\u00a0wiersz pt.\u00a0\u201eKo\u0142ysanka\u201d;<br \/>\n2.<strong> Nikola \u015awi\u0105\u0107<\/strong>, uczennica Gimnazjum im.\u00a0Noblist\u00f3w Polskich w\u00a0Mykanowie za\u00a0wiersz pt.\u00a0\u201eMoja wierna mowo\u201d;<\/p>\n<p><strong>II miejsce<\/strong><\/p>\n<p><strong>Micha\u0142 Tokarski<\/strong>, ucze\u0144 Gimnazjum nr\u00a012 im.\u00a0Jana Matejki w\u00a0Cz\u0119stochowie za\u00a0wiersz pt.\u00a0\u201eW Warszawie\u201d;<\/p>\n<p><strong>III miejsce<\/strong><\/p>\n<p><strong>Ewa Kurek<\/strong>, uczennica Gimnazjum nr\u00a07 im.\u00a0Konstantego Ildefonsa Ga\u0142czy\u0144skiego w\u00a0Cz\u0119stochowie za\u00a0wiersz pt.\u00a0\u201eCo mnie\u201d.<\/p>\n<p>Jury przyzna\u0142o r\u00f3wnie\u017c <strong>wyr\u00f3\u017cnienie:<\/strong><\/p>\n<p><strong>Paulina Cie\u015bla<\/strong>, uczennica Gimnazjum nr\u00a01 im.\u00a0Jana Paw\u0142a II w\u00a0Zawadach za\u00a0wiersz pt.\u00a0\u201eBallada\u201d.<\/p>\n<p>Laureaci konkursu uhonorowani zostali dyplomami i\u00a0nagrodami ksi\u0105\u017ckowymi ufundowanymi przez Starost\u0119 Cz\u0119stochowskiego. Na\u00a0zako\u0144czenie zwyci\u0119zcy zaprezentowali si\u0119 jeszcze raz recytuj\u0105c wybrane przez siebie wiersze Czes\u0142awa Mi\u0142osza.<\/p>\n<p style=\"text-align: right;\"><em>Katarzyna Kucharzewska<\/em><\/p>\n<\/div>\n","protected":false},"excerpt":{"rendered":"<p>20 pa\u017adziernika 2011 roku w\u00a0Regionalnym O\u015brodku Doskonalenia Nauczycieli \u201eWOM\u201d w\u00a0Cz\u0119stochowie odby\u0142 si\u0119 Powiatowy Konkurs Recytatorski \u201ePoetyckie Krajobrazy\u201d, po\u015bwi\u0119cony poezji Czes\u0142awa Mi\u0142osza, adresowany do\u00a0uczni\u00f3w gimnazj\u00f3w miasta Cz\u0119stochowy oraz\u00a0powiatu cz\u0119stochowskiego. Konkurs zorganizowa\u0142a Publiczna Biblioteka Pedagogiczna RODN \u201eWOM\u201d w\u00a0Cz\u0119stochowie. Honorowy patronat nad\u00a0konkursem obj\u0105\u0142 Pan Andrzej Kwapisz, Starosta Cz\u0119stochowski. Celem konkursu by\u0142o upami\u0119tnienie 100 rocznicy urodzin Czes\u0142awa Mi\u0142osza, popularyzacja jego tw\u00f3rczo\u015bci, rozwijanie recytatorskich i\u00a0aktorskich uzdolnie\u0144 m\u0142odzie\u017cy, upowszechnianie kultury j\u0119zyka polskiego oraz\u00a0inspirowanie m\u0142odego pokolenia do\u00a0aktywnego<span class=\"ellipsis\">&hellip;<\/span><\/p>\n<div class=\"read-more\"><a href=\"https:\/\/pbp.womczest.edu.pl\/new\/edukacja\/konkursy\/poetyckie-krajobrazy-konkurs-poswiecony-poezji-czeslawa-milosza\/\">Czytaj wi\u0119cej &#8250;<\/a><\/div>\n<p><!-- end of .read-more --><\/p>\n","protected":false},"author":6,"featured_media":0,"parent":2649,"menu_order":0,"comment_status":"closed","ping_status":"open","template":"","meta":{"footnotes":""},"jetpack_sharing_enabled":true,"jetpack_shortlink":"https:\/\/wp.me\/PgmV4H-1rJ","_links":{"self":[{"href":"https:\/\/pbp.womczest.edu.pl\/new\/wp-json\/wp\/v2\/pages\/5563"}],"collection":[{"href":"https:\/\/pbp.womczest.edu.pl\/new\/wp-json\/wp\/v2\/pages"}],"about":[{"href":"https:\/\/pbp.womczest.edu.pl\/new\/wp-json\/wp\/v2\/types\/page"}],"author":[{"embeddable":true,"href":"https:\/\/pbp.womczest.edu.pl\/new\/wp-json\/wp\/v2\/users\/6"}],"replies":[{"embeddable":true,"href":"https:\/\/pbp.womczest.edu.pl\/new\/wp-json\/wp\/v2\/comments?post=5563"}],"version-history":[{"count":2,"href":"https:\/\/pbp.womczest.edu.pl\/new\/wp-json\/wp\/v2\/pages\/5563\/revisions"}],"predecessor-version":[{"id":14853,"href":"https:\/\/pbp.womczest.edu.pl\/new\/wp-json\/wp\/v2\/pages\/5563\/revisions\/14853"}],"up":[{"embeddable":true,"href":"https:\/\/pbp.womczest.edu.pl\/new\/wp-json\/wp\/v2\/pages\/2649"}],"wp:attachment":[{"href":"https:\/\/pbp.womczest.edu.pl\/new\/wp-json\/wp\/v2\/media?parent=5563"}],"curies":[{"name":"wp","href":"https:\/\/api.w.org\/{rel}","templated":true}]}}