


{"id":5555,"date":"2015-07-07T12:38:03","date_gmt":"2015-07-07T10:38:03","guid":{"rendered":"https:\/\/pbp.womczest.edu.pl\/new\/?page_id=5555"},"modified":"2015-07-07T12:41:25","modified_gmt":"2015-07-07T10:41:25","slug":"ogolnopolski-glos-profilaktyki-w-czestochowie-2","status":"publish","type":"page","link":"https:\/\/pbp.womczest.edu.pl\/new\/edukacja\/inne-wydarzenia\/ogolnopolski-glos-profilaktyki-w-czestochowie-2\/","title":{"rendered":"Og\u00f3lnopolski G\u0142os Profilaktyki w Cz\u0119stochowie"},"content":{"rendered":"<p><a href=\"https:\/\/pbp.womczest.edu.pl\/new\/wp-content\/uploads\/2015\/07\/27.jpg\"><img decoding=\"async\" loading=\"lazy\" class=\"alignnone size-thumbnail wp-image-5556\" src=\"https:\/\/pbp.womczest.edu.pl\/new\/wp-content\/uploads\/2015\/07\/27-150x150.jpg\" alt=\"27\" width=\"150\" height=\"150\" \/><\/a><\/p>\n<p style=\"text-align: justify;\">\u00a0 \u00a0 \u00a0 \u00a0 \u00a0 14 czerwca 2014 roku Publiczna Biblioteka Pedagogiczna Regionalnego O\u015brodka Doskonalenia Nauczycieli \u201eWOM\u201d w Cz\u0119stochowie w\u0142\u0105czy\u0142a si\u0119 w dzia\u0142ania ukierunkowane na profilaktyk\u0119 szeroko rozumianych uzale\u017cnie\u0144, zjawisk przemocy, nietolerancji i ksenofobii. Komenda Miejska Policji w Cz\u0119stochowie zaprosi\u0142a nauczycieli bibliotekarzy do udzia\u0142u w Og\u00f3lnopolskim G\u0142osie Profilaktyki. Przedsi\u0119wzi\u0119cie to jest kontynuacj\u0105 projektu Og\u00f3lnopolska Noc Profilaktyki. Zaproponowany przez m\u0142odzie\u017cow\u0105 spo\u0142eczno\u015b\u0107 Profilaktyka a Ty, projekt Komendy G\u0142\u00f3wnej Policji od kilku lat wpisuje si\u0119 w dzia\u0142ania Ministra Edukacji Narodowej w ramach rz\u0105dowego programu Bezpieczna i przyjazna szko\u0142a, a tak\u017ce w dzia\u0142ania Ministra Spraw Wewn\u0119trznych w ramach programu rz\u0105dowego Razem bezpieczniej. Celem projektu jest edukacja m\u0142odzie\u017cy i doros\u0142ych w zakresie przeciwdzia\u0142ania patologii spo\u0142ecznej, a tak\u017ce promocja dzia\u0142a\u0144 profilaktycznych.<br \/>\nImpreza rozpocz\u0119\u0142a si\u0119 uroczystym przemarszem ulicami Cz\u0119stochowy na Plac Biega\u0144skiego. Uczestnicy wyg\u0142aszali has\u0142a propaguj\u0105ce modny styl \u017cycia bez uzale\u017cnie\u0144. Przed Ratuszem, o godzinie 16.00, po odczytaniu przez ucznia Gimnazjum nr 12 im. Jana Matejki odezwy spo\u0142eczno\u015bci PaT przez minut\u0119 wszyscy zebrani wybijali praw\u0105 d\u0142oni\u0105 na sercu rytm Wolnych serc. Nast\u0119pnie po tradycyjnym ta\u0144cu integracyjnym \u201ebelgijka\u201d uczestnicy ruszyli z powrotem.<br \/>\nW Auli Wydzia\u0142u Matematyczno-Przyrodniczego Akademii im. Jana D\u0142ugosza przy Al. Armii Krajowej w Cz\u0119stochowie do godzin wieczornych ch\u0119tni mogli skorzysta\u0107 z kolejnych atrakcji. Pracownicy Cz\u0119stochowskiego Towarzystwa Profilaktyki Spo\u0142ecznej zaprezentowali program Nie daj Si\u0119, po\u0142\u0105czony z dyskusj\u0105 na temat narkotyk\u00f3w. Nast\u0119pnie Julia Furgalska \u2013 uczennica IX Liceum Og\u00f3lnokszta\u0142c\u0105cego im. C.K. Norwida wykona\u0142a utw\u00f3r zespo\u0142u D\u017cem Do ko\u0142yski. Kolejnym punktem by\u0142 spektakl pt. Ma\u0142y Ksi\u0105\u017c\u0119 w\u015br\u00f3d ludzi &#8211; wyst\u0119p uczni\u00f3w Gimnazjum nr 5 im. Miko\u0142aja Reja w Cz\u0119stochowie \u2013 laureat\u00f3w konkursu Ma\u0142ych Form Teatralnych.<br \/>\nPodczas spotkania nauczycielki Publicznej Biblioteki Pedagogicznej przedstawi\u0142y ofert\u0119 biblioteki dotycz\u0105c\u0105 zapobieganiu uzale\u017cnieniom oraz przeciwdzia\u0142aniu zjawiskom patologii spo\u0142ecznej. Za zgod\u0105 i dzi\u0119ki uprzejmo\u015bci Domu Wydawniczego RAFAEL uczestnikom spotkania zaprezentowany zosta\u0142 film ze zbior\u00f3w biblioteki pt. \u017bycie pod murem z serii Lekcje przestrogi.<br \/>\nProgram zako\u0144czy\u0142 wyst\u0119p wykonany przez grup\u0119 taneczn\u0105 pod nazw\u0105 Stowarzyszenie Kultury Hip-Hop Przybij Pi\u0105tk\u0119.<br \/>\nTegoroczny Og\u00f3lnopolski G\u0142os Profilaktyki by\u0142 kolejnym interaktywnym przedsi\u0119wzi\u0119ciem promuj\u0105cym \u017cycie bez uzale\u017cnie\u0144.<\/p>\n<p style=\"text-align: right;\"><em>Izabela Bajor<\/em><br \/>\n<em>Anna D\u0105browska<\/em><br \/>\n<em>Fot. Izabela Bajor<\/em><br \/>\n<em>And\u017celika D\u0105browska<\/em><\/p>\n<p style=\"text-align: left;\"><a href=\"https:\/\/pbp.womczest.edu.pl\/new\/wp-content\/uploads\/2015\/07\/33.jpg\"><img decoding=\"async\" loading=\"lazy\" class=\"alignnone size-medium wp-image-5557\" src=\"https:\/\/pbp.womczest.edu.pl\/new\/wp-content\/uploads\/2015\/07\/33-300x180.jpg\" alt=\"33\" width=\"300\" height=\"180\" srcset=\"https:\/\/pbp.womczest.edu.pl\/new\/wp-content\/uploads\/2015\/07\/33-300x180.jpg 300w, https:\/\/pbp.womczest.edu.pl\/new\/wp-content\/uploads\/2015\/07\/33-1000x600.jpg 1000w, https:\/\/pbp.womczest.edu.pl\/new\/wp-content\/uploads\/2015\/07\/33-100x60.jpg 100w, https:\/\/pbp.womczest.edu.pl\/new\/wp-content\/uploads\/2015\/07\/33-150x90.jpg 150w, https:\/\/pbp.womczest.edu.pl\/new\/wp-content\/uploads\/2015\/07\/33-200x120.jpg 200w, https:\/\/pbp.womczest.edu.pl\/new\/wp-content\/uploads\/2015\/07\/33-450x270.jpg 450w, https:\/\/pbp.womczest.edu.pl\/new\/wp-content\/uploads\/2015\/07\/33-600x360.jpg 600w, https:\/\/pbp.womczest.edu.pl\/new\/wp-content\/uploads\/2015\/07\/33-900x540.jpg 900w, https:\/\/pbp.womczest.edu.pl\/new\/wp-content\/uploads\/2015\/07\/33.jpg 1024w\" sizes=\"(max-width: 300px) 100vw, 300px\" \/><\/a>\u00a0\u00a0<a href=\"https:\/\/pbp.womczest.edu.pl\/new\/wp-content\/uploads\/2015\/07\/43.jpg\"><img decoding=\"async\" loading=\"lazy\" class=\"alignnone size-medium wp-image-5558\" src=\"https:\/\/pbp.womczest.edu.pl\/new\/wp-content\/uploads\/2015\/07\/43-300x178.jpg\" alt=\"43\" width=\"300\" height=\"178\" srcset=\"https:\/\/pbp.womczest.edu.pl\/new\/wp-content\/uploads\/2015\/07\/43-300x178.jpg 300w, https:\/\/pbp.womczest.edu.pl\/new\/wp-content\/uploads\/2015\/07\/43-1000x594.jpg 1000w, https:\/\/pbp.womczest.edu.pl\/new\/wp-content\/uploads\/2015\/07\/43-100x59.jpg 100w, https:\/\/pbp.womczest.edu.pl\/new\/wp-content\/uploads\/2015\/07\/43-150x89.jpg 150w, https:\/\/pbp.womczest.edu.pl\/new\/wp-content\/uploads\/2015\/07\/43-200x119.jpg 200w, https:\/\/pbp.womczest.edu.pl\/new\/wp-content\/uploads\/2015\/07\/43-450x267.jpg 450w, https:\/\/pbp.womczest.edu.pl\/new\/wp-content\/uploads\/2015\/07\/43-600x356.jpg 600w, https:\/\/pbp.womczest.edu.pl\/new\/wp-content\/uploads\/2015\/07\/43-900x534.jpg 900w, https:\/\/pbp.womczest.edu.pl\/new\/wp-content\/uploads\/2015\/07\/43.jpg 1024w\" sizes=\"(max-width: 300px) 100vw, 300px\" \/><\/a><\/p>\n","protected":false},"excerpt":{"rendered":"<p>\u00a0 \u00a0 \u00a0 \u00a0 \u00a0 14 czerwca 2014 roku Publiczna Biblioteka Pedagogiczna Regionalnego O\u015brodka Doskonalenia Nauczycieli \u201eWOM\u201d w Cz\u0119stochowie w\u0142\u0105czy\u0142a si\u0119 w dzia\u0142ania ukierunkowane na profilaktyk\u0119 szeroko rozumianych uzale\u017cnie\u0144, zjawisk przemocy, nietolerancji i ksenofobii. Komenda Miejska Policji w Cz\u0119stochowie zaprosi\u0142a nauczycieli bibliotekarzy do udzia\u0142u w Og\u00f3lnopolskim G\u0142osie Profilaktyki. Przedsi\u0119wzi\u0119cie to jest kontynuacj\u0105 projektu Og\u00f3lnopolska Noc Profilaktyki. Zaproponowany przez m\u0142odzie\u017cow\u0105 spo\u0142eczno\u015b\u0107 Profilaktyka a Ty, projekt Komendy G\u0142\u00f3wnej Policji od kilku lat<span class=\"ellipsis\">&hellip;<\/span><\/p>\n<div class=\"read-more\"><a href=\"https:\/\/pbp.womczest.edu.pl\/new\/edukacja\/inne-wydarzenia\/ogolnopolski-glos-profilaktyki-w-czestochowie-2\/\">Czytaj wi\u0119cej &#8250;<\/a><\/div>\n<p><!-- end of .read-more --><\/p>\n","protected":false},"author":6,"featured_media":0,"parent":2651,"menu_order":0,"comment_status":"closed","ping_status":"open","template":"","meta":{"footnotes":""},"jetpack_sharing_enabled":true,"jetpack_shortlink":"https:\/\/wp.me\/PgmV4H-1rB","_links":{"self":[{"href":"https:\/\/pbp.womczest.edu.pl\/new\/wp-json\/wp\/v2\/pages\/5555"}],"collection":[{"href":"https:\/\/pbp.womczest.edu.pl\/new\/wp-json\/wp\/v2\/pages"}],"about":[{"href":"https:\/\/pbp.womczest.edu.pl\/new\/wp-json\/wp\/v2\/types\/page"}],"author":[{"embeddable":true,"href":"https:\/\/pbp.womczest.edu.pl\/new\/wp-json\/wp\/v2\/users\/6"}],"replies":[{"embeddable":true,"href":"https:\/\/pbp.womczest.edu.pl\/new\/wp-json\/wp\/v2\/comments?post=5555"}],"version-history":[{"count":2,"href":"https:\/\/pbp.womczest.edu.pl\/new\/wp-json\/wp\/v2\/pages\/5555\/revisions"}],"predecessor-version":[{"id":5561,"href":"https:\/\/pbp.womczest.edu.pl\/new\/wp-json\/wp\/v2\/pages\/5555\/revisions\/5561"}],"up":[{"embeddable":true,"href":"https:\/\/pbp.womczest.edu.pl\/new\/wp-json\/wp\/v2\/pages\/2651"}],"wp:attachment":[{"href":"https:\/\/pbp.womczest.edu.pl\/new\/wp-json\/wp\/v2\/media?parent=5555"}],"curies":[{"name":"wp","href":"https:\/\/api.w.org\/{rel}","templated":true}]}}