


{"id":5508,"date":"2015-07-03T11:47:21","date_gmt":"2015-07-03T09:47:21","guid":{"rendered":"https:\/\/pbp.womczest.edu.pl\/new\/?page_id=5508"},"modified":"2015-07-03T11:48:30","modified_gmt":"2015-07-03T09:48:30","slug":"slaski-bibliotekarz-roku-2012-2","status":"publish","type":"page","link":"https:\/\/pbp.womczest.edu.pl\/new\/edukacja\/inne-wydarzenia\/slaski-bibliotekarz-roku-2012-2\/","title":{"rendered":"\u015al\u0105ski Bibliotekarz Roku 2012"},"content":{"rendered":"<p><strong>Anna Maria Hiller \u2013 \u015al\u0105ski Bibliotekarz Roku 2012<\/strong><\/p>\n<p><img decoding=\"async\" class=\"caption alignright size-full wp-image-1231\" title=\"Nauczyciel bibliotekarz PBP RODN \u201eWOM\u201d \u2013 Anna Hiller\" src=\"https:\/\/pbp.womczest.edu.pl\/new\/wp-content\/uploads\/2013\/06\/aktualnosci_hiller.jpg\" alt=\"\" width=\"150\" border=\"0\" srcset=\"https:\/\/pbp.womczest.edu.pl\/new\/wp-content\/uploads\/2013\/06\/aktualnosci_hiller.jpg 512w, https:\/\/pbp.womczest.edu.pl\/new\/wp-content\/uploads\/2013\/06\/aktualnosci_hiller-235x300.jpg 235w, https:\/\/pbp.womczest.edu.pl\/new\/wp-content\/uploads\/2013\/06\/aktualnosci_hiller-100x128.jpg 100w, https:\/\/pbp.womczest.edu.pl\/new\/wp-content\/uploads\/2013\/06\/aktualnosci_hiller-150x191.jpg 150w, https:\/\/pbp.womczest.edu.pl\/new\/wp-content\/uploads\/2013\/06\/aktualnosci_hiller-200x255.jpg 200w, https:\/\/pbp.womczest.edu.pl\/new\/wp-content\/uploads\/2013\/06\/aktualnosci_hiller-300x383.jpg 300w, https:\/\/pbp.womczest.edu.pl\/new\/wp-content\/uploads\/2013\/06\/aktualnosci_hiller-450x574.jpg 450w\" sizes=\"(max-width: 512px) 100vw, 512px\" \/><\/p>\n<p>13 marca 2013 roku rozstrzygni\u0119ty zosta\u0142 etap okr\u0119gowy konkursu <strong>\u201eBibliotekarz Roku 2012\u201d w\u00a0wojew\u00f3dztwie \u015bl\u0105skim. <\/strong>Kapitu\u0142a Konkursu \u015al\u0105skiego Bibliotekarza Roku powo\u0142ana przez Zarz\u0105d Okr\u0119gu SBP w\u00a0Katowicach dokona\u0142a wyboru w\u00a0g\u0142osowaniu jawnym. Wi\u0119kszo\u015bci\u0105 g\u0142os\u00f3w zwyci\u0119\u017cy\u0142a <strong>Anna Maria Hiller<\/strong>, nauczyciel bibliotekarz z\u00a0Publicznej Biblioteki Pedagogicznej Regionalnego O\u015brodka Doskonalenia Nauczycieli \u201eWOM\u201d w\u00a0Cz\u0119stochowie. Uroczyste wr\u0119czenie tytu\u0142u odby\u0142o si\u0119 24 maja 2013\u00a0r. na\u00a0Zamku Piastowskim w\u00a0Raciborzu. W\u00a0trakcie uroczysto\u015bci przyznano r\u00f3wnie\u017c inne nagrody i\u00a0odznaczenia \u015al\u0105skiego \u015arodowiska Bibliotekarskiego im.\u00a0J. Lompy.<\/p>\n<p style=\"text-align: right;\">\n<p style=\"text-align: right;\"><em>Agata Arkabus<br \/>\nZdj\u0119cie: Monika Handzel<\/em><\/p>\n","protected":false},"excerpt":{"rendered":"<p>Anna Maria Hiller \u2013 \u015al\u0105ski Bibliotekarz Roku 2012 13 marca 2013 roku rozstrzygni\u0119ty zosta\u0142 etap okr\u0119gowy konkursu \u201eBibliotekarz Roku 2012\u201d w\u00a0wojew\u00f3dztwie \u015bl\u0105skim. Kapitu\u0142a Konkursu \u015al\u0105skiego Bibliotekarza Roku powo\u0142ana przez Zarz\u0105d Okr\u0119gu SBP w\u00a0Katowicach dokona\u0142a wyboru w\u00a0g\u0142osowaniu jawnym. Wi\u0119kszo\u015bci\u0105 g\u0142os\u00f3w zwyci\u0119\u017cy\u0142a Anna Maria Hiller, nauczyciel bibliotekarz z\u00a0Publicznej Biblioteki Pedagogicznej Regionalnego O\u015brodka Doskonalenia Nauczycieli \u201eWOM\u201d w\u00a0Cz\u0119stochowie. Uroczyste wr\u0119czenie tytu\u0142u odby\u0142o si\u0119 24 maja 2013\u00a0r. na\u00a0Zamku Piastowskim w\u00a0Raciborzu. W\u00a0trakcie uroczysto\u015bci przyznano r\u00f3wnie\u017c inne<span class=\"ellipsis\">&hellip;<\/span><\/p>\n<div class=\"read-more\"><a href=\"https:\/\/pbp.womczest.edu.pl\/new\/edukacja\/inne-wydarzenia\/slaski-bibliotekarz-roku-2012-2\/\">Czytaj wi\u0119cej &#8250;<\/a><\/div>\n<p><!-- end of .read-more --><\/p>\n","protected":false},"author":6,"featured_media":0,"parent":2651,"menu_order":0,"comment_status":"closed","ping_status":"open","template":"","meta":{"footnotes":""},"jetpack_sharing_enabled":true,"jetpack_shortlink":"https:\/\/wp.me\/PgmV4H-1qQ","_links":{"self":[{"href":"https:\/\/pbp.womczest.edu.pl\/new\/wp-json\/wp\/v2\/pages\/5508"}],"collection":[{"href":"https:\/\/pbp.womczest.edu.pl\/new\/wp-json\/wp\/v2\/pages"}],"about":[{"href":"https:\/\/pbp.womczest.edu.pl\/new\/wp-json\/wp\/v2\/types\/page"}],"author":[{"embeddable":true,"href":"https:\/\/pbp.womczest.edu.pl\/new\/wp-json\/wp\/v2\/users\/6"}],"replies":[{"embeddable":true,"href":"https:\/\/pbp.womczest.edu.pl\/new\/wp-json\/wp\/v2\/comments?post=5508"}],"version-history":[{"count":2,"href":"https:\/\/pbp.womczest.edu.pl\/new\/wp-json\/wp\/v2\/pages\/5508\/revisions"}],"predecessor-version":[{"id":5511,"href":"https:\/\/pbp.womczest.edu.pl\/new\/wp-json\/wp\/v2\/pages\/5508\/revisions\/5511"}],"up":[{"embeddable":true,"href":"https:\/\/pbp.womczest.edu.pl\/new\/wp-json\/wp\/v2\/pages\/2651"}],"wp:attachment":[{"href":"https:\/\/pbp.womczest.edu.pl\/new\/wp-json\/wp\/v2\/media?parent=5508"}],"curies":[{"name":"wp","href":"https:\/\/api.w.org\/{rel}","templated":true}]}}