


{"id":5502,"date":"2015-07-02T12:44:34","date_gmt":"2015-07-02T10:44:34","guid":{"rendered":"https:\/\/pbp.womczest.edu.pl\/new\/?page_id=5502"},"modified":"2015-07-02T13:21:19","modified_gmt":"2015-07-02T11:21:19","slug":"studyjno-szkoleniowy-wyjazd-do-wroclawia-2","status":"publish","type":"page","link":"https:\/\/pbp.womczest.edu.pl\/new\/edukacja\/inne-wydarzenia\/studyjno-szkoleniowy-wyjazd-do-wroclawia-2\/","title":{"rendered":"Studyjno-szkoleniowy wyjazd do Wroc\u0142awia"},"content":{"rendered":"<p><strong>Studyjno-szkoleniowy wyjazd do\u00a0Wroc\u0142awia<\/strong><\/p>\n<p>Ossolineum \u2013 biblioteka o\u00a0szerokim zakresie dzia\u0142alno\u015bci naukowo-wydawniczej, a\u00a0tak\u017ce Panorama Rac\u0142awicka i\u00a0wystawy Muzeum Narodowego obj\u0119te by\u0142y programem wyjazdu studyjno-szkoleniowego do\u00a0Wroc\u0142awia. W\u00a0wyje\u017adzie 29 maja 2013\u00a0r. uczestniczyli nauczyciele bibliotekarze Cz\u0119stochowy i\u00a0regionu.<\/p>\n<p><a href=\"https:\/\/pbp.womczest.edu.pl\/new\/wp-content\/uploads\/2013\/06\/aktualnosci_wroclaw_2013_uczestnicy.jpg\" target=\"_blank\"><img decoding=\"async\" class=\"caption alignright size-full wp-image-1234\" title=\"Uczestnicy wyjazdu\" src=\"https:\/\/pbp.womczest.edu.pl\/new\/wp-content\/uploads\/2013\/06\/aktualnosci_wroclaw_2013_uczestnicy.jpg\" alt=\"\" width=\"200\" border=\"0\" srcset=\"https:\/\/pbp.womczest.edu.pl\/new\/wp-content\/uploads\/2013\/06\/aktualnosci_wroclaw_2013_uczestnicy.jpg 4592w, https:\/\/pbp.womczest.edu.pl\/new\/wp-content\/uploads\/2013\/06\/aktualnosci_wroclaw_2013_uczestnicy-300x168.jpg 300w, https:\/\/pbp.womczest.edu.pl\/new\/wp-content\/uploads\/2013\/06\/aktualnosci_wroclaw_2013_uczestnicy-1024x574.jpg 1024w, https:\/\/pbp.womczest.edu.pl\/new\/wp-content\/uploads\/2013\/06\/aktualnosci_wroclaw_2013_uczestnicy-100x56.jpg 100w, https:\/\/pbp.womczest.edu.pl\/new\/wp-content\/uploads\/2013\/06\/aktualnosci_wroclaw_2013_uczestnicy-150x84.jpg 150w, https:\/\/pbp.womczest.edu.pl\/new\/wp-content\/uploads\/2013\/06\/aktualnosci_wroclaw_2013_uczestnicy-200x112.jpg 200w, https:\/\/pbp.womczest.edu.pl\/new\/wp-content\/uploads\/2013\/06\/aktualnosci_wroclaw_2013_uczestnicy-450x252.jpg 450w, https:\/\/pbp.womczest.edu.pl\/new\/wp-content\/uploads\/2013\/06\/aktualnosci_wroclaw_2013_uczestnicy-600x337.jpg 600w, https:\/\/pbp.womczest.edu.pl\/new\/wp-content\/uploads\/2013\/06\/aktualnosci_wroclaw_2013_uczestnicy-900x505.jpg 900w\" sizes=\"(max-width: 4592px) 100vw, 4592px\" \/><\/a><\/p>\n<p>Wycieczka rozpocz\u0119\u0142a si\u0119 zwiedzaniem Panoramy Rac\u0142awickiej, gdzie uczestnicy podczas 30-minutowego seansu mogli podziwia\u0107 relikt XIX-wiecznej kultury masowej. To\u00a0wielkie malowid\u0142o, o\u00a0wymiarach 15 m x 114 m, dzi\u0119ki zespoleniu szczeg\u00f3lnych zabieg\u00f3w malarskich (specjalna perspektywa) i\u00a0technicznych (o\u015bwietlenie, sztuczny teren, kr\u0119te, zaciemnione podej\u015bcie) \u201eprzenosi\u201d widza w\u00a0inn\u0105 rzeczywisto\u015b\u0107 i\u00a0inny czas.<\/p>\n<p><a href=\"https:\/\/pbp.womczest.edu.pl\/new\/wp-content\/uploads\/2013\/06\/aktualnosci_wroclaw_2013_prelekcja.jpg\" target=\"_blank\"><img decoding=\"async\" class=\"caption alignleft size-full wp-image-1235\" title=\"Prezentacja w\u00a0Ossolineum\" src=\"https:\/\/pbp.womczest.edu.pl\/new\/wp-content\/uploads\/2013\/06\/aktualnosci_wroclaw_2013_prelekcja.jpg\" alt=\"\" width=\"200\" border=\"0\" srcset=\"https:\/\/pbp.womczest.edu.pl\/new\/wp-content\/uploads\/2013\/06\/aktualnosci_wroclaw_2013_prelekcja.jpg 4592w, https:\/\/pbp.womczest.edu.pl\/new\/wp-content\/uploads\/2013\/06\/aktualnosci_wroclaw_2013_prelekcja-300x168.jpg 300w, https:\/\/pbp.womczest.edu.pl\/new\/wp-content\/uploads\/2013\/06\/aktualnosci_wroclaw_2013_prelekcja-1024x574.jpg 1024w, https:\/\/pbp.womczest.edu.pl\/new\/wp-content\/uploads\/2013\/06\/aktualnosci_wroclaw_2013_prelekcja-100x56.jpg 100w, https:\/\/pbp.womczest.edu.pl\/new\/wp-content\/uploads\/2013\/06\/aktualnosci_wroclaw_2013_prelekcja-150x84.jpg 150w, https:\/\/pbp.womczest.edu.pl\/new\/wp-content\/uploads\/2013\/06\/aktualnosci_wroclaw_2013_prelekcja-200x112.jpg 200w, https:\/\/pbp.womczest.edu.pl\/new\/wp-content\/uploads\/2013\/06\/aktualnosci_wroclaw_2013_prelekcja-450x252.jpg 450w, https:\/\/pbp.womczest.edu.pl\/new\/wp-content\/uploads\/2013\/06\/aktualnosci_wroclaw_2013_prelekcja-600x337.jpg 600w, https:\/\/pbp.womczest.edu.pl\/new\/wp-content\/uploads\/2013\/06\/aktualnosci_wroclaw_2013_prelekcja-900x505.jpg 900w\" sizes=\"(max-width: 4592px) 100vw, 4592px\" \/><\/a><\/p>\n<p>Ogromn\u0105 atrakcj\u0105 dla nauczycieli bibliotekarzy by\u0142a mo\u017cliwo\u015b\u0107 zwiedzenia Biblioteki Ossolineum. Zak\u0142ad Narodowy imienia Ossoli\u0144skich, za\u0142o\u017cony we\u00a0Lwowie w\u00a01817\u00a0r. przez J.M. Ossoli\u0144skiego, po\u00a0II wojnie \u015bwiatowej przeniesiony do\u00a0Wroc\u0142awia by\u0142 drugim punktem programu wycieczki.<\/p>\n<p><a href=\"https:\/\/pbp.womczest.edu.pl\/new\/wp-content\/uploads\/2013\/06\/aktualnosci_wroclaw_2013_panorama.jpg\" target=\"_blank\"><img decoding=\"async\" class=\"caption alignright size-full wp-image-1236\" title=\"Panorama Rac\u0142awicka\" src=\"https:\/\/pbp.womczest.edu.pl\/new\/wp-content\/uploads\/2013\/06\/aktualnosci_wroclaw_2013_panorama.jpg\" alt=\"\" width=\"200\" border=\"0\" srcset=\"https:\/\/pbp.womczest.edu.pl\/new\/wp-content\/uploads\/2013\/06\/aktualnosci_wroclaw_2013_panorama.jpg 4592w, https:\/\/pbp.womczest.edu.pl\/new\/wp-content\/uploads\/2013\/06\/aktualnosci_wroclaw_2013_panorama-300x168.jpg 300w, https:\/\/pbp.womczest.edu.pl\/new\/wp-content\/uploads\/2013\/06\/aktualnosci_wroclaw_2013_panorama-1024x574.jpg 1024w, https:\/\/pbp.womczest.edu.pl\/new\/wp-content\/uploads\/2013\/06\/aktualnosci_wroclaw_2013_panorama-100x56.jpg 100w, https:\/\/pbp.womczest.edu.pl\/new\/wp-content\/uploads\/2013\/06\/aktualnosci_wroclaw_2013_panorama-150x84.jpg 150w, https:\/\/pbp.womczest.edu.pl\/new\/wp-content\/uploads\/2013\/06\/aktualnosci_wroclaw_2013_panorama-200x112.jpg 200w, https:\/\/pbp.womczest.edu.pl\/new\/wp-content\/uploads\/2013\/06\/aktualnosci_wroclaw_2013_panorama-450x252.jpg 450w, https:\/\/pbp.womczest.edu.pl\/new\/wp-content\/uploads\/2013\/06\/aktualnosci_wroclaw_2013_panorama-600x337.jpg 600w, https:\/\/pbp.womczest.edu.pl\/new\/wp-content\/uploads\/2013\/06\/aktualnosci_wroclaw_2013_panorama-900x505.jpg 900w\" sizes=\"(max-width: 4592px) 100vw, 4592px\" \/><\/a><\/p>\n<p>Podczas prezentacji zorganizowanej przez Dzia\u0142 Edukacji i\u00a0Prezentacji Zbior\u00f3w nauczyciele zapoznali si\u0119 z\u00a0histori\u0105 powstania i\u00a0rozwoju biblioteki. Dowiedzieli si\u0119, jakie gromadzi zbiory i\u00a0jakie historycznie by\u0142y ich losy. Uczestnicy obejrzeli ponadto zgromadzone w\u00a0Ossolineum druki, mapy, r\u0119kopisy, numizmaty i\u00a0ryciny.<\/p>\n<p><a href=\"https:\/\/pbp.womczest.edu.pl\/new\/wp-content\/uploads\/2013\/06\/aktualnosci_wroclaw_2013_muzeum.jpg\" target=\"_blank\"><img decoding=\"async\" class=\"caption alignleft size-full wp-image-1237\" title=\"Muzeum Narodowe\" src=\"https:\/\/pbp.womczest.edu.pl\/new\/wp-content\/uploads\/2013\/06\/aktualnosci_wroclaw_2013_muzeum.jpg\" alt=\"\" width=\"200\" border=\"0\" srcset=\"https:\/\/pbp.womczest.edu.pl\/new\/wp-content\/uploads\/2013\/06\/aktualnosci_wroclaw_2013_muzeum.jpg 4591w, https:\/\/pbp.womczest.edu.pl\/new\/wp-content\/uploads\/2013\/06\/aktualnosci_wroclaw_2013_muzeum-300x168.jpg 300w, https:\/\/pbp.womczest.edu.pl\/new\/wp-content\/uploads\/2013\/06\/aktualnosci_wroclaw_2013_muzeum-1024x574.jpg 1024w, https:\/\/pbp.womczest.edu.pl\/new\/wp-content\/uploads\/2013\/06\/aktualnosci_wroclaw_2013_muzeum-100x56.jpg 100w, https:\/\/pbp.womczest.edu.pl\/new\/wp-content\/uploads\/2013\/06\/aktualnosci_wroclaw_2013_muzeum-150x84.jpg 150w, https:\/\/pbp.womczest.edu.pl\/new\/wp-content\/uploads\/2013\/06\/aktualnosci_wroclaw_2013_muzeum-200x112.jpg 200w, https:\/\/pbp.womczest.edu.pl\/new\/wp-content\/uploads\/2013\/06\/aktualnosci_wroclaw_2013_muzeum-450x252.jpg 450w, https:\/\/pbp.womczest.edu.pl\/new\/wp-content\/uploads\/2013\/06\/aktualnosci_wroclaw_2013_muzeum-600x337.jpg 600w, https:\/\/pbp.womczest.edu.pl\/new\/wp-content\/uploads\/2013\/06\/aktualnosci_wroclaw_2013_muzeum-900x505.jpg 900w\" sizes=\"(max-width: 4591px) 100vw, 4591px\" \/><\/a><\/p>\n<p>Nast\u0119pnie bibliotekarze udali si\u0119 do\u00a0Muzeum Narodowego, gdzie mieli mo\u017cliwo\u015b\u0107 podziwia\u0107 wystawy sta\u0142e: <em>Sztuka \u015bl\u0105ska<\/em>, <em>Polska Sztuka Wsp\u00f3\u0142czesna<\/em>, <em>Sztuka Wschodu<\/em> oraz\u00a0<em>Sztuka Europejska XII\u2013XVI w.<\/em> Du\u017cym zainteresowaniem zwiedzaj\u0105cych cieszy\u0142a si\u0119 r\u00f3wnie\u017c wystawa czasowa <em>Najstarsze piecz\u0119cie miejskie w\u00a0zbiorach Muzeum Narodowego we\u00a0Wroc\u0142awiu<\/em>, a\u00a0tak\u017ce<em>Od\u00a0Cranacha do\u00a0Picassa. Kolekcja Santander<\/em>.<\/p>\n<p><em>Anna P\u0142usa<br \/>\nZdj\u0119cia: Anna P\u0142usa, Pawe\u0142 W\u0142odarczyk<\/em><strong><br \/>\n<\/strong><\/p>\n<p><a href=\"http:\/\/www.youtube.com\/watch?v=oj1ghEgcuDo\" target=\"_blank\"><em><strong>Relacja filmowa z\u00a0wydarzenia<\/strong><\/em><\/a><\/p>\n","protected":false},"excerpt":{"rendered":"<p>Studyjno-szkoleniowy wyjazd do\u00a0Wroc\u0142awia Ossolineum \u2013 biblioteka o\u00a0szerokim zakresie dzia\u0142alno\u015bci naukowo-wydawniczej, a\u00a0tak\u017ce Panorama Rac\u0142awicka i\u00a0wystawy Muzeum Narodowego obj\u0119te by\u0142y programem wyjazdu studyjno-szkoleniowego do\u00a0Wroc\u0142awia. W\u00a0wyje\u017adzie 29 maja 2013\u00a0r. uczestniczyli nauczyciele bibliotekarze Cz\u0119stochowy i\u00a0regionu. Wycieczka rozpocz\u0119\u0142a si\u0119 zwiedzaniem Panoramy Rac\u0142awickiej, gdzie uczestnicy podczas 30-minutowego seansu mogli podziwia\u0107 relikt XIX-wiecznej kultury masowej. To\u00a0wielkie malowid\u0142o, o\u00a0wymiarach 15 m x 114 m, dzi\u0119ki zespoleniu szczeg\u00f3lnych zabieg\u00f3w malarskich (specjalna perspektywa) i\u00a0technicznych (o\u015bwietlenie, sztuczny teren, kr\u0119te, zaciemnione podej\u015bcie)<span class=\"ellipsis\">&hellip;<\/span><\/p>\n<div class=\"read-more\"><a href=\"https:\/\/pbp.womczest.edu.pl\/new\/edukacja\/inne-wydarzenia\/studyjno-szkoleniowy-wyjazd-do-wroclawia-2\/\">Czytaj wi\u0119cej &#8250;<\/a><\/div>\n<p><!-- end of .read-more --><\/p>\n","protected":false},"author":6,"featured_media":0,"parent":2651,"menu_order":0,"comment_status":"closed","ping_status":"open","template":"","meta":{"footnotes":""},"jetpack_sharing_enabled":true,"jetpack_shortlink":"https:\/\/wp.me\/PgmV4H-1qK","_links":{"self":[{"href":"https:\/\/pbp.womczest.edu.pl\/new\/wp-json\/wp\/v2\/pages\/5502"}],"collection":[{"href":"https:\/\/pbp.womczest.edu.pl\/new\/wp-json\/wp\/v2\/pages"}],"about":[{"href":"https:\/\/pbp.womczest.edu.pl\/new\/wp-json\/wp\/v2\/types\/page"}],"author":[{"embeddable":true,"href":"https:\/\/pbp.womczest.edu.pl\/new\/wp-json\/wp\/v2\/users\/6"}],"replies":[{"embeddable":true,"href":"https:\/\/pbp.womczest.edu.pl\/new\/wp-json\/wp\/v2\/comments?post=5502"}],"version-history":[{"count":1,"href":"https:\/\/pbp.womczest.edu.pl\/new\/wp-json\/wp\/v2\/pages\/5502\/revisions"}],"predecessor-version":[{"id":5503,"href":"https:\/\/pbp.womczest.edu.pl\/new\/wp-json\/wp\/v2\/pages\/5502\/revisions\/5503"}],"up":[{"embeddable":true,"href":"https:\/\/pbp.womczest.edu.pl\/new\/wp-json\/wp\/v2\/pages\/2651"}],"wp:attachment":[{"href":"https:\/\/pbp.womczest.edu.pl\/new\/wp-json\/wp\/v2\/media?parent=5502"}],"curies":[{"name":"wp","href":"https:\/\/api.w.org\/{rel}","templated":true}]}}