


{"id":5493,"date":"2015-07-02T12:32:49","date_gmt":"2015-07-02T10:32:49","guid":{"rendered":"https:\/\/pbp.womczest.edu.pl\/new\/?page_id=5493"},"modified":"2015-07-03T11:52:57","modified_gmt":"2015-07-03T09:52:57","slug":"konkurs-pomysl-na-lekcje-z-tik","status":"publish","type":"page","link":"https:\/\/pbp.womczest.edu.pl\/new\/edukacja\/inne-wydarzenia\/konkurs-pomysl-na-lekcje-z-tik\/","title":{"rendered":"Konkurs \u201ePomys\u0142 na lekcj\u0119 z TIK\u201d"},"content":{"rendered":"<p style=\"text-align: center;\"><strong>Pracownicy biblioteki laureatami og\u00f3lnopolskiego konkursu \u201ePomys\u0142 na lekcj\u0119 z TIK\u201d<\/strong><\/p>\n<h4 style=\"text-align: justify;\"><span style=\"font-size: small;\">Agata Arkabus i Anna P\u0142usa zaj\u0119\u0142y III miejsce w og\u00f3lnopolskim konkursie <em>Umiem uczy\u0107 nowocze\u015bnie! Pomys\u0142 na TIK <\/em>w k<\/span><span style=\"font-size: small;\">ategorii<em> Pomys\u0142 na l<\/em><\/span><span style=\"font-size: small;\"><em>ekcj\u0119 z TIK <\/em>za prac\u0119 <em>Szlakiem legend polskich. <\/em>Organizatorem konkursu by\u0142 magazyn <em>EduFakty \u2013 Ucz\u0119 Nowocze\u015bnie. <\/em>Celem Konkursu by\u0142a promocja nowych technologii w codziennej pracy nauczycieli, promowanie i wyr\u00f3\u017cnianie nauczycieli dziel\u0105cych si\u0119 swoimi pomys\u0142ami i do\u015bwiadczeniem w tej dziedzinie oraz wskazywanie dobrych praktyk.<\/span><\/h4>\n","protected":false},"excerpt":{"rendered":"<p>Pracownicy biblioteki laureatami og\u00f3lnopolskiego konkursu \u201ePomys\u0142 na lekcj\u0119 z TIK\u201d Agata Arkabus i Anna P\u0142usa zaj\u0119\u0142y III miejsce w og\u00f3lnopolskim konkursie Umiem uczy\u0107 nowocze\u015bnie! Pomys\u0142 na TIK w kategorii Pomys\u0142 na lekcj\u0119 z TIK za prac\u0119 Szlakiem legend polskich. Organizatorem konkursu by\u0142 magazyn EduFakty \u2013 Ucz\u0119 Nowocze\u015bnie. Celem Konkursu by\u0142a promocja nowych technologii w codziennej pracy nauczycieli, promowanie i wyr\u00f3\u017cnianie nauczycieli dziel\u0105cych si\u0119 swoimi pomys\u0142ami i do\u015bwiadczeniem w tej dziedzinie<span class=\"ellipsis\">&hellip;<\/span><\/p>\n<div class=\"read-more\"><a href=\"https:\/\/pbp.womczest.edu.pl\/new\/edukacja\/inne-wydarzenia\/konkurs-pomysl-na-lekcje-z-tik\/\">Czytaj wi\u0119cej &#8250;<\/a><\/div>\n<p><!-- end of .read-more --><\/p>\n","protected":false},"author":6,"featured_media":0,"parent":2651,"menu_order":0,"comment_status":"closed","ping_status":"open","template":"","meta":{"footnotes":""},"jetpack_sharing_enabled":true,"jetpack_shortlink":"https:\/\/wp.me\/PgmV4H-1qB","_links":{"self":[{"href":"https:\/\/pbp.womczest.edu.pl\/new\/wp-json\/wp\/v2\/pages\/5493"}],"collection":[{"href":"https:\/\/pbp.womczest.edu.pl\/new\/wp-json\/wp\/v2\/pages"}],"about":[{"href":"https:\/\/pbp.womczest.edu.pl\/new\/wp-json\/wp\/v2\/types\/page"}],"author":[{"embeddable":true,"href":"https:\/\/pbp.womczest.edu.pl\/new\/wp-json\/wp\/v2\/users\/6"}],"replies":[{"embeddable":true,"href":"https:\/\/pbp.womczest.edu.pl\/new\/wp-json\/wp\/v2\/comments?post=5493"}],"version-history":[{"count":1,"href":"https:\/\/pbp.womczest.edu.pl\/new\/wp-json\/wp\/v2\/pages\/5493\/revisions"}],"predecessor-version":[{"id":5494,"href":"https:\/\/pbp.womczest.edu.pl\/new\/wp-json\/wp\/v2\/pages\/5493\/revisions\/5494"}],"up":[{"embeddable":true,"href":"https:\/\/pbp.womczest.edu.pl\/new\/wp-json\/wp\/v2\/pages\/2651"}],"wp:attachment":[{"href":"https:\/\/pbp.womczest.edu.pl\/new\/wp-json\/wp\/v2\/media?parent=5493"}],"curies":[{"name":"wp","href":"https:\/\/api.w.org\/{rel}","templated":true}]}}