


{"id":5482,"date":"2015-07-02T12:24:17","date_gmt":"2015-07-02T10:24:17","guid":{"rendered":"https:\/\/pbp.womczest.edu.pl\/new\/?page_id=5482"},"modified":"2015-07-02T12:24:17","modified_gmt":"2015-07-02T10:24:17","slug":"pieszy-jurajski-rajd-bibliotekarzy","status":"publish","type":"page","link":"https:\/\/pbp.womczest.edu.pl\/new\/edukacja\/inne-wydarzenia\/pieszy-jurajski-rajd-bibliotekarzy\/","title":{"rendered":"Pieszy Jurajski Rajd Bibliotekarzy"},"content":{"rendered":"<p>Jurajska gmina Jan\u00f3w, to\u00a0jedno z\u00a0pi\u0119kniejszych miejsc w\u00a0Polsce. Przez gmin\u0119 biegn\u0105 liczne szlaki turystyki pieszej, rowerowej i\u00a0konnej. Bogaty \u015bwiat flory i\u00a0fauny, spotykane na\u00a0tym terenie endemity, chroni\u0105 cztery rezerwaty przyrody oraz\u00a0Park Krajobrazowy Orlich Gniazd. Wapienne osta\u0144ce, jaskinie skalne, \u017ar\u00f3d\u0142a krasowe, stawy, pstr\u0105garnie oraz\u00a0pi\u0119kne lasy tworz\u0105 wyj\u0105tkowy obraz tego miejsca.<\/p>\n<p><a href=\"https:\/\/pbp.womczest.edu.pl\/new\/wp-content\/uploads\/2013\/06\/aktualnosci_i_jurajski_rajd_bibliotekarzy_4.jpg\" target=\"_blank\"><img decoding=\"async\" class=\"caption alignleft size-full wp-image-1226\" title=\"Kilka s\u0142\u00f3w o\u00a0historii pa\u0142acu\" src=\"https:\/\/pbp.womczest.edu.pl\/new\/wp-content\/uploads\/2013\/06\/aktualnosci_i_jurajski_rajd_bibliotekarzy_4.jpg\" alt=\"\" width=\"150\" border=\"0\" srcset=\"https:\/\/pbp.womczest.edu.pl\/new\/wp-content\/uploads\/2013\/06\/aktualnosci_i_jurajski_rajd_bibliotekarzy_4.jpg 2490w, https:\/\/pbp.womczest.edu.pl\/new\/wp-content\/uploads\/2013\/06\/aktualnosci_i_jurajski_rajd_bibliotekarzy_4-300x295.jpg 300w, https:\/\/pbp.womczest.edu.pl\/new\/wp-content\/uploads\/2013\/06\/aktualnosci_i_jurajski_rajd_bibliotekarzy_4-1024x1007.jpg 1024w, https:\/\/pbp.womczest.edu.pl\/new\/wp-content\/uploads\/2013\/06\/aktualnosci_i_jurajski_rajd_bibliotekarzy_4-100x98.jpg 100w, https:\/\/pbp.womczest.edu.pl\/new\/wp-content\/uploads\/2013\/06\/aktualnosci_i_jurajski_rajd_bibliotekarzy_4-150x147.jpg 150w, https:\/\/pbp.womczest.edu.pl\/new\/wp-content\/uploads\/2013\/06\/aktualnosci_i_jurajski_rajd_bibliotekarzy_4-200x197.jpg 200w, https:\/\/pbp.womczest.edu.pl\/new\/wp-content\/uploads\/2013\/06\/aktualnosci_i_jurajski_rajd_bibliotekarzy_4-450x442.jpg 450w, https:\/\/pbp.womczest.edu.pl\/new\/wp-content\/uploads\/2013\/06\/aktualnosci_i_jurajski_rajd_bibliotekarzy_4-600x590.jpg 600w, https:\/\/pbp.womczest.edu.pl\/new\/wp-content\/uploads\/2013\/06\/aktualnosci_i_jurajski_rajd_bibliotekarzy_4-900x885.jpg 900w\" sizes=\"(max-width: 2490px) 100vw, 2490px\" \/><\/a><\/p>\n<p>Kilkunastoosobow\u0105 grup\u0105 spotkali\u015bmy si\u0119 w\u00a0Z\u0142otym Potoku pod\u00a0Pa\u0142acem Raczy\u0144skich. O\u00a0historii tego miejsca opowiedzia\u0142a nam w\u00a0kr\u00f3tkich s\u0142owach nasza kole\u017canka Anna D\u0105browska. Potem wyruszyli\u015bmy na\u00a0spacer pi\u0119kn\u0105 z\u0142ot\u0105 Alej\u0105 Klonow\u0105. Uroki tegorocznej jesieni towarzyszy\u0142y nam w\u00a0czasie ca\u0142ego dnia. W\u00a0s\u0142o\u0144cu, w\u015br\u00f3d drzew mieni\u0105cych si\u0119 bogatymi barwami, doszli\u015bmy do\u00a0<strong><em>ko\u015bcio\u0142a \u015bw.\u00a0Jana Chrzciciela<\/em><\/strong>. Obecny wygl\u0105d ko\u015bci\u00f3\u0142 zawdzi\u0119cza fundatorom Marii (z\u00a0domu Krasi\u0144skiej) i\u00a0Edwardowi Raczy\u0144skim. Natomiast w\u00a0ostatnich latach przeprowadzono prace konserwatorskie wn\u0119trza i\u00a0organ\u00f3w, przywracaj\u0105c temu miejscu dawny wygl\u0105d.<\/p>\n<p><a href=\"https:\/\/pbp.womczest.edu.pl\/new\/wp-content\/uploads\/2013\/06\/aktualnosci_i_jurajski_rajd_bibliotekarzy_22.jpg\" target=\"_blank\"><img decoding=\"async\" class=\"caption alignleft size-full wp-image-1228\" title=\"Przed z\u0142otopotockim ko\u015bcio\u0142em\" src=\"https:\/\/pbp.womczest.edu.pl\/new\/wp-content\/uploads\/2013\/06\/aktualnosci_i_jurajski_rajd_bibliotekarzy_22.jpg\" alt=\"\" width=\"150\" border=\"0\" srcset=\"https:\/\/pbp.womczest.edu.pl\/new\/wp-content\/uploads\/2013\/06\/aktualnosci_i_jurajski_rajd_bibliotekarzy_22.jpg 2448w, https:\/\/pbp.womczest.edu.pl\/new\/wp-content\/uploads\/2013\/06\/aktualnosci_i_jurajski_rajd_bibliotekarzy_22-225x300.jpg 225w, https:\/\/pbp.womczest.edu.pl\/new\/wp-content\/uploads\/2013\/06\/aktualnosci_i_jurajski_rajd_bibliotekarzy_22-768x1024.jpg 768w, https:\/\/pbp.womczest.edu.pl\/new\/wp-content\/uploads\/2013\/06\/aktualnosci_i_jurajski_rajd_bibliotekarzy_22-100x133.jpg 100w, https:\/\/pbp.womczest.edu.pl\/new\/wp-content\/uploads\/2013\/06\/aktualnosci_i_jurajski_rajd_bibliotekarzy_22-150x200.jpg 150w, https:\/\/pbp.womczest.edu.pl\/new\/wp-content\/uploads\/2013\/06\/aktualnosci_i_jurajski_rajd_bibliotekarzy_22-200x267.jpg 200w, https:\/\/pbp.womczest.edu.pl\/new\/wp-content\/uploads\/2013\/06\/aktualnosci_i_jurajski_rajd_bibliotekarzy_22-300x400.jpg 300w, https:\/\/pbp.womczest.edu.pl\/new\/wp-content\/uploads\/2013\/06\/aktualnosci_i_jurajski_rajd_bibliotekarzy_22-450x600.jpg 450w, https:\/\/pbp.womczest.edu.pl\/new\/wp-content\/uploads\/2013\/06\/aktualnosci_i_jurajski_rajd_bibliotekarzy_22-600x800.jpg 600w, https:\/\/pbp.womczest.edu.pl\/new\/wp-content\/uploads\/2013\/06\/aktualnosci_i_jurajski_rajd_bibliotekarzy_22-900x1200.jpg 900w\" sizes=\"(max-width: 2448px) 100vw, 2448px\" \/><\/a><\/p>\n<p>Chwil\u0119 zatrzymali\u015bmy si\u0119 na\u00a0rynku. Zrobili\u015bmy pami\u0105tkowe zdj\u0119cia przy zabytkowej studni oraz\u00a0przy rze\u017abie dziewczyny nios\u0105cej wod\u0119, wykonanej przez znanego artyst\u0119 Jerzego K\u0119dzior\u0119.\u00a0Kolejnym celem naszej w\u0119dr\u00f3wki by\u0142, znajduj\u0105cy si\u0119 w\u00a0dolinie Wiercicy, <strong><em>Staw Amerykan.<\/em><\/strong> Pierwotn\u0105 nazw\u0119, <strong><em>Staw Gorzkich \u0141ez<\/em><\/strong>, nada\u0142 mu Zygmunt Krasi\u0144ski w\u00a01857 roku po\u00a0\u015bmierci swojej 4-letniej c\u00f3rki El\u017cbiety (pochowanej w\u00a0miejscowym ko\u015bciele). Obecn\u0105 nazw\u0119 nadali stawowi Raczy\u0144scy, gdy\u00a0w\u00a01881 roku za\u0142o\u017cyli pierwsz\u0105 w\u00a0Polsce pstr\u0105garni\u0119 z\u00a0zal\u0119gowej partii pstr\u0105ga t\u0119czowego, przywiezionej do\u00a0Z\u0142otego Potoku prosto z\u00a0Ameryki. Sp\u0119dzili\u015bmy tu troch\u0119 czasu, podziwiaj\u0105c urok tego miejsca i\u00a0p\u0142ywaj\u0105ce po\u00a0stawie kaczki.<\/p>\n<p><a href=\"https:\/\/pbp.womczest.edu.pl\/new\/wp-content\/uploads\/2013\/06\/aktualnosci_i_jurajski_rajd_bibliotekarzy_105.jpg\" target=\"_blank\"><img decoding=\"async\" class=\"caption alignright size-full wp-image-1229\" title=\"Pami\u0105tkowa fotografia na\u00a0najbardziej \u015bliskim mostku\" src=\"https:\/\/pbp.womczest.edu.pl\/new\/wp-content\/uploads\/2013\/06\/aktualnosci_i_jurajski_rajd_bibliotekarzy_105.jpg\" alt=\"\" width=\"150\" border=\"0\" srcset=\"https:\/\/pbp.womczest.edu.pl\/new\/wp-content\/uploads\/2013\/06\/aktualnosci_i_jurajski_rajd_bibliotekarzy_105.jpg 2448w, https:\/\/pbp.womczest.edu.pl\/new\/wp-content\/uploads\/2013\/06\/aktualnosci_i_jurajski_rajd_bibliotekarzy_105-225x300.jpg 225w, https:\/\/pbp.womczest.edu.pl\/new\/wp-content\/uploads\/2013\/06\/aktualnosci_i_jurajski_rajd_bibliotekarzy_105-768x1024.jpg 768w, https:\/\/pbp.womczest.edu.pl\/new\/wp-content\/uploads\/2013\/06\/aktualnosci_i_jurajski_rajd_bibliotekarzy_105-100x133.jpg 100w, https:\/\/pbp.womczest.edu.pl\/new\/wp-content\/uploads\/2013\/06\/aktualnosci_i_jurajski_rajd_bibliotekarzy_105-150x200.jpg 150w, https:\/\/pbp.womczest.edu.pl\/new\/wp-content\/uploads\/2013\/06\/aktualnosci_i_jurajski_rajd_bibliotekarzy_105-200x267.jpg 200w, https:\/\/pbp.womczest.edu.pl\/new\/wp-content\/uploads\/2013\/06\/aktualnosci_i_jurajski_rajd_bibliotekarzy_105-300x400.jpg 300w, https:\/\/pbp.womczest.edu.pl\/new\/wp-content\/uploads\/2013\/06\/aktualnosci_i_jurajski_rajd_bibliotekarzy_105-450x600.jpg 450w, https:\/\/pbp.womczest.edu.pl\/new\/wp-content\/uploads\/2013\/06\/aktualnosci_i_jurajski_rajd_bibliotekarzy_105-600x800.jpg 600w, https:\/\/pbp.womczest.edu.pl\/new\/wp-content\/uploads\/2013\/06\/aktualnosci_i_jurajski_rajd_bibliotekarzy_105-900x1200.jpg 900w\" sizes=\"(max-width: 2448px) 100vw, 2448px\" \/><\/a><\/p>\n<p>Po\u00a0kr\u00f3tkiej przerwie znowu wyruszyli\u015bmy na\u00a0spacer po\u00a0z\u0142otopotockich lasach, w\u00a0kt\u00f3rych przewa\u017caj\u0105 sosny, buki, graby i\u00a0d\u0119by. Wielu pi\u0119knych dozna\u0144 dostarczy\u0142y nam zachwycaj\u0105ce zas\u0142ane dywanem li\u015bci \u015bcie\u017cki, po\u00a0kt\u00f3rych z\u00a0ogromn\u0105 rado\u015bci\u0105 biega\u0142y nasze \u201ebiblioteczne\u201d dzieci oraz\u00a0zaprzyja\u017aniony ze\u00a0wszystkimi, b\u0119d\u0105cy maskotk\u0105 rajdu, pies Aris. Po\u00a0drodze zajrzeli\u015bmy do\u00a0<strong><em>Jaskini Nied\u017awiedziej<\/em><\/strong>.<\/p>\n<p>Po\u00a0po\u0142udniu w\u00a0naszym O\u015brodku czeka\u0142 ju\u017c przygotowany dla nas pocz\u0119stunek. Rozpalili\u015bmy ognisko i\u00a0upiekli\u015bmy na\u00a0obiad kie\u0142baski. Nie mog\u0142o si\u0119 oby\u0107 bez zdj\u0119\u0107 na\u00a0urokliwym mostku. O\u00a0ka\u017cdej porze roku, ku naszemu zdziwieniu, wej\u015bcie na\u00a0mostek jest zadaniem do\u015b\u0107 ekstremalnym. Tak by\u0142o i\u00a0tym razem, ale\u00a0szcz\u0119\u015bliwie uda\u0142o si\u0119 ustawi\u0107 grup\u0119 do\u00a0pami\u0105tkowej fotografii.\u00a0Po posi\u0142ku i\u00a0d\u0142u\u017cszym odpoczynku kontynuowali\u015bmy nasze le\u015bne w\u0119drowanie. Tym razem dywany z\u00a0li\u015bci zmieni\u0142y kolor\u00a0<a href=\"https:\/\/pbp.womczest.edu.pl\/new\/wp-content\/uploads\/2013\/06\/aktualnosci_i_jurajski_rajd_bibliotekarzy_87.jpg\" target=\"_blank\"><img decoding=\"async\" class=\"caption alignleft size-full wp-image-1230\" title=\"Ognisko\" src=\"https:\/\/pbp.womczest.edu.pl\/new\/wp-content\/uploads\/2013\/06\/aktualnosci_i_jurajski_rajd_bibliotekarzy_87.jpg\" alt=\"\" width=\"150\" border=\"0\" srcset=\"https:\/\/pbp.womczest.edu.pl\/new\/wp-content\/uploads\/2013\/06\/aktualnosci_i_jurajski_rajd_bibliotekarzy_87.jpg 4000w, https:\/\/pbp.womczest.edu.pl\/new\/wp-content\/uploads\/2013\/06\/aktualnosci_i_jurajski_rajd_bibliotekarzy_87-300x225.jpg 300w, https:\/\/pbp.womczest.edu.pl\/new\/wp-content\/uploads\/2013\/06\/aktualnosci_i_jurajski_rajd_bibliotekarzy_87-1024x768.jpg 1024w, https:\/\/pbp.womczest.edu.pl\/new\/wp-content\/uploads\/2013\/06\/aktualnosci_i_jurajski_rajd_bibliotekarzy_87-100x75.jpg 100w, https:\/\/pbp.womczest.edu.pl\/new\/wp-content\/uploads\/2013\/06\/aktualnosci_i_jurajski_rajd_bibliotekarzy_87-150x113.jpg 150w, https:\/\/pbp.womczest.edu.pl\/new\/wp-content\/uploads\/2013\/06\/aktualnosci_i_jurajski_rajd_bibliotekarzy_87-200x150.jpg 200w, https:\/\/pbp.womczest.edu.pl\/new\/wp-content\/uploads\/2013\/06\/aktualnosci_i_jurajski_rajd_bibliotekarzy_87-450x338.jpg 450w, https:\/\/pbp.womczest.edu.pl\/new\/wp-content\/uploads\/2013\/06\/aktualnosci_i_jurajski_rajd_bibliotekarzy_87-600x450.jpg 600w, https:\/\/pbp.womczest.edu.pl\/new\/wp-content\/uploads\/2013\/06\/aktualnosci_i_jurajski_rajd_bibliotekarzy_87-900x675.jpg 900w\" sizes=\"(max-width: 4000px) 100vw, 4000px\" \/><\/a>ze\u00a0z\u0142otych na\u00a0rdzawo-czerwone. Po\u00a0<strong><em>Stawie Zielonym<\/em><\/strong> zwanym te\u017c <strong><em>Stawem Snu Nocy Letniej<\/em><\/strong> p\u0142ywa\u0142 pi\u0119kny majestatyczny \u0142ab\u0119d\u017a, dodaj\u0105c tej\u00a0wyj\u0105tkowej scenerii osobliwego uroku.<\/p>\n<p>Oko\u0142o godz.\u00a017<sup>0<\/sup><sup>0<\/sup> wr\u00f3cili\u015bmy w\u00a0okolice naszego O\u015brodka, gdzie ku ogromnemu \u017calowi wszystkich, I\u00a0Pieszy Jurajski Rajd Bibliotekarzy zosta\u0142 oficjalnie zako\u0144czony.\u00a0Sp\u0119dzili\u015bmy ca\u0142y dzie\u0144 na\u00a0\u0142onie pi\u0119knej, bajkowo kolorowej, jesiennej natury. Mamy nadziej\u0119, \u017ce\u00a0w\u00a0tym dniu narodzi\u0142a si\u0119 nowa bibliotekarska tradycja!<\/p>\n<p style=\"text-align: right;\"><em>Joanna Resakowska<br \/>\nZdj\u0119cia: Uczestnicy rajdu<\/em><\/p>\n<p><em><a href=\"http:\/\/www.youtube.com\/watch?v=HQD48gX1ZWo\" target=\"_blank\"><strong>Materia\u0142 filmowy<\/strong><\/a><\/em><\/p>\n","protected":false},"excerpt":{"rendered":"<p>Jurajska gmina Jan\u00f3w, to\u00a0jedno z\u00a0pi\u0119kniejszych miejsc w\u00a0Polsce. Przez gmin\u0119 biegn\u0105 liczne szlaki turystyki pieszej, rowerowej i\u00a0konnej. Bogaty \u015bwiat flory i\u00a0fauny, spotykane na\u00a0tym terenie endemity, chroni\u0105 cztery rezerwaty przyrody oraz\u00a0Park Krajobrazowy Orlich Gniazd. Wapienne osta\u0144ce, jaskinie skalne, \u017ar\u00f3d\u0142a krasowe, stawy, pstr\u0105garnie oraz\u00a0pi\u0119kne lasy tworz\u0105 wyj\u0105tkowy obraz tego miejsca. Kilkunastoosobow\u0105 grup\u0105 spotkali\u015bmy si\u0119 w\u00a0Z\u0142otym Potoku pod\u00a0Pa\u0142acem Raczy\u0144skich. O\u00a0historii tego miejsca opowiedzia\u0142a nam w\u00a0kr\u00f3tkich s\u0142owach nasza kole\u017canka Anna D\u0105browska. Potem wyruszyli\u015bmy na\u00a0spacer pi\u0119kn\u0105<span class=\"ellipsis\">&hellip;<\/span><\/p>\n<div class=\"read-more\"><a href=\"https:\/\/pbp.womczest.edu.pl\/new\/edukacja\/inne-wydarzenia\/pieszy-jurajski-rajd-bibliotekarzy\/\">Czytaj wi\u0119cej &#8250;<\/a><\/div>\n<p><!-- end of .read-more --><\/p>\n","protected":false},"author":6,"featured_media":0,"parent":2651,"menu_order":0,"comment_status":"closed","ping_status":"open","template":"","meta":{"footnotes":""},"jetpack_sharing_enabled":true,"jetpack_shortlink":"https:\/\/wp.me\/PgmV4H-1qq","_links":{"self":[{"href":"https:\/\/pbp.womczest.edu.pl\/new\/wp-json\/wp\/v2\/pages\/5482"}],"collection":[{"href":"https:\/\/pbp.womczest.edu.pl\/new\/wp-json\/wp\/v2\/pages"}],"about":[{"href":"https:\/\/pbp.womczest.edu.pl\/new\/wp-json\/wp\/v2\/types\/page"}],"author":[{"embeddable":true,"href":"https:\/\/pbp.womczest.edu.pl\/new\/wp-json\/wp\/v2\/users\/6"}],"replies":[{"embeddable":true,"href":"https:\/\/pbp.womczest.edu.pl\/new\/wp-json\/wp\/v2\/comments?post=5482"}],"version-history":[{"count":1,"href":"https:\/\/pbp.womczest.edu.pl\/new\/wp-json\/wp\/v2\/pages\/5482\/revisions"}],"predecessor-version":[{"id":5483,"href":"https:\/\/pbp.womczest.edu.pl\/new\/wp-json\/wp\/v2\/pages\/5482\/revisions\/5483"}],"up":[{"embeddable":true,"href":"https:\/\/pbp.womczest.edu.pl\/new\/wp-json\/wp\/v2\/pages\/2651"}],"wp:attachment":[{"href":"https:\/\/pbp.womczest.edu.pl\/new\/wp-json\/wp\/v2\/media?parent=5482"}],"curies":[{"name":"wp","href":"https:\/\/api.w.org\/{rel}","templated":true}]}}