


{"id":5460,"date":"2015-07-02T12:10:12","date_gmt":"2015-07-02T10:10:12","guid":{"rendered":"https:\/\/pbp.womczest.edu.pl\/new\/?page_id=5460"},"modified":"2015-07-02T12:10:12","modified_gmt":"2015-07-02T10:10:12","slug":"narodowe-czytanie-2014","status":"publish","type":"page","link":"https:\/\/pbp.womczest.edu.pl\/new\/edukacja\/inne-wydarzenia\/narodowe-czytanie-2014\/","title":{"rendered":"Narodowe Czytanie 2014"},"content":{"rendered":"<p>Narodowe Czytanie 2014 w Publicznej Bibliotece Pedagogicznej Regionalnego O\u015brodka Doskonalenia Nauczycieli \u201eWOM\u201d w Cz\u0119stochowie odby\u0142o si\u0119 6 wrze\u015bnia.<\/p>\n<p><a href=\"https:\/\/pbp.womczest.edu.pl\/new\/wp-content\/uploads\/2013\/06\/aktualnosci_narodowe_czytanie_2014_IMG_3449.JPG\" target=\"_blank\"><img decoding=\"async\" loading=\"lazy\" class=\"  wp-image-1218 alignleft\" src=\"https:\/\/pbp.womczest.edu.pl\/new\/wp-content\/uploads\/2013\/06\/aktualnosci_narodowe_czytanie_2014_plakat_narodowe_czytanie_2014_maly.jpg\" alt=\"aktualnosci_narodowe_czytanie_2014_plakat_narodowe_czytanie_2014_maly\" width=\"164\" height=\"152\" srcset=\"https:\/\/pbp.womczest.edu.pl\/new\/wp-content\/uploads\/2013\/06\/aktualnosci_narodowe_czytanie_2014_plakat_narodowe_czytanie_2014_maly.jpg 283w, https:\/\/pbp.womczest.edu.pl\/new\/wp-content\/uploads\/2013\/06\/aktualnosci_narodowe_czytanie_2014_plakat_narodowe_czytanie_2014_maly-100x93.jpg 100w, https:\/\/pbp.womczest.edu.pl\/new\/wp-content\/uploads\/2013\/06\/aktualnosci_narodowe_czytanie_2014_plakat_narodowe_czytanie_2014_maly-150x139.jpg 150w, https:\/\/pbp.womczest.edu.pl\/new\/wp-content\/uploads\/2013\/06\/aktualnosci_narodowe_czytanie_2014_plakat_narodowe_czytanie_2014_maly-200x185.jpg 200w\" sizes=\"(max-width: 164px) 100vw, 164px\" \/><\/a>Wzi\u0119li w nim\u00a0udzia\u0142 uczniowie cz\u0119stochowskich szk\u00f3\u0142, nauczyciele, czytelnicy biblioteki i zainteresowani akcj\u0105.<\/p>\n<p>PBP RODN \u201eWOM\u201d zorganizowa\u0142a spotkanie we wsp\u00f3\u0142pracy z Fundacj\u0105 Oczami Brata, organizacj\u0105, kt\u00f3rej g\u0142\u00f3wnym zadaniem jest u\u0142atwianie i wspomaganie aktywno\u015bci spo\u0142ecznej i artystycznej os\u00f3b niepe\u0142nosprawnych, chorych i wykluczonych spo\u0142ecznie.<\/p>\n<p>Fragmenty wszystkich cz\u0119\u015bci \u201eTrylogii\u201d czytali przedstawiciele Fundacji Oczami Brata, cz\u0142onkowie m\u0142odzie\u017cowej grupy teatralnej \u201eEviva l&#8217;arte\u201d dzia\u0142aj\u0105cej przy Teatrze im. Adama Mickiewicza w Cz\u0119stochowie oraz nauczyciele bibliotekarz<a href=\"https:\/\/pbp.womczest.edu.pl\/new\/wp-content\/uploads\/2013\/06\/aktualnosci_narodowe_czytanie_2014_IMG_3501.JPG\" target=\"_blank\"><img decoding=\"async\" loading=\"lazy\" class=\" alignright size-full wp-image-1220\" style=\"float: right;\" src=\"https:\/\/pbp.womczest.edu.pl\/new\/wp-content\/uploads\/2013\/06\/aktualnosci_narodowe_czytanie_2014_IMG_3501.JPG\" alt=\"\" width=\"150\" height=\"84\" srcset=\"https:\/\/pbp.womczest.edu.pl\/new\/wp-content\/uploads\/2013\/06\/aktualnosci_narodowe_czytanie_2014_IMG_3501.JPG 948w, https:\/\/pbp.womczest.edu.pl\/new\/wp-content\/uploads\/2013\/06\/aktualnosci_narodowe_czytanie_2014_IMG_3501-300x167.jpg 300w, https:\/\/pbp.womczest.edu.pl\/new\/wp-content\/uploads\/2013\/06\/aktualnosci_narodowe_czytanie_2014_IMG_3501-100x56.jpg 100w, https:\/\/pbp.womczest.edu.pl\/new\/wp-content\/uploads\/2013\/06\/aktualnosci_narodowe_czytanie_2014_IMG_3501-150x84.jpg 150w, https:\/\/pbp.womczest.edu.pl\/new\/wp-content\/uploads\/2013\/06\/aktualnosci_narodowe_czytanie_2014_IMG_3501-200x111.jpg 200w, https:\/\/pbp.womczest.edu.pl\/new\/wp-content\/uploads\/2013\/06\/aktualnosci_narodowe_czytanie_2014_IMG_3501-450x251.jpg 450w, https:\/\/pbp.womczest.edu.pl\/new\/wp-content\/uploads\/2013\/06\/aktualnosci_narodowe_czytanie_2014_IMG_3501-600x334.jpg 600w, https:\/\/pbp.womczest.edu.pl\/new\/wp-content\/uploads\/2013\/06\/aktualnosci_narodowe_czytanie_2014_IMG_3501-900x501.jpg 900w\" sizes=\"(max-width: 150px) 100vw, 150px\" \/><\/a>e PBP RODN \u201eWOM\u201d.<\/p>\n<p>Czytaj\u0105cym towarzyszy\u0142y wyst\u0119py aktor\u00f3w teatru integracyjnego funkcjonuj\u0105cego w ramach fundacji.<\/p>\n<p>Tw\u00f3rczo\u015b\u0107 Henryka Sienkiewicza oraz zbiory PBP RODN \u201eWOM\u201d przybli\u017cy\u0142a uczestnikom Narodowego Czytania okoliczno\u015bciowa wystawa plastyczna.<\/p>\n<p style=\"text-align: right;\"><em>Justyna Gali\u0144ska<\/em><\/p>\n<p style=\"text-align: right;\"><em><img decoding=\"async\" loading=\"lazy\" class=\" alignleft  wp-image-1221\" src=\"https:\/\/pbp.womczest.edu.pl\/new\/wp-content\/uploads\/2013\/06\/aktualnosci_narodowe_czytanie_2014_IMG_3449.JPG\" alt=\"\" width=\"205\" height=\"115\" srcset=\"https:\/\/pbp.womczest.edu.pl\/new\/wp-content\/uploads\/2013\/06\/aktualnosci_narodowe_czytanie_2014_IMG_3449.JPG 948w, https:\/\/pbp.womczest.edu.pl\/new\/wp-content\/uploads\/2013\/06\/aktualnosci_narodowe_czytanie_2014_IMG_3449-300x167.jpg 300w, https:\/\/pbp.womczest.edu.pl\/new\/wp-content\/uploads\/2013\/06\/aktualnosci_narodowe_czytanie_2014_IMG_3449-100x56.jpg 100w, https:\/\/pbp.womczest.edu.pl\/new\/wp-content\/uploads\/2013\/06\/aktualnosci_narodowe_czytanie_2014_IMG_3449-150x84.jpg 150w, https:\/\/pbp.womczest.edu.pl\/new\/wp-content\/uploads\/2013\/06\/aktualnosci_narodowe_czytanie_2014_IMG_3449-200x111.jpg 200w, https:\/\/pbp.womczest.edu.pl\/new\/wp-content\/uploads\/2013\/06\/aktualnosci_narodowe_czytanie_2014_IMG_3449-450x251.jpg 450w, https:\/\/pbp.womczest.edu.pl\/new\/wp-content\/uploads\/2013\/06\/aktualnosci_narodowe_czytanie_2014_IMG_3449-600x334.jpg 600w, https:\/\/pbp.womczest.edu.pl\/new\/wp-content\/uploads\/2013\/06\/aktualnosci_narodowe_czytanie_2014_IMG_3449-900x501.jpg 900w\" sizes=\"(max-width: 205px) 100vw, 205px\" \/>Zdj\u0119cia: Izabela Bajor<br \/>\nJolanta Janicka<\/em><\/p>\n","protected":false},"excerpt":{"rendered":"<p>Narodowe Czytanie 2014 w Publicznej Bibliotece Pedagogicznej Regionalnego O\u015brodka Doskonalenia Nauczycieli \u201eWOM\u201d w Cz\u0119stochowie odby\u0142o si\u0119 6 wrze\u015bnia. Wzi\u0119li w nim\u00a0udzia\u0142 uczniowie cz\u0119stochowskich szk\u00f3\u0142, nauczyciele, czytelnicy biblioteki i zainteresowani akcj\u0105. PBP RODN \u201eWOM\u201d zorganizowa\u0142a spotkanie we wsp\u00f3\u0142pracy z Fundacj\u0105 Oczami Brata, organizacj\u0105, kt\u00f3rej g\u0142\u00f3wnym zadaniem jest u\u0142atwianie i wspomaganie aktywno\u015bci spo\u0142ecznej i artystycznej os\u00f3b niepe\u0142nosprawnych, chorych i wykluczonych spo\u0142ecznie. Fragmenty wszystkich cz\u0119\u015bci \u201eTrylogii\u201d czytali przedstawiciele Fundacji Oczami Brata, cz\u0142onkowie m\u0142odzie\u017cowej<span class=\"ellipsis\">&hellip;<\/span><\/p>\n<div class=\"read-more\"><a href=\"https:\/\/pbp.womczest.edu.pl\/new\/edukacja\/inne-wydarzenia\/narodowe-czytanie-2014\/\">Czytaj wi\u0119cej &#8250;<\/a><\/div>\n<p><!-- end of .read-more --><\/p>\n","protected":false},"author":6,"featured_media":0,"parent":2651,"menu_order":0,"comment_status":"closed","ping_status":"open","template":"","meta":{"footnotes":""},"jetpack_sharing_enabled":true,"jetpack_shortlink":"https:\/\/wp.me\/PgmV4H-1q4","_links":{"self":[{"href":"https:\/\/pbp.womczest.edu.pl\/new\/wp-json\/wp\/v2\/pages\/5460"}],"collection":[{"href":"https:\/\/pbp.womczest.edu.pl\/new\/wp-json\/wp\/v2\/pages"}],"about":[{"href":"https:\/\/pbp.womczest.edu.pl\/new\/wp-json\/wp\/v2\/types\/page"}],"author":[{"embeddable":true,"href":"https:\/\/pbp.womczest.edu.pl\/new\/wp-json\/wp\/v2\/users\/6"}],"replies":[{"embeddable":true,"href":"https:\/\/pbp.womczest.edu.pl\/new\/wp-json\/wp\/v2\/comments?post=5460"}],"version-history":[{"count":2,"href":"https:\/\/pbp.womczest.edu.pl\/new\/wp-json\/wp\/v2\/pages\/5460\/revisions"}],"predecessor-version":[{"id":5697,"href":"https:\/\/pbp.womczest.edu.pl\/new\/wp-json\/wp\/v2\/pages\/5460\/revisions\/5697"}],"up":[{"embeddable":true,"href":"https:\/\/pbp.womczest.edu.pl\/new\/wp-json\/wp\/v2\/pages\/2651"}],"wp:attachment":[{"href":"https:\/\/pbp.womczest.edu.pl\/new\/wp-json\/wp\/v2\/media?parent=5460"}],"curies":[{"name":"wp","href":"https:\/\/api.w.org\/{rel}","templated":true}]}}