


{"id":5454,"date":"2015-07-02T12:03:13","date_gmt":"2015-07-02T10:03:13","guid":{"rendered":"https:\/\/pbp.womczest.edu.pl\/new\/?page_id=5454"},"modified":"2015-07-02T12:05:54","modified_gmt":"2015-07-02T10:05:54","slug":"bajka-i-legenda-laczy-pokolenia","status":"publish","type":"page","link":"https:\/\/pbp.womczest.edu.pl\/new\/edukacja\/inne-wydarzenia\/bajka-i-legenda-laczy-pokolenia\/","title":{"rendered":"Bajka i legenda \u0142\u0105czy pokolenia"},"content":{"rendered":"<p style=\"text-align: center;\"><strong>Bajka i legenda \u0142\u0105czy pokolenia<\/strong><\/p>\n<p>Z okazji Dnia Babci i Dziadka Publiczna Biblioteka Pedagogiczna Regionalnego O\u015brodka Doskonalenia Nauczycieli<img decoding=\"async\" loading=\"lazy\" class=\" alignright size-full wp-image-1217\" src=\"https:\/\/pbp.womczest.edu.pl\/new\/wp-content\/uploads\/2013\/06\/aktualnosci_bajka_i_legenda_2015.JPG\" alt=\"\" width=\"150\" height=\"100\" srcset=\"https:\/\/pbp.womczest.edu.pl\/new\/wp-content\/uploads\/2013\/06\/aktualnosci_bajka_i_legenda_2015.JPG 1417w, https:\/\/pbp.womczest.edu.pl\/new\/wp-content\/uploads\/2013\/06\/aktualnosci_bajka_i_legenda_2015-300x200.jpg 300w, https:\/\/pbp.womczest.edu.pl\/new\/wp-content\/uploads\/2013\/06\/aktualnosci_bajka_i_legenda_2015-1024x683.jpg 1024w, https:\/\/pbp.womczest.edu.pl\/new\/wp-content\/uploads\/2013\/06\/aktualnosci_bajka_i_legenda_2015-100x67.jpg 100w, https:\/\/pbp.womczest.edu.pl\/new\/wp-content\/uploads\/2013\/06\/aktualnosci_bajka_i_legenda_2015-150x100.jpg 150w, https:\/\/pbp.womczest.edu.pl\/new\/wp-content\/uploads\/2013\/06\/aktualnosci_bajka_i_legenda_2015-200x133.jpg 200w, https:\/\/pbp.womczest.edu.pl\/new\/wp-content\/uploads\/2013\/06\/aktualnosci_bajka_i_legenda_2015-450x300.jpg 450w, https:\/\/pbp.womczest.edu.pl\/new\/wp-content\/uploads\/2013\/06\/aktualnosci_bajka_i_legenda_2015-600x400.jpg 600w, https:\/\/pbp.womczest.edu.pl\/new\/wp-content\/uploads\/2013\/06\/aktualnosci_bajka_i_legenda_2015-900x600.jpg 900w\" sizes=\"(max-width: 150px) 100vw, 150px\" \/> \u201eWOM\u201d w Cz\u0119stochowie oraz Niepubliczne Przedszkole J\u0119zykowe Zgromadzenia Si\u00f3str C\u00f3rek Maryi z Pesche zorganizowa\u0142y spotkanie czytelnicze dla bab\u0107 i dziadk\u00f3w oraz ich wnucz\u0105t.<\/p>\n<p>27 stycznia 2015 roku o godz. 15<sup>00<\/sup> Aula Forum naszego o\u015brodka zosta\u0142a zape\u0142niona przez 140 os\u00f3b. Tematyka imprezy zwi\u0105zana by\u0142a ze znanymi bajkami i legendami polskimi. W czasie spotkania dzieci oraz babcie i dziadkowie bawili si\u0119, rozwi\u0105zuj\u0105c konkursy i quizy czytelnicze, przygotowane przez pracownik\u00f3w PBP RODN \u201eWOM\u201d w Cz\u0119stochowie. Wszyscy bardzo aktywnie uczestniczyli w spotkaniu. Uroczysto\u015b\u0107 u\u015bwietni\u0142o przedstawienie zaprezentowane przez dzieci z przedszkola j\u0119zykowego pt. \u201eZaczarowanym poci\u0105giem w \u015bwiat bajki\u201d. Dzieci przebrane w stroje postaci z bajek przy d\u017awi\u0119kach gitary podr\u00f3\u017cowa\u0142y po bajkowych stacjach, recytuj\u0105c wiersze dla swoich najbli\u017cszych i zaproszonych go\u015bci. Babcie i dziadkowie mieli okazj\u0119 podziwia\u0107 wyst\u0119py ma\u0142ych artyst\u00f3w. Na koniec dzieci obdarowa\u0142y swoich go\u015bci upominkami przygotowanymi w\u0142asnor\u0119cznie.<\/p>\n<p><a href=\"https:\/\/www.youtube.com\/watch?v=R2fHC6cRikc\" target=\"_blank\">Materia\u0142 filmowy<\/a><\/p>\n<p style=\"text-align: right;\"><em>Anna P\u0142usa<\/em><br \/>\n<em>fot. Mariusz Trenda<\/em><\/p>\n","protected":false},"excerpt":{"rendered":"<p>Bajka i legenda \u0142\u0105czy pokolenia Z okazji Dnia Babci i Dziadka Publiczna Biblioteka Pedagogiczna Regionalnego O\u015brodka Doskonalenia Nauczycieli \u201eWOM\u201d w Cz\u0119stochowie oraz Niepubliczne Przedszkole J\u0119zykowe Zgromadzenia Si\u00f3str C\u00f3rek Maryi z Pesche zorganizowa\u0142y spotkanie czytelnicze dla bab\u0107 i dziadk\u00f3w oraz ich wnucz\u0105t. 27 stycznia 2015 roku o godz. 1500 Aula Forum naszego o\u015brodka zosta\u0142a zape\u0142niona przez 140 os\u00f3b. Tematyka imprezy zwi\u0105zana by\u0142a ze znanymi bajkami i legendami polskimi. W czasie spotkania<span class=\"ellipsis\">&hellip;<\/span><\/p>\n<div class=\"read-more\"><a href=\"https:\/\/pbp.womczest.edu.pl\/new\/edukacja\/inne-wydarzenia\/bajka-i-legenda-laczy-pokolenia\/\">Czytaj wi\u0119cej &#8250;<\/a><\/div>\n<p><!-- end of .read-more --><\/p>\n","protected":false},"author":6,"featured_media":0,"parent":2651,"menu_order":0,"comment_status":"closed","ping_status":"open","template":"","meta":{"footnotes":""},"jetpack_sharing_enabled":true,"jetpack_shortlink":"https:\/\/wp.me\/PgmV4H-1pY","_links":{"self":[{"href":"https:\/\/pbp.womczest.edu.pl\/new\/wp-json\/wp\/v2\/pages\/5454"}],"collection":[{"href":"https:\/\/pbp.womczest.edu.pl\/new\/wp-json\/wp\/v2\/pages"}],"about":[{"href":"https:\/\/pbp.womczest.edu.pl\/new\/wp-json\/wp\/v2\/types\/page"}],"author":[{"embeddable":true,"href":"https:\/\/pbp.womczest.edu.pl\/new\/wp-json\/wp\/v2\/users\/6"}],"replies":[{"embeddable":true,"href":"https:\/\/pbp.womczest.edu.pl\/new\/wp-json\/wp\/v2\/comments?post=5454"}],"version-history":[{"count":3,"href":"https:\/\/pbp.womczest.edu.pl\/new\/wp-json\/wp\/v2\/pages\/5454\/revisions"}],"predecessor-version":[{"id":5458,"href":"https:\/\/pbp.womczest.edu.pl\/new\/wp-json\/wp\/v2\/pages\/5454\/revisions\/5458"}],"up":[{"embeddable":true,"href":"https:\/\/pbp.womczest.edu.pl\/new\/wp-json\/wp\/v2\/pages\/2651"}],"wp:attachment":[{"href":"https:\/\/pbp.womczest.edu.pl\/new\/wp-json\/wp\/v2\/media?parent=5454"}],"curies":[{"name":"wp","href":"https:\/\/api.w.org\/{rel}","templated":true}]}}