


{"id":5089,"date":"2015-06-23T13:30:05","date_gmt":"2015-06-23T11:30:05","guid":{"rendered":"https:\/\/pbp.womczest.edu.pl\/new\/?page_id=5089"},"modified":"2020-03-27T14:49:35","modified_gmt":"2020-03-27T13:49:35","slug":"webowa-biblioteka","status":"publish","type":"page","link":"https:\/\/pbp.womczest.edu.pl\/new\/webowa-biblioteka\/","title":{"rendered":"Webowa biblioteka"},"content":{"rendered":"<hr \/>\n<p>Materia\u0142y zawarte w Bibliotece Webowej zosta\u0142y udost\u0119pnione do wykorzystania w pracy dydaktycznej i naukowej nauczycieli wszystkich typ\u00f3w szk\u00f3\u0142 i plac\u00f3wek.<\/p>\n<p style=\"text-align: center;\"><strong>Wykaz przedmiot\u00f3w\/materia\u0142y do pobrania<\/strong><\/p>\n<p style=\"text-align: center;\"><a href=\"https:\/\/pbp.womczest.edu.pl\/new\/wspomaganie\/oferta-wspomagania\/webowa-biblioteka\/webowa-biblioteka-wychowanie-godzina-z-wychowawca\/\"><img decoding=\"async\" loading=\"lazy\" class=\"alignnone wp-image-5084 size-full\" src=\"https:\/\/pbp.womczest.edu.pl\/new\/wp-content\/uploads\/2015\/06\/button2.png\" alt=\"button2\" width=\"266\" height=\"43\" srcset=\"https:\/\/pbp.womczest.edu.pl\/new\/wp-content\/uploads\/2015\/06\/button2.png 266w, https:\/\/pbp.womczest.edu.pl\/new\/wp-content\/uploads\/2015\/06\/button2-100x16.png 100w, https:\/\/pbp.womczest.edu.pl\/new\/wp-content\/uploads\/2015\/06\/button2-150x24.png 150w, https:\/\/pbp.womczest.edu.pl\/new\/wp-content\/uploads\/2015\/06\/button2-200x32.png 200w\" sizes=\"(max-width: 266px) 100vw, 266px\" \/><\/a> <a href=\"https:\/\/pbp.womczest.edu.pl\/new\/wspomaganie\/oferta-wspomagania\/webowa-biblioteka\/webowa-biblioteka-edukacja-przedszkolna-i-wczesnoszkolna\/\"><img decoding=\"async\" loading=\"lazy\" class=\"alignnone wp-image-5085 size-full\" src=\"https:\/\/pbp.womczest.edu.pl\/new\/wp-content\/uploads\/2015\/06\/button_1.png\" alt=\"button_1\" width=\"266\" height=\"43\" srcset=\"https:\/\/pbp.womczest.edu.pl\/new\/wp-content\/uploads\/2015\/06\/button_1.png 266w, https:\/\/pbp.womczest.edu.pl\/new\/wp-content\/uploads\/2015\/06\/button_1-100x16.png 100w, https:\/\/pbp.womczest.edu.pl\/new\/wp-content\/uploads\/2015\/06\/button_1-150x24.png 150w, https:\/\/pbp.womczest.edu.pl\/new\/wp-content\/uploads\/2015\/06\/button_1-200x32.png 200w\" sizes=\"(max-width: 266px) 100vw, 266px\" \/><\/a> <a href=\"https:\/\/pbp.womczest.edu.pl\/new\/wspomaganie\/oferta-wspomagania\/webowa-biblioteka\/webowa-biblioteka-edukacja-dla-bezpieczenstwa\/\"><img decoding=\"async\" loading=\"lazy\" class=\"alignnone wp-image-5083 size-full\" src=\"https:\/\/pbp.womczest.edu.pl\/new\/wp-content\/uploads\/2015\/06\/button3.png\" alt=\"button3\" width=\"266\" height=\"43\" srcset=\"https:\/\/pbp.womczest.edu.pl\/new\/wp-content\/uploads\/2015\/06\/button3.png 266w, https:\/\/pbp.womczest.edu.pl\/new\/wp-content\/uploads\/2015\/06\/button3-100x16.png 100w, https:\/\/pbp.womczest.edu.pl\/new\/wp-content\/uploads\/2015\/06\/button3-150x24.png 150w, https:\/\/pbp.womczest.edu.pl\/new\/wp-content\/uploads\/2015\/06\/button3-200x32.png 200w\" sizes=\"(max-width: 266px) 100vw, 266px\" \/><\/a> <a href=\"https:\/\/pbp.womczest.edu.pl\/new\/wspomaganie\/oferta-wspomagania\/webowa-biblioteka\/webowa-biblioteka-informatyka\/\"><img decoding=\"async\" loading=\"lazy\" class=\"alignnone wp-image-5082 size-full\" src=\"https:\/\/pbp.womczest.edu.pl\/new\/wp-content\/uploads\/2015\/06\/button4.png\" alt=\"button4\" width=\"266\" height=\"43\" srcset=\"https:\/\/pbp.womczest.edu.pl\/new\/wp-content\/uploads\/2015\/06\/button4.png 266w, https:\/\/pbp.womczest.edu.pl\/new\/wp-content\/uploads\/2015\/06\/button4-100x16.png 100w, https:\/\/pbp.womczest.edu.pl\/new\/wp-content\/uploads\/2015\/06\/button4-150x24.png 150w, https:\/\/pbp.womczest.edu.pl\/new\/wp-content\/uploads\/2015\/06\/button4-200x32.png 200w\" sizes=\"(max-width: 266px) 100vw, 266px\" \/><\/a> <a href=\"https:\/\/pbp.womczest.edu.pl\/new\/wspomaganie\/oferta-wspomagania\/webowa-biblioteka\/webowa-biblioteka-nauka-biblioteki\/\"><img decoding=\"async\" loading=\"lazy\" class=\"alignnone wp-image-5081 size-full\" src=\"https:\/\/pbp.womczest.edu.pl\/new\/wp-content\/uploads\/2015\/06\/button5.png\" alt=\"button5\" width=\"266\" height=\"43\" srcset=\"https:\/\/pbp.womczest.edu.pl\/new\/wp-content\/uploads\/2015\/06\/button5.png 266w, https:\/\/pbp.womczest.edu.pl\/new\/wp-content\/uploads\/2015\/06\/button5-100x16.png 100w, https:\/\/pbp.womczest.edu.pl\/new\/wp-content\/uploads\/2015\/06\/button5-150x24.png 150w, https:\/\/pbp.womczest.edu.pl\/new\/wp-content\/uploads\/2015\/06\/button5-200x32.png 200w\" sizes=\"(max-width: 266px) 100vw, 266px\" \/><\/a> <a href=\"https:\/\/pbp.womczest.edu.pl\/new\/wspomaganie\/oferta-wspomagania\/webowa-biblioteka\/webowa-biblioteka-historia-i-spoleczenstwo\/\"><img decoding=\"async\" loading=\"lazy\" class=\"alignnone wp-image-5080 size-full\" src=\"https:\/\/pbp.womczest.edu.pl\/new\/wp-content\/uploads\/2015\/06\/button6.png\" alt=\"button6\" width=\"266\" height=\"43\" srcset=\"https:\/\/pbp.womczest.edu.pl\/new\/wp-content\/uploads\/2015\/06\/button6.png 266w, https:\/\/pbp.womczest.edu.pl\/new\/wp-content\/uploads\/2015\/06\/button6-100x16.png 100w, https:\/\/pbp.womczest.edu.pl\/new\/wp-content\/uploads\/2015\/06\/button6-150x24.png 150w, https:\/\/pbp.womczest.edu.pl\/new\/wp-content\/uploads\/2015\/06\/button6-200x32.png 200w\" sizes=\"(max-width: 266px) 100vw, 266px\" \/><\/a> <a href=\"https:\/\/pbp.womczest.edu.pl\/new\/wspomaganie\/oferta-wspomagania\/webowa-biblioteka\/webowa-biblioteka-kultura-i-sztuka\/\"><img decoding=\"async\" loading=\"lazy\" class=\"alignnone wp-image-5079 size-full\" src=\"https:\/\/pbp.womczest.edu.pl\/new\/wp-content\/uploads\/2015\/06\/button7.png\" alt=\"button7\" width=\"266\" height=\"43\" srcset=\"https:\/\/pbp.womczest.edu.pl\/new\/wp-content\/uploads\/2015\/06\/button7.png 266w, https:\/\/pbp.womczest.edu.pl\/new\/wp-content\/uploads\/2015\/06\/button7-100x16.png 100w, https:\/\/pbp.womczest.edu.pl\/new\/wp-content\/uploads\/2015\/06\/button7-150x24.png 150w, https:\/\/pbp.womczest.edu.pl\/new\/wp-content\/uploads\/2015\/06\/button7-200x32.png 200w\" sizes=\"(max-width: 266px) 100vw, 266px\" \/><\/a> <a href=\"https:\/\/pbp.womczest.edu.pl\/new\/wspomaganie\/oferta-wspomagania\/webowa-biblioteka\/webowa-biblioteka-jezyk-obcy-nowozytny\/\"><img decoding=\"async\" loading=\"lazy\" class=\"alignnone wp-image-5078 size-full\" src=\"https:\/\/pbp.womczest.edu.pl\/new\/wp-content\/uploads\/2015\/06\/button8.png\" alt=\"button8\" width=\"266\" height=\"43\" srcset=\"https:\/\/pbp.womczest.edu.pl\/new\/wp-content\/uploads\/2015\/06\/button8.png 266w, https:\/\/pbp.womczest.edu.pl\/new\/wp-content\/uploads\/2015\/06\/button8-100x16.png 100w, https:\/\/pbp.womczest.edu.pl\/new\/wp-content\/uploads\/2015\/06\/button8-150x24.png 150w, https:\/\/pbp.womczest.edu.pl\/new\/wp-content\/uploads\/2015\/06\/button8-200x32.png 200w\" sizes=\"(max-width: 266px) 100vw, 266px\" \/><\/a> <a href=\"https:\/\/pbp.womczest.edu.pl\/new\/wspomaganie\/oferta-wspomagania\/webowa-biblioteka\/webowa-biblioteka-wychowanie-fizyczne\/\"><img decoding=\"async\" loading=\"lazy\" class=\"alignnone wp-image-5077 size-full\" src=\"https:\/\/pbp.womczest.edu.pl\/new\/wp-content\/uploads\/2015\/06\/button9.png\" alt=\"button9\" width=\"266\" height=\"43\" srcset=\"https:\/\/pbp.womczest.edu.pl\/new\/wp-content\/uploads\/2015\/06\/button9.png 266w, https:\/\/pbp.womczest.edu.pl\/new\/wp-content\/uploads\/2015\/06\/button9-100x16.png 100w, https:\/\/pbp.womczest.edu.pl\/new\/wp-content\/uploads\/2015\/06\/button9-150x24.png 150w, https:\/\/pbp.womczest.edu.pl\/new\/wp-content\/uploads\/2015\/06\/button9-200x32.png 200w\" sizes=\"(max-width: 266px) 100vw, 266px\" \/><\/a> <a href=\"https:\/\/pbp.womczest.edu.pl\/new\/wspomaganie\/oferta-wspomagania\/webowa-biblioteka\/webowa-biblioteka-religia-etyka\/\"><img decoding=\"async\" loading=\"lazy\" class=\"alignnone wp-image-5076 size-full\" src=\"https:\/\/pbp.womczest.edu.pl\/new\/wp-content\/uploads\/2015\/06\/button10.png\" alt=\"button10\" width=\"266\" height=\"43\" srcset=\"https:\/\/pbp.womczest.edu.pl\/new\/wp-content\/uploads\/2015\/06\/button10.png 266w, https:\/\/pbp.womczest.edu.pl\/new\/wp-content\/uploads\/2015\/06\/button10-100x16.png 100w, https:\/\/pbp.womczest.edu.pl\/new\/wp-content\/uploads\/2015\/06\/button10-150x24.png 150w, https:\/\/pbp.womczest.edu.pl\/new\/wp-content\/uploads\/2015\/06\/button10-200x32.png 200w\" sizes=\"(max-width: 266px) 100vw, 266px\" \/><\/a> <a href=\"https:\/\/pbp.womczest.edu.pl\/new\/wspomaganie\/oferta-wspomagania\/webowa-biblioteka\/webowa-biblioteka-przyroda-geografia\/\"><img decoding=\"async\" loading=\"lazy\" class=\"alignnone wp-image-5075 size-full\" src=\"https:\/\/pbp.womczest.edu.pl\/new\/wp-content\/uploads\/2015\/06\/button11.png\" alt=\"button11\" width=\"266\" height=\"43\" srcset=\"https:\/\/pbp.womczest.edu.pl\/new\/wp-content\/uploads\/2015\/06\/button11.png 266w, https:\/\/pbp.womczest.edu.pl\/new\/wp-content\/uploads\/2015\/06\/button11-100x16.png 100w, https:\/\/pbp.womczest.edu.pl\/new\/wp-content\/uploads\/2015\/06\/button11-150x24.png 150w, https:\/\/pbp.womczest.edu.pl\/new\/wp-content\/uploads\/2015\/06\/button11-200x32.png 200w\" sizes=\"(max-width: 266px) 100vw, 266px\" \/><\/a> <a href=\"https:\/\/pbp.womczest.edu.pl\/new\/wspomaganie\/oferta-wspomagania\/webowa-biblioteka\/webowa-biblioteka-czasopisma\/\"><img decoding=\"async\" loading=\"lazy\" class=\"alignnone wp-image-5074 size-full\" src=\"https:\/\/pbp.womczest.edu.pl\/new\/wp-content\/uploads\/2015\/06\/button12.png\" alt=\"button12\" width=\"266\" height=\"43\" srcset=\"https:\/\/pbp.womczest.edu.pl\/new\/wp-content\/uploads\/2015\/06\/button12.png 266w, https:\/\/pbp.womczest.edu.pl\/new\/wp-content\/uploads\/2015\/06\/button12-100x16.png 100w, https:\/\/pbp.womczest.edu.pl\/new\/wp-content\/uploads\/2015\/06\/button12-150x24.png 150w, https:\/\/pbp.womczest.edu.pl\/new\/wp-content\/uploads\/2015\/06\/button12-200x32.png 200w\" sizes=\"(max-width: 266px) 100vw, 266px\" \/><\/a> <a href=\"https:\/\/pbp.womczest.edu.pl\/new\/wspomaganie\/oferta-wspomagania\/webowa-biblioteka\/webowa-biblioteka-jezyk-polski\/\"><img decoding=\"async\" loading=\"lazy\" class=\"alignnone wp-image-5073 size-full\" src=\"https:\/\/pbp.womczest.edu.pl\/new\/wp-content\/uploads\/2015\/06\/button13.png\" alt=\"button13\" width=\"266\" height=\"43\" srcset=\"https:\/\/pbp.womczest.edu.pl\/new\/wp-content\/uploads\/2015\/06\/button13.png 266w, https:\/\/pbp.womczest.edu.pl\/new\/wp-content\/uploads\/2015\/06\/button13-100x16.png 100w, https:\/\/pbp.womczest.edu.pl\/new\/wp-content\/uploads\/2015\/06\/button13-150x24.png 150w, https:\/\/pbp.womczest.edu.pl\/new\/wp-content\/uploads\/2015\/06\/button13-200x32.png 200w\" sizes=\"(max-width: 266px) 100vw, 266px\" \/><\/a> <a href=\"https:\/\/pbp.womczest.edu.pl\/new\/wspomaganie\/oferta-wspomagania\/webowa-biblioteka\/webowa-biblioteka-nauki-scisle\/\"><img decoding=\"async\" loading=\"lazy\" class=\"alignnone wp-image-5072 size-full\" src=\"https:\/\/pbp.womczest.edu.pl\/new\/wp-content\/uploads\/2015\/06\/button14.png\" alt=\"button14\" width=\"266\" height=\"43\" srcset=\"https:\/\/pbp.womczest.edu.pl\/new\/wp-content\/uploads\/2015\/06\/button14.png 266w, https:\/\/pbp.womczest.edu.pl\/new\/wp-content\/uploads\/2015\/06\/button14-100x16.png 100w, https:\/\/pbp.womczest.edu.pl\/new\/wp-content\/uploads\/2015\/06\/button14-150x24.png 150w, https:\/\/pbp.womczest.edu.pl\/new\/wp-content\/uploads\/2015\/06\/button14-200x32.png 200w\" sizes=\"(max-width: 266px) 100vw, 266px\" \/><\/a> <a href=\"https:\/\/pbp.womczest.edu.pl\/new\/wspomaganie\/oferta-wspomagania\/webowa-biblioteka\/webowa-biblioteka-pedagogika-specjalna\/\"><img decoding=\"async\" loading=\"lazy\" class=\"alignnone wp-image-5071 size-full\" src=\"https:\/\/pbp.womczest.edu.pl\/new\/wp-content\/uploads\/2015\/06\/button15.png\" alt=\"button15\" width=\"266\" height=\"43\" srcset=\"https:\/\/pbp.womczest.edu.pl\/new\/wp-content\/uploads\/2015\/06\/button15.png 266w, https:\/\/pbp.womczest.edu.pl\/new\/wp-content\/uploads\/2015\/06\/button15-100x16.png 100w, https:\/\/pbp.womczest.edu.pl\/new\/wp-content\/uploads\/2015\/06\/button15-150x24.png 150w, https:\/\/pbp.womczest.edu.pl\/new\/wp-content\/uploads\/2015\/06\/button15-200x32.png 200w\" sizes=\"(max-width: 266px) 100vw, 266px\" \/><\/a><strong><a href=\"https:\/\/pbp.womczest.edu.pl\/new\/wspomaganie\/oferta-wspomagania\/webowa-biblioteka\/webowa-biblioteka-zarzadzanie-oswiata\/\"><img decoding=\"async\" loading=\"lazy\" class=\"alignnone wp-image-8012 size-full\" src=\"https:\/\/pbp.womczest.edu.pl\/new\/wp-content\/uploads\/2016\/06\/zarzadzanie_swiata.png\" alt=\"zarzadzanie_swiata\" width=\"266\" height=\"43\" srcset=\"https:\/\/pbp.womczest.edu.pl\/new\/wp-content\/uploads\/2016\/06\/zarzadzanie_swiata.png 266w, https:\/\/pbp.womczest.edu.pl\/new\/wp-content\/uploads\/2016\/06\/zarzadzanie_swiata-100x16.png 100w, https:\/\/pbp.womczest.edu.pl\/new\/wp-content\/uploads\/2016\/06\/zarzadzanie_swiata-150x24.png 150w, https:\/\/pbp.womczest.edu.pl\/new\/wp-content\/uploads\/2016\/06\/zarzadzanie_swiata-200x32.png 200w\" sizes=\"(max-width: 266px) 100vw, 266px\" \/><\/a> <a href=\"https:\/\/pbp.womczest.edu.pl\/new\/edukacja-regionalna\/\"><img decoding=\"async\" loading=\"lazy\" class=\"alignnone wp-image-13766 size-full\" src=\"https:\/\/pbp.womczest.edu.pl\/new\/wp-content\/uploads\/2019\/05\/edukacja-regionalna.png\" alt=\"\" width=\"266\" height=\"43\" srcset=\"https:\/\/pbp.womczest.edu.pl\/new\/wp-content\/uploads\/2019\/05\/edukacja-regionalna.png 266w, https:\/\/pbp.womczest.edu.pl\/new\/wp-content\/uploads\/2019\/05\/edukacja-regionalna-100x16.png 100w, https:\/\/pbp.womczest.edu.pl\/new\/wp-content\/uploads\/2019\/05\/edukacja-regionalna-150x24.png 150w, https:\/\/pbp.womczest.edu.pl\/new\/wp-content\/uploads\/2019\/05\/edukacja-regionalna-200x32.png 200w\" sizes=\"(max-width: 266px) 100vw, 266px\" \/><\/a> <a href=\"https:\/\/pbp.womczest.edu.pl\/new\/edukacja-globalna-i-klimatyczna-2\/\"><img decoding=\"async\" loading=\"lazy\" class=\"alignnone wp-image-15370 size-full\" src=\"https:\/\/pbp.womczest.edu.pl\/new\/wp-content\/uploads\/2020\/03\/edukacjaglobalnaiklimatyczna.png\" alt=\"\" width=\"266\" height=\"43\" srcset=\"https:\/\/pbp.womczest.edu.pl\/new\/wp-content\/uploads\/2020\/03\/edukacjaglobalnaiklimatyczna.png 266w, https:\/\/pbp.womczest.edu.pl\/new\/wp-content\/uploads\/2020\/03\/edukacjaglobalnaiklimatyczna-100x16.png 100w, https:\/\/pbp.womczest.edu.pl\/new\/wp-content\/uploads\/2020\/03\/edukacjaglobalnaiklimatyczna-150x24.png 150w, https:\/\/pbp.womczest.edu.pl\/new\/wp-content\/uploads\/2020\/03\/edukacjaglobalnaiklimatyczna-200x32.png 200w\" sizes=\"(max-width: 266px) 100vw, 266px\" \/><\/a><\/strong><\/p>\n","protected":false},"excerpt":{"rendered":"<p>Materia\u0142y zawarte w Bibliotece Webowej zosta\u0142y udost\u0119pnione do wykorzystania w pracy dydaktycznej i naukowej nauczycieli wszystkich typ\u00f3w szk\u00f3\u0142 i plac\u00f3wek. Wykaz przedmiot\u00f3w\/materia\u0142y do pobrania<\/p>\n","protected":false},"author":2,"featured_media":0,"parent":0,"menu_order":0,"comment_status":"closed","ping_status":"open","template":"full-width-page.php","meta":{"footnotes":""},"jetpack_sharing_enabled":true,"jetpack_shortlink":"https:\/\/wp.me\/PgmV4H-1k5","_links":{"self":[{"href":"https:\/\/pbp.womczest.edu.pl\/new\/wp-json\/wp\/v2\/pages\/5089"}],"collection":[{"href":"https:\/\/pbp.womczest.edu.pl\/new\/wp-json\/wp\/v2\/pages"}],"about":[{"href":"https:\/\/pbp.womczest.edu.pl\/new\/wp-json\/wp\/v2\/types\/page"}],"author":[{"embeddable":true,"href":"https:\/\/pbp.womczest.edu.pl\/new\/wp-json\/wp\/v2\/users\/2"}],"replies":[{"embeddable":true,"href":"https:\/\/pbp.womczest.edu.pl\/new\/wp-json\/wp\/v2\/comments?post=5089"}],"version-history":[{"count":8,"href":"https:\/\/pbp.womczest.edu.pl\/new\/wp-json\/wp\/v2\/pages\/5089\/revisions"}],"predecessor-version":[{"id":15484,"href":"https:\/\/pbp.womczest.edu.pl\/new\/wp-json\/wp\/v2\/pages\/5089\/revisions\/15484"}],"wp:attachment":[{"href":"https:\/\/pbp.womczest.edu.pl\/new\/wp-json\/wp\/v2\/media?parent=5089"}],"curies":[{"name":"wp","href":"https:\/\/api.w.org\/{rel}","templated":true}]}}