


{"id":4857,"date":"2015-05-22T10:43:41","date_gmt":"2015-05-22T08:43:41","guid":{"rendered":"https:\/\/pbp.womczest.edu.pl\/new\/?page_id=4857"},"modified":"2025-01-02T11:51:18","modified_gmt":"2025-01-02T10:51:18","slug":"lubliniec","status":"publish","type":"page","link":"https:\/\/pbp.womczest.edu.pl\/new\/filie\/lubliniec\/","title":{"rendered":"Lubliniec"},"content":{"rendered":"<div class=\"post-entry\" style=\"text-align: center;\">\n<p><img decoding=\"async\" loading=\"lazy\" class=\"alignnone size-medium wp-image-22197\" src=\"https:\/\/pbp.womczest.edu.pl\/new\/wp-content\/uploads\/2023\/03\/logo_PBP_2023_lubliniec-300x219.jpg\" alt=\"\" width=\"300\" height=\"219\" srcset=\"https:\/\/pbp.womczest.edu.pl\/new\/wp-content\/uploads\/2023\/03\/logo_PBP_2023_lubliniec-300x219.jpg 300w, https:\/\/pbp.womczest.edu.pl\/new\/wp-content\/uploads\/2023\/03\/logo_PBP_2023_lubliniec-1000x731.jpg 1000w, https:\/\/pbp.womczest.edu.pl\/new\/wp-content\/uploads\/2023\/03\/logo_PBP_2023_lubliniec-768x561.jpg 768w, https:\/\/pbp.womczest.edu.pl\/new\/wp-content\/uploads\/2023\/03\/logo_PBP_2023_lubliniec-100x73.jpg 100w, https:\/\/pbp.womczest.edu.pl\/new\/wp-content\/uploads\/2023\/03\/logo_PBP_2023_lubliniec-150x110.jpg 150w, https:\/\/pbp.womczest.edu.pl\/new\/wp-content\/uploads\/2023\/03\/logo_PBP_2023_lubliniec-200x146.jpg 200w, https:\/\/pbp.womczest.edu.pl\/new\/wp-content\/uploads\/2023\/03\/logo_PBP_2023_lubliniec-450x329.jpg 450w, https:\/\/pbp.womczest.edu.pl\/new\/wp-content\/uploads\/2023\/03\/logo_PBP_2023_lubliniec-600x438.jpg 600w, https:\/\/pbp.womczest.edu.pl\/new\/wp-content\/uploads\/2023\/03\/logo_PBP_2023_lubliniec-900x658.jpg 900w, https:\/\/pbp.womczest.edu.pl\/new\/wp-content\/uploads\/2023\/03\/logo_PBP_2023_lubliniec.jpg 1047w\" sizes=\"(max-width: 300px) 100vw, 300px\" \/><br \/>\n42-700 Lubliniec, ul.\u00a0Paderewskiego 18<br \/>\ntel. 34 351 17 98<br \/>\n<a href=\"mailto:lubp@womczest.edu.pl\">lubp@womczest.edu.pl<\/a><\/p>\n<p><strong>Kierownik filii:<br \/>\n<\/strong>Olimpia Zieli\u0144ska \u2013 <a href=\"mailto:zielinska@womczest.edu.pl\">zielinska@womczest.edu.pl<\/a><br \/>\n<strong>Nauczyciele bibliotekarze:<\/strong><br \/>\nAnna Bidzi\u0144ska-Kristof \u2013 <a href=\"mailto:bidzinska@womczest.edu.pl\">bidzinska@womczest.edu.pl<\/a><br \/>\nMa\u0142gorzata Goinda \u2013 <a href=\"mailto:goinda@womczest.edu,pl\">goinda@womczest.edu.pl<\/a><\/p>\n<hr \/>\n<p>Informujemy, \u017ce biblioteka udost\u0119pnia zbiory od poniedzia\u0142ku do pi\u0105tku w godzinach:<\/p>\n<p><strong>poniedzia\u0142ek, \u015broda \u2013 8.00-18.00<\/strong><br \/>\n<strong>wtorek, czwartek, pi\u0105tek \u2013 8.00-15.00<\/strong><br \/>\n<strong>pierwsza lub druga sobota w miesi\u0105cach wrzesie\u0144 \u2013 czerwiec 8.00\u201313.00<\/strong><\/p>\n<p><strong>Dy\u017cury sobotnie \u2013 8.00-13.00:<br \/>\n<\/strong>7 wrze\u015bnia, 5 pa\u017adziernika, 9 listopada, 7 grudnia 2024\u00a0r.<br \/>\n11 stycznia, 1 lutego, 1 marca, 5 kwietnia, 10 maja, 7 czerwca 2025\u00a0r.<\/p>\n<hr \/>\n<div id=\"attachment_25643\" style=\"width: 259px\" class=\"wp-caption aligncenter\"><a href=\"https:\/\/www.facebook.com\/profile.php?id=100064727797059\"><img aria-describedby=\"caption-attachment-25643\" decoding=\"async\" loading=\"lazy\" class=\" wp-image-25643\" src=\"https:\/\/pbp.womczest.edu.pl\/new\/wp-content\/uploads\/2024\/10\/FB-logo.png\" alt=\"na granatowym tle bia\u0142y napis facebook\" width=\"249\" height=\"124\" srcset=\"https:\/\/pbp.womczest.edu.pl\/new\/wp-content\/uploads\/2024\/10\/FB-logo.png 640w, https:\/\/pbp.womczest.edu.pl\/new\/wp-content\/uploads\/2024\/10\/FB-logo-300x150.png 300w, https:\/\/pbp.womczest.edu.pl\/new\/wp-content\/uploads\/2024\/10\/FB-logo-100x50.png 100w, https:\/\/pbp.womczest.edu.pl\/new\/wp-content\/uploads\/2024\/10\/FB-logo-150x75.png 150w, https:\/\/pbp.womczest.edu.pl\/new\/wp-content\/uploads\/2024\/10\/FB-logo-200x100.png 200w, https:\/\/pbp.womczest.edu.pl\/new\/wp-content\/uploads\/2024\/10\/FB-logo-450x224.png 450w, https:\/\/pbp.womczest.edu.pl\/new\/wp-content\/uploads\/2024\/10\/FB-logo-600x299.png 600w\" sizes=\"(max-width: 249px) 100vw, 249px\" \/><\/a><p id=\"caption-attachment-25643\" class=\"wp-caption-text\"><strong><span style=\"color: #800000;\">POLUB I UDOST\u0118PNIJ NASZ PROFIL!<\/span><\/strong><\/p><\/div>\n<p><a href=\"https:\/\/pbp.womczest.edu.pl\/new\/wp-content\/uploads\/2024\/10\/QR_LUBLINIEC.jpg\"><img decoding=\"async\" loading=\"lazy\" class=\"aligncenter wp-image-25647\" src=\"https:\/\/pbp.womczest.edu.pl\/new\/wp-content\/uploads\/2024\/10\/QR_LUBLINIEC.jpg\" alt=\"Kod QR Filii w Lubli\u0144cu\" width=\"153\" height=\"153\" srcset=\"https:\/\/pbp.womczest.edu.pl\/new\/wp-content\/uploads\/2024\/10\/QR_LUBLINIEC.jpg 420w, https:\/\/pbp.womczest.edu.pl\/new\/wp-content\/uploads\/2024\/10\/QR_LUBLINIEC-300x300.jpg 300w, https:\/\/pbp.womczest.edu.pl\/new\/wp-content\/uploads\/2024\/10\/QR_LUBLINIEC-150x150.jpg 150w, https:\/\/pbp.womczest.edu.pl\/new\/wp-content\/uploads\/2024\/10\/QR_LUBLINIEC-100x100.jpg 100w, https:\/\/pbp.womczest.edu.pl\/new\/wp-content\/uploads\/2024\/10\/QR_LUBLINIEC-200x200.jpg 200w\" sizes=\"(max-width: 153px) 100vw, 153px\" \/><\/a><\/p>\n<hr \/>\n<p>&nbsp;<\/p>\n<p>&nbsp;<\/p>\n<p>&nbsp;<\/p>\n<p>&nbsp;<\/p>\n<\/div>\n","protected":false},"excerpt":{"rendered":"<p>42-700 Lubliniec, ul.\u00a0Paderewskiego 18 tel. 34 351 17 98 lubp@womczest.edu.pl Kierownik filii: Olimpia Zieli\u0144ska \u2013 zielinska@womczest.edu.pl Nauczyciele bibliotekarze: Anna Bidzi\u0144ska-Kristof \u2013 bidzinska@womczest.edu.pl Ma\u0142gorzata Goinda \u2013 goinda@womczest.edu.pl Informujemy, \u017ce biblioteka udost\u0119pnia zbiory od poniedzia\u0142ku do pi\u0105tku w godzinach: poniedzia\u0142ek, \u015broda \u2013 8.00-18.00 wtorek, czwartek, pi\u0105tek \u2013 8.00-15.00 pierwsza lub druga sobota w miesi\u0105cach wrzesie\u0144 \u2013 czerwiec 8.00\u201313.00 Dy\u017cury sobotnie \u2013 8.00-13.00: 7 wrze\u015bnia, 5 pa\u017adziernika, 9 listopada, 7 grudnia 2024\u00a0r. 11<span class=\"ellipsis\">&hellip;<\/span><\/p>\n<div class=\"read-more\"><a href=\"https:\/\/pbp.womczest.edu.pl\/new\/filie\/lubliniec\/\">Czytaj wi\u0119cej &#8250;<\/a><\/div>\n<p><!-- end of .read-more --><\/p>\n","protected":false},"author":2,"featured_media":0,"parent":4850,"menu_order":0,"comment_status":"closed","ping_status":"open","template":"","meta":{"footnotes":""},"jetpack_sharing_enabled":true,"jetpack_shortlink":"https:\/\/wp.me\/PgmV4H-1gl","_links":{"self":[{"href":"https:\/\/pbp.womczest.edu.pl\/new\/wp-json\/wp\/v2\/pages\/4857"}],"collection":[{"href":"https:\/\/pbp.womczest.edu.pl\/new\/wp-json\/wp\/v2\/pages"}],"about":[{"href":"https:\/\/pbp.womczest.edu.pl\/new\/wp-json\/wp\/v2\/types\/page"}],"author":[{"embeddable":true,"href":"https:\/\/pbp.womczest.edu.pl\/new\/wp-json\/wp\/v2\/users\/2"}],"replies":[{"embeddable":true,"href":"https:\/\/pbp.womczest.edu.pl\/new\/wp-json\/wp\/v2\/comments?post=4857"}],"version-history":[{"count":578,"href":"https:\/\/pbp.womczest.edu.pl\/new\/wp-json\/wp\/v2\/pages\/4857\/revisions"}],"predecessor-version":[{"id":26126,"href":"https:\/\/pbp.womczest.edu.pl\/new\/wp-json\/wp\/v2\/pages\/4857\/revisions\/26126"}],"up":[{"embeddable":true,"href":"https:\/\/pbp.womczest.edu.pl\/new\/wp-json\/wp\/v2\/pages\/4850"}],"wp:attachment":[{"href":"https:\/\/pbp.womczest.edu.pl\/new\/wp-json\/wp\/v2\/media?parent=4857"}],"curies":[{"name":"wp","href":"https:\/\/api.w.org\/{rel}","templated":true}]}}