


{"id":4855,"date":"2015-05-22T10:43:28","date_gmt":"2015-05-22T08:43:28","guid":{"rendered":"https:\/\/pbp.womczest.edu.pl\/new\/?page_id=4855"},"modified":"2025-04-14T11:25:06","modified_gmt":"2025-04-14T09:25:06","slug":"lelow","status":"publish","type":"page","link":"https:\/\/pbp.womczest.edu.pl\/new\/filie\/lelow\/","title":{"rendered":"Lel\u00f3w"},"content":{"rendered":"<p><img decoding=\"async\" loading=\"lazy\" class=\"aligncenter wp-image-22194\" src=\"https:\/\/pbp.womczest.edu.pl\/new\/wp-content\/uploads\/2023\/03\/logo_PBP_2023_lelow-300x221.jpg\" alt=\"\" width=\"300\" height=\"221\" srcset=\"https:\/\/pbp.womczest.edu.pl\/new\/wp-content\/uploads\/2023\/03\/logo_PBP_2023_lelow-300x221.jpg 300w, https:\/\/pbp.womczest.edu.pl\/new\/wp-content\/uploads\/2023\/03\/logo_PBP_2023_lelow-1000x736.jpg 1000w, https:\/\/pbp.womczest.edu.pl\/new\/wp-content\/uploads\/2023\/03\/logo_PBP_2023_lelow-768x566.jpg 768w, https:\/\/pbp.womczest.edu.pl\/new\/wp-content\/uploads\/2023\/03\/logo_PBP_2023_lelow-100x74.jpg 100w, https:\/\/pbp.womczest.edu.pl\/new\/wp-content\/uploads\/2023\/03\/logo_PBP_2023_lelow-150x110.jpg 150w, https:\/\/pbp.womczest.edu.pl\/new\/wp-content\/uploads\/2023\/03\/logo_PBP_2023_lelow-200x147.jpg 200w, https:\/\/pbp.womczest.edu.pl\/new\/wp-content\/uploads\/2023\/03\/logo_PBP_2023_lelow-450x331.jpg 450w, https:\/\/pbp.womczest.edu.pl\/new\/wp-content\/uploads\/2023\/03\/logo_PBP_2023_lelow-600x442.jpg 600w, https:\/\/pbp.womczest.edu.pl\/new\/wp-content\/uploads\/2023\/03\/logo_PBP_2023_lelow-900x663.jpg 900w, https:\/\/pbp.womczest.edu.pl\/new\/wp-content\/uploads\/2023\/03\/logo_PBP_2023_lelow.jpg 1047w\" sizes=\"(max-width: 300px) 100vw, 300px\" \/><\/p>\n<p style=\"text-align: center;\">42-235 Lel\u00f3w, ul.\u00a0Szczekoci\u0144ska 31<br \/>\ntel. 34 355 00 99<br \/>\n<a href=\"mailto:lebp@womczest.edu.pl\">lebp@womczest.edu.pl<\/a><\/p>\n<p style=\"text-align: center;\"><strong>Kierownik filii: Dorota Kulawiak<\/strong> \u2013 <a href=\"mailto:kulawiak@womczest.edu.pl\">kulawiak@womczest.edu.pl<\/a><br \/>\n<strong>Nauczyciel bibliotekarz: Jadwiga G\u00f3recka<\/strong> \u2013 <a href=\"mailto:gorecka@womczest.edu.pl\">gorecka@womczest.edu.pl<\/a><\/p>\n<hr \/>\n<p>&nbsp;<\/p>\n<p style=\"text-align: center;\"><span style=\"color: #800000;\"><strong>Informujemy, \u017ce w dniu 18 kwietnia br. biblioteka udost\u0119pnia zbiory w godzinach 8.00-15.00.<\/strong><\/span><\/p>\n<p>&nbsp;<\/p>\n<p style=\"text-align: center;\">Informujemy, \u017ce biblioteka jest czynna dla u\u017cytkownik\u00f3w:<\/p>\n<p style=\"text-align: center;\"><strong>poniedzia\u0142ek, \u015broda, czwartek, pi\u0105tek \u2013 godz. 8.00-16.00 <\/strong><br \/>\n<strong>wtorek \u2013 8.00-18.00<\/strong><\/p>\n<p style=\"text-align: center;\"><strong>pierwsza lub druga sobota w miesi\u0105cach wrzesie\u0144 \u2013 czerwiec, godz. 8.00-13.00<\/strong><\/p>\n<p style=\"text-align: center;\"><strong>Dy\u017cury sobotnie \u2013 godz. 8.00-13.00:<br \/>\n<\/strong>7 wrze\u015bnia, 5 pa\u017adziernika, 9 listopada, 7 grudnia 2024\u00a0r.<br \/>\n11 stycznia, 1 lutego, 1 marca, 5 kwietnia, 10 maja, 7 czerwca 2025\u00a0r.<\/p>\n<hr \/>\n<div id=\"attachment_25643\" style=\"width: 291px\" class=\"wp-caption aligncenter\"><a href=\"https:\/\/www.facebook.com\/profile.php?id=61565962936745\"><img aria-describedby=\"caption-attachment-25643\" decoding=\"async\" loading=\"lazy\" class=\" wp-image-25643\" src=\"https:\/\/pbp.womczest.edu.pl\/new\/wp-content\/uploads\/2024\/10\/FB-logo.png\" alt=\"\" width=\"281\" height=\"140\" srcset=\"https:\/\/pbp.womczest.edu.pl\/new\/wp-content\/uploads\/2024\/10\/FB-logo.png 640w, https:\/\/pbp.womczest.edu.pl\/new\/wp-content\/uploads\/2024\/10\/FB-logo-300x150.png 300w, https:\/\/pbp.womczest.edu.pl\/new\/wp-content\/uploads\/2024\/10\/FB-logo-100x50.png 100w, https:\/\/pbp.womczest.edu.pl\/new\/wp-content\/uploads\/2024\/10\/FB-logo-150x75.png 150w, https:\/\/pbp.womczest.edu.pl\/new\/wp-content\/uploads\/2024\/10\/FB-logo-200x100.png 200w, https:\/\/pbp.womczest.edu.pl\/new\/wp-content\/uploads\/2024\/10\/FB-logo-450x224.png 450w, https:\/\/pbp.womczest.edu.pl\/new\/wp-content\/uploads\/2024\/10\/FB-logo-600x299.png 600w\" sizes=\"(max-width: 281px) 100vw, 281px\" \/><\/a><p id=\"caption-attachment-25643\" class=\"wp-caption-text\"><span style=\"color: #800000;\"><strong>\u00a0 \u00a0 \u00a0POLUB I UDOST\u0118PNIJ NASZ PROFIL!<\/strong><\/span><\/p><\/div>\n<p style=\"text-align: center;\"><a href=\"https:\/\/pbp.womczest.edu.pl\/new\/wp-content\/uploads\/2024\/10\/qr_lelow.jpg\"><img decoding=\"async\" loading=\"lazy\" class=\"aligncenter wp-image-25650\" src=\"https:\/\/pbp.womczest.edu.pl\/new\/wp-content\/uploads\/2024\/10\/qr_lelow.jpg\" alt=\"Kod QR filii w Lelowie\" width=\"178\" height=\"178\" srcset=\"https:\/\/pbp.womczest.edu.pl\/new\/wp-content\/uploads\/2024\/10\/qr_lelow.jpg 420w, https:\/\/pbp.womczest.edu.pl\/new\/wp-content\/uploads\/2024\/10\/qr_lelow-300x300.jpg 300w, https:\/\/pbp.womczest.edu.pl\/new\/wp-content\/uploads\/2024\/10\/qr_lelow-150x150.jpg 150w, https:\/\/pbp.womczest.edu.pl\/new\/wp-content\/uploads\/2024\/10\/qr_lelow-100x100.jpg 100w, https:\/\/pbp.womczest.edu.pl\/new\/wp-content\/uploads\/2024\/10\/qr_lelow-200x200.jpg 200w\" sizes=\"(max-width: 178px) 100vw, 178px\" \/><\/a><\/p>\n","protected":false},"excerpt":{"rendered":"<p>42-235 Lel\u00f3w, ul.\u00a0Szczekoci\u0144ska 31 tel. 34 355 00 99 lebp@womczest.edu.pl Kierownik filii: Dorota Kulawiak \u2013 kulawiak@womczest.edu.pl Nauczyciel bibliotekarz: Jadwiga G\u00f3recka \u2013 gorecka@womczest.edu.pl &nbsp; Informujemy, \u017ce w dniu 18 kwietnia br. biblioteka udost\u0119pnia zbiory w godzinach 8.00-15.00. &nbsp; Informujemy, \u017ce biblioteka jest czynna dla u\u017cytkownik\u00f3w: poniedzia\u0142ek, \u015broda, czwartek, pi\u0105tek \u2013 godz. 8.00-16.00 wtorek \u2013 8.00-18.00 pierwsza lub druga sobota w miesi\u0105cach wrzesie\u0144 \u2013 czerwiec, godz. 8.00-13.00 Dy\u017cury sobotnie \u2013 godz. 8.00-13.00:<span class=\"ellipsis\">&hellip;<\/span><\/p>\n<div class=\"read-more\"><a href=\"https:\/\/pbp.womczest.edu.pl\/new\/filie\/lelow\/\">Czytaj wi\u0119cej &#8250;<\/a><\/div>\n<p><!-- end of .read-more --><\/p>\n","protected":false},"author":2,"featured_media":0,"parent":4850,"menu_order":0,"comment_status":"closed","ping_status":"open","template":"","meta":{"footnotes":""},"jetpack_sharing_enabled":true,"jetpack_shortlink":"https:\/\/wp.me\/PgmV4H-1gj","_links":{"self":[{"href":"https:\/\/pbp.womczest.edu.pl\/new\/wp-json\/wp\/v2\/pages\/4855"}],"collection":[{"href":"https:\/\/pbp.womczest.edu.pl\/new\/wp-json\/wp\/v2\/pages"}],"about":[{"href":"https:\/\/pbp.womczest.edu.pl\/new\/wp-json\/wp\/v2\/types\/page"}],"author":[{"embeddable":true,"href":"https:\/\/pbp.womczest.edu.pl\/new\/wp-json\/wp\/v2\/users\/2"}],"replies":[{"embeddable":true,"href":"https:\/\/pbp.womczest.edu.pl\/new\/wp-json\/wp\/v2\/comments?post=4855"}],"version-history":[{"count":629,"href":"https:\/\/pbp.womczest.edu.pl\/new\/wp-json\/wp\/v2\/pages\/4855\/revisions"}],"predecessor-version":[{"id":26674,"href":"https:\/\/pbp.womczest.edu.pl\/new\/wp-json\/wp\/v2\/pages\/4855\/revisions\/26674"}],"up":[{"embeddable":true,"href":"https:\/\/pbp.womczest.edu.pl\/new\/wp-json\/wp\/v2\/pages\/4850"}],"wp:attachment":[{"href":"https:\/\/pbp.womczest.edu.pl\/new\/wp-json\/wp\/v2\/media?parent=4855"}],"curies":[{"name":"wp","href":"https:\/\/api.w.org\/{rel}","templated":true}]}}