


{"id":4419,"date":"2015-05-19T11:20:01","date_gmt":"2015-05-19T09:20:01","guid":{"rendered":"https:\/\/pbp.womczest.edu.pl\/new\/?page_id=4419"},"modified":"2015-05-19T11:20:01","modified_gmt":"2015-05-19T09:20:01","slug":"multimedialna-strona-biblioteki-szkolnej","status":"publish","type":"page","link":"https:\/\/pbp.womczest.edu.pl\/new\/wspomaganie\/sieci-wspolpracy\/multimedialna-strona-biblioteki-szkolnej\/","title":{"rendered":"Multimedialna strona biblioteki szkolnej"},"content":{"rendered":"<hr \/>\n<p><img decoding=\"async\" loading=\"lazy\" class=\" size-full wp-image-2013 alignleft\" style=\"float: left;\" src=\"https:\/\/pbp.womczest.edu.pl\/new\/wp-content\/uploads\/2015\/01\/sieci_wspolpracy_multimedialna_strona.jpg\" alt=\"\" width=\"150\" height=\"106\" srcset=\"https:\/\/pbp.womczest.edu.pl\/new\/wp-content\/uploads\/2015\/01\/sieci_wspolpracy_multimedialna_strona.jpg 640w, https:\/\/pbp.womczest.edu.pl\/new\/wp-content\/uploads\/2015\/01\/sieci_wspolpracy_multimedialna_strona-300x212.jpg 300w, https:\/\/pbp.womczest.edu.pl\/new\/wp-content\/uploads\/2015\/01\/sieci_wspolpracy_multimedialna_strona-100x71.jpg 100w, https:\/\/pbp.womczest.edu.pl\/new\/wp-content\/uploads\/2015\/01\/sieci_wspolpracy_multimedialna_strona-150x106.jpg 150w, https:\/\/pbp.womczest.edu.pl\/new\/wp-content\/uploads\/2015\/01\/sieci_wspolpracy_multimedialna_strona-200x141.jpg 200w, https:\/\/pbp.womczest.edu.pl\/new\/wp-content\/uploads\/2015\/01\/sieci_wspolpracy_multimedialna_strona-450x318.jpg 450w, https:\/\/pbp.womczest.edu.pl\/new\/wp-content\/uploads\/2015\/01\/sieci_wspolpracy_multimedialna_strona-600x424.jpg 600w\" sizes=\"(max-width: 150px) 100vw, 150px\" \/><\/p>\n<p>Sie\u0107 wsp\u00f3\u0142pracy nauczycieli bibliotekarzy Cz\u0119stochowy i regionu, kt\u00f3rej celem jest wsp\u00f3\u0142praca i\u00a0samokszta\u0142cenie w etapowym tworzeniu strony internetowej biblioteki.<\/p>\n<p>Uczestnicy sieci poznaj\u0105\u00a0 metodyk\u0119 tworzenia stron internetowych w programie Wix oraz zasady wyszukiwania i udost\u0119pniania materia\u0142\u00f3w edukacyjnych w Internecie w zgodzie z prawem.<\/p>\n<p>Koordynatorzy sieci:<em> Agata Arkabus, Anna P\u0142usa<\/em><\/p>\n<p>Czas trwania: 2.01 \u2013 31.03.2015<\/p>\n<hr \/>\n<p style=\"text-align: center;\"><span style=\"font-size: large;\">SPOTKANIE ORGANIZACYJNO-SZKOLENIOWE SIECI<\/span><\/p>\n<p><a href=\"https:\/\/pbp.womczest.edu.pl\/new\/wp-content\/uploads\/2015\/01\/sieci_wspolpracy_multimedialna_strona_2.jpg\" target=\"_blank\"><img decoding=\"async\" loading=\"lazy\" class=\" size-full wp-image-2030 alignleft\" style=\"float: left;\" src=\"https:\/\/pbp.womczest.edu.pl\/new\/wp-content\/uploads\/2015\/01\/sieci_wspolpracy_multimedialna_strona_2.jpg\" alt=\"\" width=\"150\" height=\"100\" srcset=\"https:\/\/pbp.womczest.edu.pl\/new\/wp-content\/uploads\/2015\/01\/sieci_wspolpracy_multimedialna_strona_2.jpg 1417w, https:\/\/pbp.womczest.edu.pl\/new\/wp-content\/uploads\/2015\/01\/sieci_wspolpracy_multimedialna_strona_2-300x200.jpg 300w, https:\/\/pbp.womczest.edu.pl\/new\/wp-content\/uploads\/2015\/01\/sieci_wspolpracy_multimedialna_strona_2-1024x683.jpg 1024w, https:\/\/pbp.womczest.edu.pl\/new\/wp-content\/uploads\/2015\/01\/sieci_wspolpracy_multimedialna_strona_2-100x67.jpg 100w, https:\/\/pbp.womczest.edu.pl\/new\/wp-content\/uploads\/2015\/01\/sieci_wspolpracy_multimedialna_strona_2-150x100.jpg 150w, https:\/\/pbp.womczest.edu.pl\/new\/wp-content\/uploads\/2015\/01\/sieci_wspolpracy_multimedialna_strona_2-200x133.jpg 200w, https:\/\/pbp.womczest.edu.pl\/new\/wp-content\/uploads\/2015\/01\/sieci_wspolpracy_multimedialna_strona_2-450x300.jpg 450w, https:\/\/pbp.womczest.edu.pl\/new\/wp-content\/uploads\/2015\/01\/sieci_wspolpracy_multimedialna_strona_2-600x400.jpg 600w, https:\/\/pbp.womczest.edu.pl\/new\/wp-content\/uploads\/2015\/01\/sieci_wspolpracy_multimedialna_strona_2-900x600.jpg 900w\" sizes=\"(max-width: 150px) 100vw, 150px\" \/><\/a>W dniu 12 stycznia 2015 roku odby\u0142o si\u0119 pierwsze spotkanie organizacyjno-szkoleniowe sieci wsp\u00f3\u0142pracy i samokszta\u0142cenia Multimedialna strona internetowa biblioteki szkolnej. Uczestnikami sieci s\u0105 nauczyciele bibliotekarze r\u00f3\u017cnego typu szk\u00f3\u0142 z Cz\u0119stochowy i regionu.<\/p>\n<p>G\u0142\u00f3wnym celem pracy sieci jest nabycie umiej\u0119tno\u015bci wyszukiwania i udost\u0119pniania materia\u0142\u00f3w edukacyjnych w Internecie w\u00a0zgodzie z prawem oraz tworzenie strony internetowej biblioteki szkolnej w programie WIX.<\/p>\n<p>Uczestnicy spotkania wypracowali plan pracy sieci oraz kontrakt; ustali r\u00f3wnie\u017c zasady komunikacji mi\u0119dzy spotkaniami stacjonarnymi. Podczas szkolenia nauczyciele bibliotekarze dokonali analizy dost\u0119pnych w sieci witryn innych bibliotek, a nast\u0119pnie opracowali struktur\u0119 strony internetowej swojej biblioteki.<\/p>\n<p>Bibliotekarze wyszukali tak\u017ce elementy graficzne udost\u0119pnione na wolnych licencjach. Po zalogowaniu si\u0119 do serwisu WIX uczestnicy poznali jego budow\u0119 oraz rozpocz\u0119li prace nad tworzeniem w\u0142asnej witryny.<\/p>\n<p style=\"text-align: right;\"><em>Agata Arkabus<br \/>\nZdj\u0119cia: Anna P\u0142usa, Agata Arkabus<\/em><\/p>\n<p style=\"text-align: center;\"><em><a href=\"https:\/\/pbp.womczest.edu.pl\/new\/wp-content\/uploads\/2015\/01\/sieci_wspolpracy_multimedialna_strona_1.jpg\" target=\"_blank\"><img decoding=\"async\" loading=\"lazy\" class=\"alignleft wp-image-2031\" src=\"https:\/\/pbp.womczest.edu.pl\/new\/wp-content\/uploads\/2015\/01\/sieci_wspolpracy_multimedialna_strona_1.jpg\" alt=\"\" width=\"150\" height=\"100\" srcset=\"https:\/\/pbp.womczest.edu.pl\/new\/wp-content\/uploads\/2015\/01\/sieci_wspolpracy_multimedialna_strona_1.jpg 1417w, https:\/\/pbp.womczest.edu.pl\/new\/wp-content\/uploads\/2015\/01\/sieci_wspolpracy_multimedialna_strona_1-300x200.jpg 300w, https:\/\/pbp.womczest.edu.pl\/new\/wp-content\/uploads\/2015\/01\/sieci_wspolpracy_multimedialna_strona_1-1024x684.jpg 1024w, https:\/\/pbp.womczest.edu.pl\/new\/wp-content\/uploads\/2015\/01\/sieci_wspolpracy_multimedialna_strona_1-100x67.jpg 100w, https:\/\/pbp.womczest.edu.pl\/new\/wp-content\/uploads\/2015\/01\/sieci_wspolpracy_multimedialna_strona_1-150x100.jpg 150w, https:\/\/pbp.womczest.edu.pl\/new\/wp-content\/uploads\/2015\/01\/sieci_wspolpracy_multimedialna_strona_1-200x134.jpg 200w, https:\/\/pbp.womczest.edu.pl\/new\/wp-content\/uploads\/2015\/01\/sieci_wspolpracy_multimedialna_strona_1-450x300.jpg 450w, https:\/\/pbp.womczest.edu.pl\/new\/wp-content\/uploads\/2015\/01\/sieci_wspolpracy_multimedialna_strona_1-600x401.jpg 600w, https:\/\/pbp.womczest.edu.pl\/new\/wp-content\/uploads\/2015\/01\/sieci_wspolpracy_multimedialna_strona_1-900x601.jpg 900w\" sizes=\"(max-width: 150px) 100vw, 150px\" \/><\/a><\/em><\/p>\n<p style=\"text-align: center;\"><em>\u00a0\u00a0\u00a0<a href=\"https:\/\/pbp.womczest.edu.pl\/new\/wp-content\/uploads\/2015\/01\/sieci_wspolpracy_multimedialna_strona_3.jpg\" target=\"_blank\"><img decoding=\"async\" loading=\"lazy\" class=\"alignleft wp-image-2032\" src=\"https:\/\/pbp.womczest.edu.pl\/new\/wp-content\/uploads\/2015\/01\/sieci_wspolpracy_multimedialna_strona_3.jpg\" alt=\"\" width=\"150\" height=\"100\" srcset=\"https:\/\/pbp.womczest.edu.pl\/new\/wp-content\/uploads\/2015\/01\/sieci_wspolpracy_multimedialna_strona_3.jpg 1417w, https:\/\/pbp.womczest.edu.pl\/new\/wp-content\/uploads\/2015\/01\/sieci_wspolpracy_multimedialna_strona_3-300x200.jpg 300w, https:\/\/pbp.womczest.edu.pl\/new\/wp-content\/uploads\/2015\/01\/sieci_wspolpracy_multimedialna_strona_3-1024x683.jpg 1024w, https:\/\/pbp.womczest.edu.pl\/new\/wp-content\/uploads\/2015\/01\/sieci_wspolpracy_multimedialna_strona_3-100x67.jpg 100w, https:\/\/pbp.womczest.edu.pl\/new\/wp-content\/uploads\/2015\/01\/sieci_wspolpracy_multimedialna_strona_3-150x100.jpg 150w, https:\/\/pbp.womczest.edu.pl\/new\/wp-content\/uploads\/2015\/01\/sieci_wspolpracy_multimedialna_strona_3-200x133.jpg 200w, https:\/\/pbp.womczest.edu.pl\/new\/wp-content\/uploads\/2015\/01\/sieci_wspolpracy_multimedialna_strona_3-450x300.jpg 450w, https:\/\/pbp.womczest.edu.pl\/new\/wp-content\/uploads\/2015\/01\/sieci_wspolpracy_multimedialna_strona_3-600x400.jpg 600w, https:\/\/pbp.womczest.edu.pl\/new\/wp-content\/uploads\/2015\/01\/sieci_wspolpracy_multimedialna_strona_3-900x600.jpg 900w\" sizes=\"(max-width: 150px) 100vw, 150px\" \/><\/a>\u00a0\u00a0\u00a0<a href=\"https:\/\/pbp.womczest.edu.pl\/new\/wp-content\/uploads\/2015\/01\/sieci_wspolpracy_multimedialna_strona_4.jpg\" target=\"_blank\"><img decoding=\"async\" loading=\"lazy\" class=\"alignleft wp-image-2033\" src=\"https:\/\/pbp.womczest.edu.pl\/new\/wp-content\/uploads\/2015\/01\/sieci_wspolpracy_multimedialna_strona_4.jpg\" alt=\"\" width=\"150\" height=\"100\" srcset=\"https:\/\/pbp.womczest.edu.pl\/new\/wp-content\/uploads\/2015\/01\/sieci_wspolpracy_multimedialna_strona_4.jpg 1417w, https:\/\/pbp.womczest.edu.pl\/new\/wp-content\/uploads\/2015\/01\/sieci_wspolpracy_multimedialna_strona_4-300x200.jpg 300w, https:\/\/pbp.womczest.edu.pl\/new\/wp-content\/uploads\/2015\/01\/sieci_wspolpracy_multimedialna_strona_4-1024x683.jpg 1024w, https:\/\/pbp.womczest.edu.pl\/new\/wp-content\/uploads\/2015\/01\/sieci_wspolpracy_multimedialna_strona_4-100x67.jpg 100w, https:\/\/pbp.womczest.edu.pl\/new\/wp-content\/uploads\/2015\/01\/sieci_wspolpracy_multimedialna_strona_4-150x100.jpg 150w, https:\/\/pbp.womczest.edu.pl\/new\/wp-content\/uploads\/2015\/01\/sieci_wspolpracy_multimedialna_strona_4-200x133.jpg 200w, https:\/\/pbp.womczest.edu.pl\/new\/wp-content\/uploads\/2015\/01\/sieci_wspolpracy_multimedialna_strona_4-450x300.jpg 450w, https:\/\/pbp.womczest.edu.pl\/new\/wp-content\/uploads\/2015\/01\/sieci_wspolpracy_multimedialna_strona_4-600x400.jpg 600w, https:\/\/pbp.womczest.edu.pl\/new\/wp-content\/uploads\/2015\/01\/sieci_wspolpracy_multimedialna_strona_4-900x600.jpg 900w\" sizes=\"(max-width: 150px) 100vw, 150px\" \/><\/a><\/em><\/p>\n<hr \/>\n<p style=\"text-align: center;\"><span style=\"font-size: large;\">SPOTKANIE KONSULTACYJNE W RAMACH SIECI WSP\u00d3\u0141PRACY I SAMOKSZTA\u0141CENIA<br \/>\n<\/span><\/p>\n<p style=\"text-align: justify;\"><a href=\"https:\/\/pbp.womczest.edu.pl\/new\/wp-content\/uploads\/2015\/01\/sieci_wspolpracy_multimedialna_strona_5.jpg\" target=\"_blank\"><img decoding=\"async\" loading=\"lazy\" class=\" size-full wp-image-2034 alignleft\" style=\"float: left;\" src=\"https:\/\/pbp.womczest.edu.pl\/new\/wp-content\/uploads\/2015\/01\/sieci_wspolpracy_multimedialna_strona_5.jpg\" alt=\"\" width=\"150\" height=\"99\" \/><\/a>W dniach 27\u201328 lutego 2015 r. odby\u0142y si\u0119 nieodp\u0142atne spotkania konsultacyjne uczestnik\u00f3w sieci wsp\u00f3\u0142pracy i samokszta\u0142cenia \u201eMultimedialna strona biblioteki szkolnej\u201d. Wszyscy uczestnicy sieci byli pozytywnie zaskoczeni mo\u017cliwo\u015bci\u0105 tworzenia w\u0142asnych profesjonalnych stron bez do\u015bwiadcze\u0144 wcze\u015bniejszych w programowaniu. Niemniej jednak podczas dwugodzinnych spotka\u0144 nauczyciele bibliotekarze rozwi\u0105zywali problemy, na kt\u00f3re natkn\u0119li si\u0119 podczas pracy samodzielnej z bezp\u0142atnym kreatorem witryn internetowych WIX. Problemy te dotyczy\u0142y g\u0142\u00f3wnie edycji oraz umieszczania zdj\u0119\u0107 oraz film\u00f3w na stronie internetowej oraz \u0142\u0105czenia element\u00f3w strony z elementami zewn\u0119trznymi (strony internetowe, zasoby w\u0142asne) za pomoc\u0105 linku.<\/p>\n<p style=\"text-align: justify;\">W czasie spotka\u0144 wszystkie dylematy i niejasno\u015bci zosta\u0142y rozwiane. Uczestnicy sieci pracuj\u0105 nadal nad stworzeniem profesjonalnej wizyt\u00f3wki biblioteki szkolnej w formie witryny internetowej.<\/p>\n<p style=\"text-align: justify;\">Efekty prac zostan\u0105 zaprezentowane na spotkaniu podsumowuj\u0105cym prac\u0119 sieci 23 marca 2015 roku.<\/p>\n<p style=\"text-align: right;\"><em>Anna P\u0142usa<\/em><br \/>\n<em>Zdj\u0119cie: Anna P\u0142usa<\/em><\/p>\n<hr \/>\n<p style=\"text-align: center;\">\u00a0<span style=\"font-size: large;\">PODSUMOWANIE I EWALUACJA SIECI WSP\u00d3\u0141PRACY I SAMOKSZTA\u0141CENIA<br \/>\n<\/span><\/p>\n<p><a href=\"https:\/\/pbp.womczest.edu.pl\/new\/wp-content\/uploads\/2015\/01\/sieci_wspolpracy_multimedialna_strona_podsumowanie_4.jpg\" target=\"_blank\"><img decoding=\"async\" loading=\"lazy\" class=\" alignright size-full wp-image-2035\" style=\"float: right;\" src=\"https:\/\/pbp.womczest.edu.pl\/new\/wp-content\/uploads\/2015\/01\/sieci_wspolpracy_multimedialna_strona_podsumowanie_4.jpg\" alt=\"\" width=\"96\" height=\"113\" srcset=\"https:\/\/pbp.womczest.edu.pl\/new\/wp-content\/uploads\/2015\/01\/sieci_wspolpracy_multimedialna_strona_podsumowanie_4.jpg 720w, https:\/\/pbp.womczest.edu.pl\/new\/wp-content\/uploads\/2015\/01\/sieci_wspolpracy_multimedialna_strona_podsumowanie_4-258x300.jpg 258w, https:\/\/pbp.womczest.edu.pl\/new\/wp-content\/uploads\/2015\/01\/sieci_wspolpracy_multimedialna_strona_podsumowanie_4-150x175.jpg 150w, https:\/\/pbp.womczest.edu.pl\/new\/wp-content\/uploads\/2015\/01\/sieci_wspolpracy_multimedialna_strona_podsumowanie_4-200x233.jpg 200w, https:\/\/pbp.womczest.edu.pl\/new\/wp-content\/uploads\/2015\/01\/sieci_wspolpracy_multimedialna_strona_podsumowanie_4-300x349.jpg 300w, https:\/\/pbp.womczest.edu.pl\/new\/wp-content\/uploads\/2015\/01\/sieci_wspolpracy_multimedialna_strona_podsumowanie_4-450x524.jpg 450w, https:\/\/pbp.womczest.edu.pl\/new\/wp-content\/uploads\/2015\/01\/sieci_wspolpracy_multimedialna_strona_podsumowanie_4-600x698.jpg 600w\" sizes=\"(max-width: 96px) 100vw, 96px\" \/><\/a>23 marca 2015 r. odby\u0142o si\u0119 ostatnie, podsumowuj\u0105ce spotkanie uczestnik\u00f3w sieci wsp\u00f3\u0142pracy i\u00a0samokszta\u0142cenia \u201eMultimedialna strona internetowa biblioteki szkolnej\u201d. Koordynatorzy sieci om\u00f3wili realizacj\u0119 cel\u00f3w zaplanowanych podczas pierwszego szkolenia. Przedstawili r\u00f3wnie\u017c formy promocji dzia\u0142alno\u015bci sieci na stronie internetowej PBP RODN \u201eWOM\u201d w Cz\u0119stochowie oraz Fan Page biblioteki. Zosta\u0142y om\u00f3wione wyniki ewaluacji przeprowadzonej poprzez udost\u0119pnienie uczestnikom sieci elektronicznej ankiety. Wyniki przeprowadzonej ewaluacji pokaza\u0142y, \u017ce tematyka szkole\u0144, metody oraz organizacja pracy sieci zosta\u0142y przeprowadzone prawid\u0142owo i ocenione przez nauczycieli bardzo wysoko.<\/p>\n<p>Nast\u0119pnie nauczyciele bibliotekarze zaprezentowali wypracowane projekty lub opublikowane ju\u017c strony internetowe bibliotek szkolnych. Uczestniczki wyrazi\u0142y ch\u0119\u0107 podzielenia si\u0119 swoimi do\u015bwiadczeniami z udzia\u0142u w\u00a0sieci oraz prac\u0105 nad tworzeniem strony internetowej przez opublikowanie artyku\u0142u w Biuletynie Nauczycieli Bibliotekarzy SBP.<\/p>\n<p>Na zako\u0144czenie spotkania nauczyciele bibliotekarze sprecyzowali zakresy tematyczne sieci wsp\u00f3\u0142pracy i samokszta\u0142cenia oraz czasu jej trwania, w kt\u00f3rych chcieliby pracowa\u0107 w przysz\u0142ym roku.<\/p>\n<p><a href=\"http:\/\/www.bibliotekasp3.wix.com\/bibliotekasp3\" target=\"_blank\">Zapraszamy do zapoznania si\u0119 ze stron\u0105 internetow\u0105 utworzon\u0105 przez Pani\u0105 Barbar\u0119 Brewk\u0119 \u2013 nauczyciela bibliotekarza ze Szko\u0142y Podstawowej nr 3 im. Bohater\u00f3w Westerplatte w Lubli\u0144cu.<\/a><\/p>\n<p style=\"text-align: right;\"><em>Agata Arkabus<\/em><br \/>\n<em>Zdj\u0119cia: Anna P\u0142usa<\/em><\/p>\n<p style=\"text-align: center;\"><a href=\"https:\/\/pbp.womczest.edu.pl\/new\/wp-content\/uploads\/2015\/01\/sieci_wspolpracy_multimedialna_strona_podsumowanie_1.jpg\" target=\"_blank\"><img decoding=\"async\" loading=\"lazy\" class=\"alignleft wp-image-2036\" src=\"https:\/\/pbp.womczest.edu.pl\/new\/wp-content\/uploads\/2015\/01\/sieci_wspolpracy_multimedialna_strona_podsumowanie_1.jpg\" alt=\"\" width=\"150\" height=\"104\" srcset=\"https:\/\/pbp.womczest.edu.pl\/new\/wp-content\/uploads\/2015\/01\/sieci_wspolpracy_multimedialna_strona_podsumowanie_1.jpg 850w, https:\/\/pbp.womczest.edu.pl\/new\/wp-content\/uploads\/2015\/01\/sieci_wspolpracy_multimedialna_strona_podsumowanie_1-300x208.jpg 300w, https:\/\/pbp.womczest.edu.pl\/new\/wp-content\/uploads\/2015\/01\/sieci_wspolpracy_multimedialna_strona_podsumowanie_1-100x69.jpg 100w, https:\/\/pbp.womczest.edu.pl\/new\/wp-content\/uploads\/2015\/01\/sieci_wspolpracy_multimedialna_strona_podsumowanie_1-150x104.jpg 150w, https:\/\/pbp.womczest.edu.pl\/new\/wp-content\/uploads\/2015\/01\/sieci_wspolpracy_multimedialna_strona_podsumowanie_1-200x139.jpg 200w, https:\/\/pbp.womczest.edu.pl\/new\/wp-content\/uploads\/2015\/01\/sieci_wspolpracy_multimedialna_strona_podsumowanie_1-450x312.jpg 450w, https:\/\/pbp.womczest.edu.pl\/new\/wp-content\/uploads\/2015\/01\/sieci_wspolpracy_multimedialna_strona_podsumowanie_1-600x416.jpg 600w\" sizes=\"(max-width: 150px) 100vw, 150px\" \/><\/a>\u00a0\u00a0<a href=\"https:\/\/pbp.womczest.edu.pl\/new\/wp-content\/uploads\/2015\/01\/sieci_wspolpracy_multimedialna_strona_podsumowanie_2.jpg\" target=\"_blank\"><img decoding=\"async\" loading=\"lazy\" class=\"alignleft wp-image-2037\" src=\"https:\/\/pbp.womczest.edu.pl\/new\/wp-content\/uploads\/2015\/01\/sieci_wspolpracy_multimedialna_strona_podsumowanie_2.jpg\" alt=\"\" width=\"150\" height=\"104\" srcset=\"https:\/\/pbp.womczest.edu.pl\/new\/wp-content\/uploads\/2015\/01\/sieci_wspolpracy_multimedialna_strona_podsumowanie_2.jpg 850w, https:\/\/pbp.womczest.edu.pl\/new\/wp-content\/uploads\/2015\/01\/sieci_wspolpracy_multimedialna_strona_podsumowanie_2-300x208.jpg 300w, https:\/\/pbp.womczest.edu.pl\/new\/wp-content\/uploads\/2015\/01\/sieci_wspolpracy_multimedialna_strona_podsumowanie_2-100x69.jpg 100w, https:\/\/pbp.womczest.edu.pl\/new\/wp-content\/uploads\/2015\/01\/sieci_wspolpracy_multimedialna_strona_podsumowanie_2-150x104.jpg 150w, https:\/\/pbp.womczest.edu.pl\/new\/wp-content\/uploads\/2015\/01\/sieci_wspolpracy_multimedialna_strona_podsumowanie_2-200x139.jpg 200w, https:\/\/pbp.womczest.edu.pl\/new\/wp-content\/uploads\/2015\/01\/sieci_wspolpracy_multimedialna_strona_podsumowanie_2-450x312.jpg 450w, https:\/\/pbp.womczest.edu.pl\/new\/wp-content\/uploads\/2015\/01\/sieci_wspolpracy_multimedialna_strona_podsumowanie_2-600x416.jpg 600w\" sizes=\"(max-width: 150px) 100vw, 150px\" \/><\/a>\u00a0\u00a0<a href=\"https:\/\/pbp.womczest.edu.pl\/new\/wp-content\/uploads\/2015\/01\/sieci_wspolpracy_multimedialna_strona_podsumowanie_3.jpg\" target=\"_blank\"><img decoding=\"async\" loading=\"lazy\" class=\"alignleft wp-image-2038\" src=\"https:\/\/pbp.womczest.edu.pl\/new\/wp-content\/uploads\/2015\/01\/sieci_wspolpracy_multimedialna_strona_podsumowanie_3.jpg\" alt=\"\" width=\"150\" height=\"104\" srcset=\"https:\/\/pbp.womczest.edu.pl\/new\/wp-content\/uploads\/2015\/01\/sieci_wspolpracy_multimedialna_strona_podsumowanie_3.jpg 850w, https:\/\/pbp.womczest.edu.pl\/new\/wp-content\/uploads\/2015\/01\/sieci_wspolpracy_multimedialna_strona_podsumowanie_3-300x208.jpg 300w, https:\/\/pbp.womczest.edu.pl\/new\/wp-content\/uploads\/2015\/01\/sieci_wspolpracy_multimedialna_strona_podsumowanie_3-100x69.jpg 100w, https:\/\/pbp.womczest.edu.pl\/new\/wp-content\/uploads\/2015\/01\/sieci_wspolpracy_multimedialna_strona_podsumowanie_3-150x104.jpg 150w, https:\/\/pbp.womczest.edu.pl\/new\/wp-content\/uploads\/2015\/01\/sieci_wspolpracy_multimedialna_strona_podsumowanie_3-200x139.jpg 200w, https:\/\/pbp.womczest.edu.pl\/new\/wp-content\/uploads\/2015\/01\/sieci_wspolpracy_multimedialna_strona_podsumowanie_3-450x312.jpg 450w, https:\/\/pbp.womczest.edu.pl\/new\/wp-content\/uploads\/2015\/01\/sieci_wspolpracy_multimedialna_strona_podsumowanie_3-600x416.jpg 600w\" sizes=\"(max-width: 150px) 100vw, 150px\" \/><\/a><\/p>\n","protected":false},"excerpt":{"rendered":"<p>Sie\u0107 wsp\u00f3\u0142pracy nauczycieli bibliotekarzy Cz\u0119stochowy i regionu, kt\u00f3rej celem jest wsp\u00f3\u0142praca i\u00a0samokszta\u0142cenie w etapowym tworzeniu strony internetowej biblioteki. Uczestnicy sieci poznaj\u0105\u00a0 metodyk\u0119 tworzenia stron internetowych w programie Wix oraz zasady wyszukiwania i udost\u0119pniania materia\u0142\u00f3w edukacyjnych w Internecie w zgodzie z prawem. Koordynatorzy sieci: Agata Arkabus, Anna P\u0142usa Czas trwania: 2.01 \u2013 31.03.2015 SPOTKANIE ORGANIZACYJNO-SZKOLENIOWE SIECI W dniu 12 stycznia 2015 roku odby\u0142o si\u0119 pierwsze spotkanie organizacyjno-szkoleniowe sieci wsp\u00f3\u0142pracy i samokszta\u0142cenia<span class=\"ellipsis\">&hellip;<\/span><\/p>\n<div class=\"read-more\"><a href=\"https:\/\/pbp.womczest.edu.pl\/new\/wspomaganie\/sieci-wspolpracy\/multimedialna-strona-biblioteki-szkolnej\/\">Czytaj wi\u0119cej &#8250;<\/a><\/div>\n<p><!-- end of .read-more --><\/p>\n","protected":false},"author":3,"featured_media":0,"parent":2659,"menu_order":0,"comment_status":"closed","ping_status":"open","template":"","meta":{"footnotes":""},"jetpack_sharing_enabled":true,"jetpack_shortlink":"https:\/\/wp.me\/PgmV4H-19h","_links":{"self":[{"href":"https:\/\/pbp.womczest.edu.pl\/new\/wp-json\/wp\/v2\/pages\/4419"}],"collection":[{"href":"https:\/\/pbp.womczest.edu.pl\/new\/wp-json\/wp\/v2\/pages"}],"about":[{"href":"https:\/\/pbp.womczest.edu.pl\/new\/wp-json\/wp\/v2\/types\/page"}],"author":[{"embeddable":true,"href":"https:\/\/pbp.womczest.edu.pl\/new\/wp-json\/wp\/v2\/users\/3"}],"replies":[{"embeddable":true,"href":"https:\/\/pbp.womczest.edu.pl\/new\/wp-json\/wp\/v2\/comments?post=4419"}],"version-history":[{"count":2,"href":"https:\/\/pbp.womczest.edu.pl\/new\/wp-json\/wp\/v2\/pages\/4419\/revisions"}],"predecessor-version":[{"id":4421,"href":"https:\/\/pbp.womczest.edu.pl\/new\/wp-json\/wp\/v2\/pages\/4419\/revisions\/4421"}],"up":[{"embeddable":true,"href":"https:\/\/pbp.womczest.edu.pl\/new\/wp-json\/wp\/v2\/pages\/2659"}],"wp:attachment":[{"href":"https:\/\/pbp.womczest.edu.pl\/new\/wp-json\/wp\/v2\/media?parent=4419"}],"curies":[{"name":"wp","href":"https:\/\/api.w.org\/{rel}","templated":true}]}}