


{"id":4398,"date":"2015-05-19T11:00:21","date_gmt":"2015-05-19T09:00:21","guid":{"rendered":"https:\/\/pbp.womczest.edu.pl\/new\/?page_id=4398"},"modified":"2022-07-13T09:51:33","modified_gmt":"2022-07-13T07:51:33","slug":"webowa-biblioteka-informatyka","status":"publish","type":"page","link":"https:\/\/pbp.womczest.edu.pl\/new\/wspomaganie\/oferta-wspomagania\/webowa-biblioteka\/webowa-biblioteka-informatyka\/","title":{"rendered":"Webowa biblioteka \u2013 Informatyka"},"content":{"rendered":"<hr \/>\n<p><strong>TEORIA INFORMATYKI:<\/strong><\/p>\n<ul>\n<li><a href=\"https:\/\/pbp.womczest.edu.pl\/new\/wp-content\/uploads\/2013\/09\/webowa_biblioteka_informatyka_akademia_cyfrowych_kompetencji.pdf\" target=\"_blank\" rel=\"noopener noreferrer\"><em>Akademia cyfrowych kompetencji<\/em> \u2013 CC BY-SA<\/a><\/li>\n<li><em><a href=\"https:\/\/pbp.womczest.edu.pl\/new\/wp-content\/uploads\/2015\/05\/Aspekty-prawne-i-ekonomiczne-ponownego.pdf\">Aspekty prawne i ekonomiczne ponownego\u00a0wykorzystania informacji publicznej\u00a0dla informatyk\u00f3w \u2013 uj\u0119cie praktyczne &#8211; CC-BY-SA<\/a><\/em><\/li>\n<li><a href=\"https:\/\/pbp.womczest.edu.pl\/new\/wp-content\/uploads\/2013\/09\/webowa_biblioteka_informatyka_cyfrowa_przyszlosc_katalog_kompetencji_medialnych_i_informacyjnych.pdf\" target=\"_blank\" rel=\"noopener noreferrer\"><em>Cyfrowa przysz\u0142o\u015b\u0107: katalog kompetencji medialnych i informacyjnych<\/em> \u2013 CC BY-SA<\/a><\/li>\n<li><a href=\"https:\/\/pbp.womczest.edu.pl\/new\/wp-content\/uploads\/2013\/09\/webowa_biblioteka_informatyka_internet_nauka_historia.pdf\" target=\"_blank\" rel=\"noopener noreferrer\"><em>Internet \u2013 nauka \u2013 historia<\/em> \u2013 CC BY-NC-ND<\/a><\/li>\n<li><a href=\"https:\/\/pbp.womczest.edu.pl\/new\/wp-content\/uploads\/2020\/05\/Kompetencje_cyfrowe_polskich_uczniow_i_nauczycieli___kierunek_zmian.pdf\"><em>Kompetencje cyfrowe polskich uczni\u00f3w i nauczycieli &#8211; kierunek zmian<\/em> &#8211; CC BY<\/a><\/li>\n<li><a href=\"https:\/\/pbp.womczest.edu.pl\/new\/wp-content\/uploads\/2013\/09\/webowa_biblioteka_informatyka_k_turtle_wstep_do_programowania_w_jezyku_turtle_script.pdf\" target=\"_blank\" rel=\"noopener noreferrer\"><em>KTurtle. Wst\u0119p do programowania w j\u0119zyku TurtleScript<\/em> \u2013 CC BY-SA<\/a><\/li>\n<li><a href=\"https:\/\/pbp.womczest.edu.pl\/new\/wp-content\/uploads\/2013\/09\/webowa_biblioteka_informatyka_laby_wstep_do_nauki_programowania.pdf\" target=\"_blank\" rel=\"noopener noreferrer\"><em>Laby. Wst\u0119p do nauki programowania<\/em> \u2013 CC BY-SA<\/a><\/li>\n<li><a href=\"https:\/\/pbp.womczest.edu.pl\/new\/wp-content\/uploads\/2020\/03\/Model-Edukacji-Medialnej-Informacyjnej-i-Cyfrowej-MEMIC_publikacja.pdf\"><em>Model Edukacji Medialnej, Informacyjnej i Cyfrowej (MEMIC)<\/em> &#8211; CC BY-SA-ND<\/a><\/li>\n<li><em><a href=\"https:\/\/pbp.womczest.edu.pl\/new\/wp-content\/uploads\/2015\/05\/podrecznik-e-wolontariatu.pdf\">Podr\u0119cznik e-wolontariatu &#8211; CC-BY-SA<\/a><\/em><\/li>\n<li><a href=\"https:\/\/pbp.womczest.edu.pl\/new\/wp-content\/uploads\/2013\/09\/webowa_biblioteka_informatyka_podstawowa_konfiguracja_serwera.pdf\" target=\"_blank\" rel=\"noopener noreferrer\"><em>Podstawowa konfiguracja serwera www w 1 dzie\u0144<\/em> \u2013 CC BY-NC-ND<\/a><\/li>\n<li><a href=\"https:\/\/pbp.womczest.edu.pl\/new\/wp-content\/uploads\/2013\/09\/webowa_biblioteka_informatyka_propozycja_podstawowych_za\u0142ozen_funkcjonalnych.pdf\" target=\"_blank\" rel=\"noopener noreferrer\"><em>Propozycja podstawowych za\u0142o\u017ce\u0144 funkcjonalnych i technologicznych dla e-podr\u0119cznik\u00f3w<\/em> \u2013 CC BY-ND<\/a><\/li>\n<li><a href=\"https:\/\/pbp.womczest.edu.pl\/new\/wp-content\/uploads\/2015\/05\/rozwijanie-cyfrowej-\u015bwiadomo\u015bci-obywatela.pdf\"><em>Rozwijanie cyfrowej \u015bwiadomo\u015bci obywatela<\/em> &#8211; CC\u00a0BY-NC-SA<\/a><\/li>\n<li><a href=\"https:\/\/pbp.womczest.edu.pl\/new\/wp-content\/uploads\/2015\/05\/PSZI.pdf\"><em>Wybrane problemy spo\u0142eczne i zawodowe informatyki<\/em> &#8211; CC BY-NC-ND<\/a><\/li>\n<\/ul>\n<p><strong>NAUCZANIE:<\/strong><\/p>\n<ul>\n<li><a href=\"https:\/\/pbp.womczest.edu.pl\/new\/wp-content\/uploads\/2013\/09\/webowa_biblioteka_informatyka_cyberprzestrzen_a_aktywnosc_fizyczna_dzieci_i_mlodziezy.pdf\" target=\"_blank\" rel=\"noopener noreferrer\"><em>Cyberprzestrze\u0144 a aktywno\u015b\u0107 fizyczna dzieci i m\u0142odzie\u017cy<\/em> \u2013 CC BY-SA<\/a><\/li>\n<li><a href=\"https:\/\/pbp.womczest.edu.pl\/new\/wp-content\/uploads\/2013\/09\/webowa_biblioteka_informatyka_dydaktyka_cyfrowa_epoki_smartfona.pdf\" target=\"_blank\" rel=\"noopener noreferrer\"><em>Dydaktyka cyfrowa epoki smartfona. Analiza cyfrowych aspekt\u00f3w dydaktyki gimnazjum i szko\u0142y \u015bredniej<\/em> \u2013 CC BY-SA<\/a><\/li>\n<li><a href=\"https:\/\/pbp.womczest.edu.pl\/new\/wp-content\/uploads\/2019\/03\/dzieci_sieci_2_0.pdf\"><em>Dzieci_sieci 2.0 : kompetencje komunikacyjne m\u0142odych<\/em> &#8211; CC BY<\/a><\/li>\n<li><a href=\"https:\/\/pbp.womczest.edu.pl\/new\/wp-content\/uploads\/2013\/09\/webowa_biblioteka_informatyka_dzieci_sieci.pdf\" target=\"_blank\" rel=\"noopener noreferrer\"><em>Dzieci sieci. Kompetencje komunikacyjne najm\u0142odszych<\/em> \u2013 CC BY<\/a><\/li>\n<li><a href=\"https:\/\/pbp.womczest.edu.pl\/new\/wp-content\/uploads\/2013\/09\/webowa_biblioteka_informatyka_e_podrecznik_dostepny_dla_wszystkich.pdf\" target=\"_blank\" rel=\"noopener noreferrer\"><em>E-podr\u0119cznik dost\u0119pny dla wszystkich. Poradnik dla tw\u00f3rc\u00f3w elektronicznych materia\u0142\u00f3w edukacyjnych<\/em> \u2013 EFS, CC BY<\/a><\/li>\n<li><a href=\"https:\/\/pbp.womczest.edu.pl\/new\/wp-content\/uploads\/2013\/09\/webowa_biblioteka_informatyka_gry_wideo_w_szkole.pdf\" target=\"_blank\" rel=\"noopener noreferrer\"><em>Gry wideo w szkole. Podr\u0119cznik dla nauczyciela<\/em> \u2013 CC BY-NC<\/a><\/li>\n<li><em><a href=\"https:\/\/pbp.womczest.edu.pl\/new\/wp-content\/uploads\/2015\/05\/Kompetencja_medialna.pdf\">Kompetencja medialna kluczem do\u00a0sukcesu m\u0142odego pokolenia\u00a0w spo\u0142ecze\u0144stwie wiedzy &#8211; CC-BY-NC<\/a><\/em><\/li>\n<li><a href=\"https:\/\/pbp.womczest.edu.pl\/new\/wp-content\/uploads\/2020\/03\/BROSZURA-m\u0142odzie\u017c-a-media.pdf\"><em>Nastolatki, komunikacja, media elektroniczne : badania HBSC 2018<\/em> &#8211; CC BY-NC-SA\u00a0<\/a><\/li>\n<li><a href=\"https:\/\/pbp.womczest.edu.pl\/new\/wp-content\/uploads\/2013\/09\/webowa_biblioteka_informatyka_nauka_programowania_w_szkolach.pdf\" target=\"_blank\" rel=\"noopener noreferrer\"><em>Nauka programowania w szko\u0142ach<\/em> \u2013 CC BY<\/a><\/li>\n<li><a href=\"https:\/\/pbp.womczest.edu.pl\/new\/wp-content\/uploads\/2020\/03\/Mistrzowie_Kodowania_poradnik_online_Samsung.pdf\"><em>Mistrzowie_Kodowania : aktywno\u015b\u0107 &#8222;na start&#8221;<\/em> &#8211; CC BY-SA<\/a><\/li>\n<li><em><a href=\"https:\/\/pbp.womczest.edu.pl\/new\/wp-content\/uploads\/2015\/05\/Mistzowie-Kodowania-Junior-raport-ko\u0144cowy.pdf\">Mistrzowie Kodowania Junior. Raport z bada\u0144 &#8211;\u00a0<\/a><\/em>CC BY<\/li>\n<li><a href=\"https:\/\/pbp.womczest.edu.pl\/new\/wp-content\/uploads\/2013\/09\/webowa_biblioteka_informatyka_mlodziez_w_internecie.pdf\" target=\"_blank\" rel=\"noopener noreferrer\"><em>M\u0142odzie\u017c w Internecie \u2013 M\u0142odzie\u017c dla m\u0142odzie\u017cy \u2013 \u0106wiczenia i zaj\u0119cia<\/em> \u2013 CC BY-NC-ND<\/a><\/li>\n<li><a href=\"http:\/\/www.bc.ore.edu.pl\/dlibra\/docmetadata?id=718\" target=\"_blank\" rel=\"noopener noreferrer\"><em>Mobilna edukacja. (R)ewolucja w nauczaniu \u2013 poradnik dla edukator\u00f3w<\/em> \u2013 CC BY-NC-SA<\/a><\/li>\n<li><a href=\"https:\/\/pbp.womczest.edu.pl\/new\/wp-content\/uploads\/2013\/09\/webowa_biblioteka_informatyka_moj_projekt w_jezyku_scratch.pdf\" target=\"_blank\" rel=\"noopener noreferrer\"><em>M\u00f3j projekt w j\u0119zyku Scratch<\/em> \u2013 EFS<\/a><\/li>\n<li><a href=\"https:\/\/pbp.womczest.edu.pl\/new\/wp-content\/uploads\/2020\/03\/Nie-b\u00f3j-si\u0119-bloga_blogi-w-edukacji.pdf\"><em>Nie b\u00f3j si\u0119 bloga &#8211; jak wykorzystywa\u0107 bloga w edukacji<\/em> &#8211; CC BY<\/a><\/li>\n<li><a href=\"https:\/\/pbp.womczest.edu.pl\/new\/wp-content\/uploads\/2013\/09\/webowa_biblioteka_informatyka_podstawy_obslugi_komputera_i_korzystania_z_internetu.pdf\" target=\"_blank\" rel=\"noopener noreferrer\"><em>Podstawy obs\u0142ugi komputera i korzystania z Internetu.<\/em> <em>Podr\u0119cznik z \u0107wiczeniami dla ucznia <\/em>\u2013 CC BY-SA<\/a><\/li>\n<li><a href=\"https:\/\/pbp.womczest.edu.pl\/new\/wp-content\/uploads\/2013\/09\/webowa_biblioteka_informatyka_poradnik_metodyczny_dla_nauczycieli_i_nauczycielek.pdf\" target=\"_blank\" rel=\"noopener noreferrer\"><em>Poradnik metodyczny dla nauczycieli i nauczycielek<\/em> \u2013 EFS<\/a><\/li>\n<li><a href=\"https:\/\/pbp.womczest.edu.pl\/new\/wp-content\/uploads\/2013\/09\/webowa_biblioteka_informatyka_poradnik_sprzetowy_dla_poczatkuj\u0105cych.pdf\" target=\"_blank\" rel=\"noopener noreferrer\"><em>Poradnik sprz\u0119towy dla pocz\u0105tkuj\u0105cych. Technologie informacyjno-komunikacyjne w szkole<\/em> \u2013 EFS<\/a><\/li>\n<li><a href=\"https:\/\/pbp.womczest.edu.pl\/new\/wp-content\/uploads\/2013\/09\/webowa_biblioteka_informatyka_program_nauczania_uczenia_sie_infotechniki.pdf\" target=\"_blank\" rel=\"noopener noreferrer\"><em>Program nauczania \u2013 uczenia si\u0119 infotechniki<\/em> \u2013 EFS<\/a><\/li>\n<li><a href=\"https:\/\/pbp.womczest.edu.pl\/new\/wp-content\/uploads\/2020\/03\/Programowanie.pdf\"><em>Programowanie i robotyka w edukacji wczesnoszkolnej<\/em> &#8211; CC BY-NC-SA<\/a><\/li>\n<li><a href=\"https:\/\/pbp.womczest.edu.pl\/new\/wp-content\/uploads\/2020\/05\/MoboLab_zasoby_programowanie_roboty_tablety_08_2018.pdf\"><em>Scenariusze i inne materia\u0142y edukacyjne dotycz\u0105ce nauki programowania oraz wykorzystywania tablet\u00f3w (nie tylko) w czasie lekcj<\/em>i &#8211; CC BY<\/a><\/li>\n<li><a href=\"https:\/\/pbp.womczest.edu.pl\/new\/wp-content\/uploads\/2013\/09\/webowa_biblioteka_informatyka_sixto_rodriguez_i_piraci.pdf\" target=\"_blank\" rel=\"noopener noreferrer\"><em>Sixto Rodr\u00edguez i \u201epiraci\u201d [scenariusz]<\/em> \u2013 CC BY-NC-ND<\/a><\/li>\n<li><a href=\"https:\/\/pbp.womczest.edu.pl\/new\/wp-content\/uploads\/2019\/04\/Sciezki_rozwoju_tworczych_kompetencji_cyfrowych_.pdf\"><em>\u015acie\u017cki_rozwoju_tw\u00f3rczych_kompetencji_cyfrowych<\/em> &#8211; CC BY-SA_<\/a><\/li>\n<li><a href=\"https:\/\/pbp.womczest.edu.pl\/new\/wp-content\/uploads\/2022\/07\/tik-na-specjalne-zamowienie.pdf\"><em>TIK na specjalne zam\u00f3wienie, czyli jak efektywnie wykorzystywa\u0107 technologie informacyjno-komunikacyjne w edukacji terapii uczni\u00f3w ze specjalnymi potrzebami edukacyjnymi<\/em> &#8211; CC BY-NC<\/a><\/li>\n<li><em> <a href=\"https:\/\/issuu.com\/frse\/docs\/handbook-pl-final\">The Web We Want \u2013 Nauczyciele online. Poradnik nauczyciela<\/a> &#8211; <\/em>CC BY<\/li>\n<li><em><a href=\"https:\/\/pbp.womczest.edu.pl\/new\/wp-content\/uploads\/2015\/05\/Wdro\u017cenie-e-portfolio_PL_0.pdf\">Wdro\u017cenie e-portfolio : przewodnik dla nauczyciela &#8211; CC-BY-SA<\/a><\/em><\/li>\n<li><a href=\"https:\/\/pbp.womczest.edu.pl\/new\/wp-content\/uploads\/2015\/05\/wychowanie-do-\u017cycia-w-cyfrowym-\u015bwiecie.pdf\"><em>Wychowanie do \u017cycia w cyfrowym \u015bwiecie : scenariusze zaj\u0119\u0107 z uczniami i warsztat\u00f3w dla rodzic\u00f3w<\/em> &#8211; CC BY-SA<\/a><\/li>\n<li><a href=\"https:\/\/pbp.womczest.edu.pl\/new\/wp-content\/uploads\/2015\/05\/wychowanie-do-\u017cycia-w-cyfrowym-\u015bwiecie.-Przewodnik.pdf\"><em>Wychowanie do \u017cycia w cyfrowym \u015bwiecie : przewodnik dla nauczycieli i nie tylko<\/em> &#8211; CC BY-SA<\/a><\/li>\n<li><a href=\"https:\/\/pbp.womczest.edu.pl\/new\/wp-content\/uploads\/2019\/05\/wykorzystanie_tik_w_nauczaniu_i_uczeniu_sie_uczniow_ze_spe.pdf\"><em>Wykorzystanie TIK w_nauczaniu_i_uczeniu_si\u0119 uczni\u00f3w_ze specjalnymi potrzebami edukacyjnymi<\/em>&#8211; CC BY-NC<\/a><\/li>\n<li><a href=\"https:\/\/pbp.womczest.edu.pl\/new\/wp-content\/uploads\/2013\/09\/webowa_biblioteka_informatyka_zostan_lepszym_nauczycielem_kompetencji_informacyjnych.pdf\" target=\"_blank\" rel=\"noopener noreferrer\"><em>Zosta\u0144 lepszym nauczycielem kompetencji informacyjnych<\/em> \u2013 CC BY<\/a><\/li>\n<\/ul>\n<p><strong>PROGRAMY:<\/strong><\/p>\n<ul>\n<li><a href=\"https:\/\/pbp.womczest.edu.pl\/new\/wp-content\/uploads\/2013\/09\/webowa_biblioteka_informatyka_15_pomyslow_na_dzialania_z_fotografia.pdf\" target=\"_blank\" rel=\"noopener noreferrer\"><em>15 pomys\u0142\u00f3w na dzia\u0142ania z fotografi\u0105\u2026<\/em> \u2013 CC BY-NC-ND<\/a><\/li>\n<li><a href=\"https:\/\/pbp.womczest.edu.pl\/new\/wp-content\/uploads\/2013\/09\/webowa_biblioteka_informatyka_photoshop_reference.pdf\" target=\"_blank\" rel=\"noopener noreferrer\"><em>Adobe Photoshop. Pomoc i samouczki<\/em> \u2013 CC BY-NC<\/a><\/li>\n<li><a href=\"https:\/\/pbp.womczest.edu.pl\/new\/wp-content\/uploads\/2019\/03\/Apetyt-na-aplikacje.pdf\"><em>Apetyt na aplikacje : praktyczny przewodnik<\/em> &#8211; CC BY-NC-ND<\/a><\/li>\n<li><a href=\"https:\/\/pbp.womczest.edu.pl\/new\/wp-content\/uploads\/2013\/09\/webowa_biblioteka_informatyka_arkusz_kalkulacyjny_ms_excel_2010.pdf\" target=\"_blank\" rel=\"noopener noreferrer\"><em>Arkusz kalkulacyjny MS EXCEL 2010<\/em> \u2013 CC BY-NC-SA<\/a><\/li>\n<li><a href=\"https:\/\/pbp.womczest.edu.pl\/new\/wp-content\/uploads\/2013\/09\/webowa_biblioteka_informatyka_edytor_tekstu_openoffice_writer.pdf\" target=\"_blank\" rel=\"noopener noreferrer\"><em>Edytor tekstu OpenOffice Writer<\/em> \u2013 CC BY-NC-SA<\/a><\/li>\n<li><a href=\"https:\/\/pbp.womczest.edu.pl\/new\/wp-content\/uploads\/2013\/09\/webowa_biblioteka_informatyka_edytor_tekstu_word_2007_podstawy.pdf\" target=\"_blank\" rel=\"noopener noreferrer\"><em>Edytor tekstu Word 2007 \u2013 podstawy<\/em> \u2013 CC BY-NC-SA<\/a><\/li>\n<li><a href=\"https:\/\/pbp.womczest.edu.pl\/new\/wp-content\/uploads\/2013\/09\/webowa_biblioteka_informatyka_edytor_tekstu_word_2010_podstawy.pdf\" target=\"_blank\" rel=\"noopener noreferrer\"><em>Edytor tekstu Word 2010 \u2013 podstawy<\/em> \u2013 CC BY-NC-SA<\/a><\/li>\n<li><a href=\"https:\/\/pbp.womczest.edu.pl\/new\/wp-content\/uploads\/2020\/03\/elementarz-programisty-nowosad-2019.pdf\"><em>Elementarz programisty : wst\u0119p do programowania u\u017cywaj\u0105c R<\/em> &#8211; CC BY-SA<\/a><\/li>\n<li><a href=\"https:\/\/pbp.womczest.edu.pl\/new\/wp-content\/uploads\/2013\/09\/webowa_biblioteka_informatyka_fotografia_cyfrowa_obsluga_programu_gimp.pdf\" target=\"_blank\" rel=\"noopener noreferrer\"><em>Fotografia cyfrowa. Obs\u0142uga programu GIMP<\/em> \u2013 CC BY-NC-SA<\/a><\/li>\n<li><a href=\"https:\/\/pbp.womczest.edu.pl\/new\/wp-content\/uploads\/2013\/09\/webowa_biblioteka_informatyka_jak_zaprojektowac_i_uruchomic_prosta_strone_internetowa.pdf\" target=\"_blank\" rel=\"noopener noreferrer\"><em>Jak zaprojektowa\u0107 i uruchomi\u0107 prost\u0105 stron\u0119 internetow\u0105? Na przyk\u0142adzie platformy WordPress<\/em> \u2013 CC BY-SA<\/a><\/li>\n<li><a href=\"https:\/\/pbp.womczest.edu.pl\/new\/wp-content\/uploads\/2013\/09\/webowa_biblioteka_informatyka_ms_office_picture_manager.pdf\" target=\"_blank\" rel=\"noopener noreferrer\"><em>MS Office Picture Manager. Edycja obraz\u00f3w cyfrowych<\/em> \u2013 CC BY-NC-SA<\/a><\/li>\n<li><a href=\"https:\/\/pbp.womczest.edu.pl\/new\/wp-content\/uploads\/2013\/09\/webowa_biblioteka_informatyka_pinpoint_wstep_do_szybkiego_tworzenia_prostych_prezentacji.pdf\" target=\"_blank\" rel=\"noopener noreferrer\"><em>Pinpoint. Wst\u0119p do szybkiego tworzenia prostych prezentacji<\/em> \u2013 CC BY-SA<\/a><\/li>\n<li><a href=\"https:\/\/pbp.womczest.edu.pl\/new\/wp-content\/uploads\/2013\/09\/webowa_biblioteka_informatyka_poslugiwanie_sie_komunikatorem_skype.pdf\" target=\"_blank\" rel=\"noopener noreferrer\"><em>Pos\u0142ugiwanie si\u0119 komunikatorem Skype<\/em> \u2013 CC BY-NC-SA<\/a><\/li>\n<li><a href=\"https:\/\/pbp.womczest.edu.pl\/new\/wp-content\/uploads\/2013\/09\/webowa_biblioteka_informatyka_prezentacja_multimedialna_ms_powerpoint_2010.pdf\" target=\"_blank\" rel=\"noopener noreferrer\"><em>Prezentacja multimedialna MS PowerPoint 2010<\/em> \u2013 CC BY-NC-SA<\/a><\/li>\n<li><a href=\"https:\/\/pbp.womczest.edu.pl\/new\/wp-content\/uploads\/2013\/09\/webowa_biblioteka_informatyka_program_ ms_publisher_2010.pdf\" target=\"_blank\" rel=\"noopener noreferrer\"><em>Program MS Publisher 2010<\/em> \u2013 CC BY-NC-SA<\/a><\/li>\n<li><a href=\"https:\/\/pbp.womczest.edu.pl\/new\/wp-content\/uploads\/2013\/09\/webowa_biblioteka_informatyka_wprowadzenie_do_quantum_gis.pdf\" target=\"_blank\" rel=\"noopener noreferrer\"><em>Wprowadzenie do Quantum GIS<\/em> \u2013 CC BY-SA<\/a><\/li>\n<\/ul>\n<p><strong>INTERNET:<\/strong><\/p>\n<ul>\n<li><a href=\"https:\/\/pbp.womczest.edu.pl\/new\/wp-content\/uploads\/2013\/09\/webowa_biblioteka_informatyka_bezpieczenstwo_informacyjne_w_serwisach_web_2.0.pdf\" target=\"_blank\" rel=\"noopener noreferrer\"><em>Bezpiecze\u0144stwo informacyjne w serwisach Web 2.0<\/em> \u2013 CC BY-SA<\/a><\/li>\n<li><a href=\"https:\/\/pbp.womczest.edu.pl\/new\/wp-content\/uploads\/2013\/09\/webowa_biblioteka_informatyka_browsing_wirtualne_zagrozenia.pdf\" target=\"_blank\" rel=\"noopener noreferrer\"><em>Browsing: \u201ewirtualne\u201d zagro\u017cenia<\/em> \u2013 CC BY-SA<\/a><\/li>\n<li><a href=\"https:\/\/pbp.womczest.edu.pl\/new\/wp-content\/uploads\/2013\/09\/webowa_biblioteka_informatyka_czlowiek_komputer_internet.pdf\" target=\"_blank\" rel=\"noopener noreferrer\"><em>Cz\u0142owiek, komputer, Internet. W cyfrowym \u015bwiecie<\/em> \u2013 FRSE<\/a><\/li>\n<li><a href=\"https:\/\/pbp.womczest.edu.pl\/new\/wp-content\/uploads\/2013\/09\/webowa_biblioteka_informatyka_facebook_nasza_klasa_i_inne.pdf\" target=\"_blank\" rel=\"noopener noreferrer\"><em>Facebook, \u201eNasza klasa\u201d i inne<\/em> \u2013 CC BY-NC-SA<\/a><\/li>\n<li><a href=\"https:\/\/pbp.womczest.edu.pl\/new\/wp-content\/uploads\/2013\/09\/webowa_biblioteka_informatyka_internet_jako_nowe_dobro_wspolne.pdf\" target=\"_blank\" rel=\"noopener noreferrer\"><em>Internet jako nowe dobro wsp\u00f3lne<\/em> \u2013 CC SA-ND<\/a><\/li>\n<li><a href=\"https:\/\/pbp.womczest.edu.pl\/new\/wp-content\/uploads\/2013\/09\/webowa_biblioteka_informatyka_jak_dodac_prace_do_google_scholar.pdf\" target=\"_blank\" rel=\"noopener noreferrer\"><em>Jak doda\u0107 prace do Google Scholar i zwi\u0119kszy\u0107 liczb\u0119 cytowa\u0144 oraz indeks Hirscha. Poradnik dla pocz\u0105tkuj\u0105cych<\/em> \u2013 CC BY<\/a><\/li>\n<li><a href=\"https:\/\/pbp.womczest.edu.pl\/new\/wp-content\/uploads\/2019\/04\/poradnik-dla-rodzicw_pazdziernik-2018.pdf\"><em>Kompedium gier wideo : poradnik dla rodzic\u00f3<\/em>w &#8211; CC BY-SA<\/a><\/li>\n<li><a href=\"https:\/\/pbp.womczest.edu.pl\/new\/wp-content\/uploads\/2013\/09\/webowa_biblioteka_informatyka_nie_boj_sie_bloga.pdf\" target=\"_blank\" rel=\"noopener noreferrer\"><em>Nie b\u00f3j si\u0119 bloga. Jak wykorzystywa\u0107 blog w edukacji<\/em> \u2013 CC BY<\/a><\/li>\n<li><a href=\"https:\/\/pbp.womczest.edu.pl\/new\/wp-content\/uploads\/2013\/09\/webowa_biblioteka_informatyka_netykieta.pdf\" target=\"_blank\" rel=\"noopener noreferrer\"><em>Netykieta. Kultura komunikacji w sieci<\/em> \u2013 CC BY-NC-ND<\/a><\/li>\n<li><a href=\"https:\/\/pbp.womczest.edu.pl\/new\/wp-content\/uploads\/2013\/09\/webowa_biblioteka_informatyka_nowe_wspaniale_zarabianie_w_sieci.pdf\" target=\"_blank\" rel=\"noopener noreferrer\"><em>Nowe wspania\u0142e zarabianie w sieci<\/em> \u2013 CC BY<\/a><\/li>\n<li><a href=\"https:\/\/pbp.womczest.edu.pl\/new\/wp-content\/uploads\/2013\/09\/webowa_biblioteka_informatyka_perypetie_informacji.pdf\" target=\"_blank\" rel=\"noopener noreferrer\"><em>Perypetie informacji w Internecie. Przewodnik<\/em> \u2013 CC BY-SA<\/a><\/li>\n<li><a href=\"https:\/\/pbp.womczest.edu.pl\/new\/wp-content\/uploads\/2013\/09\/webowa_biblioteka_informatyka_pomysl_zanim_wrzucisz.pdf\" target=\"_blank\" rel=\"noopener noreferrer\"><em>Pomy\u015bl zanim wrzucisz. Poradnik dla rodzic\u00f3w na temat ochrony wizerunku dzieci w internecie<\/em> \u2013 CC BY-NC-ND<\/a><\/li>\n<li><a href=\"https:\/\/pbp.womczest.edu.pl\/new\/wp-content\/uploads\/2013\/09\/webowa_biblioteka_informatyka_poradnik_bezpieczenstwa_mobilnego.pdf\" target=\"_blank\" rel=\"noopener noreferrer\"><em>Poradnik bezpiecze\u0144stwa mobilnego<\/em> \u2013 CC BY-SA<\/a><\/li>\n<li><a href=\"https:\/\/pbp.womczest.edu.pl\/new\/wp-content\/uploads\/2013\/09\/webowa_biblioteka_informatyka_wolnosc_w_chmurze.pdf\" target=\"_blank\" rel=\"noopener noreferrer\"><em>Wolno\u015b\u0107 w chmurze i inne eseje<\/em> \u2013 CC BY-SA<\/a><\/li>\n<li><a href=\"https:\/\/pbp.womczest.edu.pl\/new\/wp-content\/uploads\/2013\/09\/webowa_biblioteka_informatyka_wyszukiwanie_informacji_w_internecie_dla_kazdego.pdf\" target=\"_blank\" rel=\"noopener noreferrer\"><em>Wyszukiwanie informacji w Internecie dla ka\u017cdego<\/em> \u2013 CC BY-NC-SA<\/a><\/li>\n<li><a href=\"https:\/\/pbp.womczest.edu.pl\/new\/wp-content\/uploads\/2013\/09\/webowa_biblioteka_informatyka_wyszukiwanie_informacj_w_ internecie_dla_seniorow.pdf\" target=\"_blank\" rel=\"noopener noreferrer\"><em>Wyszukiwanie informacji w Internecie dla senior\u00f3w<\/em> \u2013 CC BY-NC-SA<\/a><\/li>\n<li><a href=\"https:\/\/pbp.womczest.edu.pl\/new\/wp-content\/uploads\/2013\/09\/webowa_biblioteka_informatyka_zakup_kontrolowany.pdf\" target=\"_blank\" rel=\"noopener noreferrer\"><em>Zakup kontrolowany. Zanim kupisz dziecku komputer, tablet, telefon, laptop, konsol\u0119, gr\u0119 komputerow\u0105&#8230; pomy\u015bl o jego bezpiecze\u0144stwie<\/em><\/a><\/li>\n<\/ul>\n<p><strong>E-LEARNING:<\/strong><\/p>\n<ul>\n<li><a href=\"https:\/\/pbp.womczest.edu.pl\/new\/wp-content\/uploads\/2013\/09\/webowa_biblioteka_informatyka_informacja_dla_wszystkich.pdf\" target=\"_blank\" rel=\"noopener noreferrer\"><em>Informacja dla wszystkich <\/em>\u2013 CC BY<\/a><\/li>\n<li><a href=\"https:\/\/pbp.womczest.edu.pl\/new\/wp-content\/uploads\/2013\/09\/webowa_biblioteka_informatyka_poradnik_dla_projektujacych_kursy_elearningowe.pdf\" target=\"_blank\" rel=\"noopener noreferrer\"><em>Poradnik dla projektuj\u0105cych kursy e-learningowe<\/em> \u2013 EFS<\/a><\/li>\n<\/ul>\n<p><strong>PORTALE:<\/strong><\/p>\n<ul>\n<li><a href=\"http:\/\/cybernauci.edu.pl\/\"><em>Cybernauci<\/em><\/a><\/li>\n<li><a href=\"https:\/\/cyfrowa-wyprawka.org\/\"><em>Cyfrowa Wyprawka<\/em><\/a><\/li>\n<li><a href=\"https:\/\/e-mocni.org.pl\/scenariusze-szkolen\/\"><em>E-mocni [scenariusze]<\/em><\/a><\/li>\n<li><em><a href=\"http:\/\/kodowanienadywanie.blogspot.com\/\">Kodowanie na Dywanie<\/a><\/em><\/li>\n<li><em><a href=\"http:\/\/wiki.mistrzowiekodowania.pl\/index.php?title=Strona_g\u0142\u00f3wna\" target=\"_blank\" rel=\"noopener noreferrer\">Mistrzowie Kodowania<\/a><\/em><\/li>\n<li><em><a href=\"http:\/\/wiki.mistrzowiekodowania.pl\/index.php?title=Strona_g%C5%82%C3%B3wna\">Mistrzowie Kodowania &#8211; zbi\u00f3r materia\u0142\u00f3w dla nauczycieli<\/a><\/em><\/li>\n<li><a href=\"https:\/\/scratch.mit.edu\/\"><em>Scratch<\/em><\/a><\/li>\n<li><em><a href=\"https:\/\/zaprogramujprzyszlosc2.edu.pl\/materialy-do-pobrania\">Zaprogramuj przysz\u0142o\u015b\u0107 &#8211; materia\u0142y do pobrania<\/a><\/em><\/li>\n<\/ul>\n","protected":false},"excerpt":{"rendered":"<p>TEORIA INFORMATYKI: Akademia cyfrowych kompetencji \u2013 CC BY-SA Aspekty prawne i ekonomiczne ponownego\u00a0wykorzystania informacji publicznej\u00a0dla informatyk\u00f3w \u2013 uj\u0119cie praktyczne &#8211; CC-BY-SA Cyfrowa przysz\u0142o\u015b\u0107: katalog kompetencji medialnych i informacyjnych \u2013 CC BY-SA Internet \u2013 nauka \u2013 historia \u2013 CC BY-NC-ND Kompetencje cyfrowe polskich uczni\u00f3w i nauczycieli &#8211; kierunek zmian &#8211; CC BY KTurtle. Wst\u0119p do programowania w j\u0119zyku TurtleScript \u2013 CC BY-SA Laby. Wst\u0119p do nauki programowania \u2013 CC BY-SA Model<span class=\"ellipsis\">&hellip;<\/span><\/p>\n<div class=\"read-more\"><a href=\"https:\/\/pbp.womczest.edu.pl\/new\/wspomaganie\/oferta-wspomagania\/webowa-biblioteka\/webowa-biblioteka-informatyka\/\">Czytaj wi\u0119cej &#8250;<\/a><\/div>\n<p><!-- end of .read-more --><\/p>\n","protected":false},"author":3,"featured_media":0,"parent":4331,"menu_order":0,"comment_status":"closed","ping_status":"open","template":"","meta":{"footnotes":""},"jetpack_sharing_enabled":true,"jetpack_shortlink":"https:\/\/wp.me\/PgmV4H-18W","_links":{"self":[{"href":"https:\/\/pbp.womczest.edu.pl\/new\/wp-json\/wp\/v2\/pages\/4398"}],"collection":[{"href":"https:\/\/pbp.womczest.edu.pl\/new\/wp-json\/wp\/v2\/pages"}],"about":[{"href":"https:\/\/pbp.womczest.edu.pl\/new\/wp-json\/wp\/v2\/types\/page"}],"author":[{"embeddable":true,"href":"https:\/\/pbp.womczest.edu.pl\/new\/wp-json\/wp\/v2\/users\/3"}],"replies":[{"embeddable":true,"href":"https:\/\/pbp.womczest.edu.pl\/new\/wp-json\/wp\/v2\/comments?post=4398"}],"version-history":[{"count":41,"href":"https:\/\/pbp.womczest.edu.pl\/new\/wp-json\/wp\/v2\/pages\/4398\/revisions"}],"predecessor-version":[{"id":20932,"href":"https:\/\/pbp.womczest.edu.pl\/new\/wp-json\/wp\/v2\/pages\/4398\/revisions\/20932"}],"up":[{"embeddable":true,"href":"https:\/\/pbp.womczest.edu.pl\/new\/wp-json\/wp\/v2\/pages\/4331"}],"wp:attachment":[{"href":"https:\/\/pbp.womczest.edu.pl\/new\/wp-json\/wp\/v2\/media?parent=4398"}],"curies":[{"name":"wp","href":"https:\/\/api.w.org\/{rel}","templated":true}]}}