


{"id":4393,"date":"2015-05-19T10:59:10","date_gmt":"2015-05-19T08:59:10","guid":{"rendered":"https:\/\/pbp.womczest.edu.pl\/new\/?page_id=4393"},"modified":"2023-03-07T11:47:11","modified_gmt":"2023-03-07T10:47:11","slug":"webowa-biblioteka-nauka-biblioteki","status":"publish","type":"page","link":"https:\/\/pbp.womczest.edu.pl\/new\/wspomaganie\/oferta-wspomagania\/webowa-biblioteka\/webowa-biblioteka-nauka-biblioteki\/","title":{"rendered":"Webowa biblioteka \u2013 Nauka. Biblioteki"},"content":{"rendered":"<p>&nbsp;<\/p>\n<hr \/>\n<p><strong>BIBLIOTEKI:<\/strong><\/p>\n<ul>\n<li><a href=\"https:\/\/pbp.womczest.edu.pl\/new\/wp-content\/uploads\/2013\/09\/webowa_biblioteka_biblioteki_szkolne_biblioteka_dobre_miejsce.pdf\" target=\"_blank\" rel=\"noopener noreferrer\"><em>Biblioteka \u2013 dobre miejsce. Poradnik architektoniczny dla bibliotek<\/em> \u2013 CC BY-NC-ND<\/a><\/li>\n<li><a href=\"https:\/\/pbp.womczest.edu.pl\/new\/wp-content\/uploads\/2015\/05\/poradnik-dla-bibliotekarzy-autyzm.pdf\"><em>Bibliotekarzu zaprzyja\u017anij\u00a0si\u0119 z osob\u0105 z autyzmem.\u00a0Poradnik<\/em> &#8211; CC BY-SA<\/a><\/li>\n<li><a href=\"https:\/\/pbp.womczest.edu.pl\/new\/wp-content\/uploads\/2013\/09\/webowa_biblioteka_biblioteki_szkolne_co_sie_zmienilo_w_bibliotekach.pdf\" target=\"_blank\" rel=\"noopener noreferrer\"><em>Co si\u0119 zmieni\u0142o w bibliotekach?<\/em> \u2013 CC BY-NC-SA<\/a><\/li>\n<li><a href=\"https:\/\/pbp.womczest.edu.pl\/new\/wp-content\/uploads\/2013\/09\/webowa_biblioteka_biblioteki_szkolne_ksztalcenie_bibliotekarzy_1.pdf\" target=\"_blank\" rel=\"noopener noreferrer\"><em>Kszta\u0142cenie bibliotekarzy na potrzeby \u015brodowisk lokalnych. Programy kszta\u0142cenia uniwersyteckiego. T. 1<\/em> \u2013 CC BY<\/a><\/li>\n<li><em><a href=\"https:\/\/pbp.womczest.edu.pl\/new\/wp-content\/uploads\/2015\/05\/MYSLENIE_PROJEKTOWE_W_BIBLIOTEKACH_2015_FRSI.pdf\">My\u015blenie projektowe w bibliotekach &#8211; CC-BY-NC-SA<\/a><\/em><\/li>\n<li><a href=\"https:\/\/pbp.womczest.edu.pl\/new\/wp-content\/uploads\/2013\/09\/webowa_biblioteka_biblioteki_szkolne_projekt_czytacz.pdf\" target=\"_blank\" rel=\"noopener noreferrer\"><em>Projekt \u201eCzytacz\u201d. P<\/em><em>oradnik dla bibliotekarek i bibliotekarzy organizuj\u0105cych g\u0142o\u015bne czytania dla senior\u00f3w&#8230; i nie tylko<\/em><\/a><\/li>\n<li><a href=\"https:\/\/pbp.womczest.edu.pl\/new\/wp-content\/uploads\/2013\/09\/webowa_biblioteka_biblioteki_szkolne_wielokulturowa_biblioteka.pdf\" target=\"_blank\" rel=\"noopener noreferrer\"><em>Wielokulturowa biblioteka<\/em> \u2013 CC BY-NC-ND<\/a><\/li>\n<li><a href=\"https:\/\/pbp.womczest.edu.pl\/new\/wp-content\/uploads\/2013\/09\/webowa_biblioteka_biblioteki_szkolne_wypromuj_swoja_biblioteke.pdf\" target=\"_blank\" rel=\"noopener noreferrer\"><em>Wypromuj swoj\u0105 bibliotek\u0119!<\/em> \u2013 CC BY-ND-NC<\/a><\/li>\n<li><a href=\"https:\/\/www.ifla.org\/files\/assets\/libraries-for-children-and-ya\/publications\/ifla-guidelines-for-library-services-to-children_aged-0-18-pl.pdf\"><em>Wytyczne IFLA dla bibliotek obs\u0142uguj\u0105cych dzieci w wieku 0-18 lat<\/em> &#8211; CC BY<\/a><\/li>\n<\/ul>\n<p><strong>EDUKACJA CZYTELNICZA I MEDIALNA:<\/strong><\/p>\n<ul>\n<li><em><a href=\"https:\/\/pbp.womczest.edu.pl\/new\/wp-content\/uploads\/2022\/06\/A.Plusa_TIK-w-promocji-czytelnictwa.pdf\">A.P\u0142usa_TIK w promocji czytelnictwa (2022)<\/a><\/em> &#8211; CC BY<\/li>\n<li><a href=\"https:\/\/pbp.womczest.edu.pl\/new\/wp-content\/uploads\/2022\/06\/A.Plusa_Jak-bibliotekarz-moze-pomoc-przygotowac-prezentacje-maturalna-poradnik-dla-nauczycieli.pdf\"><em>A.P\u0142usa_Jak bibliotekarz mo\u017ce pom\u00f3c przygotowa\u0107 prezentacj\u0119 maturaln\u0105 &#8211; poradnik dla nauczycieli<\/em><\/a> (2020) &#8211; CC BY<\/li>\n<li><a href=\"https:\/\/pbp.womczest.edu.pl\/new\/wp-content\/uploads\/2022\/06\/A.Plusa_Otwarte-zasoby-edukacyjne-obszarem-wspomagania-pracy-nauczycieli-poradnik.pdf\"><em>A.P\u0142usa_Otwarte zasoby edukacyjne obszarem wspomagania pracy nauczycieli &#8211; poradnik<\/em><\/a> (2020) &#8211; CC BY<\/li>\n<li><a href=\"https:\/\/pbp.womczest.edu.pl\/new\/wp-content\/uploads\/2013\/09\/webowa_biblioteka_biblioteki_szkolne_15_pomyslow_na_dzialania_z_fotografia.pdf\" target=\"_blank\" rel=\"noopener noreferrer\"><em>15 pomys\u0142\u00f3w na dzia\u0142ania z fotografi\u0105, czyli jak pracowa\u0107 z m\u0142odzie\u017c\u0105 w bibliotece<\/em> \u2013 CC BY-NC-ND<\/a><\/li>\n<li><a href=\"https:\/\/pbp.womczest.edu.pl\/new\/wp-content\/uploads\/2013\/09\/webowa_biblioteka_biblioteki_szkolne_animacja_w_bibliotece.pdf\" target=\"_blank\" rel=\"noopener noreferrer\"><em>Animacja w bibliotece. Dodatek do Poradnika Bibliotek<\/em><\/a><\/li>\n<li><a href=\"https:\/\/pbp.womczest.edu.pl\/new\/wp-content\/uploads\/2019\/05\/publikacja_bajki_ptb.pdf\"><em>Bajkoterapia pomaga dzieciom<\/em> &#8211; CC BY-NC-ND<\/a><\/li>\n<li><a href=\"https:\/\/pbp.womczest.edu.pl\/new\/wp-content\/uploads\/2015\/05\/BIBLIOSTORY_2015_12Mb.pdf\">Bibliostory : edukacyjne historie komiksowe &#8211; CC BY_NC-SA<\/a><\/li>\n<li><a href=\"https:\/\/pbp.womczest.edu.pl\/new\/wp-content\/uploads\/2013\/09\/webowa_biblioteka_biblioteki_szkolne_cyfrowa_przyszlosc_raport.pdf\" target=\"_blank\" rel=\"noopener noreferrer\"><em>Cyfrowa przysz\u0142o\u015b\u0107. Edukacja medialna i informacyjna w Polsce \u2013 raport otwarcia<\/em> \u2013 CC BY-SA<\/a><\/li>\n<li><em><a href=\"https:\/\/pbp.womczest.edu.pl\/new\/wp-content\/uploads\/2015\/05\/Czytaj-w-wakacje.pdf\">&#8222;Czytaj w wakacje&#8221; &#8211; scenariusz zaj\u0119\u0107 dla rodzic\u00f3w oraz uczni\u00f3w klas IV-VI &#8211; <\/a><\/em><a href=\"https:\/\/pbp.womczest.edu.pl\/new\/wp-content\/uploads\/2015\/05\/Czytaj-w-wakacje.pdf\">CC BY-SA-NC-ND<\/a><\/li>\n<li><em><a href=\"https:\/\/pbp.womczest.edu.pl\/new\/wp-content\/uploads\/2013\/09\/webowa_biblioteka_biblioteki_szkolne_czytelnictwo_dzieci_i_mlodziezy.pdf\" target=\"_blank\" rel=\"noopener noreferrer\">Czytelnictwo dzieci i m\u0142odzie\u017cy \u2013 <\/a><\/em><a href=\"https:\/\/pbp.womczest.edu.pl\/new\/wp-content\/uploads\/2013\/09\/webowa_biblioteka_biblioteki_szkolne_czytelnictwo_dzieci_i_mlodziezy.pdf\" target=\"_blank\" rel=\"noopener noreferrer\">EFS<\/a><\/li>\n<li><a href=\"https:\/\/pbp.womczest.edu.pl\/new\/wp-content\/uploads\/2013\/09\/webowa_biblioteka_biblioteki_szkolne_edukacja_kulturalna_i_medialna.pdf\" target=\"_blank\" rel=\"noopener noreferrer\"><em>Edukacja kulturalna i medialna. Nowe trendy i wyzwania<\/em> \u2013 CC BY-SA<\/a><\/li>\n<li><a href=\"https:\/\/pbp.womczest.edu.pl\/new\/wp-content\/uploads\/2013\/09\/webowa_biblioteka_biblioteki_szkolne_jak_pracowac_z_malymi_dziecmi_i_rodzicami.pdf\" target=\"_blank\" rel=\"noopener noreferrer\"><em>Jak pracowa\u0107 z ma\u0142ymi dzie\u0107mi i rodzicami. Poradnik dla bibliotek. Inspiracje<\/em> \u2013 CC BY-NC-ND<\/a><\/li>\n<li><a href=\"https:\/\/sites.google.com\/szkpo31.czest.pl\/ksiazkaminiaturowa\/strona-g%C5%82%C3%B3wna\"><em>Ksi\u0105\u017cka miniarurowa&#8230;czyli ma\u0142e jest pi\u0119kne : webquest dla uczni\u00f3w klas 7-8 szko\u0142y podstawowej oraz uczni\u00f3w szk\u00f3\u0142 ponadpodstawowych z zakresu wiedzy o ksi\u0105\u017cce<\/em><\/a> &#8211; CC BY-SA<\/li>\n<li><a href=\"https:\/\/www.legalnakultura.pl\/pl\/strefa-edukacji\/strefa-dla-nauczycieli\/scenariusze-lekcji\"><em>Legalna Kultura [scenariusze zaj\u0119\u0107]<\/em><\/a><\/li>\n<li><a href=\"https:\/\/pbp.womczest.edu.pl\/new\/wp-content\/uploads\/2015\/05\/Mala-ksia\u017cka-na-Noc-Bibliotek_Poradnik_0.pdf\"><em>Ma\u0142a ksi\u0105\u017cka na Noc Bibliotek. Poradnik dla bibliotekarek i bibliotekarzy w akcji<\/em> &#8211; CC BY-NC-ND<\/a><\/li>\n<li><a href=\"https:\/\/pbp.womczest.edu.pl\/new\/wp-content\/uploads\/2013\/09\/webowa_biblioteka_biblioteki_szkolne_media_aktywni.pdf\" target=\"_blank\" rel=\"noopener noreferrer\"><em>Media aktywni. Dlaczego i jak uczy\u0107 edukacji medialnej? <\/em>\u2013 CC BY<\/a><\/li>\n<li><a href=\"https:\/\/pbp.womczest.edu.pl\/new\/wp-content\/uploads\/2013\/09\/webowa_biblioteka_biblioteki_szkolne_metoda_projektu_w_bibliotece.pdf\" target=\"_blank\" rel=\"noopener noreferrer\"><em>Metoda projektu w bibliotece<\/em> \u2013 CC BY-ND-NC<\/a><\/li>\n<li><a href=\"https:\/\/pbp.womczest.edu.pl\/new\/wp-content\/uploads\/2013\/09\/webowa_biblioteka_biblioteki_szkolne_metody_aktywizujace.pdf\" target=\"_blank\" rel=\"noopener noreferrer\"><em>Metody aktywizuj\u0105ce w akademickim kszta\u0142ceniu dziennikarzy<\/em> \u2013 CC BY-SA<\/a><\/li>\n<li><a href=\"https:\/\/pbp.womczest.edu.pl\/new\/wp-content\/uploads\/2013\/09\/webowa_biblioteka_biblioteki_szkolne_nauka_aktywnego_czytania.pdf\" target=\"_blank\" rel=\"noopener noreferrer\"><em>Nauka aktywnego czytania<\/em> \u2013 CC BY-ND-NC<\/a><\/li>\n<li><a href=\"https:\/\/pbp.womczest.edu.pl\/new\/wp-content\/uploads\/2013\/09\/webowa_biblioteka_biblioteki_szkolne_pamiec_o_pisarzach_jak_przygotowac_projekt.pdf\" target=\"_blank\" rel=\"noopener noreferrer\"><em>Pami\u0119\u0107 o pisarzach. Jak przygotowa\u0107 projekt<\/em> \u2013 CC BY-ND-NC<\/a><\/li>\n<li><a href=\"https:\/\/pbp.womczest.edu.pl\/new\/wp-content\/uploads\/2020\/04\/Poczytajmy-o-migracjach.pdf\"><em>Poczytajmy o migracjach : przewodnik dla klub\u00f3w czytelniczych<\/em> &#8211; CC BY<\/a><\/li>\n<li><a href=\"https:\/\/pbp.womczest.edu.pl\/new\/wp-content\/uploads\/2013\/09\/webowa_biblioteka_biblioteki_szkolne_polska_olimpiada_medialna_2012_przewodnik_dla_nauczycieli.pdf\" target=\"_blank\" rel=\"noopener noreferrer\"><em>Polska Olimpiada Medialna 2012. Przewodnik dla nauczycieli<\/em> \u2013 CC BY-SA<\/a><\/li>\n<li><a href=\"https:\/\/pbp.womczest.edu.pl\/new\/wp-content\/uploads\/2018\/06\/dzialania_promujace_czytelnictwo.pdf\">P<em>ropozycje dzia\u0142a\u0144 promuj\u0105cych czytelnictwo<\/em><\/a> &#8211; CC BY-NC-SA<\/li>\n<li><a href=\"https:\/\/pbp.womczest.edu.pl\/new\/wp-content\/uploads\/2015\/05\/rola-rodziny_publikacja.pdf\"><em>Rola rodziny w kszta\u0142towaniu kompetencji czytelniczych dzieci i m\u0142odzie\u017cy<\/em> &#8211; CC BY-SA-NC-ND<\/a><\/li>\n<li><a href=\"https:\/\/pbp.womczest.edu.pl\/new\/wp-content\/uploads\/2013\/09\/webowa_biblioteka_biblioteki_szkolne_wolne_lektury.pdf\" target=\"_blank\" rel=\"noopener noreferrer\"><em>Szkolna biblioteka internetowa Wolne Lektury. U\u017cytkowanie i redakcja. Poradnik<\/em> \u2013 CC SA<\/a><\/li>\n<\/ul>\n<p><strong>PRAWO AUTORSKIE. OTWARTE ZASOBY:<\/strong><\/p>\n<ul>\n<li><a href=\"https:\/\/pbp.womczest.edu.pl\/new\/wp-content\/uploads\/2013\/09\/webowa_biblioteka_biblioteki_szkolne_archiwistyka_spoleczna.pdf\" target=\"_blank\" rel=\"noopener noreferrer\"><em>Archiwistyka spo\u0142eczna<\/em> \u2013 CC BY-SA<\/a><\/li>\n<li><a href=\"https:\/\/pbp.womczest.edu.pl\/new\/wp-content\/uploads\/2013\/09\/webowa_biblioteka_biblioteki_szkolne_czas_to_teoretycznie_uzasadnic.pdf\" target=\"_blank\" rel=\"noopener noreferrer\"><em>Czas to teoretycznie uzasadni\u0107. Niemieckie spojrzenie na prawo autorskie<\/em> \u2013 CC BY-SA<\/a><\/li>\n<li><a href=\"https:\/\/pbp.womczest.edu.pl\/new\/wp-content\/uploads\/2013\/09\/webowa_biblioteka_biblioteki_szkolne_licencje_creative_commons_a_publikacje_naukowe.pdf\" target=\"_blank\" rel=\"noopener noreferrer\"><em>Licencje Creative Commons, a publikacje naukowe<\/em> \u2013 CC BY<\/a><\/li>\n<li><a href=\"https:\/\/pbp.womczest.edu.pl\/new\/wp-content\/uploads\/2013\/09\/webowa_biblioteka_biblioteki_szkolne_mapa_otwartych_zasobow_edukacyjnych.pdf\" target=\"_blank\" rel=\"noopener noreferrer\"><em>Mapa Otwartych Zasob\u00f3w Edukacyjnych<\/em> \u2013 CC BY<\/a><\/li>\n<li><a href=\"https:\/\/pbp.womczest.edu.pl\/new\/wp-content\/uploads\/2013\/09\/webowa_biblioteka_biblioteki_szkolne_open_access_analiza_zjawiska_z punktu_widzenia_polskiego_naukowca.pdf\" target=\"_blank\" rel=\"noopener noreferrer\"><em>Open Access: Analiza zjawiska z punktu widzenia polskiego naukowca<\/em> \u2013 CC BY-SA<\/a><\/li>\n<li><a href=\"https:\/\/pbp.womczest.edu.pl\/new\/wp-content\/uploads\/2013\/09\/webowa_biblioteka_biblioteki_szkolne_otwarte_czasopisma.pdf\" target=\"_blank\" rel=\"noopener noreferrer\"><em>Otwarte czasopisma<\/em> \u2013 CC BY-SA<\/a><\/li>\n<li><a href=\"https:\/\/pbp.womczest.edu.pl\/new\/wp-content\/uploads\/2013\/09\/webowa_biblioteka_biblioteki_szkolne_otwarte_zasoby_edukacyjne_w_praktyce.pdf\" target=\"_blank\" rel=\"noopener noreferrer\"><em>Otwarte Zasoby Edukacyjne w praktyce \u2013 zagadnienia prawne i techniczne<\/em> \u2013 CC BY<\/a><\/li>\n<li><a href=\"https:\/\/pbp.womczest.edu.pl\/new\/wp-content\/uploads\/2013\/09\/webowa_biblioteka_biblioteki_szkolne_otwarte_zasoby_wiedzy_nowe_zadania_uczelni_i_bibliotek.pdf\" target=\"_blank\" rel=\"noopener noreferrer\"><em>Otwarte zasoby wiedzy \u2013 nowe zadania uczelni i bibliotek w rozwoju komunikacji naukowej<\/em> \u2013 CC BY<\/a><\/li>\n<li><a href=\"https:\/\/pbp.womczest.edu.pl\/new\/wp-content\/uploads\/2013\/09\/webowa_biblioteka_biblioteki_szkolne_otwartosc_w_publicznych_instytucjach_kultury.pdf\" target=\"_blank\" rel=\"noopener noreferrer\"><em>Otwarto\u015b\u0107 w publicznych instytucjach kultury<\/em> \u2013 CC BY-NC-ND<\/a><\/li>\n<li><a href=\"https:\/\/pbp.womczest.edu.pl\/new\/wp-content\/uploads\/2013\/09\/webowa_biblioteka_biblioteki_szkolne_otwarty_dostep_do_publikacji_naukowych.pdf\" target=\"_blank\" rel=\"noopener noreferrer\"><em>Otwarty dost\u0119p do publikacji naukowych kwestie prawne<\/em> \u2013 CC SA<\/a><\/li>\n<li><a href=\"https:\/\/pbp.womczest.edu.pl\/new\/wp-content\/uploads\/2013\/09\/webowa_biblioteka_biblioteki_szkolne_prawa_autorskie_a_film_w_bibliotece.pdf\" target=\"_blank\" rel=\"noopener noreferrer\"><em>Prawa autorskie a film w bibliotece<\/em> \u2013 CC BY-NC-ND<\/a><\/li>\n<li><a href=\"https:\/\/pbp.womczest.edu.pl\/new\/wp-content\/uploads\/2013\/09\/webowa_biblioteka_biblioteki_szkolne_przewodnik_po_otwartej_nauce.pdf\" target=\"_blank\" rel=\"noopener noreferrer\"><em>Przewodnik po otwartej nauce <\/em>\u2013 CC BY<\/a><\/li>\n<li><a href=\"https:\/\/pbp.womczest.edu.pl\/new\/wp-content\/uploads\/2013\/09\/webowa_biblioteka_biblioteki_szkolne_pawo_autorskie_dozwolony_uzytek_utworow.pdf\" target=\"_blank\" rel=\"noopener noreferrer\"><em>Studenci niewidomi i s\u0142abo widz\u0105cy \u2013 poradnik dla wy\u017cszych uczelni. Prawo autorskie \u2013 dozwolony u\u017cytek utwor\u00f3w<\/em> \u2013 EFS<\/a><\/li>\n<li><a href=\"https:\/\/pbp.womczest.edu.pl\/new\/wp-content\/uploads\/2013\/09\/webowa_biblioteka_biblioteki_szkolne_wolne_licencje_w_nauce_instrukcja.pdf\" target=\"_blank\" rel=\"noopener noreferrer\"><em>Wolne licencje w nauce. Instrukcja<\/em> \u2013 CC BY-SA<\/a><\/li>\n<li><a href=\"https:\/\/pbp.womczest.edu.pl\/new\/wp-content\/uploads\/2015\/05\/CC-Wprowadzenie-do-nowelizacji-ustawy-o-dozwolonym-u\u017cytku-broszura.pdf\"><em>Wprowadzenie do nowelizacji ustawy o prawie autorskim w zakresie dozwolonego u\u017cytku bibliotek<\/em> &#8211; CC BY<\/a><\/li>\n<\/ul>\n<p><strong>TECHNOLOGIE W BIBLIOTECE:<\/strong><\/p>\n<ul>\n<li><a href=\"https:\/\/pbp.womczest.edu.pl\/new\/wp-content\/uploads\/2022\/06\/A.Plusa_-Wideokonferencja-jako-nowa-forma-wspierania-szkol-i-placowek-oswiatowych.pdf\"><em>A.P\u0142usa_ Wideokonferencja jako nowa forma wspierania szk\u00f3\u0142 i plac\u00f3wek oswiatowych(2019) CC-BY<\/em><\/a><\/li>\n<li><a href=\"https:\/\/pbp.womczest.edu.pl\/new\/wp-content\/uploads\/2013\/09\/webowa_biblioteka_biblioteki_szkolne_bibliocamp.pdf\" target=\"_blank\" rel=\"noopener noreferrer\"><em>Bibliocamp. Blogi, ksi\u0105\u017cki, ludzie<\/em> \u2013 CC BY-SA<\/a><\/li>\n<li><a href=\"https:\/\/pbp.womczest.edu.pl\/new\/wp-content\/uploads\/2013\/09\/webowa_biblioteka_biblioteki_szkolne_dzieci_w_biblio_sieci.pdf\" target=\"_blank\" rel=\"noopener noreferrer\"><em>Bibliocamp. Dzieci w biblio-sieci<\/em> \u2013 CC BY-SA<\/a><\/li>\n<li><a href=\"https:\/\/pbp.womczest.edu.pl\/new\/wp-content\/uploads\/2013\/09\/webowa_biblioteka_biblioteki_szkolne_biblioteka_ksiazka_informacja_i_internet_2010.pdf\" target=\"_blank\" rel=\"noopener noreferrer\"><em>Biblioteka, ksi\u0105\u017cka, informacja i Internet 2010<\/em> \u2013 CC BY-SA-NC-ND<\/a><\/li>\n<li><a href=\"https:\/\/pbp.womczest.edu.pl\/new\/wp-content\/uploads\/2013\/09\/webowa_biblioteka_biblioteki_szkolne_dzieci_sieci_2.0.pdf\" target=\"_blank\" rel=\"noopener noreferrer\"><em>Dzieci Sieci 2.0 \u2013 Kompetencje komunikacyjne m\u0142odych<\/em> \u2013 CC BY<\/a><\/li>\n<li><a href=\"https:\/\/pbp.womczest.edu.pl\/new\/wp-content\/uploads\/2013\/09\/webowa_biblioteka_biblioteki_szkolne_multimedia_i_nowoczesna_komunikacja.pdf\" target=\"_blank\" rel=\"noopener noreferrer\"><em>Multimedia i nowoczesna komunikacja<\/em><\/a><\/li>\n<li><a href=\"https:\/\/pbp.womczest.edu.pl\/new\/wp-content\/uploads\/2013\/09\/webowa_biblioteka_biblioteki_szkolne_podziel_sie_spadkiem.pdf\" target=\"_blank\" rel=\"noopener noreferrer\"><em>Podziel si\u0119 spadkiem. Nowe technologie a sektor GLAM<\/em> \u2013 CC BY-NC-ND<\/a><\/li>\n<li><a href=\"https:\/\/pbp.womczest.edu.pl\/new\/wp-content\/uploads\/2013\/09\/webowa_biblioteka_biblioteki_szkolne_technologie_informacyjne_w_bibliotece_cz1_podrecznik.pdf\" target=\"_blank\" rel=\"noopener noreferrer\"><em>Technologie informacyjne w bibliotece. Cz. 1. Podr\u0119cznik<\/em><\/a><\/li>\n<li><a href=\"https:\/\/pbp.womczest.edu.pl\/new\/wp-content\/uploads\/2013\/09\/webowa_biblioteka_biblioteki_szkolne_wprowadzenie_do_historii_cyfrowej.pdf\" target=\"_blank\" rel=\"noopener noreferrer\"><em>Wprowadzenie do historii cyfrowej<\/em> \u2013 CC BY-SA<\/a><\/li>\n<\/ul>\n<p><strong>NAUKA:<\/strong><\/p>\n<ul>\n<li><a href=\"https:\/\/pbp.womczest.edu.pl\/new\/wp-content\/uploads\/2013\/09\/webowa_biblioteka_biblioteki_szkolne_bibliometria_w_zarzadzaniu_technologiami_i_badaniami_naukowymi.pdf\" target=\"_blank\" rel=\"noopener noreferrer\"><em>Bibliometria w zarz\u0105dzaniu technologiami i badaniami naukowymi <\/em>\u2013 EFS<\/a><\/li>\n<li><em><a href=\"https:\/\/pbp.womczest.edu.pl\/new\/wp-content\/uploads\/2015\/05\/filozofia-antyczna.pdf\">Filozofia antyczna wobec problemu interpretacji &#8211; <\/a><\/em><a href=\"https:\/\/pbp.womczest.edu.pl\/new\/wp-content\/uploads\/2015\/05\/filozofia-antyczna.pdf\">CC BY<\/a><\/li>\n<li><a href=\"https:\/\/pbp.womczest.edu.pl\/new\/wp-content\/uploads\/2013\/09\/webowa_biblioteka_biblioteki_szkolne_humanistyka_w_swiecie_informacjonalizmu.pdf\" target=\"_blank\" rel=\"noopener noreferrer\"><em>Humanistyka w \u015bwiecie Informacjonalizmu<\/em> \u2013 CC<\/a><\/li>\n<li><a href=\"https:\/\/pbp.womczest.edu.pl\/new\/wp-content\/uploads\/2013\/09\/webowa_biblioteka_biblioteki_szkolne_kompetencje_informacyjne_w_procesie_uczenia_sie_przez_cale_zycie.pdf\" target=\"_blank\" rel=\"noopener noreferrer\"><em>Kompetencje informacyjne w procesie uczenia si\u0119 przez ca\u0142e \u017cycie. Wytyczne<\/em> \u2013 CC BY-SA<\/a><\/li>\n<li><em><a href=\"https:\/\/pbp.womczest.edu.pl\/new\/wp-content\/uploads\/2015\/05\/MAwAKDz.pdf\">Metody aktywizuj\u0105ce w akademickim kszta\u0142ceniu dziennikarzy &#8211; CC-BY-SA<\/a><\/em><\/li>\n<li><a href=\"https:\/\/pbp.womczest.edu.pl\/new\/wp-content\/uploads\/2015\/05\/Raport_NOU.pdf\"><em>Nie zostaje mi czasu na prac\u0119 naukow\u0105 : warunki pracy os\u00f3b ze stopniem doktora,\u00a0zatrudnionych na polskich uczelniach<\/em> &#8211; CC BY<\/a><\/li>\n<li><a href=\"https:\/\/pbp.womczest.edu.pl\/new\/wp-content\/uploads\/2015\/05\/Otwarte-czasopisma.pdf\"><em>Otwarte czasopisma<\/em> &#8211;\u00a0CC BY-SA<\/a><\/li>\n<li><a href=\"https:\/\/pbp.womczest.edu.pl\/new\/wp-content\/uploads\/2013\/09\/webowa_biblioteka_biblioteki_szkolne_ograniczna_technika_czytania.pdf\" target=\"_blank\" rel=\"noopener noreferrer\"><em>Organiczna technika czytania<\/em> \u2013 CC BY-NC-SA<\/a><\/li>\n<li><a href=\"https:\/\/pbp.womczest.edu.pl\/new\/wp-content\/uploads\/2013\/09\/webowa_biblioteka_biblioteki_szkolne_standardy_edytorskie_testow_psychologicznych.pdf\" target=\"_blank\" rel=\"noopener noreferrer\"><em>Podstawowe standardy edytorskie nowych tekst\u00f3w psychologicznych\u2026<\/em> \u2013 CC BY<\/a><\/li>\n<li><a href=\"https:\/\/pbp.womczest.edu.pl\/new\/wp-content\/uploads\/2015\/05\/Problemy_nauk_spo\u0142_ekon_human_kon_wyzw_p1.pdf\"><em>Problemy nauk spo\u0142ecznych, humanistycznych, ekonomicznych : konteksty i wyzwania<\/em> &#8211; CC BY-NC-ND<\/a><\/li>\n<li><a href=\"https:\/\/pbp.womczest.edu.pl\/new\/wp-content\/uploads\/2015\/05\/Promosaurus.-Poradnik-promocji-nauki.pdf\"><em>Promosaurus. Poradnik promocji nauki<\/em>&#8211; CC-BY-NC-ND<\/a><\/li>\n<li><a href=\"https:\/\/pbp.womczest.edu.pl\/new\/wp-content\/uploads\/2013\/09\/webowa_biblioteka_biblioteki_szkolne_uznawanie_efektow_uczenia_sie_nabytych_poza_edukacja_formalna.pdf\" target=\"_blank\" rel=\"noopener noreferrer\"><em>Uznawanie efekt\u00f3w uczenia si\u0119 nabytych poza edukacj\u0105 formaln\u0105 (RPL). Przewodnik dla kandydat\u00f3w<\/em> \u2013 CC BY\u2013SA-NC<\/a><\/li>\n<li><a href=\"https:\/\/pbp.womczest.edu.pl\/new\/wp-content\/uploads\/2013\/09\/webowa_biblioteka_biblioteki_szkolne_wprowadzenie_do_efektywnego_publikowania_naukowego.pdf\" target=\"_blank\" rel=\"noopener noreferrer\"><em>Wprowadzenie do efektywnego publikowania naukowego<\/em> \u2013 CC BY-NC-SA<\/a><\/li>\n<li><a href=\"https:\/\/pbp.womczest.edu.pl\/new\/wp-content\/uploads\/2013\/09\/webowa_biblioteka_biblioteki_szkolne_wskazowki_dla_piszacych_prace_dyplomowe.pdf\" target=\"_blank\" rel=\"noopener noreferrer\"><em>Wskaz\u00f3wki dla pisz\u0105cych prace dyplomowe<\/em> \u2013 CC BY-NC-ND<\/a><\/li>\n<li><a href=\"https:\/\/pbp.womczest.edu.pl\/new\/wp-content\/uploads\/2013\/09\/webowa_biblioteka_biblioteki_szkolne_wybrane_filozoficzne_koncepcje_rozumu_ludzkiego.pdf\" target=\"_blank\" rel=\"noopener noreferrer\"><em>Wybrane filozoficzne koncepcje rozumu ludzkiego i racjonalno\u015b\u0107<\/em> \u2013 CC BY<\/a><\/li>\n<li><a href=\"https:\/\/pbp.womczest.edu.pl\/new\/wp-content\/uploads\/2015\/05\/Z-NAUKOWCAMI-O-NAUCE.pdf\"><em>Z naukowcami o nauce<\/em> &#8211; CC BY-ND<\/a><\/li>\n<\/ul>\n<p>&nbsp;<\/p>\n<ul>\n<li><\/li>\n<li><a href=\"https:\/\/centrumcyfrowe.pl\/spoled\/\"><em>Sp\u00f3\u0142dzielnia Otwartej Edukacji<\/em><\/a><\/li>\n<\/ul>\n","protected":false},"excerpt":{"rendered":"<p>&nbsp; BIBLIOTEKI: Biblioteka \u2013 dobre miejsce. Poradnik architektoniczny dla bibliotek \u2013 CC BY-NC-ND Bibliotekarzu zaprzyja\u017anij\u00a0si\u0119 z osob\u0105 z autyzmem.\u00a0Poradnik &#8211; CC BY-SA Co si\u0119 zmieni\u0142o w bibliotekach? \u2013 CC BY-NC-SA Kszta\u0142cenie bibliotekarzy na potrzeby \u015brodowisk lokalnych. Programy kszta\u0142cenia uniwersyteckiego. T. 1 \u2013 CC BY My\u015blenie projektowe w bibliotekach &#8211; CC-BY-NC-SA Projekt \u201eCzytacz\u201d. Poradnik dla bibliotekarek i bibliotekarzy organizuj\u0105cych g\u0142o\u015bne czytania dla senior\u00f3w&#8230; i nie tylko Wielokulturowa biblioteka \u2013 CC BY-NC-ND<span class=\"ellipsis\">&hellip;<\/span><\/p>\n<div class=\"read-more\"><a href=\"https:\/\/pbp.womczest.edu.pl\/new\/wspomaganie\/oferta-wspomagania\/webowa-biblioteka\/webowa-biblioteka-nauka-biblioteki\/\">Czytaj wi\u0119cej &#8250;<\/a><\/div>\n<p><!-- end of .read-more --><\/p>\n","protected":false},"author":3,"featured_media":0,"parent":4331,"menu_order":0,"comment_status":"closed","ping_status":"open","template":"","meta":{"footnotes":""},"jetpack_sharing_enabled":true,"jetpack_shortlink":"https:\/\/wp.me\/PgmV4H-18R","_links":{"self":[{"href":"https:\/\/pbp.womczest.edu.pl\/new\/wp-json\/wp\/v2\/pages\/4393"}],"collection":[{"href":"https:\/\/pbp.womczest.edu.pl\/new\/wp-json\/wp\/v2\/pages"}],"about":[{"href":"https:\/\/pbp.womczest.edu.pl\/new\/wp-json\/wp\/v2\/types\/page"}],"author":[{"embeddable":true,"href":"https:\/\/pbp.womczest.edu.pl\/new\/wp-json\/wp\/v2\/users\/3"}],"replies":[{"embeddable":true,"href":"https:\/\/pbp.womczest.edu.pl\/new\/wp-json\/wp\/v2\/comments?post=4393"}],"version-history":[{"count":36,"href":"https:\/\/pbp.womczest.edu.pl\/new\/wp-json\/wp\/v2\/pages\/4393\/revisions"}],"predecessor-version":[{"id":22457,"href":"https:\/\/pbp.womczest.edu.pl\/new\/wp-json\/wp\/v2\/pages\/4393\/revisions\/22457"}],"up":[{"embeddable":true,"href":"https:\/\/pbp.womczest.edu.pl\/new\/wp-json\/wp\/v2\/pages\/4331"}],"wp:attachment":[{"href":"https:\/\/pbp.womczest.edu.pl\/new\/wp-json\/wp\/v2\/media?parent=4393"}],"curies":[{"name":"wp","href":"https:\/\/api.w.org\/{rel}","templated":true}]}}